{"id":7845,"date":"2024-12-06T12:43:46","date_gmt":"2024-12-06T12:43:46","guid":{"rendered":"https:\/\/egyedit.hu\/termekek\/autoszerelo-bogre-masolat-6\/"},"modified":"2024-12-06T12:59:26","modified_gmt":"2024-12-06T12:59:26","slug":"autoszerelo-bogre-masolat-6","status":"publish","type":"product","link":"https:\/\/tradevancehub.hu\/egyedit\/termekek\/autoszerelo-bogre-masolat-6\/","title":{"rendered":"Fut\u00e1s b\u00f6gre"},"content":{"rendered":"<h6>A szublim\u00e1ci\u00f3s technika seg\u00edts\u00e9g\u00e9vel kop\u00e1smentes nyomatokat tudunk k\u00e9sz\u00edteni, ami b\u00e1rh\u00e1ny mos\u00e1snak ellen\u00e1ll.<\/h6>\n<div class=\"content-inner\" dir=\"auto\">\n<div class=\"text-content clearfix with-meta\" dir=\"auto\">Amennyiben \u00e9rdekl\u0151dsz a szublim\u00e1ci\u00f3s technika ir\u00e1nt, b\u0151vebb inform\u00e1ci\u00f3k <a href=\"https:\/\/gepet.hu\/szublimacio\/\">ITT.<\/a><\/div>\n<\/div>\n<div dir=\"auto\"><\/div>\n<ul>\n<li dir=\"auto\">egyedi term\u00e9kek<\/li>\n<li dir=\"auto\">b\u00f6gr\u00e9k, kulacsok, v\u00e1szont\u00e1sk\u00e1k<\/li>\n<li dir=\"auto\">szublim\u00e1ci\u00f3<\/li>\n<\/ul>\n","protected":false},"excerpt":{"rendered":"<p>A szublim\u00e1ci\u00f3s technika seg\u00edts\u00e9g\u00e9vel kop\u00e1smentes nyomatokat tudunk k\u00e9sz\u00edteni, ami b\u00e1rh\u00e1ny mos\u00e1snak ellen\u00e1ll. Amennyiben \u00e9rdekl\u0151dsz a szublim\u00e1ci\u00f3s technika ir\u00e1nt, b\u0151vebb inform\u00e1ci\u00f3k ITT. egyedi term\u00e9kek b\u00f6gr\u00e9k, kulacsok, v\u00e1szont\u00e1sk\u00e1k szublim\u00e1ci\u00f3<\/p>\n","protected":false},"featured_media":100000063218,"comment_status":"open","ping_status":"closed","template":"","meta":{"_acf_changed":false,"_uag_custom_page_level_css":""},"product_brand":[],"product_cat":[63,191,254,195,196,198,210,62,255,256],"product_tag":[258,259,264],"class_list":{"0":"post-7845","1":"product","2":"type-product","3":"status-publish","4":"has-post-thumbnail","6":"product_cat-bogre","7":"product_cat-bogrek","8":"product_cat-bogrek-poharak-kancsok","9":"product_cat-egyedit-technologia","10":"product_cat-egyedit-tema","11":"product_cat-egyedit-termek","12":"product_cat-hobbi","13":"product_cat-szublimacio","14":"product_cat-szublimaciohoz","15":"product_cat-szublimacios-kiegeszito","16":"product_tag-ajandek","17":"product_tag-bogre","18":"product_tag-szublimacio","19":"product_shipping_class-posta","20":"sales-flash-overlay","21":"woocommerce-text-align-center","22":"woocommerce-image-align-center","23":"do-quantity-buttons","25":"first","26":"instock","27":"taxable","28":"shipping-taxable","29":"purchasable","30":"product-type-simple"},"acf":[],"yoast_head":"<!-- This site is optimized with the Yoast SEO Premium plugin v23.7 (Yoast SEO v27.4) - https:\/\/yoast.com\/product\/yoast-seo-premium-wordpress\/ -->\n<title>Fut\u00e1s b\u00f6gre - Egyedit<\/title>\n<meta name=\"robots\" content=\"noindex, follow, max-snippet:-1, max-image-preview:large, max-video-preview:-1\" \/>\n<meta property=\"og:locale\" content=\"hu_HU\" \/>\n<meta property=\"og:type\" content=\"article\" \/>\n<meta property=\"og:title\" content=\"Fut\u00e1s b\u00f6gre - Egyedit\" \/>\n<meta property=\"og:description\" content=\"A szublim\u00e1ci\u00f3s technika seg\u00edts\u00e9g\u00e9vel kop\u00e1smentes nyomatokat tudunk k\u00e9sz\u00edteni, ami b\u00e1rh\u00e1ny mos\u00e1snak ellen\u00e1ll. Amennyiben \u00e9rdekl\u0151dsz a szublim\u00e1ci\u00f3s technika ir\u00e1nt, b\u0151vebb inform\u00e1ci\u00f3k ITT. egyedi term\u00e9kek b\u00f6gr\u00e9k, kulacsok, v\u00e1szont\u00e1sk\u00e1k szublim\u00e1ci\u00f3\" \/>\n<meta property=\"og:url\" content=\"https:\/\/tradevancehub.hu\/egyedit\/termekek\/autoszerelo-bogre-masolat-6\/\" \/>\n<meta property=\"og:site_name\" content=\"Egyedit\" \/>\n<meta property=\"article:modified_time\" content=\"2024-12-06T12:59:26+00:00\" \/>\n<meta name=\"twitter:card\" content=\"summary_large_image\" \/>\n<script type=\"application\/ld+json\" class=\"yoast-schema-graph\">{\"@context\":\"https:\\\/\\\/schema.org\",\"@graph\":[{\"@type\":\"WebPage\",\"@id\":\"https:\\\/\\\/tradevancehub.hu\\\/egyedit\\\/termekek\\\/autoszerelo-bogre-masolat-6\\\/\",\"url\":\"https:\\\/\\\/tradevancehub.hu\\\/egyedit\\\/termekek\\\/autoszerelo-bogre-masolat-6\\\/\",\"name\":\"Fut\u00e1s b\u00f6gre - Egyedit\",\"isPartOf\":{\"@id\":\"https:\\\/\\\/tradevancehub.hu\\\/egyedit\\\/#website\"},\"primaryImageOfPage\":{\"@id\":\"https:\\\/\\\/tradevancehub.hu\\\/egyedit\\\/termekek\\\/autoszerelo-bogre-masolat-6\\\/#primaryimage\"},\"image\":{\"@id\":\"https:\\\/\\\/tradevancehub.hu\\\/egyedit\\\/termekek\\\/autoszerelo-bogre-masolat-6\\\/#primaryimage\"},\"thumbnailUrl\":\"https:\\\/\\\/tradevancehub.hu\\\/egyedit\\\/wp-content\\\/uploads\\\/2024\\\/12\\\/hobbi_futas_1_bogre.png\",\"datePublished\":\"2024-12-06T12:43:46+00:00\",\"dateModified\":\"2024-12-06T12:59:26+00:00\",\"breadcrumb\":{\"@id\":\"https:\\\/\\\/tradevancehub.hu\\\/egyedit\\\/termekek\\\/autoszerelo-bogre-masolat-6\\\/#breadcrumb\"},\"inLanguage\":\"hu\",\"potentialAction\":[{\"@type\":\"ReadAction\",\"target\":[\"https:\\\/\\\/tradevancehub.hu\\\/egyedit\\\/termekek\\\/autoszerelo-bogre-masolat-6\\\/\"]}]},{\"@type\":\"ImageObject\",\"inLanguage\":\"hu\",\"@id\":\"https:\\\/\\\/tradevancehub.hu\\\/egyedit\\\/termekek\\\/autoszerelo-bogre-masolat-6\\\/#primaryimage\",\"url\":\"https:\\\/\\\/tradevancehub.hu\\\/egyedit\\\/wp-content\\\/uploads\\\/2024\\\/12\\\/hobbi_futas_1_bogre.png\",\"contentUrl\":\"https:\\\/\\\/tradevancehub.hu\\\/egyedit\\\/wp-content\\\/uploads\\\/2024\\\/12\\\/hobbi_futas_1_bogre.png\"},{\"@type\":\"BreadcrumbList\",\"@id\":\"https:\\\/\\\/tradevancehub.hu\\\/egyedit\\\/termekek\\\/autoszerelo-bogre-masolat-6\\\/#breadcrumb\",\"itemListElement\":[{\"@type\":\"ListItem\",\"position\":1,\"name\":\"Shop\",\"item\":\"https:\\\/\\\/tradevancehub.hu\\\/egyedit\\\/shop\\\/\"},{\"@type\":\"ListItem\",\"position\":2,\"name\":\"Fut\u00e1s b\u00f6gre\"}]},{\"@type\":\"WebSite\",\"@id\":\"https:\\\/\\\/tradevancehub.hu\\\/egyedit\\\/#website\",\"url\":\"https:\\\/\\\/tradevancehub.hu\\\/egyedit\\\/\",\"name\":\"Egyedit\",\"description\":\"\",\"publisher\":{\"@id\":\"https:\\\/\\\/tradevancehub.hu\\\/egyedit\\\/#organization\"},\"potentialAction\":[{\"@type\":\"SearchAction\",\"target\":{\"@type\":\"EntryPoint\",\"urlTemplate\":\"https:\\\/\\\/tradevancehub.hu\\\/egyedit\\\/?s={search_term_string}\"},\"query-input\":{\"@type\":\"PropertyValueSpecification\",\"valueRequired\":true,\"valueName\":\"search_term_string\"}}],\"inLanguage\":\"hu\"},{\"@type\":\"Organization\",\"@id\":\"https:\\\/\\\/tradevancehub.hu\\\/egyedit\\\/#organization\",\"name\":\"Egyedit\",\"url\":\"https:\\\/\\\/tradevancehub.hu\\\/egyedit\\\/\",\"logo\":{\"@type\":\"ImageObject\",\"inLanguage\":\"hu\",\"@id\":\"https:\\\/\\\/tradevancehub.hu\\\/egyedit\\\/#\\\/schema\\\/logo\\\/image\\\/\",\"url\":\"https:\\\/\\\/tradevancehub.hu\\\/egyedit\\\/wp-content\\\/uploads\\\/sites\\\/8\\\/2024\\\/03\\\/Group-1.png\",\"contentUrl\":\"https:\\\/\\\/tradevancehub.hu\\\/egyedit\\\/wp-content\\\/uploads\\\/sites\\\/8\\\/2024\\\/03\\\/Group-1.png\",\"width\":313,\"height\":89,\"caption\":\"Egyedit\"},\"image\":{\"@id\":\"https:\\\/\\\/tradevancehub.hu\\\/egyedit\\\/#\\\/schema\\\/logo\\\/image\\\/\"}}]}<\/script>\n<!-- \/ Yoast SEO Premium plugin. -->","yoast_head_json":{"title":"Fut\u00e1s b\u00f6gre - Egyedit","robots":{"index":"noindex","follow":"follow","max-snippet":"max-snippet:-1","max-image-preview":"max-image-preview:large","max-video-preview":"max-video-preview:-1"},"og_locale":"hu_HU","og_type":"article","og_title":"Fut\u00e1s b\u00f6gre - Egyedit","og_description":"A szublim\u00e1ci\u00f3s technika seg\u00edts\u00e9g\u00e9vel kop\u00e1smentes nyomatokat tudunk k\u00e9sz\u00edteni, ami b\u00e1rh\u00e1ny mos\u00e1snak ellen\u00e1ll. Amennyiben \u00e9rdekl\u0151dsz a szublim\u00e1ci\u00f3s technika ir\u00e1nt, b\u0151vebb inform\u00e1ci\u00f3k ITT. egyedi term\u00e9kek b\u00f6gr\u00e9k, kulacsok, v\u00e1szont\u00e1sk\u00e1k szublim\u00e1ci\u00f3","og_url":"https:\/\/tradevancehub.hu\/egyedit\/termekek\/autoszerelo-bogre-masolat-6\/","og_site_name":"Egyedit","article_modified_time":"2024-12-06T12:59:26+00:00","twitter_card":"summary_large_image","schema":{"@context":"https:\/\/schema.org","@graph":[{"@type":"WebPage","@id":"https:\/\/tradevancehub.hu\/egyedit\/termekek\/autoszerelo-bogre-masolat-6\/","url":"https:\/\/tradevancehub.hu\/egyedit\/termekek\/autoszerelo-bogre-masolat-6\/","name":"Fut\u00e1s b\u00f6gre - Egyedit","isPartOf":{"@id":"https:\/\/tradevancehub.hu\/egyedit\/#website"},"primaryImageOfPage":{"@id":"https:\/\/tradevancehub.hu\/egyedit\/termekek\/autoszerelo-bogre-masolat-6\/#primaryimage"},"image":{"@id":"https:\/\/tradevancehub.hu\/egyedit\/termekek\/autoszerelo-bogre-masolat-6\/#primaryimage"},"thumbnailUrl":"https:\/\/tradevancehub.hu\/egyedit\/wp-content\/uploads\/2024\/12\/hobbi_futas_1_bogre.png","datePublished":"2024-12-06T12:43:46+00:00","dateModified":"2024-12-06T12:59:26+00:00","breadcrumb":{"@id":"https:\/\/tradevancehub.hu\/egyedit\/termekek\/autoszerelo-bogre-masolat-6\/#breadcrumb"},"inLanguage":"hu","potentialAction":[{"@type":"ReadAction","target":["https:\/\/tradevancehub.hu\/egyedit\/termekek\/autoszerelo-bogre-masolat-6\/"]}]},{"@type":"ImageObject","inLanguage":"hu","@id":"https:\/\/tradevancehub.hu\/egyedit\/termekek\/autoszerelo-bogre-masolat-6\/#primaryimage","url":"https:\/\/tradevancehub.hu\/egyedit\/wp-content\/uploads\/2024\/12\/hobbi_futas_1_bogre.png","contentUrl":"https:\/\/tradevancehub.hu\/egyedit\/wp-content\/uploads\/2024\/12\/hobbi_futas_1_bogre.png"},{"@type":"BreadcrumbList","@id":"https:\/\/tradevancehub.hu\/egyedit\/termekek\/autoszerelo-bogre-masolat-6\/#breadcrumb","itemListElement":[{"@type":"ListItem","position":1,"name":"Shop","item":"https:\/\/tradevancehub.hu\/egyedit\/shop\/"},{"@type":"ListItem","position":2,"name":"Fut\u00e1s b\u00f6gre"}]},{"@type":"WebSite","@id":"https:\/\/tradevancehub.hu\/egyedit\/#website","url":"https:\/\/tradevancehub.hu\/egyedit\/","name":"Egyedit","description":"","publisher":{"@id":"https:\/\/tradevancehub.hu\/egyedit\/#organization"},"potentialAction":[{"@type":"SearchAction","target":{"@type":"EntryPoint","urlTemplate":"https:\/\/tradevancehub.hu\/egyedit\/?s={search_term_string}"},"query-input":{"@type":"PropertyValueSpecification","valueRequired":true,"valueName":"search_term_string"}}],"inLanguage":"hu"},{"@type":"Organization","@id":"https:\/\/tradevancehub.hu\/egyedit\/#organization","name":"Egyedit","url":"https:\/\/tradevancehub.hu\/egyedit\/","logo":{"@type":"ImageObject","inLanguage":"hu","@id":"https:\/\/tradevancehub.hu\/egyedit\/#\/schema\/logo\/image\/","url":"https:\/\/tradevancehub.hu\/egyedit\/wp-content\/uploads\/sites\/8\/2024\/03\/Group-1.png","contentUrl":"https:\/\/tradevancehub.hu\/egyedit\/wp-content\/uploads\/sites\/8\/2024\/03\/Group-1.png","width":313,"height":89,"caption":"Egyedit"},"image":{"@id":"https:\/\/tradevancehub.hu\/egyedit\/#\/schema\/logo\/image\/"}}]}},"uagb_featured_image_src":{"full":["https:\/\/tradevancehub.hu\/egyedit\/wp-content\/uploads\/2024\/12\/hobbi_futas_1_bogre.png",852,620,false],"thumbnail":["https:\/\/tradevancehub.hu\/egyedit\/wp-content\/uploads\/2024\/12\/hobbi_futas_1_bogre-150x150.png",150,150,true],"medium":["https:\/\/tradevancehub.hu\/egyedit\/wp-content\/uploads\/2024\/12\/hobbi_futas_1_bogre-300x218.png",300,218,true],"medium_large":["https:\/\/tradevancehub.hu\/egyedit\/wp-content\/uploads\/2024\/12\/hobbi_futas_1_bogre-768x559.png",768,559,true],"large":["https:\/\/tradevancehub.hu\/egyedit\/wp-content\/uploads\/2024\/12\/hobbi_futas_1_bogre.png",852,620,false],"1536x1536":["https:\/\/tradevancehub.hu\/egyedit\/wp-content\/uploads\/2024\/12\/hobbi_futas_1_bogre.png",852,620,false],"2048x2048":["https:\/\/tradevancehub.hu\/egyedit\/wp-content\/uploads\/2024\/12\/hobbi_futas_1_bogre.png",852,620,false],"woocommerce_thumbnail":["https:\/\/tradevancehub.hu\/egyedit\/wp-content\/uploads\/2024\/12\/hobbi_futas_1_bogre-300x300.png",300,300,true],"woocommerce_single":["https:\/\/tradevancehub.hu\/egyedit\/wp-content\/uploads\/2024\/12\/hobbi_futas_1_bogre-600x437.png",600,437,true],"woocommerce_gallery_thumbnail":["https:\/\/tradevancehub.hu\/egyedit\/wp-content\/uploads\/2024\/12\/hobbi_futas_1_bogre-100x100.png",100,100,true]},"uagb_author_info":{"display_name":"huiberadam","author_link":"https:\/\/tradevancehub.hu\/egyedit\/author\/"},"uagb_comment_info":0,"uagb_excerpt":"A szublim\u00e1ci\u00f3s technika seg\u00edts\u00e9g\u00e9vel kop\u00e1smentes nyomatokat tudunk k\u00e9sz\u00edteni, ami b\u00e1rh\u00e1ny mos\u00e1snak ellen\u00e1ll. Amennyiben \u00e9rdekl\u0151dsz a szublim\u00e1ci\u00f3s technika ir\u00e1nt, b\u0151vebb inform\u00e1ci\u00f3k ITT. egyedi term\u00e9kek b\u00f6gr\u00e9k, kulacsok, v\u00e1szont\u00e1sk\u00e1k szublim\u00e1ci\u00f3","_links":{"self":[{"href":"https:\/\/tradevancehub.hu\/egyedit\/wp-json\/wp\/v2\/product\/7845","targetHints":{"allow":["GET"]}}],"collection":[{"href":"https:\/\/tradevancehub.hu\/egyedit\/wp-json\/wp\/v2\/product"}],"about":[{"href":"https:\/\/tradevancehub.hu\/egyedit\/wp-json\/wp\/v2\/types\/product"}],"replies":[{"embeddable":true,"href":"https:\/\/tradevancehub.hu\/egyedit\/wp-json\/wp\/v2\/comments?post=7845"}],"wp:featuredmedia":[{"embeddable":true,"href":"https:\/\/tradevancehub.hu\/egyedit\/wp-json\/"}],"wp:attachment":[{"href":"https:\/\/tradevancehub.hu\/egyedit\/wp-json\/wp\/v2\/media?parent=7845"}],"wp:term":[{"taxonomy":"product_brand","embeddable":true,"href":"https:\/\/tradevancehub.hu\/egyedit\/wp-json\/wp\/v2\/product_brand?post=7845"},{"taxonomy":"product_cat","embeddable":true,"href":"https:\/\/tradevancehub.hu\/egyedit\/wp-json\/wp\/v2\/product_cat?post=7845"},{"taxonomy":"product_tag","embeddable":true,"href":"https:\/\/tradevancehub.hu\/egyedit\/wp-json\/wp\/v2\/product_tag?post=7845"}],"curies":[{"name":"wp","href":"https:\/\/api.w.org\/{rel}","templated":true}]}}