{"id":7827,"date":"2024-11-15T10:36:30","date_gmt":"2024-11-15T10:36:30","guid":{"rendered":"https:\/\/egyedit.hu\/termekek\/kutyas-bogre-but-first-my-dog\/"},"modified":"2024-12-02T10:03:44","modified_gmt":"2024-12-02T10:03:44","slug":"kutyas-bogre-but-first-my-dog","status":"publish","type":"product","link":"https:\/\/tradevancehub.hu\/egyedit\/termekek\/kutyas-bogre-but-first-my-dog\/","title":{"rendered":"Kuty\u00e1s b\u00f6gre-But first my dog"},"content":{"rendered":"<h4>Kuty\u00e1s b\u00f6gre kutyaim\u00e1d\u00f3 gazdiknak.<\/h4>\n<h4>V\u00e1s\u00e1rolj kuty\u00e1s b\u00f6gr\u00e9t, hogy mindig kis kedvenceddel induljon a napod.<\/h4>\n<h6>A szublim\u00e1ci\u00f3s technika seg\u00edts\u00e9g\u00e9vel kop\u00e1smentes nyomatokat tudunk k\u00e9sz\u00edteni, ami b\u00e1rh\u00e1ny mos\u00e1snak ellen\u00e1ll.<\/h6>\n<p>Tekintsd meg tov\u00e1bbi term\u00e9keinket kiskedvencekr\u0151l az al\u00e1bbi <a href=\"https:\/\/egyedit.hu\/bogrek\/\">linken<\/a><\/p>\n<div class=\"content-inner\" dir=\"auto\">\n<div class=\"text-content clearfix with-meta\" dir=\"auto\">Amennyiben \u00e9rdekl\u0151dsz a szublim\u00e1ci\u00f3s technika ir\u00e1nt, b\u0151vebb inform\u00e1ci\u00f3k <a href=\"https:\/\/gepet.hu\/szublimacio\/\">ITT.<\/a><\/div>\n<\/div>\n<div dir=\"auto\"><\/div>\n<ul>\n<li dir=\"auto\">egyedi term\u00e9kek<\/li>\n<li dir=\"auto\">b\u00f6gr\u00e9k, kulacsok, v\u00e1szont\u00e1sk\u00e1k<\/li>\n<li dir=\"auto\">szublim\u00e1ci\u00f3<\/li>\n<\/ul>\n","protected":false},"excerpt":{"rendered":"<h4>Kuty\u00e1s b\u00f6gre kutyaim\u00e1d\u00f3 gazdiknak.<\/h4>\n","protected":false},"featured_media":100000063149,"comment_status":"open","ping_status":"closed","template":"","meta":{"_acf_changed":false,"_uag_custom_page_level_css":""},"product_brand":[],"product_cat":[63,191,254,195,196,198,215,243,62,255,256],"product_tag":[258,259,265,266,264],"class_list":{"0":"post-7827","1":"product","2":"type-product","3":"status-publish","4":"has-post-thumbnail","6":"product_cat-bogre","7":"product_cat-bogrek","8":"product_cat-bogrek-poharak-kancsok","9":"product_cat-egyedit-technologia","10":"product_cat-egyedit-tema","11":"product_cat-egyedit-termek","12":"product_cat-kiskedvencek","13":"product_cat-szeretteinknek","14":"product_cat-szublimacio","15":"product_cat-szublimaciohoz","16":"product_cat-szublimacios-kiegeszito","17":"product_tag-ajandek","18":"product_tag-bogre","19":"product_tag-kiskedvences","20":"product_tag-kutya","21":"product_tag-szublimacio","22":"product_shipping_class-posta","23":"sales-flash-overlay","24":"woocommerce-text-align-center","25":"woocommerce-image-align-center","26":"do-quantity-buttons","28":"first","29":"instock","30":"taxable","31":"shipping-taxable","32":"purchasable","33":"product-type-simple"},"acf":[],"yoast_head":"<!-- This site is optimized with the Yoast SEO Premium plugin v23.7 (Yoast SEO v27.4) - https:\/\/yoast.com\/product\/yoast-seo-premium-wordpress\/ -->\n<title>Kuty\u00e1s b\u00f6gre-But first my dog - Egyedit<\/title>\n<meta name=\"robots\" content=\"noindex, follow, max-snippet:-1, max-image-preview:large, max-video-preview:-1\" \/>\n<meta property=\"og:locale\" content=\"hu_HU\" \/>\n<meta property=\"og:type\" content=\"article\" \/>\n<meta property=\"og:title\" content=\"Kuty\u00e1s b\u00f6gre-But first my dog - Egyedit\" \/>\n<meta property=\"og:description\" content=\"Kuty\u00e1s b\u00f6gre kutyaim\u00e1d\u00f3 gazdiknak.\" \/>\n<meta property=\"og:url\" content=\"https:\/\/tradevancehub.hu\/egyedit\/termekek\/kutyas-bogre-but-first-my-dog\/\" \/>\n<meta property=\"og:site_name\" content=\"Egyedit\" \/>\n<meta property=\"article:modified_time\" content=\"2024-12-02T10:03:44+00:00\" \/>\n<meta name=\"twitter:card\" content=\"summary_large_image\" \/>\n<script type=\"application\/ld+json\" class=\"yoast-schema-graph\">{\"@context\":\"https:\\\/\\\/schema.org\",\"@graph\":[{\"@type\":\"WebPage\",\"@id\":\"https:\\\/\\\/tradevancehub.hu\\\/egyedit\\\/termekek\\\/kutyas-bogre-but-first-my-dog\\\/\",\"url\":\"https:\\\/\\\/tradevancehub.hu\\\/egyedit\\\/termekek\\\/kutyas-bogre-but-first-my-dog\\\/\",\"name\":\"Kuty\u00e1s b\u00f6gre-But first my dog - Egyedit\",\"isPartOf\":{\"@id\":\"https:\\\/\\\/tradevancehub.hu\\\/egyedit\\\/#website\"},\"primaryImageOfPage\":{\"@id\":\"https:\\\/\\\/tradevancehub.hu\\\/egyedit\\\/termekek\\\/kutyas-bogre-but-first-my-dog\\\/#primaryimage\"},\"image\":{\"@id\":\"https:\\\/\\\/tradevancehub.hu\\\/egyedit\\\/termekek\\\/kutyas-bogre-but-first-my-dog\\\/#primaryimage\"},\"thumbnailUrl\":\"https:\\\/\\\/tradevancehub.hu\\\/egyedit\\\/wp-content\\\/uploads\\\/2024\\\/11\\\/5890814330029589435.jpg\",\"datePublished\":\"2024-11-15T10:36:30+00:00\",\"dateModified\":\"2024-12-02T10:03:44+00:00\",\"breadcrumb\":{\"@id\":\"https:\\\/\\\/tradevancehub.hu\\\/egyedit\\\/termekek\\\/kutyas-bogre-but-first-my-dog\\\/#breadcrumb\"},\"inLanguage\":\"hu\",\"potentialAction\":[{\"@type\":\"ReadAction\",\"target\":[\"https:\\\/\\\/tradevancehub.hu\\\/egyedit\\\/termekek\\\/kutyas-bogre-but-first-my-dog\\\/\"]}]},{\"@type\":\"ImageObject\",\"inLanguage\":\"hu\",\"@id\":\"https:\\\/\\\/tradevancehub.hu\\\/egyedit\\\/termekek\\\/kutyas-bogre-but-first-my-dog\\\/#primaryimage\",\"url\":\"https:\\\/\\\/tradevancehub.hu\\\/egyedit\\\/wp-content\\\/uploads\\\/2024\\\/11\\\/5890814330029589435.jpg\",\"contentUrl\":\"https:\\\/\\\/tradevancehub.hu\\\/egyedit\\\/wp-content\\\/uploads\\\/2024\\\/11\\\/5890814330029589435.jpg\"},{\"@type\":\"BreadcrumbList\",\"@id\":\"https:\\\/\\\/tradevancehub.hu\\\/egyedit\\\/termekek\\\/kutyas-bogre-but-first-my-dog\\\/#breadcrumb\",\"itemListElement\":[{\"@type\":\"ListItem\",\"position\":1,\"name\":\"Shop\",\"item\":\"https:\\\/\\\/tradevancehub.hu\\\/egyedit\\\/shop\\\/\"},{\"@type\":\"ListItem\",\"position\":2,\"name\":\"Kuty\u00e1s b\u00f6gre-But first my dog\"}]},{\"@type\":\"WebSite\",\"@id\":\"https:\\\/\\\/tradevancehub.hu\\\/egyedit\\\/#website\",\"url\":\"https:\\\/\\\/tradevancehub.hu\\\/egyedit\\\/\",\"name\":\"Egyedit\",\"description\":\"\",\"publisher\":{\"@id\":\"https:\\\/\\\/tradevancehub.hu\\\/egyedit\\\/#organization\"},\"potentialAction\":[{\"@type\":\"SearchAction\",\"target\":{\"@type\":\"EntryPoint\",\"urlTemplate\":\"https:\\\/\\\/tradevancehub.hu\\\/egyedit\\\/?s={search_term_string}\"},\"query-input\":{\"@type\":\"PropertyValueSpecification\",\"valueRequired\":true,\"valueName\":\"search_term_string\"}}],\"inLanguage\":\"hu\"},{\"@type\":\"Organization\",\"@id\":\"https:\\\/\\\/tradevancehub.hu\\\/egyedit\\\/#organization\",\"name\":\"Egyedit\",\"url\":\"https:\\\/\\\/tradevancehub.hu\\\/egyedit\\\/\",\"logo\":{\"@type\":\"ImageObject\",\"inLanguage\":\"hu\",\"@id\":\"https:\\\/\\\/tradevancehub.hu\\\/egyedit\\\/#\\\/schema\\\/logo\\\/image\\\/\",\"url\":\"https:\\\/\\\/tradevancehub.hu\\\/egyedit\\\/wp-content\\\/uploads\\\/sites\\\/8\\\/2024\\\/03\\\/Group-1.png\",\"contentUrl\":\"https:\\\/\\\/tradevancehub.hu\\\/egyedit\\\/wp-content\\\/uploads\\\/sites\\\/8\\\/2024\\\/03\\\/Group-1.png\",\"width\":313,\"height\":89,\"caption\":\"Egyedit\"},\"image\":{\"@id\":\"https:\\\/\\\/tradevancehub.hu\\\/egyedit\\\/#\\\/schema\\\/logo\\\/image\\\/\"}}]}<\/script>\n<!-- \/ Yoast SEO Premium plugin. -->","yoast_head_json":{"title":"Kuty\u00e1s b\u00f6gre-But first my dog - Egyedit","robots":{"index":"noindex","follow":"follow","max-snippet":"max-snippet:-1","max-image-preview":"max-image-preview:large","max-video-preview":"max-video-preview:-1"},"og_locale":"hu_HU","og_type":"article","og_title":"Kuty\u00e1s b\u00f6gre-But first my dog - Egyedit","og_description":"Kuty\u00e1s b\u00f6gre kutyaim\u00e1d\u00f3 gazdiknak.","og_url":"https:\/\/tradevancehub.hu\/egyedit\/termekek\/kutyas-bogre-but-first-my-dog\/","og_site_name":"Egyedit","article_modified_time":"2024-12-02T10:03:44+00:00","twitter_card":"summary_large_image","schema":{"@context":"https:\/\/schema.org","@graph":[{"@type":"WebPage","@id":"https:\/\/tradevancehub.hu\/egyedit\/termekek\/kutyas-bogre-but-first-my-dog\/","url":"https:\/\/tradevancehub.hu\/egyedit\/termekek\/kutyas-bogre-but-first-my-dog\/","name":"Kuty\u00e1s b\u00f6gre-But first my dog - Egyedit","isPartOf":{"@id":"https:\/\/tradevancehub.hu\/egyedit\/#website"},"primaryImageOfPage":{"@id":"https:\/\/tradevancehub.hu\/egyedit\/termekek\/kutyas-bogre-but-first-my-dog\/#primaryimage"},"image":{"@id":"https:\/\/tradevancehub.hu\/egyedit\/termekek\/kutyas-bogre-but-first-my-dog\/#primaryimage"},"thumbnailUrl":"https:\/\/tradevancehub.hu\/egyedit\/wp-content\/uploads\/2024\/11\/5890814330029589435.jpg","datePublished":"2024-11-15T10:36:30+00:00","dateModified":"2024-12-02T10:03:44+00:00","breadcrumb":{"@id":"https:\/\/tradevancehub.hu\/egyedit\/termekek\/kutyas-bogre-but-first-my-dog\/#breadcrumb"},"inLanguage":"hu","potentialAction":[{"@type":"ReadAction","target":["https:\/\/tradevancehub.hu\/egyedit\/termekek\/kutyas-bogre-but-first-my-dog\/"]}]},{"@type":"ImageObject","inLanguage":"hu","@id":"https:\/\/tradevancehub.hu\/egyedit\/termekek\/kutyas-bogre-but-first-my-dog\/#primaryimage","url":"https:\/\/tradevancehub.hu\/egyedit\/wp-content\/uploads\/2024\/11\/5890814330029589435.jpg","contentUrl":"https:\/\/tradevancehub.hu\/egyedit\/wp-content\/uploads\/2024\/11\/5890814330029589435.jpg"},{"@type":"BreadcrumbList","@id":"https:\/\/tradevancehub.hu\/egyedit\/termekek\/kutyas-bogre-but-first-my-dog\/#breadcrumb","itemListElement":[{"@type":"ListItem","position":1,"name":"Shop","item":"https:\/\/tradevancehub.hu\/egyedit\/shop\/"},{"@type":"ListItem","position":2,"name":"Kuty\u00e1s b\u00f6gre-But first my dog"}]},{"@type":"WebSite","@id":"https:\/\/tradevancehub.hu\/egyedit\/#website","url":"https:\/\/tradevancehub.hu\/egyedit\/","name":"Egyedit","description":"","publisher":{"@id":"https:\/\/tradevancehub.hu\/egyedit\/#organization"},"potentialAction":[{"@type":"SearchAction","target":{"@type":"EntryPoint","urlTemplate":"https:\/\/tradevancehub.hu\/egyedit\/?s={search_term_string}"},"query-input":{"@type":"PropertyValueSpecification","valueRequired":true,"valueName":"search_term_string"}}],"inLanguage":"hu"},{"@type":"Organization","@id":"https:\/\/tradevancehub.hu\/egyedit\/#organization","name":"Egyedit","url":"https:\/\/tradevancehub.hu\/egyedit\/","logo":{"@type":"ImageObject","inLanguage":"hu","@id":"https:\/\/tradevancehub.hu\/egyedit\/#\/schema\/logo\/image\/","url":"https:\/\/tradevancehub.hu\/egyedit\/wp-content\/uploads\/sites\/8\/2024\/03\/Group-1.png","contentUrl":"https:\/\/tradevancehub.hu\/egyedit\/wp-content\/uploads\/sites\/8\/2024\/03\/Group-1.png","width":313,"height":89,"caption":"Egyedit"},"image":{"@id":"https:\/\/tradevancehub.hu\/egyedit\/#\/schema\/logo\/image\/"}}]}},"uagb_featured_image_src":{"full":["https:\/\/tradevancehub.hu\/egyedit\/wp-content\/uploads\/2024\/11\/5890814330029589435.jpg",806,615,false],"thumbnail":["https:\/\/tradevancehub.hu\/egyedit\/wp-content\/uploads\/2024\/11\/5890814330029589435-150x150.jpg",150,150,true],"medium":["https:\/\/tradevancehub.hu\/egyedit\/wp-content\/uploads\/2024\/11\/5890814330029589435-300x229.jpg",300,229,true],"medium_large":["https:\/\/tradevancehub.hu\/egyedit\/wp-content\/uploads\/2024\/11\/5890814330029589435-768x586.jpg",768,586,true],"large":["https:\/\/tradevancehub.hu\/egyedit\/wp-content\/uploads\/2024\/11\/5890814330029589435.jpg",806,615,false],"1536x1536":["https:\/\/tradevancehub.hu\/egyedit\/wp-content\/uploads\/2024\/11\/5890814330029589435.jpg",806,615,false],"2048x2048":["https:\/\/tradevancehub.hu\/egyedit\/wp-content\/uploads\/2024\/11\/5890814330029589435.jpg",806,615,false],"woocommerce_thumbnail":["https:\/\/tradevancehub.hu\/egyedit\/wp-content\/uploads\/2024\/11\/5890814330029589435-300x300.jpg",300,300,true],"woocommerce_single":["https:\/\/tradevancehub.hu\/egyedit\/wp-content\/uploads\/2024\/11\/5890814330029589435-600x458.jpg",600,458,true],"woocommerce_gallery_thumbnail":["https:\/\/tradevancehub.hu\/egyedit\/wp-content\/uploads\/2024\/11\/5890814330029589435-100x100.jpg",100,100,true]},"uagb_author_info":{"display_name":"","author_link":"https:\/\/tradevancehub.hu\/egyedit\/author\/"},"uagb_comment_info":0,"uagb_excerpt":"Kuty\u00e1s b\u00f6gre kutyaim\u00e1d\u00f3 gazdiknak.","_links":{"self":[{"href":"https:\/\/tradevancehub.hu\/egyedit\/wp-json\/wp\/v2\/product\/7827","targetHints":{"allow":["GET"]}}],"collection":[{"href":"https:\/\/tradevancehub.hu\/egyedit\/wp-json\/wp\/v2\/product"}],"about":[{"href":"https:\/\/tradevancehub.hu\/egyedit\/wp-json\/wp\/v2\/types\/product"}],"replies":[{"embeddable":true,"href":"https:\/\/tradevancehub.hu\/egyedit\/wp-json\/wp\/v2\/comments?post=7827"}],"wp:featuredmedia":[{"embeddable":true,"href":"https:\/\/tradevancehub.hu\/egyedit\/wp-json\/"}],"wp:attachment":[{"href":"https:\/\/tradevancehub.hu\/egyedit\/wp-json\/wp\/v2\/media?parent=7827"}],"wp:term":[{"taxonomy":"product_brand","embeddable":true,"href":"https:\/\/tradevancehub.hu\/egyedit\/wp-json\/wp\/v2\/product_brand?post=7827"},{"taxonomy":"product_cat","embeddable":true,"href":"https:\/\/tradevancehub.hu\/egyedit\/wp-json\/wp\/v2\/product_cat?post=7827"},{"taxonomy":"product_tag","embeddable":true,"href":"https:\/\/tradevancehub.hu\/egyedit\/wp-json\/wp\/v2\/product_tag?post=7827"}],"curies":[{"name":"wp","href":"https:\/\/api.w.org\/{rel}","templated":true}]}}