{"id":7823,"date":"2024-11-15T09:33:05","date_gmt":"2024-11-15T09:33:05","guid":{"rendered":"https:\/\/egyedit.hu\/termekek\/dog-mom-macskas-bogre\/"},"modified":"2024-12-02T09:54:25","modified_gmt":"2024-12-02T09:54:25","slug":"dog-mom-kutyas-bogre","status":"publish","type":"product","link":"https:\/\/tradevancehub.hu\/egyedit\/termekek\/dog-mom-kutyas-bogre\/","title":{"rendered":"Dog mom &#8211; Kuty\u00e1s b\u00f6gre"},"content":{"rendered":"<h1>Dog mom &#8211; V\u00e1s\u00e1rolj kuty\u00e1s b\u00f6gr\u00e9t, hogy mindig kiskedvenceddel induljon a napod.<\/h1>\n<p>A szublim\u00e1ci\u00f3s technika seg\u00edts\u00e9g\u00e9vel kop\u00e1smentes nyomatokat tudunk k\u00e9sz\u00edteni, ami b\u00e1rh\u00e1ny mos\u00e1snak ellen\u00e1ll.<\/p>\n<p>Tekintsd meg tov\u00e1bbi term\u00e9keinket kiskedvencekr\u0151l az al\u00e1bbi linken<br \/>\n<a href=\"https:\/\/egyedit.hu\/kiskedvencek\/\">[LINK]<\/a><\/p>\n<p>Amennyiben \u00e9rdekl\u0151dsz a szublim\u00e1ci\u00f3s technika ir\u00e1nt, b\u0151vebb inform\u00e1ci\u00f3k <a href=\"https:\/\/gyartovilag.hu\/szublimacio\/\">ITT<\/a>.<\/p>\n","protected":false},"excerpt":{"rendered":"<p>B\u00f6gre kutyaim\u00e1d\u00f3 gazdiknak<\/p>\n","protected":false},"featured_media":100000063144,"comment_status":"open","ping_status":"closed","template":"","meta":{"_acf_changed":false,"_uag_custom_page_level_css":""},"product_brand":[],"product_cat":[63,195,196,198,215,243,62],"product_tag":[],"class_list":{"0":"post-7823","1":"product","2":"type-product","3":"status-publish","4":"has-post-thumbnail","6":"product_cat-bogre","7":"product_cat-egyedit-technologia","8":"product_cat-egyedit-tema","9":"product_cat-egyedit-termek","10":"product_cat-kiskedvencek","11":"product_cat-szeretteinknek","12":"product_cat-szublimacio","13":"sales-flash-overlay","14":"woocommerce-text-align-center","15":"woocommerce-image-align-center","16":"do-quantity-buttons","18":"first","19":"instock","20":"taxable","21":"shipping-taxable","22":"purchasable","23":"product-type-simple"},"acf":[],"yoast_head":"<!-- This site is optimized with the Yoast SEO Premium plugin v23.7 (Yoast SEO v27.4) - https:\/\/yoast.com\/product\/yoast-seo-premium-wordpress\/ -->\n<title>Dog mom - Kuty\u00e1s b\u00f6gre - Egyedit kuty\u00e1s b\u00f6gre dog mum<\/title>\n<meta name=\"description\" content=\"V\u00e1s\u00e1rolj szeretteidnek kuty\u00e1s b\u00f6gr\u00e9t. Hogy mindig kiskedvenceddel induljon a napod. kuty\u00e1s b\u00f6gre dog mum\" \/>\n<meta name=\"robots\" content=\"noindex, follow, max-snippet:-1, max-image-preview:large, max-video-preview:-1\" \/>\n<meta property=\"og:locale\" content=\"hu_HU\" \/>\n<meta property=\"og:type\" content=\"article\" \/>\n<meta property=\"og:title\" content=\"Dog mom - Kuty\u00e1s b\u00f6gre - Egyedit kuty\u00e1s b\u00f6gre dog mum\" \/>\n<meta property=\"og:description\" content=\"V\u00e1s\u00e1rolj szeretteidnek kuty\u00e1s b\u00f6gr\u00e9t. Hogy mindig kiskedvenceddel induljon a napod. kuty\u00e1s b\u00f6gre dog mum\" \/>\n<meta property=\"og:url\" content=\"https:\/\/tradevancehub.hu\/egyedit\/termekek\/dog-mom-kutyas-bogre\/\" \/>\n<meta property=\"og:site_name\" content=\"Egyedit\" \/>\n<meta property=\"article:modified_time\" content=\"2024-12-02T09:54:25+00:00\" \/>\n<meta name=\"twitter:card\" content=\"summary_large_image\" \/>\n<meta name=\"twitter:label1\" content=\"Becs\u00fclt olvas\u00e1si id\u0151\" \/>\n\t<meta name=\"twitter:data1\" content=\"1 perc\" \/>\n<script type=\"application\/ld+json\" class=\"yoast-schema-graph\">{\"@context\":\"https:\\\/\\\/schema.org\",\"@graph\":[{\"@type\":\"WebPage\",\"@id\":\"https:\\\/\\\/tradevancehub.hu\\\/egyedit\\\/termekek\\\/dog-mom-kutyas-bogre\\\/\",\"url\":\"https:\\\/\\\/tradevancehub.hu\\\/egyedit\\\/termekek\\\/dog-mom-kutyas-bogre\\\/\",\"name\":\"Dog mom - Kuty\u00e1s b\u00f6gre - Egyedit kuty\u00e1s b\u00f6gre dog mum\",\"isPartOf\":{\"@id\":\"https:\\\/\\\/tradevancehub.hu\\\/egyedit\\\/#website\"},\"primaryImageOfPage\":{\"@id\":\"https:\\\/\\\/tradevancehub.hu\\\/egyedit\\\/termekek\\\/dog-mom-kutyas-bogre\\\/#primaryimage\"},\"image\":{\"@id\":\"https:\\\/\\\/tradevancehub.hu\\\/egyedit\\\/termekek\\\/dog-mom-kutyas-bogre\\\/#primaryimage\"},\"thumbnailUrl\":\"https:\\\/\\\/tradevancehub.hu\\\/egyedit\\\/wp-content\\\/uploads\\\/2024\\\/11\\\/kutyas_bogre_7.png\",\"datePublished\":\"2024-11-15T09:33:05+00:00\",\"dateModified\":\"2024-12-02T09:54:25+00:00\",\"description\":\"V\u00e1s\u00e1rolj szeretteidnek kuty\u00e1s b\u00f6gr\u00e9t. Hogy mindig kiskedvenceddel induljon a napod. kuty\u00e1s b\u00f6gre dog mum\",\"breadcrumb\":{\"@id\":\"https:\\\/\\\/tradevancehub.hu\\\/egyedit\\\/termekek\\\/dog-mom-kutyas-bogre\\\/#breadcrumb\"},\"inLanguage\":\"hu\",\"potentialAction\":[{\"@type\":\"ReadAction\",\"target\":[\"https:\\\/\\\/tradevancehub.hu\\\/egyedit\\\/termekek\\\/dog-mom-kutyas-bogre\\\/\"]}]},{\"@type\":\"ImageObject\",\"inLanguage\":\"hu\",\"@id\":\"https:\\\/\\\/tradevancehub.hu\\\/egyedit\\\/termekek\\\/dog-mom-kutyas-bogre\\\/#primaryimage\",\"url\":\"https:\\\/\\\/tradevancehub.hu\\\/egyedit\\\/wp-content\\\/uploads\\\/2024\\\/11\\\/kutyas_bogre_7.png\",\"contentUrl\":\"https:\\\/\\\/tradevancehub.hu\\\/egyedit\\\/wp-content\\\/uploads\\\/2024\\\/11\\\/kutyas_bogre_7.png\"},{\"@type\":\"BreadcrumbList\",\"@id\":\"https:\\\/\\\/tradevancehub.hu\\\/egyedit\\\/termekek\\\/dog-mom-kutyas-bogre\\\/#breadcrumb\",\"itemListElement\":[{\"@type\":\"ListItem\",\"position\":1,\"name\":\"Shop\",\"item\":\"https:\\\/\\\/tradevancehub.hu\\\/egyedit\\\/shop\\\/\"},{\"@type\":\"ListItem\",\"position\":2,\"name\":\"Dog mom &#8211; Kuty\u00e1s b\u00f6gre\"}]},{\"@type\":\"WebSite\",\"@id\":\"https:\\\/\\\/tradevancehub.hu\\\/egyedit\\\/#website\",\"url\":\"https:\\\/\\\/tradevancehub.hu\\\/egyedit\\\/\",\"name\":\"Egyedit\",\"description\":\"\",\"publisher\":{\"@id\":\"https:\\\/\\\/tradevancehub.hu\\\/egyedit\\\/#organization\"},\"potentialAction\":[{\"@type\":\"SearchAction\",\"target\":{\"@type\":\"EntryPoint\",\"urlTemplate\":\"https:\\\/\\\/tradevancehub.hu\\\/egyedit\\\/?s={search_term_string}\"},\"query-input\":{\"@type\":\"PropertyValueSpecification\",\"valueRequired\":true,\"valueName\":\"search_term_string\"}}],\"inLanguage\":\"hu\"},{\"@type\":\"Organization\",\"@id\":\"https:\\\/\\\/tradevancehub.hu\\\/egyedit\\\/#organization\",\"name\":\"Egyedit\",\"url\":\"https:\\\/\\\/tradevancehub.hu\\\/egyedit\\\/\",\"logo\":{\"@type\":\"ImageObject\",\"inLanguage\":\"hu\",\"@id\":\"https:\\\/\\\/tradevancehub.hu\\\/egyedit\\\/#\\\/schema\\\/logo\\\/image\\\/\",\"url\":\"https:\\\/\\\/tradevancehub.hu\\\/egyedit\\\/wp-content\\\/uploads\\\/sites\\\/8\\\/2024\\\/03\\\/Group-1.png\",\"contentUrl\":\"https:\\\/\\\/tradevancehub.hu\\\/egyedit\\\/wp-content\\\/uploads\\\/sites\\\/8\\\/2024\\\/03\\\/Group-1.png\",\"width\":313,\"height\":89,\"caption\":\"Egyedit\"},\"image\":{\"@id\":\"https:\\\/\\\/tradevancehub.hu\\\/egyedit\\\/#\\\/schema\\\/logo\\\/image\\\/\"}}]}<\/script>\n<!-- \/ Yoast SEO Premium plugin. -->","yoast_head_json":{"title":"Dog mom - Kuty\u00e1s b\u00f6gre - Egyedit kuty\u00e1s b\u00f6gre dog mum","description":"V\u00e1s\u00e1rolj szeretteidnek kuty\u00e1s b\u00f6gr\u00e9t. Hogy mindig kiskedvenceddel induljon a napod. kuty\u00e1s b\u00f6gre dog mum","robots":{"index":"noindex","follow":"follow","max-snippet":"max-snippet:-1","max-image-preview":"max-image-preview:large","max-video-preview":"max-video-preview:-1"},"og_locale":"hu_HU","og_type":"article","og_title":"Dog mom - Kuty\u00e1s b\u00f6gre - Egyedit kuty\u00e1s b\u00f6gre dog mum","og_description":"V\u00e1s\u00e1rolj szeretteidnek kuty\u00e1s b\u00f6gr\u00e9t. Hogy mindig kiskedvenceddel induljon a napod. kuty\u00e1s b\u00f6gre dog mum","og_url":"https:\/\/tradevancehub.hu\/egyedit\/termekek\/dog-mom-kutyas-bogre\/","og_site_name":"Egyedit","article_modified_time":"2024-12-02T09:54:25+00:00","twitter_card":"summary_large_image","twitter_misc":{"Becs\u00fclt olvas\u00e1si id\u0151":"1 perc"},"schema":{"@context":"https:\/\/schema.org","@graph":[{"@type":"WebPage","@id":"https:\/\/tradevancehub.hu\/egyedit\/termekek\/dog-mom-kutyas-bogre\/","url":"https:\/\/tradevancehub.hu\/egyedit\/termekek\/dog-mom-kutyas-bogre\/","name":"Dog mom - Kuty\u00e1s b\u00f6gre - Egyedit kuty\u00e1s b\u00f6gre dog mum","isPartOf":{"@id":"https:\/\/tradevancehub.hu\/egyedit\/#website"},"primaryImageOfPage":{"@id":"https:\/\/tradevancehub.hu\/egyedit\/termekek\/dog-mom-kutyas-bogre\/#primaryimage"},"image":{"@id":"https:\/\/tradevancehub.hu\/egyedit\/termekek\/dog-mom-kutyas-bogre\/#primaryimage"},"thumbnailUrl":"https:\/\/tradevancehub.hu\/egyedit\/wp-content\/uploads\/2024\/11\/kutyas_bogre_7.png","datePublished":"2024-11-15T09:33:05+00:00","dateModified":"2024-12-02T09:54:25+00:00","description":"V\u00e1s\u00e1rolj szeretteidnek kuty\u00e1s b\u00f6gr\u00e9t. Hogy mindig kiskedvenceddel induljon a napod. kuty\u00e1s b\u00f6gre dog mum","breadcrumb":{"@id":"https:\/\/tradevancehub.hu\/egyedit\/termekek\/dog-mom-kutyas-bogre\/#breadcrumb"},"inLanguage":"hu","potentialAction":[{"@type":"ReadAction","target":["https:\/\/tradevancehub.hu\/egyedit\/termekek\/dog-mom-kutyas-bogre\/"]}]},{"@type":"ImageObject","inLanguage":"hu","@id":"https:\/\/tradevancehub.hu\/egyedit\/termekek\/dog-mom-kutyas-bogre\/#primaryimage","url":"https:\/\/tradevancehub.hu\/egyedit\/wp-content\/uploads\/2024\/11\/kutyas_bogre_7.png","contentUrl":"https:\/\/tradevancehub.hu\/egyedit\/wp-content\/uploads\/2024\/11\/kutyas_bogre_7.png"},{"@type":"BreadcrumbList","@id":"https:\/\/tradevancehub.hu\/egyedit\/termekek\/dog-mom-kutyas-bogre\/#breadcrumb","itemListElement":[{"@type":"ListItem","position":1,"name":"Shop","item":"https:\/\/tradevancehub.hu\/egyedit\/shop\/"},{"@type":"ListItem","position":2,"name":"Dog mom &#8211; Kuty\u00e1s b\u00f6gre"}]},{"@type":"WebSite","@id":"https:\/\/tradevancehub.hu\/egyedit\/#website","url":"https:\/\/tradevancehub.hu\/egyedit\/","name":"Egyedit","description":"","publisher":{"@id":"https:\/\/tradevancehub.hu\/egyedit\/#organization"},"potentialAction":[{"@type":"SearchAction","target":{"@type":"EntryPoint","urlTemplate":"https:\/\/tradevancehub.hu\/egyedit\/?s={search_term_string}"},"query-input":{"@type":"PropertyValueSpecification","valueRequired":true,"valueName":"search_term_string"}}],"inLanguage":"hu"},{"@type":"Organization","@id":"https:\/\/tradevancehub.hu\/egyedit\/#organization","name":"Egyedit","url":"https:\/\/tradevancehub.hu\/egyedit\/","logo":{"@type":"ImageObject","inLanguage":"hu","@id":"https:\/\/tradevancehub.hu\/egyedit\/#\/schema\/logo\/image\/","url":"https:\/\/tradevancehub.hu\/egyedit\/wp-content\/uploads\/sites\/8\/2024\/03\/Group-1.png","contentUrl":"https:\/\/tradevancehub.hu\/egyedit\/wp-content\/uploads\/sites\/8\/2024\/03\/Group-1.png","width":313,"height":89,"caption":"Egyedit"},"image":{"@id":"https:\/\/tradevancehub.hu\/egyedit\/#\/schema\/logo\/image\/"}}]}},"uagb_featured_image_src":{"full":["https:\/\/tradevancehub.hu\/egyedit\/wp-content\/uploads\/2024\/11\/kutyas_bogre_7.png",741,620,false],"thumbnail":["https:\/\/tradevancehub.hu\/egyedit\/wp-content\/uploads\/2024\/11\/kutyas_bogre_7-150x150.png",150,150,true],"medium":["https:\/\/tradevancehub.hu\/egyedit\/wp-content\/uploads\/2024\/11\/kutyas_bogre_7-300x251.png",300,251,true],"medium_large":["https:\/\/tradevancehub.hu\/egyedit\/wp-content\/uploads\/2024\/11\/kutyas_bogre_7.png",741,620,false],"large":["https:\/\/tradevancehub.hu\/egyedit\/wp-content\/uploads\/2024\/11\/kutyas_bogre_7.png",741,620,false],"1536x1536":["https:\/\/tradevancehub.hu\/egyedit\/wp-content\/uploads\/2024\/11\/kutyas_bogre_7.png",741,620,false],"2048x2048":["https:\/\/tradevancehub.hu\/egyedit\/wp-content\/uploads\/2024\/11\/kutyas_bogre_7.png",741,620,false],"woocommerce_thumbnail":["https:\/\/tradevancehub.hu\/egyedit\/wp-content\/uploads\/2024\/11\/kutyas_bogre_7-300x300.png",300,300,true],"woocommerce_single":["https:\/\/tradevancehub.hu\/egyedit\/wp-content\/uploads\/2024\/11\/kutyas_bogre_7-600x502.png",600,502,true],"woocommerce_gallery_thumbnail":["https:\/\/tradevancehub.hu\/egyedit\/wp-content\/uploads\/2024\/11\/kutyas_bogre_7-100x100.png",100,100,true]},"uagb_author_info":{"display_name":"","author_link":"https:\/\/tradevancehub.hu\/egyedit\/author\/"},"uagb_comment_info":0,"uagb_excerpt":"B\u00f6gre kutyaim\u00e1d\u00f3 gazdiknak","_links":{"self":[{"href":"https:\/\/tradevancehub.hu\/egyedit\/wp-json\/wp\/v2\/product\/7823","targetHints":{"allow":["GET"]}}],"collection":[{"href":"https:\/\/tradevancehub.hu\/egyedit\/wp-json\/wp\/v2\/product"}],"about":[{"href":"https:\/\/tradevancehub.hu\/egyedit\/wp-json\/wp\/v2\/types\/product"}],"replies":[{"embeddable":true,"href":"https:\/\/tradevancehub.hu\/egyedit\/wp-json\/wp\/v2\/comments?post=7823"}],"wp:featuredmedia":[{"embeddable":true,"href":"https:\/\/tradevancehub.hu\/egyedit\/wp-json\/"}],"wp:attachment":[{"href":"https:\/\/tradevancehub.hu\/egyedit\/wp-json\/wp\/v2\/media?parent=7823"}],"wp:term":[{"taxonomy":"product_brand","embeddable":true,"href":"https:\/\/tradevancehub.hu\/egyedit\/wp-json\/wp\/v2\/product_brand?post=7823"},{"taxonomy":"product_cat","embeddable":true,"href":"https:\/\/tradevancehub.hu\/egyedit\/wp-json\/wp\/v2\/product_cat?post=7823"},{"taxonomy":"product_tag","embeddable":true,"href":"https:\/\/tradevancehub.hu\/egyedit\/wp-json\/wp\/v2\/product_tag?post=7823"}],"curies":[{"name":"wp","href":"https:\/\/api.w.org\/{rel}","templated":true}]}}