{"id":7617,"date":"2024-10-02T14:40:23","date_gmt":"2024-10-02T14:40:23","guid":{"rendered":"https:\/\/egyedit.hu\/termekek\/kutyas-karacsonyfadisz-23-fajta\/"},"modified":"2024-10-03T12:07:04","modified_gmt":"2024-10-03T12:07:04","slug":"kutyas-karacsonyfadisz-23-fajta","status":"publish","type":"product","link":"https:\/\/tradevancehub.hu\/egyedit\/termekek\/kutyas-karacsonyfadisz-23-fajta\/","title":{"rendered":"Kuty\u00e1s kar\u00e1csonyfad\u00edsz &#8211; 23 fajta"},"content":{"rendered":"<p>Ag\u00e1r | Angol ag\u00e1r | Angol szetter | Basset Hound | Beagle | Bern\u00e1thegyi | Bichon | Boxer | Corgi | Dobberman | Fox terrier | Francia Bulldog | Labrador | Malamut | Mopsz | N\u00e9met juh\u00e1sz | Sk\u00f3t juh\u00e1sz | Sp\u00e1niel | Tacsk\u00f3 | \u00dajfundlandi | Uszk\u00e1r | Vizsla | Yorki<\/p>\n","protected":false},"excerpt":{"rendered":"<p>Anyaga: 3mm r\u00e9tegelt fa<br \/>\nSz\u00edne: Nat\u00far<br \/>\nM\u00e9rete: 9cm<\/p>\n<p>A kis 4 l\u00e1b\u00fa csal\u00e1dtag, ebb\u0151l sem maradhat ki \u00e9s aj\u00e1nd\u00e9knak sem utols\u00f3\u00a0\ud83d\ude42<\/p>\n","protected":false},"featured_media":100000035267,"comment_status":"open","ping_status":"closed","template":"","meta":{"_acf_changed":false,"_uag_custom_page_level_css":""},"product_brand":[],"product_cat":[195,196,198,213,248,215,218,207],"product_tag":[],"class_list":{"0":"post-7617","1":"product","2":"type-product","3":"status-publish","4":"has-post-thumbnail","6":"product_cat-egyedit-technologia","7":"product_cat-egyedit-tema","8":"product_cat-egyedit-termek","9":"product_cat-karacsony-unnepi","10":"product_cat-karacsonyfadisz","11":"product_cat-kiskedvencek","12":"product_cat-lezergravirozas","13":"product_cat-unnepi","14":"sales-flash-overlay","15":"woocommerce-text-align-center","16":"woocommerce-image-align-center","17":"do-quantity-buttons","19":"first","20":"instock","21":"taxable","22":"shipping-taxable","23":"product-type-variable"},"acf":[],"yoast_head":"<!-- This site is optimized with the Yoast SEO Premium plugin v23.7 (Yoast SEO v27.4) - https:\/\/yoast.com\/product\/yoast-seo-premium-wordpress\/ -->\n<title>Kuty\u00e1s kar\u00e1csonyfad\u00edsz - 23 fajta - Egyedit<\/title>\n<meta name=\"robots\" content=\"noindex, follow, max-snippet:-1, max-image-preview:large, max-video-preview:-1\" \/>\n<meta property=\"og:locale\" content=\"hu_HU\" \/>\n<meta property=\"og:type\" content=\"article\" \/>\n<meta property=\"og:title\" content=\"Kuty\u00e1s kar\u00e1csonyfad\u00edsz - 23 fajta - Egyedit\" \/>\n<meta property=\"og:description\" content=\"Anyaga: 3mm r\u00e9tegelt fa Sz\u00edne: Nat\u00far M\u00e9rete: 9cm  A kis 4 l\u00e1b\u00fa csal\u00e1dtag, ebb\u0151l sem maradhat ki \u00e9s aj\u00e1nd\u00e9knak sem utols\u00f3\u00a0\ud83d\ude42\" \/>\n<meta property=\"og:url\" content=\"https:\/\/tradevancehub.hu\/egyedit\/termekek\/kutyas-karacsonyfadisz-23-fajta\/\" \/>\n<meta property=\"og:site_name\" content=\"Egyedit\" \/>\n<meta property=\"article:modified_time\" content=\"2024-10-03T12:07:04+00:00\" \/>\n<meta name=\"twitter:card\" content=\"summary_large_image\" \/>\n<meta name=\"twitter:label1\" content=\"Becs\u00fclt olvas\u00e1si id\u0151\" \/>\n\t<meta name=\"twitter:data1\" content=\"1 perc\" \/>\n<script type=\"application\/ld+json\" class=\"yoast-schema-graph\">{\"@context\":\"https:\\\/\\\/schema.org\",\"@graph\":[{\"@type\":\"WebPage\",\"@id\":\"https:\\\/\\\/tradevancehub.hu\\\/egyedit\\\/termekek\\\/kutyas-karacsonyfadisz-23-fajta\\\/\",\"url\":\"https:\\\/\\\/tradevancehub.hu\\\/egyedit\\\/termekek\\\/kutyas-karacsonyfadisz-23-fajta\\\/\",\"name\":\"Kuty\u00e1s kar\u00e1csonyfad\u00edsz - 23 fajta - Egyedit\",\"isPartOf\":{\"@id\":\"https:\\\/\\\/tradevancehub.hu\\\/egyedit\\\/#website\"},\"primaryImageOfPage\":{\"@id\":\"https:\\\/\\\/tradevancehub.hu\\\/egyedit\\\/termekek\\\/kutyas-karacsonyfadisz-23-fajta\\\/#primaryimage\"},\"image\":{\"@id\":\"https:\\\/\\\/tradevancehub.hu\\\/egyedit\\\/termekek\\\/kutyas-karacsonyfadisz-23-fajta\\\/#primaryimage\"},\"thumbnailUrl\":\"https:\\\/\\\/tradevancehub.hu\\\/egyedit\\\/wp-content\\\/uploads\\\/2024\\\/10\\\/mopsz-scaled-1.jpg\",\"datePublished\":\"2024-10-02T14:40:23+00:00\",\"dateModified\":\"2024-10-03T12:07:04+00:00\",\"breadcrumb\":{\"@id\":\"https:\\\/\\\/tradevancehub.hu\\\/egyedit\\\/termekek\\\/kutyas-karacsonyfadisz-23-fajta\\\/#breadcrumb\"},\"inLanguage\":\"hu\",\"potentialAction\":[{\"@type\":\"ReadAction\",\"target\":[\"https:\\\/\\\/tradevancehub.hu\\\/egyedit\\\/termekek\\\/kutyas-karacsonyfadisz-23-fajta\\\/\"]}]},{\"@type\":\"ImageObject\",\"inLanguage\":\"hu\",\"@id\":\"https:\\\/\\\/tradevancehub.hu\\\/egyedit\\\/termekek\\\/kutyas-karacsonyfadisz-23-fajta\\\/#primaryimage\",\"url\":\"https:\\\/\\\/tradevancehub.hu\\\/egyedit\\\/wp-content\\\/uploads\\\/2024\\\/10\\\/mopsz-scaled-1.jpg\",\"contentUrl\":\"https:\\\/\\\/tradevancehub.hu\\\/egyedit\\\/wp-content\\\/uploads\\\/2024\\\/10\\\/mopsz-scaled-1.jpg\"},{\"@type\":\"BreadcrumbList\",\"@id\":\"https:\\\/\\\/tradevancehub.hu\\\/egyedit\\\/termekek\\\/kutyas-karacsonyfadisz-23-fajta\\\/#breadcrumb\",\"itemListElement\":[{\"@type\":\"ListItem\",\"position\":1,\"name\":\"Shop\",\"item\":\"https:\\\/\\\/tradevancehub.hu\\\/egyedit\\\/shop\\\/\"},{\"@type\":\"ListItem\",\"position\":2,\"name\":\"Kuty\u00e1s kar\u00e1csonyfad\u00edsz &#8211; 23 fajta\"}]},{\"@type\":\"WebSite\",\"@id\":\"https:\\\/\\\/tradevancehub.hu\\\/egyedit\\\/#website\",\"url\":\"https:\\\/\\\/tradevancehub.hu\\\/egyedit\\\/\",\"name\":\"Egyedit\",\"description\":\"\",\"publisher\":{\"@id\":\"https:\\\/\\\/tradevancehub.hu\\\/egyedit\\\/#organization\"},\"potentialAction\":[{\"@type\":\"SearchAction\",\"target\":{\"@type\":\"EntryPoint\",\"urlTemplate\":\"https:\\\/\\\/tradevancehub.hu\\\/egyedit\\\/?s={search_term_string}\"},\"query-input\":{\"@type\":\"PropertyValueSpecification\",\"valueRequired\":true,\"valueName\":\"search_term_string\"}}],\"inLanguage\":\"hu\"},{\"@type\":\"Organization\",\"@id\":\"https:\\\/\\\/tradevancehub.hu\\\/egyedit\\\/#organization\",\"name\":\"Egyedit\",\"url\":\"https:\\\/\\\/tradevancehub.hu\\\/egyedit\\\/\",\"logo\":{\"@type\":\"ImageObject\",\"inLanguage\":\"hu\",\"@id\":\"https:\\\/\\\/tradevancehub.hu\\\/egyedit\\\/#\\\/schema\\\/logo\\\/image\\\/\",\"url\":\"https:\\\/\\\/tradevancehub.hu\\\/egyedit\\\/wp-content\\\/uploads\\\/sites\\\/8\\\/2024\\\/03\\\/Group-1.png\",\"contentUrl\":\"https:\\\/\\\/tradevancehub.hu\\\/egyedit\\\/wp-content\\\/uploads\\\/sites\\\/8\\\/2024\\\/03\\\/Group-1.png\",\"width\":313,\"height\":89,\"caption\":\"Egyedit\"},\"image\":{\"@id\":\"https:\\\/\\\/tradevancehub.hu\\\/egyedit\\\/#\\\/schema\\\/logo\\\/image\\\/\"}}]}<\/script>\n<!-- \/ Yoast SEO Premium plugin. -->","yoast_head_json":{"title":"Kuty\u00e1s kar\u00e1csonyfad\u00edsz - 23 fajta - Egyedit","robots":{"index":"noindex","follow":"follow","max-snippet":"max-snippet:-1","max-image-preview":"max-image-preview:large","max-video-preview":"max-video-preview:-1"},"og_locale":"hu_HU","og_type":"article","og_title":"Kuty\u00e1s kar\u00e1csonyfad\u00edsz - 23 fajta - Egyedit","og_description":"Anyaga: 3mm r\u00e9tegelt fa Sz\u00edne: Nat\u00far M\u00e9rete: 9cm  A kis 4 l\u00e1b\u00fa csal\u00e1dtag, ebb\u0151l sem maradhat ki \u00e9s aj\u00e1nd\u00e9knak sem utols\u00f3\u00a0\ud83d\ude42","og_url":"https:\/\/tradevancehub.hu\/egyedit\/termekek\/kutyas-karacsonyfadisz-23-fajta\/","og_site_name":"Egyedit","article_modified_time":"2024-10-03T12:07:04+00:00","twitter_card":"summary_large_image","twitter_misc":{"Becs\u00fclt olvas\u00e1si id\u0151":"1 perc"},"schema":{"@context":"https:\/\/schema.org","@graph":[{"@type":"WebPage","@id":"https:\/\/tradevancehub.hu\/egyedit\/termekek\/kutyas-karacsonyfadisz-23-fajta\/","url":"https:\/\/tradevancehub.hu\/egyedit\/termekek\/kutyas-karacsonyfadisz-23-fajta\/","name":"Kuty\u00e1s kar\u00e1csonyfad\u00edsz - 23 fajta - Egyedit","isPartOf":{"@id":"https:\/\/tradevancehub.hu\/egyedit\/#website"},"primaryImageOfPage":{"@id":"https:\/\/tradevancehub.hu\/egyedit\/termekek\/kutyas-karacsonyfadisz-23-fajta\/#primaryimage"},"image":{"@id":"https:\/\/tradevancehub.hu\/egyedit\/termekek\/kutyas-karacsonyfadisz-23-fajta\/#primaryimage"},"thumbnailUrl":"https:\/\/tradevancehub.hu\/egyedit\/wp-content\/uploads\/2024\/10\/mopsz-scaled-1.jpg","datePublished":"2024-10-02T14:40:23+00:00","dateModified":"2024-10-03T12:07:04+00:00","breadcrumb":{"@id":"https:\/\/tradevancehub.hu\/egyedit\/termekek\/kutyas-karacsonyfadisz-23-fajta\/#breadcrumb"},"inLanguage":"hu","potentialAction":[{"@type":"ReadAction","target":["https:\/\/tradevancehub.hu\/egyedit\/termekek\/kutyas-karacsonyfadisz-23-fajta\/"]}]},{"@type":"ImageObject","inLanguage":"hu","@id":"https:\/\/tradevancehub.hu\/egyedit\/termekek\/kutyas-karacsonyfadisz-23-fajta\/#primaryimage","url":"https:\/\/tradevancehub.hu\/egyedit\/wp-content\/uploads\/2024\/10\/mopsz-scaled-1.jpg","contentUrl":"https:\/\/tradevancehub.hu\/egyedit\/wp-content\/uploads\/2024\/10\/mopsz-scaled-1.jpg"},{"@type":"BreadcrumbList","@id":"https:\/\/tradevancehub.hu\/egyedit\/termekek\/kutyas-karacsonyfadisz-23-fajta\/#breadcrumb","itemListElement":[{"@type":"ListItem","position":1,"name":"Shop","item":"https:\/\/tradevancehub.hu\/egyedit\/shop\/"},{"@type":"ListItem","position":2,"name":"Kuty\u00e1s kar\u00e1csonyfad\u00edsz &#8211; 23 fajta"}]},{"@type":"WebSite","@id":"https:\/\/tradevancehub.hu\/egyedit\/#website","url":"https:\/\/tradevancehub.hu\/egyedit\/","name":"Egyedit","description":"","publisher":{"@id":"https:\/\/tradevancehub.hu\/egyedit\/#organization"},"potentialAction":[{"@type":"SearchAction","target":{"@type":"EntryPoint","urlTemplate":"https:\/\/tradevancehub.hu\/egyedit\/?s={search_term_string}"},"query-input":{"@type":"PropertyValueSpecification","valueRequired":true,"valueName":"search_term_string"}}],"inLanguage":"hu"},{"@type":"Organization","@id":"https:\/\/tradevancehub.hu\/egyedit\/#organization","name":"Egyedit","url":"https:\/\/tradevancehub.hu\/egyedit\/","logo":{"@type":"ImageObject","inLanguage":"hu","@id":"https:\/\/tradevancehub.hu\/egyedit\/#\/schema\/logo\/image\/","url":"https:\/\/tradevancehub.hu\/egyedit\/wp-content\/uploads\/sites\/8\/2024\/03\/Group-1.png","contentUrl":"https:\/\/tradevancehub.hu\/egyedit\/wp-content\/uploads\/sites\/8\/2024\/03\/Group-1.png","width":313,"height":89,"caption":"Egyedit"},"image":{"@id":"https:\/\/tradevancehub.hu\/egyedit\/#\/schema\/logo\/image\/"}}]}},"uagb_featured_image_src":{"full":["https:\/\/tradevancehub.hu\/egyedit\/wp-content\/uploads\/2024\/10\/mopsz-scaled-1.jpg",2560,1711,false],"thumbnail":["https:\/\/tradevancehub.hu\/egyedit\/wp-content\/uploads\/2024\/10\/mopsz-scaled-1-150x150.jpg",150,150,true],"medium":["https:\/\/tradevancehub.hu\/egyedit\/wp-content\/uploads\/2024\/10\/mopsz-scaled-1-300x201.jpg",300,201,true],"medium_large":["https:\/\/tradevancehub.hu\/egyedit\/wp-content\/uploads\/2024\/10\/mopsz-scaled-1-768x513.jpg",768,513,true],"large":["https:\/\/tradevancehub.hu\/egyedit\/wp-content\/uploads\/2024\/10\/mopsz-scaled-1-1024x684.jpg",1024,684,true],"1536x1536":["https:\/\/tradevancehub.hu\/egyedit\/wp-content\/uploads\/2024\/10\/mopsz-scaled-1-1536x1027.jpg",1536,1027,true],"2048x2048":["https:\/\/tradevancehub.hu\/egyedit\/wp-content\/uploads\/2024\/10\/mopsz-scaled-1-2048x1369.jpg",2048,1369,true],"woocommerce_thumbnail":["https:\/\/tradevancehub.hu\/egyedit\/wp-content\/uploads\/2024\/10\/mopsz-scaled-1-300x300.jpg",300,300,true],"woocommerce_single":["https:\/\/tradevancehub.hu\/egyedit\/wp-content\/uploads\/2024\/10\/mopsz-scaled-1-600x401.jpg",600,401,true],"woocommerce_gallery_thumbnail":["https:\/\/tradevancehub.hu\/egyedit\/wp-content\/uploads\/2024\/10\/mopsz-scaled-1-100x100.jpg",100,100,true]},"uagb_author_info":{"display_name":"","author_link":"https:\/\/tradevancehub.hu\/egyedit\/author\/"},"uagb_comment_info":0,"uagb_excerpt":"Anyaga: 3mm r\u00e9tegelt fa Sz\u00edne: Nat\u00far M\u00e9rete: 9cm A kis 4 l\u00e1b\u00fa csal\u00e1dtag, ebb\u0151l sem maradhat ki \u00e9s aj\u00e1nd\u00e9knak sem utols\u00f3\u00a0\ud83d\ude42","_links":{"self":[{"href":"https:\/\/tradevancehub.hu\/egyedit\/wp-json\/wp\/v2\/product\/7617","targetHints":{"allow":["GET"]}}],"collection":[{"href":"https:\/\/tradevancehub.hu\/egyedit\/wp-json\/wp\/v2\/product"}],"about":[{"href":"https:\/\/tradevancehub.hu\/egyedit\/wp-json\/wp\/v2\/types\/product"}],"replies":[{"embeddable":true,"href":"https:\/\/tradevancehub.hu\/egyedit\/wp-json\/wp\/v2\/comments?post=7617"}],"wp:featuredmedia":[{"embeddable":true,"href":"https:\/\/tradevancehub.hu\/egyedit\/wp-json\/"}],"wp:attachment":[{"href":"https:\/\/tradevancehub.hu\/egyedit\/wp-json\/wp\/v2\/media?parent=7617"}],"wp:term":[{"taxonomy":"product_brand","embeddable":true,"href":"https:\/\/tradevancehub.hu\/egyedit\/wp-json\/wp\/v2\/product_brand?post=7617"},{"taxonomy":"product_cat","embeddable":true,"href":"https:\/\/tradevancehub.hu\/egyedit\/wp-json\/wp\/v2\/product_cat?post=7617"},{"taxonomy":"product_tag","embeddable":true,"href":"https:\/\/tradevancehub.hu\/egyedit\/wp-json\/wp\/v2\/product_tag?post=7617"}],"curies":[{"name":"wp","href":"https:\/\/api.w.org\/{rel}","templated":true}]}}