{"id":7602,"date":"2024-10-02T12:54:23","date_gmt":"2024-10-02T12:54:23","guid":{"rendered":"https:\/\/egyedit.hu\/termekek\/egyedi-karacsonyfadisz-minta-1\/"},"modified":"2024-10-03T12:06:26","modified_gmt":"2024-10-03T12:06:26","slug":"egyedi-karacsonyfadisz-minta-1","status":"publish","type":"product","link":"https:\/\/tradevancehub.hu\/egyedit\/termekek\/egyedi-karacsonyfadisz-minta-1\/","title":{"rendered":"Egyedi kar\u00e1csonyfad\u00edsz (minta 1)"},"content":{"rendered":"<p>Egyszer\u0171, letisztult, eleg\u00e1ns. Ezek a szavak ihlettek minket az itt l\u00e1that\u00f3 term\u00e9kek megtervez\u00e9se sor\u00e1n. \u00c9s hogy mit\u0151l lesznek m\u00e9gis igaz\u00e1n k\u00fcl\u00f6nlegesek? T\u0151letek! Hiszen ezeket az autentikus fa csod\u00e1kat imm\u00e1r saj\u00e1t neveitekkel akaszthatj\u00e1tok fel id\u00e9n a feny\u0151 \u00e1gai k\u00f6z\u00e9.<\/p>\n","protected":false},"excerpt":{"rendered":"<p>Egyszer\u0171, letisztult, eleg\u00e1ns. Ezek a szavak ihlettek minket az itt l\u00e1that\u00f3 term\u00e9kek megtervez\u00e9se sor\u00e1n. \u00c9s hogy mit\u0151l lesznek m\u00e9gis igaz\u00e1n k\u00fcl\u00f6nlegesek? T\u0151letek! Hiszen ezeket az autentikus fa csod\u00e1kat imm\u00e1r saj\u00e1t neveitekkel akaszthatj\u00e1tok fel id\u00e9n a feny\u0151 \u00e1gai k\u00f6z\u00e9.<\/p>\n","protected":false},"featured_media":100000033961,"comment_status":"open","ping_status":"closed","template":"","meta":{"_acf_changed":false,"_uag_custom_page_level_css":""},"product_brand":[],"product_cat":[188,195,196,198,213,248,218,243,207],"product_tag":[],"class_list":{"0":"post-7602","1":"product","2":"type-product","3":"status-publish","4":"has-post-thumbnail","6":"product_cat-egyedi","7":"product_cat-egyedit-technologia","8":"product_cat-egyedit-tema","9":"product_cat-egyedit-termek","10":"product_cat-karacsony-unnepi","11":"product_cat-karacsonyfadisz","12":"product_cat-lezergravirozas","13":"product_cat-szeretteinknek","14":"product_cat-unnepi","15":"sales-flash-overlay","16":"woocommerce-text-align-center","17":"woocommerce-image-align-center","18":"do-quantity-buttons","20":"first","21":"instock","22":"taxable","23":"shipping-taxable","24":"product-type-variable"},"acf":[],"yoast_head":"<!-- This site is optimized with the Yoast SEO Premium plugin v23.7 (Yoast SEO v27.4) - https:\/\/yoast.com\/product\/yoast-seo-premium-wordpress\/ -->\n<title>Egyedi kar\u00e1csonyfad\u00edsz (minta 1) - Egyedit<\/title>\n<meta name=\"robots\" content=\"noindex, follow, max-snippet:-1, max-image-preview:large, max-video-preview:-1\" \/>\n<meta property=\"og:locale\" content=\"hu_HU\" \/>\n<meta property=\"og:type\" content=\"article\" \/>\n<meta property=\"og:title\" content=\"Egyedi kar\u00e1csonyfad\u00edsz (minta 1) - Egyedit\" \/>\n<meta property=\"og:description\" content=\"Egyszer\u0171, letisztult, eleg\u00e1ns. Ezek a szavak ihlettek minket az itt l\u00e1that\u00f3 term\u00e9kek megtervez\u00e9se sor\u00e1n. \u00c9s hogy mit\u0151l lesznek m\u00e9gis igaz\u00e1n k\u00fcl\u00f6nlegesek? T\u0151letek! Hiszen ezeket az autentikus fa csod\u00e1kat imm\u00e1r saj\u00e1t neveitekkel akaszthatj\u00e1tok fel id\u00e9n a feny\u0151 \u00e1gai k\u00f6z\u00e9.\" \/>\n<meta property=\"og:url\" content=\"https:\/\/tradevancehub.hu\/egyedit\/termekek\/egyedi-karacsonyfadisz-minta-1\/\" \/>\n<meta property=\"og:site_name\" content=\"Egyedit\" \/>\n<meta property=\"article:modified_time\" content=\"2024-10-03T12:06:26+00:00\" \/>\n<meta name=\"twitter:card\" content=\"summary_large_image\" \/>\n<meta name=\"twitter:label1\" content=\"Becs\u00fclt olvas\u00e1si id\u0151\" \/>\n\t<meta name=\"twitter:data1\" content=\"1 perc\" \/>\n<script type=\"application\/ld+json\" class=\"yoast-schema-graph\">{\"@context\":\"https:\\\/\\\/schema.org\",\"@graph\":[{\"@type\":\"WebPage\",\"@id\":\"https:\\\/\\\/tradevancehub.hu\\\/egyedit\\\/termekek\\\/egyedi-karacsonyfadisz-minta-1\\\/\",\"url\":\"https:\\\/\\\/tradevancehub.hu\\\/egyedit\\\/termekek\\\/egyedi-karacsonyfadisz-minta-1\\\/\",\"name\":\"Egyedi kar\u00e1csonyfad\u00edsz (minta 1) - Egyedit\",\"isPartOf\":{\"@id\":\"https:\\\/\\\/tradevancehub.hu\\\/egyedit\\\/#website\"},\"primaryImageOfPage\":{\"@id\":\"https:\\\/\\\/tradevancehub.hu\\\/egyedit\\\/termekek\\\/egyedi-karacsonyfadisz-minta-1\\\/#primaryimage\"},\"image\":{\"@id\":\"https:\\\/\\\/tradevancehub.hu\\\/egyedit\\\/termekek\\\/egyedi-karacsonyfadisz-minta-1\\\/#primaryimage\"},\"thumbnailUrl\":\"https:\\\/\\\/tradevancehub.hu\\\/egyedit\\\/wp-content\\\/uploads\\\/2024\\\/10\\\/1-scaled-1.jpg\",\"datePublished\":\"2024-10-02T12:54:23+00:00\",\"dateModified\":\"2024-10-03T12:06:26+00:00\",\"breadcrumb\":{\"@id\":\"https:\\\/\\\/tradevancehub.hu\\\/egyedit\\\/termekek\\\/egyedi-karacsonyfadisz-minta-1\\\/#breadcrumb\"},\"inLanguage\":\"hu\",\"potentialAction\":[{\"@type\":\"ReadAction\",\"target\":[\"https:\\\/\\\/tradevancehub.hu\\\/egyedit\\\/termekek\\\/egyedi-karacsonyfadisz-minta-1\\\/\"]}]},{\"@type\":\"ImageObject\",\"inLanguage\":\"hu\",\"@id\":\"https:\\\/\\\/tradevancehub.hu\\\/egyedit\\\/termekek\\\/egyedi-karacsonyfadisz-minta-1\\\/#primaryimage\",\"url\":\"https:\\\/\\\/tradevancehub.hu\\\/egyedit\\\/wp-content\\\/uploads\\\/2024\\\/10\\\/1-scaled-1.jpg\",\"contentUrl\":\"https:\\\/\\\/tradevancehub.hu\\\/egyedit\\\/wp-content\\\/uploads\\\/2024\\\/10\\\/1-scaled-1.jpg\"},{\"@type\":\"BreadcrumbList\",\"@id\":\"https:\\\/\\\/tradevancehub.hu\\\/egyedit\\\/termekek\\\/egyedi-karacsonyfadisz-minta-1\\\/#breadcrumb\",\"itemListElement\":[{\"@type\":\"ListItem\",\"position\":1,\"name\":\"Shop\",\"item\":\"https:\\\/\\\/tradevancehub.hu\\\/egyedit\\\/shop\\\/\"},{\"@type\":\"ListItem\",\"position\":2,\"name\":\"Egyedi kar\u00e1csonyfad\u00edsz (minta 1)\"}]},{\"@type\":\"WebSite\",\"@id\":\"https:\\\/\\\/tradevancehub.hu\\\/egyedit\\\/#website\",\"url\":\"https:\\\/\\\/tradevancehub.hu\\\/egyedit\\\/\",\"name\":\"Egyedit\",\"description\":\"\",\"publisher\":{\"@id\":\"https:\\\/\\\/tradevancehub.hu\\\/egyedit\\\/#organization\"},\"potentialAction\":[{\"@type\":\"SearchAction\",\"target\":{\"@type\":\"EntryPoint\",\"urlTemplate\":\"https:\\\/\\\/tradevancehub.hu\\\/egyedit\\\/?s={search_term_string}\"},\"query-input\":{\"@type\":\"PropertyValueSpecification\",\"valueRequired\":true,\"valueName\":\"search_term_string\"}}],\"inLanguage\":\"hu\"},{\"@type\":\"Organization\",\"@id\":\"https:\\\/\\\/tradevancehub.hu\\\/egyedit\\\/#organization\",\"name\":\"Egyedit\",\"url\":\"https:\\\/\\\/tradevancehub.hu\\\/egyedit\\\/\",\"logo\":{\"@type\":\"ImageObject\",\"inLanguage\":\"hu\",\"@id\":\"https:\\\/\\\/tradevancehub.hu\\\/egyedit\\\/#\\\/schema\\\/logo\\\/image\\\/\",\"url\":\"https:\\\/\\\/tradevancehub.hu\\\/egyedit\\\/wp-content\\\/uploads\\\/sites\\\/8\\\/2024\\\/03\\\/Group-1.png\",\"contentUrl\":\"https:\\\/\\\/tradevancehub.hu\\\/egyedit\\\/wp-content\\\/uploads\\\/sites\\\/8\\\/2024\\\/03\\\/Group-1.png\",\"width\":313,\"height\":89,\"caption\":\"Egyedit\"},\"image\":{\"@id\":\"https:\\\/\\\/tradevancehub.hu\\\/egyedit\\\/#\\\/schema\\\/logo\\\/image\\\/\"}}]}<\/script>\n<!-- \/ Yoast SEO Premium plugin. -->","yoast_head_json":{"title":"Egyedi kar\u00e1csonyfad\u00edsz (minta 1) - Egyedit","robots":{"index":"noindex","follow":"follow","max-snippet":"max-snippet:-1","max-image-preview":"max-image-preview:large","max-video-preview":"max-video-preview:-1"},"og_locale":"hu_HU","og_type":"article","og_title":"Egyedi kar\u00e1csonyfad\u00edsz (minta 1) - Egyedit","og_description":"Egyszer\u0171, letisztult, eleg\u00e1ns. Ezek a szavak ihlettek minket az itt l\u00e1that\u00f3 term\u00e9kek megtervez\u00e9se sor\u00e1n. \u00c9s hogy mit\u0151l lesznek m\u00e9gis igaz\u00e1n k\u00fcl\u00f6nlegesek? T\u0151letek! Hiszen ezeket az autentikus fa csod\u00e1kat imm\u00e1r saj\u00e1t neveitekkel akaszthatj\u00e1tok fel id\u00e9n a feny\u0151 \u00e1gai k\u00f6z\u00e9.","og_url":"https:\/\/tradevancehub.hu\/egyedit\/termekek\/egyedi-karacsonyfadisz-minta-1\/","og_site_name":"Egyedit","article_modified_time":"2024-10-03T12:06:26+00:00","twitter_card":"summary_large_image","twitter_misc":{"Becs\u00fclt olvas\u00e1si id\u0151":"1 perc"},"schema":{"@context":"https:\/\/schema.org","@graph":[{"@type":"WebPage","@id":"https:\/\/tradevancehub.hu\/egyedit\/termekek\/egyedi-karacsonyfadisz-minta-1\/","url":"https:\/\/tradevancehub.hu\/egyedit\/termekek\/egyedi-karacsonyfadisz-minta-1\/","name":"Egyedi kar\u00e1csonyfad\u00edsz (minta 1) - Egyedit","isPartOf":{"@id":"https:\/\/tradevancehub.hu\/egyedit\/#website"},"primaryImageOfPage":{"@id":"https:\/\/tradevancehub.hu\/egyedit\/termekek\/egyedi-karacsonyfadisz-minta-1\/#primaryimage"},"image":{"@id":"https:\/\/tradevancehub.hu\/egyedit\/termekek\/egyedi-karacsonyfadisz-minta-1\/#primaryimage"},"thumbnailUrl":"https:\/\/tradevancehub.hu\/egyedit\/wp-content\/uploads\/2024\/10\/1-scaled-1.jpg","datePublished":"2024-10-02T12:54:23+00:00","dateModified":"2024-10-03T12:06:26+00:00","breadcrumb":{"@id":"https:\/\/tradevancehub.hu\/egyedit\/termekek\/egyedi-karacsonyfadisz-minta-1\/#breadcrumb"},"inLanguage":"hu","potentialAction":[{"@type":"ReadAction","target":["https:\/\/tradevancehub.hu\/egyedit\/termekek\/egyedi-karacsonyfadisz-minta-1\/"]}]},{"@type":"ImageObject","inLanguage":"hu","@id":"https:\/\/tradevancehub.hu\/egyedit\/termekek\/egyedi-karacsonyfadisz-minta-1\/#primaryimage","url":"https:\/\/tradevancehub.hu\/egyedit\/wp-content\/uploads\/2024\/10\/1-scaled-1.jpg","contentUrl":"https:\/\/tradevancehub.hu\/egyedit\/wp-content\/uploads\/2024\/10\/1-scaled-1.jpg"},{"@type":"BreadcrumbList","@id":"https:\/\/tradevancehub.hu\/egyedit\/termekek\/egyedi-karacsonyfadisz-minta-1\/#breadcrumb","itemListElement":[{"@type":"ListItem","position":1,"name":"Shop","item":"https:\/\/tradevancehub.hu\/egyedit\/shop\/"},{"@type":"ListItem","position":2,"name":"Egyedi kar\u00e1csonyfad\u00edsz (minta 1)"}]},{"@type":"WebSite","@id":"https:\/\/tradevancehub.hu\/egyedit\/#website","url":"https:\/\/tradevancehub.hu\/egyedit\/","name":"Egyedit","description":"","publisher":{"@id":"https:\/\/tradevancehub.hu\/egyedit\/#organization"},"potentialAction":[{"@type":"SearchAction","target":{"@type":"EntryPoint","urlTemplate":"https:\/\/tradevancehub.hu\/egyedit\/?s={search_term_string}"},"query-input":{"@type":"PropertyValueSpecification","valueRequired":true,"valueName":"search_term_string"}}],"inLanguage":"hu"},{"@type":"Organization","@id":"https:\/\/tradevancehub.hu\/egyedit\/#organization","name":"Egyedit","url":"https:\/\/tradevancehub.hu\/egyedit\/","logo":{"@type":"ImageObject","inLanguage":"hu","@id":"https:\/\/tradevancehub.hu\/egyedit\/#\/schema\/logo\/image\/","url":"https:\/\/tradevancehub.hu\/egyedit\/wp-content\/uploads\/sites\/8\/2024\/03\/Group-1.png","contentUrl":"https:\/\/tradevancehub.hu\/egyedit\/wp-content\/uploads\/sites\/8\/2024\/03\/Group-1.png","width":313,"height":89,"caption":"Egyedit"},"image":{"@id":"https:\/\/tradevancehub.hu\/egyedit\/#\/schema\/logo\/image\/"}}]}},"uagb_featured_image_src":{"full":["https:\/\/tradevancehub.hu\/egyedit\/wp-content\/uploads\/2024\/10\/1-scaled-1.jpg",2560,1848,false],"thumbnail":["https:\/\/tradevancehub.hu\/egyedit\/wp-content\/uploads\/2024\/10\/1-scaled-1-150x150.jpg",150,150,true],"medium":["https:\/\/tradevancehub.hu\/egyedit\/wp-content\/uploads\/2024\/10\/1-scaled-1-300x217.jpg",300,217,true],"medium_large":["https:\/\/tradevancehub.hu\/egyedit\/wp-content\/uploads\/2024\/10\/1-scaled-1-768x554.jpg",768,554,true],"large":["https:\/\/tradevancehub.hu\/egyedit\/wp-content\/uploads\/2024\/10\/1-scaled-1-1024x739.jpg",1024,739,true],"1536x1536":["https:\/\/tradevancehub.hu\/egyedit\/wp-content\/uploads\/2024\/10\/1-scaled-1-1536x1109.jpg",1536,1109,true],"2048x2048":["https:\/\/tradevancehub.hu\/egyedit\/wp-content\/uploads\/2024\/10\/1-scaled-1-2048x1478.jpg",2048,1478,true],"woocommerce_thumbnail":["https:\/\/tradevancehub.hu\/egyedit\/wp-content\/uploads\/2024\/10\/1-scaled-1-300x300.jpg",300,300,true],"woocommerce_single":["https:\/\/tradevancehub.hu\/egyedit\/wp-content\/uploads\/2024\/10\/1-scaled-1-600x433.jpg",600,433,true],"woocommerce_gallery_thumbnail":["https:\/\/tradevancehub.hu\/egyedit\/wp-content\/uploads\/2024\/10\/1-scaled-1-100x100.jpg",100,100,true]},"uagb_author_info":{"display_name":"","author_link":"https:\/\/tradevancehub.hu\/egyedit\/author\/"},"uagb_comment_info":0,"uagb_excerpt":"Egyszer\u0171, letisztult, eleg\u00e1ns. Ezek a szavak ihlettek minket az itt l\u00e1that\u00f3 term\u00e9kek megtervez\u00e9se sor\u00e1n. \u00c9s hogy mit\u0151l lesznek m\u00e9gis igaz\u00e1n k\u00fcl\u00f6nlegesek? T\u0151letek! Hiszen ezeket az autentikus fa csod\u00e1kat imm\u00e1r saj\u00e1t neveitekkel akaszthatj\u00e1tok fel id\u00e9n a feny\u0151 \u00e1gai k\u00f6z\u00e9.","_links":{"self":[{"href":"https:\/\/tradevancehub.hu\/egyedit\/wp-json\/wp\/v2\/product\/7602","targetHints":{"allow":["GET"]}}],"collection":[{"href":"https:\/\/tradevancehub.hu\/egyedit\/wp-json\/wp\/v2\/product"}],"about":[{"href":"https:\/\/tradevancehub.hu\/egyedit\/wp-json\/wp\/v2\/types\/product"}],"replies":[{"embeddable":true,"href":"https:\/\/tradevancehub.hu\/egyedit\/wp-json\/wp\/v2\/comments?post=7602"}],"wp:featuredmedia":[{"embeddable":true,"href":"https:\/\/tradevancehub.hu\/egyedit\/wp-json\/"}],"wp:attachment":[{"href":"https:\/\/tradevancehub.hu\/egyedit\/wp-json\/wp\/v2\/media?parent=7602"}],"wp:term":[{"taxonomy":"product_brand","embeddable":true,"href":"https:\/\/tradevancehub.hu\/egyedit\/wp-json\/wp\/v2\/product_brand?post=7602"},{"taxonomy":"product_cat","embeddable":true,"href":"https:\/\/tradevancehub.hu\/egyedit\/wp-json\/wp\/v2\/product_cat?post=7602"},{"taxonomy":"product_tag","embeddable":true,"href":"https:\/\/tradevancehub.hu\/egyedit\/wp-json\/wp\/v2\/product_tag?post=7602"}],"curies":[{"name":"wp","href":"https:\/\/api.w.org\/{rel}","templated":true}]}}