{"id":7491,"date":"2024-10-02T09:58:29","date_gmt":"2024-10-02T08:58:29","guid":{"rendered":"https:\/\/egyedit.hu\/termekek\/3-gyerekes-vaszontaska-2\/"},"modified":"2025-07-09T13:59:56","modified_gmt":"2025-07-09T12:59:56","slug":"3-gyerekes-vaszontaska-2","status":"publish","type":"product","link":"https:\/\/tradevancehub.hu\/egyedit\/termekek\/3-gyerekes-vaszontaska-2\/","title":{"rendered":"3 gyerekes v\u00e1szont\u00e1ska"},"content":{"rendered":"<p>Legszebb aj\u00e1nd\u00e9k egy kisgyermek. Fejezd ki \u00f6r\u00f6m\u00f6det a v\u00e1szont\u00e1sk\u00e1don is!<\/p>\n","protected":false},"excerpt":{"rendered":"<p>Legszebb aj\u00e1nd\u00e9k egy kisgyermek. Fejezd ki \u00f6r\u00f6m\u00f6det a v\u00e1szont\u00e1sk\u00e1don is!<\/p>\n","protected":false},"featured_media":100000033762,"comment_status":"closed","ping_status":"closed","template":"","meta":{"_acf_changed":false,"_uag_custom_page_level_css":""},"product_brand":[],"product_cat":[240,188,195,196,198,206,207,199],"product_tag":[],"class_list":{"0":"post-7491","1":"product","2":"type-product","3":"status-publish","4":"has-post-thumbnail","6":"product_cat-anyak-napja-unnepi","7":"product_cat-egyedi","8":"product_cat-egyedit-technologia","9":"product_cat-egyedit-tema","10":"product_cat-egyedit-termek","11":"product_cat-foliavagas-egyedit-technologia","12":"product_cat-unnepi","13":"product_cat-vaszontaska-egyedit-termek","14":"sales-flash-overlay","15":"woocommerce-text-align-center","16":"woocommerce-image-align-center","17":"do-quantity-buttons","19":"first","20":"instock","21":"taxable","22":"shipping-taxable","23":"purchasable","24":"product-type-simple"},"acf":[],"yoast_head":"<!-- This site is optimized with the Yoast SEO Premium plugin v23.7 (Yoast SEO v27.4) - https:\/\/yoast.com\/product\/yoast-seo-premium-wordpress\/ -->\n<title>3 gyerekes v\u00e1szont\u00e1ska - Egyedit<\/title>\n<meta name=\"robots\" content=\"noindex, follow, max-snippet:-1, max-image-preview:large, max-video-preview:-1\" \/>\n<meta property=\"og:locale\" content=\"hu_HU\" \/>\n<meta property=\"og:type\" content=\"article\" \/>\n<meta property=\"og:title\" content=\"3 gyerekes v\u00e1szont\u00e1ska - Egyedit\" \/>\n<meta property=\"og:description\" content=\"Legszebb aj\u00e1nd\u00e9k egy kisgyermek. Fejezd ki \u00f6r\u00f6m\u00f6det a v\u00e1szont\u00e1sk\u00e1don is!\" \/>\n<meta property=\"og:url\" content=\"https:\/\/tradevancehub.hu\/egyedit\/termekek\/3-gyerekes-vaszontaska-2\/\" \/>\n<meta property=\"og:site_name\" content=\"Egyedit\" \/>\n<meta property=\"article:modified_time\" content=\"2025-07-09T12:59:56+00:00\" \/>\n<meta name=\"twitter:card\" content=\"summary_large_image\" \/>\n<meta name=\"twitter:label1\" content=\"Becs\u00fclt olvas\u00e1si id\u0151\" \/>\n\t<meta name=\"twitter:data1\" content=\"1 perc\" \/>\n<script type=\"application\/ld+json\" class=\"yoast-schema-graph\">{\"@context\":\"https:\\\/\\\/schema.org\",\"@graph\":[{\"@type\":\"WebPage\",\"@id\":\"https:\\\/\\\/tradevancehub.hu\\\/egyedit\\\/termekek\\\/3-gyerekes-vaszontaska-2\\\/\",\"url\":\"https:\\\/\\\/tradevancehub.hu\\\/egyedit\\\/termekek\\\/3-gyerekes-vaszontaska-2\\\/\",\"name\":\"3 gyerekes v\u00e1szont\u00e1ska - Egyedit\",\"isPartOf\":{\"@id\":\"https:\\\/\\\/tradevancehub.hu\\\/egyedit\\\/#website\"},\"primaryImageOfPage\":{\"@id\":\"https:\\\/\\\/tradevancehub.hu\\\/egyedit\\\/termekek\\\/3-gyerekes-vaszontaska-2\\\/#primaryimage\"},\"image\":{\"@id\":\"https:\\\/\\\/tradevancehub.hu\\\/egyedit\\\/termekek\\\/3-gyerekes-vaszontaska-2\\\/#primaryimage\"},\"thumbnailUrl\":\"https:\\\/\\\/tradevancehub.hu\\\/egyedit\\\/wp-content\\\/uploads\\\/2024\\\/10\\\/3-gyerekes-vaszontaska-anya.jpg\",\"datePublished\":\"2024-10-02T08:58:29+00:00\",\"dateModified\":\"2025-07-09T12:59:56+00:00\",\"breadcrumb\":{\"@id\":\"https:\\\/\\\/tradevancehub.hu\\\/egyedit\\\/termekek\\\/3-gyerekes-vaszontaska-2\\\/#breadcrumb\"},\"inLanguage\":\"hu\",\"potentialAction\":[{\"@type\":\"ReadAction\",\"target\":[\"https:\\\/\\\/tradevancehub.hu\\\/egyedit\\\/termekek\\\/3-gyerekes-vaszontaska-2\\\/\"]}]},{\"@type\":\"ImageObject\",\"inLanguage\":\"hu\",\"@id\":\"https:\\\/\\\/tradevancehub.hu\\\/egyedit\\\/termekek\\\/3-gyerekes-vaszontaska-2\\\/#primaryimage\",\"url\":\"https:\\\/\\\/tradevancehub.hu\\\/egyedit\\\/wp-content\\\/uploads\\\/2024\\\/10\\\/3-gyerekes-vaszontaska-anya.jpg\",\"contentUrl\":\"https:\\\/\\\/tradevancehub.hu\\\/egyedit\\\/wp-content\\\/uploads\\\/2024\\\/10\\\/3-gyerekes-vaszontaska-anya.jpg\"},{\"@type\":\"BreadcrumbList\",\"@id\":\"https:\\\/\\\/tradevancehub.hu\\\/egyedit\\\/termekek\\\/3-gyerekes-vaszontaska-2\\\/#breadcrumb\",\"itemListElement\":[{\"@type\":\"ListItem\",\"position\":1,\"name\":\"Shop\",\"item\":\"https:\\\/\\\/tradevancehub.hu\\\/egyedit\\\/shop\\\/\"},{\"@type\":\"ListItem\",\"position\":2,\"name\":\"3 gyerekes v\u00e1szont\u00e1ska\"}]},{\"@type\":\"WebSite\",\"@id\":\"https:\\\/\\\/tradevancehub.hu\\\/egyedit\\\/#website\",\"url\":\"https:\\\/\\\/tradevancehub.hu\\\/egyedit\\\/\",\"name\":\"Egyedit\",\"description\":\"\",\"publisher\":{\"@id\":\"https:\\\/\\\/tradevancehub.hu\\\/egyedit\\\/#organization\"},\"potentialAction\":[{\"@type\":\"SearchAction\",\"target\":{\"@type\":\"EntryPoint\",\"urlTemplate\":\"https:\\\/\\\/tradevancehub.hu\\\/egyedit\\\/?s={search_term_string}\"},\"query-input\":{\"@type\":\"PropertyValueSpecification\",\"valueRequired\":true,\"valueName\":\"search_term_string\"}}],\"inLanguage\":\"hu\"},{\"@type\":\"Organization\",\"@id\":\"https:\\\/\\\/tradevancehub.hu\\\/egyedit\\\/#organization\",\"name\":\"Egyedit\",\"url\":\"https:\\\/\\\/tradevancehub.hu\\\/egyedit\\\/\",\"logo\":{\"@type\":\"ImageObject\",\"inLanguage\":\"hu\",\"@id\":\"https:\\\/\\\/tradevancehub.hu\\\/egyedit\\\/#\\\/schema\\\/logo\\\/image\\\/\",\"url\":\"https:\\\/\\\/tradevancehub.hu\\\/egyedit\\\/wp-content\\\/uploads\\\/sites\\\/8\\\/2024\\\/03\\\/Group-1.png\",\"contentUrl\":\"https:\\\/\\\/tradevancehub.hu\\\/egyedit\\\/wp-content\\\/uploads\\\/sites\\\/8\\\/2024\\\/03\\\/Group-1.png\",\"width\":313,\"height\":89,\"caption\":\"Egyedit\"},\"image\":{\"@id\":\"https:\\\/\\\/tradevancehub.hu\\\/egyedit\\\/#\\\/schema\\\/logo\\\/image\\\/\"}}]}<\/script>\n<!-- \/ Yoast SEO Premium plugin. -->","yoast_head_json":{"title":"3 gyerekes v\u00e1szont\u00e1ska - Egyedit","robots":{"index":"noindex","follow":"follow","max-snippet":"max-snippet:-1","max-image-preview":"max-image-preview:large","max-video-preview":"max-video-preview:-1"},"og_locale":"hu_HU","og_type":"article","og_title":"3 gyerekes v\u00e1szont\u00e1ska - Egyedit","og_description":"Legszebb aj\u00e1nd\u00e9k egy kisgyermek. Fejezd ki \u00f6r\u00f6m\u00f6det a v\u00e1szont\u00e1sk\u00e1don is!","og_url":"https:\/\/tradevancehub.hu\/egyedit\/termekek\/3-gyerekes-vaszontaska-2\/","og_site_name":"Egyedit","article_modified_time":"2025-07-09T12:59:56+00:00","twitter_card":"summary_large_image","twitter_misc":{"Becs\u00fclt olvas\u00e1si id\u0151":"1 perc"},"schema":{"@context":"https:\/\/schema.org","@graph":[{"@type":"WebPage","@id":"https:\/\/tradevancehub.hu\/egyedit\/termekek\/3-gyerekes-vaszontaska-2\/","url":"https:\/\/tradevancehub.hu\/egyedit\/termekek\/3-gyerekes-vaszontaska-2\/","name":"3 gyerekes v\u00e1szont\u00e1ska - Egyedit","isPartOf":{"@id":"https:\/\/tradevancehub.hu\/egyedit\/#website"},"primaryImageOfPage":{"@id":"https:\/\/tradevancehub.hu\/egyedit\/termekek\/3-gyerekes-vaszontaska-2\/#primaryimage"},"image":{"@id":"https:\/\/tradevancehub.hu\/egyedit\/termekek\/3-gyerekes-vaszontaska-2\/#primaryimage"},"thumbnailUrl":"https:\/\/tradevancehub.hu\/egyedit\/wp-content\/uploads\/2024\/10\/3-gyerekes-vaszontaska-anya.jpg","datePublished":"2024-10-02T08:58:29+00:00","dateModified":"2025-07-09T12:59:56+00:00","breadcrumb":{"@id":"https:\/\/tradevancehub.hu\/egyedit\/termekek\/3-gyerekes-vaszontaska-2\/#breadcrumb"},"inLanguage":"hu","potentialAction":[{"@type":"ReadAction","target":["https:\/\/tradevancehub.hu\/egyedit\/termekek\/3-gyerekes-vaszontaska-2\/"]}]},{"@type":"ImageObject","inLanguage":"hu","@id":"https:\/\/tradevancehub.hu\/egyedit\/termekek\/3-gyerekes-vaszontaska-2\/#primaryimage","url":"https:\/\/tradevancehub.hu\/egyedit\/wp-content\/uploads\/2024\/10\/3-gyerekes-vaszontaska-anya.jpg","contentUrl":"https:\/\/tradevancehub.hu\/egyedit\/wp-content\/uploads\/2024\/10\/3-gyerekes-vaszontaska-anya.jpg"},{"@type":"BreadcrumbList","@id":"https:\/\/tradevancehub.hu\/egyedit\/termekek\/3-gyerekes-vaszontaska-2\/#breadcrumb","itemListElement":[{"@type":"ListItem","position":1,"name":"Shop","item":"https:\/\/tradevancehub.hu\/egyedit\/shop\/"},{"@type":"ListItem","position":2,"name":"3 gyerekes v\u00e1szont\u00e1ska"}]},{"@type":"WebSite","@id":"https:\/\/tradevancehub.hu\/egyedit\/#website","url":"https:\/\/tradevancehub.hu\/egyedit\/","name":"Egyedit","description":"","publisher":{"@id":"https:\/\/tradevancehub.hu\/egyedit\/#organization"},"potentialAction":[{"@type":"SearchAction","target":{"@type":"EntryPoint","urlTemplate":"https:\/\/tradevancehub.hu\/egyedit\/?s={search_term_string}"},"query-input":{"@type":"PropertyValueSpecification","valueRequired":true,"valueName":"search_term_string"}}],"inLanguage":"hu"},{"@type":"Organization","@id":"https:\/\/tradevancehub.hu\/egyedit\/#organization","name":"Egyedit","url":"https:\/\/tradevancehub.hu\/egyedit\/","logo":{"@type":"ImageObject","inLanguage":"hu","@id":"https:\/\/tradevancehub.hu\/egyedit\/#\/schema\/logo\/image\/","url":"https:\/\/tradevancehub.hu\/egyedit\/wp-content\/uploads\/sites\/8\/2024\/03\/Group-1.png","contentUrl":"https:\/\/tradevancehub.hu\/egyedit\/wp-content\/uploads\/sites\/8\/2024\/03\/Group-1.png","width":313,"height":89,"caption":"Egyedit"},"image":{"@id":"https:\/\/tradevancehub.hu\/egyedit\/#\/schema\/logo\/image\/"}}]}},"uagb_featured_image_src":{"full":["https:\/\/tradevancehub.hu\/egyedit\/wp-content\/uploads\/2024\/10\/3-gyerekes-vaszontaska-anya.jpg",1140,912,false],"thumbnail":["https:\/\/tradevancehub.hu\/egyedit\/wp-content\/uploads\/2024\/10\/3-gyerekes-vaszontaska-anya-150x150.jpg",150,150,true],"medium":["https:\/\/tradevancehub.hu\/egyedit\/wp-content\/uploads\/2024\/10\/3-gyerekes-vaszontaska-anya-300x240.jpg",300,240,true],"medium_large":["https:\/\/tradevancehub.hu\/egyedit\/wp-content\/uploads\/2024\/10\/3-gyerekes-vaszontaska-anya-768x614.jpg",768,614,true],"large":["https:\/\/tradevancehub.hu\/egyedit\/wp-content\/uploads\/2024\/10\/3-gyerekes-vaszontaska-anya-1024x819.jpg",1024,819,true],"1536x1536":["https:\/\/tradevancehub.hu\/egyedit\/wp-content\/uploads\/2024\/10\/3-gyerekes-vaszontaska-anya.jpg",1140,912,false],"2048x2048":["https:\/\/tradevancehub.hu\/egyedit\/wp-content\/uploads\/2024\/10\/3-gyerekes-vaszontaska-anya.jpg",1140,912,false],"woocommerce_thumbnail":["https:\/\/tradevancehub.hu\/egyedit\/wp-content\/uploads\/2024\/10\/3-gyerekes-vaszontaska-anya-300x300.jpg",300,300,true],"woocommerce_single":["https:\/\/tradevancehub.hu\/egyedit\/wp-content\/uploads\/2024\/10\/3-gyerekes-vaszontaska-anya-600x480.jpg",600,480,true],"woocommerce_gallery_thumbnail":["https:\/\/tradevancehub.hu\/egyedit\/wp-content\/uploads\/2024\/10\/3-gyerekes-vaszontaska-anya-100x100.jpg",100,100,true]},"uagb_author_info":{"display_name":"","author_link":"https:\/\/tradevancehub.hu\/egyedit\/author\/"},"uagb_comment_info":0,"uagb_excerpt":"Legszebb aj\u00e1nd\u00e9k egy kisgyermek. Fejezd ki \u00f6r\u00f6m\u00f6det a v\u00e1szont\u00e1sk\u00e1don is!","_links":{"self":[{"href":"https:\/\/tradevancehub.hu\/egyedit\/wp-json\/wp\/v2\/product\/7491","targetHints":{"allow":["GET"]}}],"collection":[{"href":"https:\/\/tradevancehub.hu\/egyedit\/wp-json\/wp\/v2\/product"}],"about":[{"href":"https:\/\/tradevancehub.hu\/egyedit\/wp-json\/wp\/v2\/types\/product"}],"replies":[{"embeddable":true,"href":"https:\/\/tradevancehub.hu\/egyedit\/wp-json\/wp\/v2\/comments?post=7491"}],"wp:featuredmedia":[{"embeddable":true,"href":"https:\/\/tradevancehub.hu\/egyedit\/wp-json\/"}],"wp:attachment":[{"href":"https:\/\/tradevancehub.hu\/egyedit\/wp-json\/wp\/v2\/media?parent=7491"}],"wp:term":[{"taxonomy":"product_brand","embeddable":true,"href":"https:\/\/tradevancehub.hu\/egyedit\/wp-json\/wp\/v2\/product_brand?post=7491"},{"taxonomy":"product_cat","embeddable":true,"href":"https:\/\/tradevancehub.hu\/egyedit\/wp-json\/wp\/v2\/product_cat?post=7491"},{"taxonomy":"product_tag","embeddable":true,"href":"https:\/\/tradevancehub.hu\/egyedit\/wp-json\/wp\/v2\/product_tag?post=7491"}],"curies":[{"name":"wp","href":"https:\/\/api.w.org\/{rel}","templated":true}]}}