{"id":7463,"date":"2024-10-01T12:53:28","date_gmt":"2024-10-01T12:53:28","guid":{"rendered":"https:\/\/egyedit.hu\/termekek\/3d-hatasu-oszi-bogre-minta-4\/"},"modified":"2024-10-01T12:53:28","modified_gmt":"2024-10-01T12:53:28","slug":"3d-hatasu-oszi-bogre-minta-4","status":"publish","type":"product","link":"https:\/\/tradevancehub.hu\/egyedit\/termekek\/3d-hatasu-oszi-bogre-minta-4\/","title":{"rendered":"3D hat\u00e1s\u00fa \u0151szi b\u00f6gre (minta 4)"},"content":{"rendered":"<p>A b\u00f6gre m\u00e9retei: \u00e1tm\u00e9r\u0151: 8 cm magass\u00e1g: 8 cm \u0171rtartalma: 3 dl<\/p>\n","protected":false},"excerpt":{"rendered":"<p>Minden \u0151sz \u00e9s halloween im\u00e1d\u00f3nak aj\u00e1nlom ezt a k\u00e1v\u00e9sb\u00f6gr\u00e9t. A nagyon men\u0171 3D puff hat\u00e1s\u00e1val igaz\u00e1n egyedi darab lehet az \u0151szi napokra \u263a<\/p>\n","protected":false},"featured_media":100000033742,"comment_status":"open","ping_status":"closed","template":"","meta":{"_acf_changed":false,"_uag_custom_page_level_css":""},"product_brand":[],"product_cat":[63,195,196,198,224,221,62],"product_tag":[],"class_list":{"0":"post-7463","1":"product","2":"type-product","3":"status-publish","4":"has-post-thumbnail","6":"product_cat-bogre","7":"product_cat-egyedit-technologia","8":"product_cat-egyedit-tema","9":"product_cat-egyedit-termek","10":"product_cat-osz","11":"product_cat-szezonalis","12":"product_cat-szublimacio","13":"sales-flash-overlay","14":"woocommerce-text-align-center","15":"woocommerce-image-align-center","16":"do-quantity-buttons","18":"first","19":"instock","20":"taxable","21":"shipping-taxable","22":"purchasable","23":"product-type-simple"},"acf":[],"yoast_head":"<!-- This site is optimized with the Yoast SEO Premium plugin v23.7 (Yoast SEO v27.4) - https:\/\/yoast.com\/product\/yoast-seo-premium-wordpress\/ -->\n<title>3D hat\u00e1s\u00fa \u0151szi b\u00f6gre (minta 4) - Egyedit<\/title>\n<meta name=\"robots\" content=\"noindex, follow, max-snippet:-1, max-image-preview:large, max-video-preview:-1\" \/>\n<meta property=\"og:locale\" content=\"hu_HU\" \/>\n<meta property=\"og:type\" content=\"article\" \/>\n<meta property=\"og:title\" content=\"3D hat\u00e1s\u00fa \u0151szi b\u00f6gre (minta 4) - Egyedit\" \/>\n<meta property=\"og:description\" content=\"Minden \u0151sz \u00e9s halloween im\u00e1d\u00f3nak aj\u00e1nlom ezt a k\u00e1v\u00e9sb\u00f6gr\u00e9t. A nagyon men\u0171 3D puff hat\u00e1s\u00e1val igaz\u00e1n egyedi darab lehet az \u0151szi napokra \u263a\" \/>\n<meta property=\"og:url\" content=\"https:\/\/tradevancehub.hu\/egyedit\/termekek\/3d-hatasu-oszi-bogre-minta-4\/\" \/>\n<meta property=\"og:site_name\" content=\"Egyedit\" \/>\n<meta name=\"twitter:card\" content=\"summary_large_image\" \/>\n<script type=\"application\/ld+json\" class=\"yoast-schema-graph\">{\"@context\":\"https:\\\/\\\/schema.org\",\"@graph\":[{\"@type\":\"WebPage\",\"@id\":\"https:\\\/\\\/tradevancehub.hu\\\/egyedit\\\/termekek\\\/3d-hatasu-oszi-bogre-minta-4\\\/\",\"url\":\"https:\\\/\\\/tradevancehub.hu\\\/egyedit\\\/termekek\\\/3d-hatasu-oszi-bogre-minta-4\\\/\",\"name\":\"3D hat\u00e1s\u00fa \u0151szi b\u00f6gre (minta 4) - Egyedit\",\"isPartOf\":{\"@id\":\"https:\\\/\\\/tradevancehub.hu\\\/egyedit\\\/#website\"},\"primaryImageOfPage\":{\"@id\":\"https:\\\/\\\/tradevancehub.hu\\\/egyedit\\\/termekek\\\/3d-hatasu-oszi-bogre-minta-4\\\/#primaryimage\"},\"image\":{\"@id\":\"https:\\\/\\\/tradevancehub.hu\\\/egyedit\\\/termekek\\\/3d-hatasu-oszi-bogre-minta-4\\\/#primaryimage\"},\"thumbnailUrl\":\"https:\\\/\\\/tradevancehub.hu\\\/egyedit\\\/wp-content\\\/uploads\\\/2024\\\/10\\\/b4-min.png\",\"datePublished\":\"2024-10-01T12:53:28+00:00\",\"breadcrumb\":{\"@id\":\"https:\\\/\\\/tradevancehub.hu\\\/egyedit\\\/termekek\\\/3d-hatasu-oszi-bogre-minta-4\\\/#breadcrumb\"},\"inLanguage\":\"hu\",\"potentialAction\":[{\"@type\":\"ReadAction\",\"target\":[\"https:\\\/\\\/tradevancehub.hu\\\/egyedit\\\/termekek\\\/3d-hatasu-oszi-bogre-minta-4\\\/\"]}]},{\"@type\":\"ImageObject\",\"inLanguage\":\"hu\",\"@id\":\"https:\\\/\\\/tradevancehub.hu\\\/egyedit\\\/termekek\\\/3d-hatasu-oszi-bogre-minta-4\\\/#primaryimage\",\"url\":\"https:\\\/\\\/tradevancehub.hu\\\/egyedit\\\/wp-content\\\/uploads\\\/2024\\\/10\\\/b4-min.png\",\"contentUrl\":\"https:\\\/\\\/tradevancehub.hu\\\/egyedit\\\/wp-content\\\/uploads\\\/2024\\\/10\\\/b4-min.png\"},{\"@type\":\"BreadcrumbList\",\"@id\":\"https:\\\/\\\/tradevancehub.hu\\\/egyedit\\\/termekek\\\/3d-hatasu-oszi-bogre-minta-4\\\/#breadcrumb\",\"itemListElement\":[{\"@type\":\"ListItem\",\"position\":1,\"name\":\"Shop\",\"item\":\"https:\\\/\\\/tradevancehub.hu\\\/egyedit\\\/shop\\\/\"},{\"@type\":\"ListItem\",\"position\":2,\"name\":\"3D hat\u00e1s\u00fa \u0151szi b\u00f6gre (minta 4)\"}]},{\"@type\":\"WebSite\",\"@id\":\"https:\\\/\\\/tradevancehub.hu\\\/egyedit\\\/#website\",\"url\":\"https:\\\/\\\/tradevancehub.hu\\\/egyedit\\\/\",\"name\":\"Egyedit\",\"description\":\"\",\"publisher\":{\"@id\":\"https:\\\/\\\/tradevancehub.hu\\\/egyedit\\\/#organization\"},\"potentialAction\":[{\"@type\":\"SearchAction\",\"target\":{\"@type\":\"EntryPoint\",\"urlTemplate\":\"https:\\\/\\\/tradevancehub.hu\\\/egyedit\\\/?s={search_term_string}\"},\"query-input\":{\"@type\":\"PropertyValueSpecification\",\"valueRequired\":true,\"valueName\":\"search_term_string\"}}],\"inLanguage\":\"hu\"},{\"@type\":\"Organization\",\"@id\":\"https:\\\/\\\/tradevancehub.hu\\\/egyedit\\\/#organization\",\"name\":\"Egyedit\",\"url\":\"https:\\\/\\\/tradevancehub.hu\\\/egyedit\\\/\",\"logo\":{\"@type\":\"ImageObject\",\"inLanguage\":\"hu\",\"@id\":\"https:\\\/\\\/tradevancehub.hu\\\/egyedit\\\/#\\\/schema\\\/logo\\\/image\\\/\",\"url\":\"https:\\\/\\\/tradevancehub.hu\\\/egyedit\\\/wp-content\\\/uploads\\\/sites\\\/8\\\/2024\\\/03\\\/Group-1.png\",\"contentUrl\":\"https:\\\/\\\/tradevancehub.hu\\\/egyedit\\\/wp-content\\\/uploads\\\/sites\\\/8\\\/2024\\\/03\\\/Group-1.png\",\"width\":313,\"height\":89,\"caption\":\"Egyedit\"},\"image\":{\"@id\":\"https:\\\/\\\/tradevancehub.hu\\\/egyedit\\\/#\\\/schema\\\/logo\\\/image\\\/\"}}]}<\/script>\n<!-- \/ Yoast SEO Premium plugin. -->","yoast_head_json":{"title":"3D hat\u00e1s\u00fa \u0151szi b\u00f6gre (minta 4) - Egyedit","robots":{"index":"noindex","follow":"follow","max-snippet":"max-snippet:-1","max-image-preview":"max-image-preview:large","max-video-preview":"max-video-preview:-1"},"og_locale":"hu_HU","og_type":"article","og_title":"3D hat\u00e1s\u00fa \u0151szi b\u00f6gre (minta 4) - Egyedit","og_description":"Minden \u0151sz \u00e9s halloween im\u00e1d\u00f3nak aj\u00e1nlom ezt a k\u00e1v\u00e9sb\u00f6gr\u00e9t. A nagyon men\u0171 3D puff hat\u00e1s\u00e1val igaz\u00e1n egyedi darab lehet az \u0151szi napokra \u263a","og_url":"https:\/\/tradevancehub.hu\/egyedit\/termekek\/3d-hatasu-oszi-bogre-minta-4\/","og_site_name":"Egyedit","twitter_card":"summary_large_image","schema":{"@context":"https:\/\/schema.org","@graph":[{"@type":"WebPage","@id":"https:\/\/tradevancehub.hu\/egyedit\/termekek\/3d-hatasu-oszi-bogre-minta-4\/","url":"https:\/\/tradevancehub.hu\/egyedit\/termekek\/3d-hatasu-oszi-bogre-minta-4\/","name":"3D hat\u00e1s\u00fa \u0151szi b\u00f6gre (minta 4) - Egyedit","isPartOf":{"@id":"https:\/\/tradevancehub.hu\/egyedit\/#website"},"primaryImageOfPage":{"@id":"https:\/\/tradevancehub.hu\/egyedit\/termekek\/3d-hatasu-oszi-bogre-minta-4\/#primaryimage"},"image":{"@id":"https:\/\/tradevancehub.hu\/egyedit\/termekek\/3d-hatasu-oszi-bogre-minta-4\/#primaryimage"},"thumbnailUrl":"https:\/\/tradevancehub.hu\/egyedit\/wp-content\/uploads\/2024\/10\/b4-min.png","datePublished":"2024-10-01T12:53:28+00:00","breadcrumb":{"@id":"https:\/\/tradevancehub.hu\/egyedit\/termekek\/3d-hatasu-oszi-bogre-minta-4\/#breadcrumb"},"inLanguage":"hu","potentialAction":[{"@type":"ReadAction","target":["https:\/\/tradevancehub.hu\/egyedit\/termekek\/3d-hatasu-oszi-bogre-minta-4\/"]}]},{"@type":"ImageObject","inLanguage":"hu","@id":"https:\/\/tradevancehub.hu\/egyedit\/termekek\/3d-hatasu-oszi-bogre-minta-4\/#primaryimage","url":"https:\/\/tradevancehub.hu\/egyedit\/wp-content\/uploads\/2024\/10\/b4-min.png","contentUrl":"https:\/\/tradevancehub.hu\/egyedit\/wp-content\/uploads\/2024\/10\/b4-min.png"},{"@type":"BreadcrumbList","@id":"https:\/\/tradevancehub.hu\/egyedit\/termekek\/3d-hatasu-oszi-bogre-minta-4\/#breadcrumb","itemListElement":[{"@type":"ListItem","position":1,"name":"Shop","item":"https:\/\/tradevancehub.hu\/egyedit\/shop\/"},{"@type":"ListItem","position":2,"name":"3D hat\u00e1s\u00fa \u0151szi b\u00f6gre (minta 4)"}]},{"@type":"WebSite","@id":"https:\/\/tradevancehub.hu\/egyedit\/#website","url":"https:\/\/tradevancehub.hu\/egyedit\/","name":"Egyedit","description":"","publisher":{"@id":"https:\/\/tradevancehub.hu\/egyedit\/#organization"},"potentialAction":[{"@type":"SearchAction","target":{"@type":"EntryPoint","urlTemplate":"https:\/\/tradevancehub.hu\/egyedit\/?s={search_term_string}"},"query-input":{"@type":"PropertyValueSpecification","valueRequired":true,"valueName":"search_term_string"}}],"inLanguage":"hu"},{"@type":"Organization","@id":"https:\/\/tradevancehub.hu\/egyedit\/#organization","name":"Egyedit","url":"https:\/\/tradevancehub.hu\/egyedit\/","logo":{"@type":"ImageObject","inLanguage":"hu","@id":"https:\/\/tradevancehub.hu\/egyedit\/#\/schema\/logo\/image\/","url":"https:\/\/tradevancehub.hu\/egyedit\/wp-content\/uploads\/sites\/8\/2024\/03\/Group-1.png","contentUrl":"https:\/\/tradevancehub.hu\/egyedit\/wp-content\/uploads\/sites\/8\/2024\/03\/Group-1.png","width":313,"height":89,"caption":"Egyedit"},"image":{"@id":"https:\/\/tradevancehub.hu\/egyedit\/#\/schema\/logo\/image\/"}}]}},"uagb_featured_image_src":{"full":["https:\/\/tradevancehub.hu\/egyedit\/wp-content\/uploads\/2024\/10\/b4-min.png",1140,1000,false],"thumbnail":["https:\/\/tradevancehub.hu\/egyedit\/wp-content\/uploads\/2024\/10\/b4-min-150x150.png",150,150,true],"medium":["https:\/\/tradevancehub.hu\/egyedit\/wp-content\/uploads\/2024\/10\/b4-min-300x263.png",300,263,true],"medium_large":["https:\/\/tradevancehub.hu\/egyedit\/wp-content\/uploads\/2024\/10\/b4-min-768x674.png",768,674,true],"large":["https:\/\/tradevancehub.hu\/egyedit\/wp-content\/uploads\/2024\/10\/b4-min-1024x898.png",1024,898,true],"1536x1536":["https:\/\/tradevancehub.hu\/egyedit\/wp-content\/uploads\/2024\/10\/b4-min.png",1140,1000,false],"2048x2048":["https:\/\/tradevancehub.hu\/egyedit\/wp-content\/uploads\/2024\/10\/b4-min.png",1140,1000,false],"woocommerce_thumbnail":["https:\/\/tradevancehub.hu\/egyedit\/wp-content\/uploads\/2024\/10\/b4-min-300x300.png",300,300,true],"woocommerce_single":["https:\/\/tradevancehub.hu\/egyedit\/wp-content\/uploads\/2024\/10\/b4-min-600x526.png",600,526,true],"woocommerce_gallery_thumbnail":["https:\/\/tradevancehub.hu\/egyedit\/wp-content\/uploads\/2024\/10\/b4-min-100x100.png",100,100,true]},"uagb_author_info":{"display_name":"huiberadam","author_link":"https:\/\/tradevancehub.hu\/egyedit\/author\/"},"uagb_comment_info":0,"uagb_excerpt":"Minden \u0151sz \u00e9s halloween im\u00e1d\u00f3nak aj\u00e1nlom ezt a k\u00e1v\u00e9sb\u00f6gr\u00e9t. A nagyon men\u0171 3D puff hat\u00e1s\u00e1val igaz\u00e1n egyedi darab lehet az \u0151szi napokra \u263a","_links":{"self":[{"href":"https:\/\/tradevancehub.hu\/egyedit\/wp-json\/wp\/v2\/product\/7463","targetHints":{"allow":["GET"]}}],"collection":[{"href":"https:\/\/tradevancehub.hu\/egyedit\/wp-json\/wp\/v2\/product"}],"about":[{"href":"https:\/\/tradevancehub.hu\/egyedit\/wp-json\/wp\/v2\/types\/product"}],"replies":[{"embeddable":true,"href":"https:\/\/tradevancehub.hu\/egyedit\/wp-json\/wp\/v2\/comments?post=7463"}],"wp:featuredmedia":[{"embeddable":true,"href":"https:\/\/tradevancehub.hu\/egyedit\/wp-json\/"}],"wp:attachment":[{"href":"https:\/\/tradevancehub.hu\/egyedit\/wp-json\/wp\/v2\/media?parent=7463"}],"wp:term":[{"taxonomy":"product_brand","embeddable":true,"href":"https:\/\/tradevancehub.hu\/egyedit\/wp-json\/wp\/v2\/product_brand?post=7463"},{"taxonomy":"product_cat","embeddable":true,"href":"https:\/\/tradevancehub.hu\/egyedit\/wp-json\/wp\/v2\/product_cat?post=7463"},{"taxonomy":"product_tag","embeddable":true,"href":"https:\/\/tradevancehub.hu\/egyedit\/wp-json\/wp\/v2\/product_tag?post=7463"}],"curies":[{"name":"wp","href":"https:\/\/api.w.org\/{rel}","templated":true}]}}