{"id":7423,"date":"2024-09-17T09:43:21","date_gmt":"2024-09-17T09:43:21","guid":{"rendered":"https:\/\/egyedit.hu\/termekek\/2-gyerekes-bogre\/"},"modified":"2024-10-02T11:16:44","modified_gmt":"2024-10-02T11:16:44","slug":"2-gyerekes-bogre","status":"publish","type":"product","link":"https:\/\/tradevancehub.hu\/egyedit\/termekek\/2-gyerekes-bogre\/","title":{"rendered":"2 gyerekes b\u00f6gre"},"content":{"rendered":"<p>Legszebb aj\u00e1nd\u00e9k egy kisgyermek. Fejezd ki \u00f6r\u00f6m\u00f6det a b\u00f6gr\u00e9den is!<\/p>\n<p><strong>Term\u00e9kek jellemz\u0151i:<\/strong><\/p>\n<ul>\n<li>\u2013 \u0170rtartalom: 3 dl<\/li>\n<li>\u2013 Anyag: Ker\u00e1mia<\/li>\n<li>\u2013 Min\u0151s\u00e9g: Pr\u00e9mium<\/li>\n<\/ul>\n<p><strong>Pr\u00e9mium min\u0151s\u00e9g\u0171 egyedi b\u00f6gr\u00e9ink t\u00f6k\u00e9letesen alkalmasak a mindennapi, tart\u00f3s haszn\u00e1latra!<\/strong><\/p>\n<ul>\n<li>\u2013 Mikrohull\u00e1m\u00fa s\u00fct\u0151ben haszn\u00e1lhat\u00f3<\/li>\n<li>\u2013 Mosogat\u00f3g\u00e9pben moshat\u00f3<\/li>\n<\/ul>\n","protected":false},"excerpt":{"rendered":"<p>Legszebb aj\u00e1nd\u00e9k egy kisgyermek. Fejezd ki \u00f6r\u00f6m\u00f6det a b\u00f6gr\u00e9den is! Term\u00e9kek jellemz\u0151i: \u2013 \u0170rtartalom: 3 dl \u2013 Anyag: Ker\u00e1mia \u2013 Min\u0151s\u00e9g: Pr\u00e9mium Pr\u00e9mium min\u0151s\u00e9g\u0171 egyedi b\u00f6gr\u00e9ink t\u00f6k\u00e9letesen alkalmasak a mindennapi, tart\u00f3s haszn\u00e1latra! \u2013 Mikrohull\u00e1m\u00fa s\u00fct\u0151ben haszn\u00e1lhat\u00f3 \u2013 Mosogat\u00f3g\u00e9pben moshat\u00f3<\/p>\n","protected":false},"featured_media":100000033665,"comment_status":"open","ping_status":"closed","template":"","meta":{"_acf_changed":false,"_uag_custom_page_level_css":""},"product_brand":[],"product_cat":[190,240,63,188,195,196,198,62,207],"product_tag":[],"class_list":{"0":"post-7423","1":"product","2":"type-product","3":"status-publish","4":"has-post-thumbnail","6":"product_cat-anyak-napja","7":"product_cat-anyak-napja-unnepi","8":"product_cat-bogre","9":"product_cat-egyedi","10":"product_cat-egyedit-technologia","11":"product_cat-egyedit-tema","12":"product_cat-egyedit-termek","13":"product_cat-szublimacio","14":"product_cat-unnepi","15":"sales-flash-overlay","16":"woocommerce-text-align-center","17":"woocommerce-image-align-center","18":"do-quantity-buttons","20":"first","21":"instock","22":"taxable","23":"shipping-taxable","24":"purchasable","25":"product-type-variable"},"acf":[],"yoast_head":"<!-- This site is optimized with the Yoast SEO Premium plugin v23.7 (Yoast SEO v27.5) - https:\/\/yoast.com\/product\/yoast-seo-premium-wordpress\/ -->\n<title>2 gyerekes b\u00f6gre - Egyedit<\/title>\n<meta name=\"robots\" content=\"noindex, follow, max-snippet:-1, max-image-preview:large, max-video-preview:-1\" \/>\n<meta property=\"og:locale\" content=\"hu_HU\" \/>\n<meta property=\"og:type\" content=\"article\" \/>\n<meta property=\"og:title\" content=\"2 gyerekes b\u00f6gre - Egyedit\" \/>\n<meta property=\"og:description\" content=\"Legszebb aj\u00e1nd\u00e9k egy kisgyermek. Fejezd ki \u00f6r\u00f6m\u00f6det a b\u00f6gr\u00e9den is! Term\u00e9kek jellemz\u0151i: \u2013 \u0170rtartalom: 3 dl \u2013 Anyag: Ker\u00e1mia \u2013 Min\u0151s\u00e9g: Pr\u00e9mium Pr\u00e9mium min\u0151s\u00e9g\u0171 egyedi b\u00f6gr\u00e9ink t\u00f6k\u00e9letesen alkalmasak a mindennapi, tart\u00f3s haszn\u00e1latra! \u2013 Mikrohull\u00e1m\u00fa s\u00fct\u0151ben haszn\u00e1lhat\u00f3 \u2013 Mosogat\u00f3g\u00e9pben moshat\u00f3\" \/>\n<meta property=\"og:url\" content=\"https:\/\/tradevancehub.hu\/egyedit\/termekek\/2-gyerekes-bogre\/\" \/>\n<meta property=\"og:site_name\" content=\"Egyedit\" \/>\n<meta property=\"article:modified_time\" content=\"2024-10-02T11:16:44+00:00\" \/>\n<meta name=\"twitter:card\" content=\"summary_large_image\" \/>\n<meta name=\"twitter:label1\" content=\"Becs\u00fclt olvas\u00e1si id\u0151\" \/>\n\t<meta name=\"twitter:data1\" content=\"1 perc\" \/>\n<script type=\"application\/ld+json\" class=\"yoast-schema-graph\">{\"@context\":\"https:\\\/\\\/schema.org\",\"@graph\":[{\"@type\":\"WebPage\",\"@id\":\"https:\\\/\\\/tradevancehub.hu\\\/egyedit\\\/termekek\\\/2-gyerekes-bogre\\\/\",\"url\":\"https:\\\/\\\/tradevancehub.hu\\\/egyedit\\\/termekek\\\/2-gyerekes-bogre\\\/\",\"name\":\"2 gyerekes b\u00f6gre - Egyedit\",\"isPartOf\":{\"@id\":\"https:\\\/\\\/tradevancehub.hu\\\/egyedit\\\/#website\"},\"primaryImageOfPage\":{\"@id\":\"https:\\\/\\\/tradevancehub.hu\\\/egyedit\\\/termekek\\\/2-gyerekes-bogre\\\/#primaryimage\"},\"image\":{\"@id\":\"https:\\\/\\\/tradevancehub.hu\\\/egyedit\\\/termekek\\\/2-gyerekes-bogre\\\/#primaryimage\"},\"thumbnailUrl\":\"https:\\\/\\\/tradevancehub.hu\\\/egyedit\\\/wp-content\\\/uploads\\\/2024\\\/09\\\/338419742_4382590705299815_4733655312438434311_n.jpg\",\"datePublished\":\"2024-09-17T09:43:21+00:00\",\"dateModified\":\"2024-10-02T11:16:44+00:00\",\"breadcrumb\":{\"@id\":\"https:\\\/\\\/tradevancehub.hu\\\/egyedit\\\/termekek\\\/2-gyerekes-bogre\\\/#breadcrumb\"},\"inLanguage\":\"hu\",\"potentialAction\":[{\"@type\":\"ReadAction\",\"target\":[\"https:\\\/\\\/tradevancehub.hu\\\/egyedit\\\/termekek\\\/2-gyerekes-bogre\\\/\"]}]},{\"@type\":\"ImageObject\",\"inLanguage\":\"hu\",\"@id\":\"https:\\\/\\\/tradevancehub.hu\\\/egyedit\\\/termekek\\\/2-gyerekes-bogre\\\/#primaryimage\",\"url\":\"https:\\\/\\\/tradevancehub.hu\\\/egyedit\\\/wp-content\\\/uploads\\\/2024\\\/09\\\/338419742_4382590705299815_4733655312438434311_n.jpg\",\"contentUrl\":\"https:\\\/\\\/tradevancehub.hu\\\/egyedit\\\/wp-content\\\/uploads\\\/2024\\\/09\\\/338419742_4382590705299815_4733655312438434311_n.jpg\"},{\"@type\":\"BreadcrumbList\",\"@id\":\"https:\\\/\\\/tradevancehub.hu\\\/egyedit\\\/termekek\\\/2-gyerekes-bogre\\\/#breadcrumb\",\"itemListElement\":[{\"@type\":\"ListItem\",\"position\":1,\"name\":\"Shop\",\"item\":\"https:\\\/\\\/tradevancehub.hu\\\/egyedit\\\/shop\\\/\"},{\"@type\":\"ListItem\",\"position\":2,\"name\":\"2 gyerekes b\u00f6gre\"}]},{\"@type\":\"WebSite\",\"@id\":\"https:\\\/\\\/tradevancehub.hu\\\/egyedit\\\/#website\",\"url\":\"https:\\\/\\\/tradevancehub.hu\\\/egyedit\\\/\",\"name\":\"Egyedit\",\"description\":\"\",\"publisher\":{\"@id\":\"https:\\\/\\\/tradevancehub.hu\\\/egyedit\\\/#organization\"},\"potentialAction\":[{\"@type\":\"SearchAction\",\"target\":{\"@type\":\"EntryPoint\",\"urlTemplate\":\"https:\\\/\\\/tradevancehub.hu\\\/egyedit\\\/?s={search_term_string}\"},\"query-input\":{\"@type\":\"PropertyValueSpecification\",\"valueRequired\":true,\"valueName\":\"search_term_string\"}}],\"inLanguage\":\"hu\"},{\"@type\":\"Organization\",\"@id\":\"https:\\\/\\\/tradevancehub.hu\\\/egyedit\\\/#organization\",\"name\":\"Egyedit\",\"url\":\"https:\\\/\\\/tradevancehub.hu\\\/egyedit\\\/\",\"logo\":{\"@type\":\"ImageObject\",\"inLanguage\":\"hu\",\"@id\":\"https:\\\/\\\/tradevancehub.hu\\\/egyedit\\\/#\\\/schema\\\/logo\\\/image\\\/\",\"url\":\"https:\\\/\\\/tradevancehub.hu\\\/egyedit\\\/wp-content\\\/uploads\\\/sites\\\/8\\\/2024\\\/03\\\/Group-1.png\",\"contentUrl\":\"https:\\\/\\\/tradevancehub.hu\\\/egyedit\\\/wp-content\\\/uploads\\\/sites\\\/8\\\/2024\\\/03\\\/Group-1.png\",\"width\":313,\"height\":89,\"caption\":\"Egyedit\"},\"image\":{\"@id\":\"https:\\\/\\\/tradevancehub.hu\\\/egyedit\\\/#\\\/schema\\\/logo\\\/image\\\/\"}}]}<\/script>\n<!-- \/ Yoast SEO Premium plugin. -->","yoast_head_json":{"title":"2 gyerekes b\u00f6gre - Egyedit","robots":{"index":"noindex","follow":"follow","max-snippet":"max-snippet:-1","max-image-preview":"max-image-preview:large","max-video-preview":"max-video-preview:-1"},"og_locale":"hu_HU","og_type":"article","og_title":"2 gyerekes b\u00f6gre - Egyedit","og_description":"Legszebb aj\u00e1nd\u00e9k egy kisgyermek. Fejezd ki \u00f6r\u00f6m\u00f6det a b\u00f6gr\u00e9den is! Term\u00e9kek jellemz\u0151i: \u2013 \u0170rtartalom: 3 dl \u2013 Anyag: Ker\u00e1mia \u2013 Min\u0151s\u00e9g: Pr\u00e9mium Pr\u00e9mium min\u0151s\u00e9g\u0171 egyedi b\u00f6gr\u00e9ink t\u00f6k\u00e9letesen alkalmasak a mindennapi, tart\u00f3s haszn\u00e1latra! \u2013 Mikrohull\u00e1m\u00fa s\u00fct\u0151ben haszn\u00e1lhat\u00f3 \u2013 Mosogat\u00f3g\u00e9pben moshat\u00f3","og_url":"https:\/\/tradevancehub.hu\/egyedit\/termekek\/2-gyerekes-bogre\/","og_site_name":"Egyedit","article_modified_time":"2024-10-02T11:16:44+00:00","twitter_card":"summary_large_image","twitter_misc":{"Becs\u00fclt olvas\u00e1si id\u0151":"1 perc"},"schema":{"@context":"https:\/\/schema.org","@graph":[{"@type":"WebPage","@id":"https:\/\/tradevancehub.hu\/egyedit\/termekek\/2-gyerekes-bogre\/","url":"https:\/\/tradevancehub.hu\/egyedit\/termekek\/2-gyerekes-bogre\/","name":"2 gyerekes b\u00f6gre - Egyedit","isPartOf":{"@id":"https:\/\/tradevancehub.hu\/egyedit\/#website"},"primaryImageOfPage":{"@id":"https:\/\/tradevancehub.hu\/egyedit\/termekek\/2-gyerekes-bogre\/#primaryimage"},"image":{"@id":"https:\/\/tradevancehub.hu\/egyedit\/termekek\/2-gyerekes-bogre\/#primaryimage"},"thumbnailUrl":"https:\/\/tradevancehub.hu\/egyedit\/wp-content\/uploads\/2024\/09\/338419742_4382590705299815_4733655312438434311_n.jpg","datePublished":"2024-09-17T09:43:21+00:00","dateModified":"2024-10-02T11:16:44+00:00","breadcrumb":{"@id":"https:\/\/tradevancehub.hu\/egyedit\/termekek\/2-gyerekes-bogre\/#breadcrumb"},"inLanguage":"hu","potentialAction":[{"@type":"ReadAction","target":["https:\/\/tradevancehub.hu\/egyedit\/termekek\/2-gyerekes-bogre\/"]}]},{"@type":"ImageObject","inLanguage":"hu","@id":"https:\/\/tradevancehub.hu\/egyedit\/termekek\/2-gyerekes-bogre\/#primaryimage","url":"https:\/\/tradevancehub.hu\/egyedit\/wp-content\/uploads\/2024\/09\/338419742_4382590705299815_4733655312438434311_n.jpg","contentUrl":"https:\/\/tradevancehub.hu\/egyedit\/wp-content\/uploads\/2024\/09\/338419742_4382590705299815_4733655312438434311_n.jpg"},{"@type":"BreadcrumbList","@id":"https:\/\/tradevancehub.hu\/egyedit\/termekek\/2-gyerekes-bogre\/#breadcrumb","itemListElement":[{"@type":"ListItem","position":1,"name":"Shop","item":"https:\/\/tradevancehub.hu\/egyedit\/shop\/"},{"@type":"ListItem","position":2,"name":"2 gyerekes b\u00f6gre"}]},{"@type":"WebSite","@id":"https:\/\/tradevancehub.hu\/egyedit\/#website","url":"https:\/\/tradevancehub.hu\/egyedit\/","name":"Egyedit","description":"","publisher":{"@id":"https:\/\/tradevancehub.hu\/egyedit\/#organization"},"potentialAction":[{"@type":"SearchAction","target":{"@type":"EntryPoint","urlTemplate":"https:\/\/tradevancehub.hu\/egyedit\/?s={search_term_string}"},"query-input":{"@type":"PropertyValueSpecification","valueRequired":true,"valueName":"search_term_string"}}],"inLanguage":"hu"},{"@type":"Organization","@id":"https:\/\/tradevancehub.hu\/egyedit\/#organization","name":"Egyedit","url":"https:\/\/tradevancehub.hu\/egyedit\/","logo":{"@type":"ImageObject","inLanguage":"hu","@id":"https:\/\/tradevancehub.hu\/egyedit\/#\/schema\/logo\/image\/","url":"https:\/\/tradevancehub.hu\/egyedit\/wp-content\/uploads\/sites\/8\/2024\/03\/Group-1.png","contentUrl":"https:\/\/tradevancehub.hu\/egyedit\/wp-content\/uploads\/sites\/8\/2024\/03\/Group-1.png","width":313,"height":89,"caption":"Egyedit"},"image":{"@id":"https:\/\/tradevancehub.hu\/egyedit\/#\/schema\/logo\/image\/"}}]}},"uagb_featured_image_src":{"full":["https:\/\/tradevancehub.hu\/egyedit\/wp-content\/uploads\/2024\/09\/338419742_4382590705299815_4733655312438434311_n.jpg",1140,912,false],"thumbnail":["https:\/\/tradevancehub.hu\/egyedit\/wp-content\/uploads\/2024\/09\/338419742_4382590705299815_4733655312438434311_n-150x150.jpg",150,150,true],"medium":["https:\/\/tradevancehub.hu\/egyedit\/wp-content\/uploads\/2024\/09\/338419742_4382590705299815_4733655312438434311_n-300x240.jpg",300,240,true],"medium_large":["https:\/\/tradevancehub.hu\/egyedit\/wp-content\/uploads\/2024\/09\/338419742_4382590705299815_4733655312438434311_n-768x614.jpg",768,614,true],"large":["https:\/\/tradevancehub.hu\/egyedit\/wp-content\/uploads\/2024\/09\/338419742_4382590705299815_4733655312438434311_n-1024x819.jpg",1024,819,true],"1536x1536":["https:\/\/tradevancehub.hu\/egyedit\/wp-content\/uploads\/2024\/09\/338419742_4382590705299815_4733655312438434311_n.jpg",1140,912,false],"2048x2048":["https:\/\/tradevancehub.hu\/egyedit\/wp-content\/uploads\/2024\/09\/338419742_4382590705299815_4733655312438434311_n.jpg",1140,912,false],"woocommerce_thumbnail":["https:\/\/tradevancehub.hu\/egyedit\/wp-content\/uploads\/2024\/09\/338419742_4382590705299815_4733655312438434311_n-300x300.jpg",300,300,true],"woocommerce_single":["https:\/\/tradevancehub.hu\/egyedit\/wp-content\/uploads\/2024\/09\/338419742_4382590705299815_4733655312438434311_n-600x480.jpg",600,480,true],"woocommerce_gallery_thumbnail":["https:\/\/tradevancehub.hu\/egyedit\/wp-content\/uploads\/2024\/09\/338419742_4382590705299815_4733655312438434311_n-100x100.jpg",100,100,true]},"uagb_author_info":{"display_name":"huiberadam","author_link":"https:\/\/tradevancehub.hu\/egyedit\/author\/"},"uagb_comment_info":0,"uagb_excerpt":"Legszebb aj\u00e1nd\u00e9k egy kisgyermek. Fejezd ki \u00f6r\u00f6m\u00f6det a b\u00f6gr\u00e9den is! Term\u00e9kek jellemz\u0151i: \u2013 \u0170rtartalom: 3 dl \u2013 Anyag: Ker\u00e1mia \u2013 Min\u0151s\u00e9g: Pr\u00e9mium Pr\u00e9mium min\u0151s\u00e9g\u0171 egyedi b\u00f6gr\u00e9ink t\u00f6k\u00e9letesen alkalmasak a mindennapi, tart\u00f3s haszn\u00e1latra! \u2013 Mikrohull\u00e1m\u00fa s\u00fct\u0151ben haszn\u00e1lhat\u00f3 \u2013 Mosogat\u00f3g\u00e9pben moshat\u00f3","_links":{"self":[{"href":"https:\/\/tradevancehub.hu\/egyedit\/wp-json\/wp\/v2\/product\/7423","targetHints":{"allow":["GET"]}}],"collection":[{"href":"https:\/\/tradevancehub.hu\/egyedit\/wp-json\/wp\/v2\/product"}],"about":[{"href":"https:\/\/tradevancehub.hu\/egyedit\/wp-json\/wp\/v2\/types\/product"}],"replies":[{"embeddable":true,"href":"https:\/\/tradevancehub.hu\/egyedit\/wp-json\/wp\/v2\/comments?post=7423"}],"wp:featuredmedia":[{"embeddable":true,"href":"https:\/\/tradevancehub.hu\/egyedit\/wp-json\/"}],"wp:attachment":[{"href":"https:\/\/tradevancehub.hu\/egyedit\/wp-json\/wp\/v2\/media?parent=7423"}],"wp:term":[{"taxonomy":"product_brand","embeddable":true,"href":"https:\/\/tradevancehub.hu\/egyedit\/wp-json\/wp\/v2\/product_brand?post=7423"},{"taxonomy":"product_cat","embeddable":true,"href":"https:\/\/tradevancehub.hu\/egyedit\/wp-json\/wp\/v2\/product_cat?post=7423"},{"taxonomy":"product_tag","embeddable":true,"href":"https:\/\/tradevancehub.hu\/egyedit\/wp-json\/wp\/v2\/product_tag?post=7423"}],"curies":[{"name":"wp","href":"https:\/\/api.w.org\/{rel}","templated":true}]}}