{"id":7345,"date":"2023-10-05T18:54:19","date_gmt":"2023-10-05T18:54:19","guid":{"rendered":"https:\/\/egyedit.hu\/product\/romai-szamos-paros-pulover\/"},"modified":"2024-10-10T06:44:53","modified_gmt":"2024-10-10T06:44:53","slug":"romai-szamos-paros-pulover","status":"publish","type":"product","link":"https:\/\/tradevancehub.hu\/egyedit\/termekek\/romai-szamos-paros-pulover\/","title":{"rendered":"R\u00f3mai Sz\u00e1mos P\u00e1ros Pul\u00f3ver"},"content":{"rendered":"<p>Legyen egy igaz\u00e1n men\u0151 p\u00e1ros pulcsitok, a saj\u00e1t d\u00e1tumotokkal \u00e9s kezd\u0151bet\u0171t\u00f6kkel!<\/p>\n<p>A rendel\u00e9s <strong>Megjegyz\u00e9s<\/strong> rovat\u00e1ban k\u00e9rj\u00fck felt\u00fcntetni a d\u00e1tumot \u00e9s a kezd\u0151bet\u0171ket, illetve az esetleges egyedi k\u00e9r\u00e9st.<\/p>\n","protected":false},"excerpt":{"rendered":"<p><strong>Legyen egy igaz\u00e1n men\u0151 p\u00e1ros pulcsitok, a saj\u00e1t d\u00e1tumotokkal \u00e9s kezd\u0151bet\u0171t\u00f6kkel!<\/strong><\/p>\n","protected":false},"featured_media":100000033521,"comment_status":"closed","ping_status":"closed","template":"","meta":{"_acf_changed":false,"_uag_custom_page_level_css":""},"product_brand":[],"product_cat":[195,196,198,57,209,58,51,48,226,39,50,221,232],"product_tag":[],"class_list":{"0":"post-7345","1":"product","2":"type-product","3":"status-publish","4":"has-post-thumbnail","6":"product_cat-egyedit-technologia","7":"product_cat-egyedit-tema","8":"product_cat-egyedit-termek","9":"product_cat-himzes","10":"product_cat-himzes-egyedit-technologia","11":"product_cat-paroknak","12":"product_cat-paros-puloverek","13":"product_cat-pulcsik","14":"product_cat-pulover","15":"product_cat-puloverek","16":"product_cat-romai-szamos-termekek","17":"product_cat-szezonalis","18":"product_cat-tel","19":"pa_ferfi-meret-l","20":"pa_ferfi-meret-m","21":"pa_ferfi-meret-s","22":"pa_ferfi-meret-xl","23":"pa_ferfi-meret-xxl","24":"pa_ferfi-szin-barna","25":"pa_ferfi-szin-bordo","26":"pa_ferfi-szin-carolina-kek","27":"pa_ferfi-szin-feher","28":"pa_ferfi-szin-fekete","29":"pa_ferfi-szin-indigo-kek","30":"pa_ferfi-szin-khaki","31":"pa_ferfi-szin-light-kek","32":"pa_ferfi-szin-lila","33":"pa_ferfi-szin-narancssarga","34":"pa_ferfi-szin-pink","35":"pa_ferfi-szin-piros","36":"pa_ferfi-szin-royal-kek","37":"pa_ferfi-szin-rozsaszin","38":"pa_ferfi-szin-sarga","39":"pa_ferfi-szin-szurke","40":"pa_ferfi-szin-vilagos-piros","41":"pa_ferfi-szin-vilagos-rozsaszin","42":"pa_ferfi-szin-vilagos-szurke","43":"pa_ferfi-szin-zafir-kek","44":"pa_noi-meret-l","45":"pa_noi-meret-m","46":"pa_noi-meret-s","47":"pa_noi-meret-xl","48":"pa_noi-meret-xxl","49":"pa_noi-szin-barna","50":"pa_noi-szin-bordo","51":"pa_noi-szin-feher","52":"pa_noi-szin-fekete","53":"pa_noi-szin-indigo-kek","54":"pa_noi-szin-khaki","55":"pa_noi-szin-light-kek","56":"pa_noi-szin-lila","57":"pa_noi-szin-narancssarga","58":"pa_noi-szin-pink","59":"pa_noi-szin-piros","60":"pa_noi-szin-royal-kek","61":"pa_noi-szin-rozsaszin","62":"pa_noi-szin-sarga","63":"pa_noi-szin-szurke","64":"pa_noi-szin-vilagos-kek","65":"pa_noi-szin-vilagos-piros","66":"pa_noi-szin-vilagos-rozsaszin","67":"pa_noi-szin-vilagos-szurke","68":"pa_noi-szin-zafir-kek","69":"sales-flash-overlay","70":"woocommerce-text-align-center","71":"woocommerce-image-align-center","72":"do-quantity-buttons","73":"wc-has-gallery","75":"first","76":"instock","77":"taxable","78":"shipping-taxable","79":"purchasable","80":"product-type-simple"},"acf":[],"yoast_head":"<!-- This site is optimized with the Yoast SEO Premium plugin v23.7 (Yoast SEO v27.4) - https:\/\/yoast.com\/product\/yoast-seo-premium-wordpress\/ -->\n<title>R\u00f3mai Sz\u00e1mos P\u00e1ros Pul\u00f3ver - Egyedit<\/title>\n<meta name=\"robots\" content=\"noindex, follow, max-snippet:-1, max-image-preview:large, max-video-preview:-1\" \/>\n<meta property=\"og:locale\" content=\"hu_HU\" \/>\n<meta property=\"og:type\" content=\"article\" \/>\n<meta property=\"og:title\" content=\"R\u00f3mai Sz\u00e1mos P\u00e1ros Pul\u00f3ver - Egyedit\" \/>\n<meta property=\"og:description\" content=\"Legyen egy igaz\u00e1n men\u0151 p\u00e1ros pulcsitok, a saj\u00e1t d\u00e1tumotokkal \u00e9s kezd\u0151bet\u0171t\u00f6kkel!\" \/>\n<meta property=\"og:url\" content=\"https:\/\/tradevancehub.hu\/egyedit\/termekek\/romai-szamos-paros-pulover\/\" \/>\n<meta property=\"og:site_name\" content=\"Egyedit\" \/>\n<meta property=\"article:modified_time\" content=\"2024-10-10T06:44:53+00:00\" \/>\n<meta name=\"twitter:card\" content=\"summary_large_image\" \/>\n<meta name=\"twitter:label1\" content=\"Becs\u00fclt olvas\u00e1si id\u0151\" \/>\n\t<meta name=\"twitter:data1\" content=\"2 perc\" \/>\n<script type=\"application\/ld+json\" class=\"yoast-schema-graph\">{\"@context\":\"https:\\\/\\\/schema.org\",\"@graph\":[{\"@type\":\"WebPage\",\"@id\":\"https:\\\/\\\/tradevancehub.hu\\\/egyedit\\\/termekek\\\/romai-szamos-paros-pulover\\\/\",\"url\":\"https:\\\/\\\/tradevancehub.hu\\\/egyedit\\\/termekek\\\/romai-szamos-paros-pulover\\\/\",\"name\":\"R\u00f3mai Sz\u00e1mos P\u00e1ros Pul\u00f3ver - Egyedit\",\"isPartOf\":{\"@id\":\"https:\\\/\\\/tradevancehub.hu\\\/egyedit\\\/#website\"},\"primaryImageOfPage\":{\"@id\":\"https:\\\/\\\/tradevancehub.hu\\\/egyedit\\\/termekek\\\/romai-szamos-paros-pulover\\\/#primaryimage\"},\"image\":{\"@id\":\"https:\\\/\\\/tradevancehub.hu\\\/egyedit\\\/termekek\\\/romai-szamos-paros-pulover\\\/#primaryimage\"},\"thumbnailUrl\":\"https:\\\/\\\/tradevancehub.hu\\\/egyedit\\\/wp-content\\\/uploads\\\/2023\\\/10\\\/46A2BF17-4AA6-4BCF-A984-BD3E19B753F8-1-1.webp\",\"datePublished\":\"2023-10-05T18:54:19+00:00\",\"dateModified\":\"2024-10-10T06:44:53+00:00\",\"breadcrumb\":{\"@id\":\"https:\\\/\\\/tradevancehub.hu\\\/egyedit\\\/termekek\\\/romai-szamos-paros-pulover\\\/#breadcrumb\"},\"inLanguage\":\"hu\",\"potentialAction\":[{\"@type\":\"ReadAction\",\"target\":[\"https:\\\/\\\/tradevancehub.hu\\\/egyedit\\\/termekek\\\/romai-szamos-paros-pulover\\\/\"]}]},{\"@type\":\"ImageObject\",\"inLanguage\":\"hu\",\"@id\":\"https:\\\/\\\/tradevancehub.hu\\\/egyedit\\\/termekek\\\/romai-szamos-paros-pulover\\\/#primaryimage\",\"url\":\"https:\\\/\\\/tradevancehub.hu\\\/egyedit\\\/wp-content\\\/uploads\\\/2023\\\/10\\\/46A2BF17-4AA6-4BCF-A984-BD3E19B753F8-1-1.webp\",\"contentUrl\":\"https:\\\/\\\/tradevancehub.hu\\\/egyedit\\\/wp-content\\\/uploads\\\/2023\\\/10\\\/46A2BF17-4AA6-4BCF-A984-BD3E19B753F8-1-1.webp\"},{\"@type\":\"BreadcrumbList\",\"@id\":\"https:\\\/\\\/tradevancehub.hu\\\/egyedit\\\/termekek\\\/romai-szamos-paros-pulover\\\/#breadcrumb\",\"itemListElement\":[{\"@type\":\"ListItem\",\"position\":1,\"name\":\"Shop\",\"item\":\"https:\\\/\\\/tradevancehub.hu\\\/egyedit\\\/shop\\\/\"},{\"@type\":\"ListItem\",\"position\":2,\"name\":\"R\u00f3mai Sz\u00e1mos P\u00e1ros Pul\u00f3ver\"}]},{\"@type\":\"WebSite\",\"@id\":\"https:\\\/\\\/tradevancehub.hu\\\/egyedit\\\/#website\",\"url\":\"https:\\\/\\\/tradevancehub.hu\\\/egyedit\\\/\",\"name\":\"Egyedit\",\"description\":\"\",\"publisher\":{\"@id\":\"https:\\\/\\\/tradevancehub.hu\\\/egyedit\\\/#organization\"},\"potentialAction\":[{\"@type\":\"SearchAction\",\"target\":{\"@type\":\"EntryPoint\",\"urlTemplate\":\"https:\\\/\\\/tradevancehub.hu\\\/egyedit\\\/?s={search_term_string}\"},\"query-input\":{\"@type\":\"PropertyValueSpecification\",\"valueRequired\":true,\"valueName\":\"search_term_string\"}}],\"inLanguage\":\"hu\"},{\"@type\":\"Organization\",\"@id\":\"https:\\\/\\\/tradevancehub.hu\\\/egyedit\\\/#organization\",\"name\":\"Egyedit\",\"url\":\"https:\\\/\\\/tradevancehub.hu\\\/egyedit\\\/\",\"logo\":{\"@type\":\"ImageObject\",\"inLanguage\":\"hu\",\"@id\":\"https:\\\/\\\/tradevancehub.hu\\\/egyedit\\\/#\\\/schema\\\/logo\\\/image\\\/\",\"url\":\"https:\\\/\\\/tradevancehub.hu\\\/egyedit\\\/wp-content\\\/uploads\\\/sites\\\/8\\\/2024\\\/03\\\/Group-1.png\",\"contentUrl\":\"https:\\\/\\\/tradevancehub.hu\\\/egyedit\\\/wp-content\\\/uploads\\\/sites\\\/8\\\/2024\\\/03\\\/Group-1.png\",\"width\":313,\"height\":89,\"caption\":\"Egyedit\"},\"image\":{\"@id\":\"https:\\\/\\\/tradevancehub.hu\\\/egyedit\\\/#\\\/schema\\\/logo\\\/image\\\/\"}}]}<\/script>\n<!-- \/ Yoast SEO Premium plugin. -->","yoast_head_json":{"title":"R\u00f3mai Sz\u00e1mos P\u00e1ros Pul\u00f3ver - Egyedit","robots":{"index":"noindex","follow":"follow","max-snippet":"max-snippet:-1","max-image-preview":"max-image-preview:large","max-video-preview":"max-video-preview:-1"},"og_locale":"hu_HU","og_type":"article","og_title":"R\u00f3mai Sz\u00e1mos P\u00e1ros Pul\u00f3ver - Egyedit","og_description":"Legyen egy igaz\u00e1n men\u0151 p\u00e1ros pulcsitok, a saj\u00e1t d\u00e1tumotokkal \u00e9s kezd\u0151bet\u0171t\u00f6kkel!","og_url":"https:\/\/tradevancehub.hu\/egyedit\/termekek\/romai-szamos-paros-pulover\/","og_site_name":"Egyedit","article_modified_time":"2024-10-10T06:44:53+00:00","twitter_card":"summary_large_image","twitter_misc":{"Becs\u00fclt olvas\u00e1si id\u0151":"2 perc"},"schema":{"@context":"https:\/\/schema.org","@graph":[{"@type":"WebPage","@id":"https:\/\/tradevancehub.hu\/egyedit\/termekek\/romai-szamos-paros-pulover\/","url":"https:\/\/tradevancehub.hu\/egyedit\/termekek\/romai-szamos-paros-pulover\/","name":"R\u00f3mai Sz\u00e1mos P\u00e1ros Pul\u00f3ver - Egyedit","isPartOf":{"@id":"https:\/\/tradevancehub.hu\/egyedit\/#website"},"primaryImageOfPage":{"@id":"https:\/\/tradevancehub.hu\/egyedit\/termekek\/romai-szamos-paros-pulover\/#primaryimage"},"image":{"@id":"https:\/\/tradevancehub.hu\/egyedit\/termekek\/romai-szamos-paros-pulover\/#primaryimage"},"thumbnailUrl":"https:\/\/tradevancehub.hu\/egyedit\/wp-content\/uploads\/2023\/10\/46A2BF17-4AA6-4BCF-A984-BD3E19B753F8-1-1.webp","datePublished":"2023-10-05T18:54:19+00:00","dateModified":"2024-10-10T06:44:53+00:00","breadcrumb":{"@id":"https:\/\/tradevancehub.hu\/egyedit\/termekek\/romai-szamos-paros-pulover\/#breadcrumb"},"inLanguage":"hu","potentialAction":[{"@type":"ReadAction","target":["https:\/\/tradevancehub.hu\/egyedit\/termekek\/romai-szamos-paros-pulover\/"]}]},{"@type":"ImageObject","inLanguage":"hu","@id":"https:\/\/tradevancehub.hu\/egyedit\/termekek\/romai-szamos-paros-pulover\/#primaryimage","url":"https:\/\/tradevancehub.hu\/egyedit\/wp-content\/uploads\/2023\/10\/46A2BF17-4AA6-4BCF-A984-BD3E19B753F8-1-1.webp","contentUrl":"https:\/\/tradevancehub.hu\/egyedit\/wp-content\/uploads\/2023\/10\/46A2BF17-4AA6-4BCF-A984-BD3E19B753F8-1-1.webp"},{"@type":"BreadcrumbList","@id":"https:\/\/tradevancehub.hu\/egyedit\/termekek\/romai-szamos-paros-pulover\/#breadcrumb","itemListElement":[{"@type":"ListItem","position":1,"name":"Shop","item":"https:\/\/tradevancehub.hu\/egyedit\/shop\/"},{"@type":"ListItem","position":2,"name":"R\u00f3mai Sz\u00e1mos P\u00e1ros Pul\u00f3ver"}]},{"@type":"WebSite","@id":"https:\/\/tradevancehub.hu\/egyedit\/#website","url":"https:\/\/tradevancehub.hu\/egyedit\/","name":"Egyedit","description":"","publisher":{"@id":"https:\/\/tradevancehub.hu\/egyedit\/#organization"},"potentialAction":[{"@type":"SearchAction","target":{"@type":"EntryPoint","urlTemplate":"https:\/\/tradevancehub.hu\/egyedit\/?s={search_term_string}"},"query-input":{"@type":"PropertyValueSpecification","valueRequired":true,"valueName":"search_term_string"}}],"inLanguage":"hu"},{"@type":"Organization","@id":"https:\/\/tradevancehub.hu\/egyedit\/#organization","name":"Egyedit","url":"https:\/\/tradevancehub.hu\/egyedit\/","logo":{"@type":"ImageObject","inLanguage":"hu","@id":"https:\/\/tradevancehub.hu\/egyedit\/#\/schema\/logo\/image\/","url":"https:\/\/tradevancehub.hu\/egyedit\/wp-content\/uploads\/sites\/8\/2024\/03\/Group-1.png","contentUrl":"https:\/\/tradevancehub.hu\/egyedit\/wp-content\/uploads\/sites\/8\/2024\/03\/Group-1.png","width":313,"height":89,"caption":"Egyedit"},"image":{"@id":"https:\/\/tradevancehub.hu\/egyedit\/#\/schema\/logo\/image\/"}}]}},"uagb_featured_image_src":{"full":["https:\/\/tradevancehub.hu\/egyedit\/wp-content\/uploads\/2023\/10\/46A2BF17-4AA6-4BCF-A984-BD3E19B753F8-1-1.webp",1920,1732,false],"thumbnail":["https:\/\/tradevancehub.hu\/egyedit\/wp-content\/uploads\/2023\/10\/46A2BF17-4AA6-4BCF-A984-BD3E19B753F8-1-1-150x150.webp",150,150,true],"medium":["https:\/\/tradevancehub.hu\/egyedit\/wp-content\/uploads\/2023\/10\/46A2BF17-4AA6-4BCF-A984-BD3E19B753F8-1-1-300x271.webp",300,271,true],"medium_large":["https:\/\/tradevancehub.hu\/egyedit\/wp-content\/uploads\/2023\/10\/46A2BF17-4AA6-4BCF-A984-BD3E19B753F8-1-1-768x693.webp",768,693,true],"large":["https:\/\/tradevancehub.hu\/egyedit\/wp-content\/uploads\/2023\/10\/46A2BF17-4AA6-4BCF-A984-BD3E19B753F8-1-1-1024x924.webp",1024,924,true],"1536x1536":["https:\/\/tradevancehub.hu\/egyedit\/wp-content\/uploads\/2023\/10\/46A2BF17-4AA6-4BCF-A984-BD3E19B753F8-1-1-1536x1386.webp",1536,1386,true],"2048x2048":["https:\/\/tradevancehub.hu\/egyedit\/wp-content\/uploads\/2023\/10\/46A2BF17-4AA6-4BCF-A984-BD3E19B753F8-1-1.webp",1920,1732,false],"woocommerce_thumbnail":["https:\/\/tradevancehub.hu\/egyedit\/wp-content\/uploads\/2023\/10\/46A2BF17-4AA6-4BCF-A984-BD3E19B753F8-1-1-300x300.webp",300,300,true],"woocommerce_single":["https:\/\/tradevancehub.hu\/egyedit\/wp-content\/uploads\/2023\/10\/46A2BF17-4AA6-4BCF-A984-BD3E19B753F8-1-1-600x541.webp",600,541,true],"woocommerce_gallery_thumbnail":["https:\/\/tradevancehub.hu\/egyedit\/wp-content\/uploads\/2023\/10\/46A2BF17-4AA6-4BCF-A984-BD3E19B753F8-1-1-100x100.webp",100,100,true]},"uagb_author_info":{"display_name":"","author_link":"https:\/\/tradevancehub.hu\/egyedit\/author\/"},"uagb_comment_info":0,"uagb_excerpt":"Legyen egy igaz\u00e1n men\u0151 p\u00e1ros pulcsitok, a saj\u00e1t d\u00e1tumotokkal \u00e9s kezd\u0151bet\u0171t\u00f6kkel!","_links":{"self":[{"href":"https:\/\/tradevancehub.hu\/egyedit\/wp-json\/wp\/v2\/product\/7345","targetHints":{"allow":["GET"]}}],"collection":[{"href":"https:\/\/tradevancehub.hu\/egyedit\/wp-json\/wp\/v2\/product"}],"about":[{"href":"https:\/\/tradevancehub.hu\/egyedit\/wp-json\/wp\/v2\/types\/product"}],"replies":[{"embeddable":true,"href":"https:\/\/tradevancehub.hu\/egyedit\/wp-json\/wp\/v2\/comments?post=7345"}],"wp:featuredmedia":[{"embeddable":true,"href":"https:\/\/tradevancehub.hu\/egyedit\/wp-json\/"}],"wp:attachment":[{"href":"https:\/\/tradevancehub.hu\/egyedit\/wp-json\/wp\/v2\/media?parent=7345"}],"wp:term":[{"taxonomy":"product_brand","embeddable":true,"href":"https:\/\/tradevancehub.hu\/egyedit\/wp-json\/wp\/v2\/product_brand?post=7345"},{"taxonomy":"product_cat","embeddable":true,"href":"https:\/\/tradevancehub.hu\/egyedit\/wp-json\/wp\/v2\/product_cat?post=7345"},{"taxonomy":"product_tag","embeddable":true,"href":"https:\/\/tradevancehub.hu\/egyedit\/wp-json\/wp\/v2\/product_tag?post=7345"}],"curies":[{"name":"wp","href":"https:\/\/api.w.org\/{rel}","templated":true}]}}