{"id":7342,"date":"2023-10-05T18:55:02","date_gmt":"2023-10-05T18:55:02","guid":{"rendered":"https:\/\/egyedit.hu\/product\/tom-jerry-ordog-angyal-paros-pulover\/"},"modified":"2024-10-10T06:44:42","modified_gmt":"2024-10-10T06:44:42","slug":"tom-jerry-ordog-angyal-paros-pulover","status":"publish","type":"product","link":"https:\/\/tradevancehub.hu\/egyedit\/termekek\/tom-jerry-ordog-angyal-paros-pulover\/","title":{"rendered":"Tom &#038; Jerry (\u00d6rd\u00f6g &#038; Angyal) P\u00e1ros Pul\u00f3ver"},"content":{"rendered":"<p><strong>Le\u00edr\u00e1s:<\/strong><\/p>\n<p>270 g\/m\u00b2<br \/>\n50% pamut, 50% poli\u00e9szter<br \/>\nbolyhos pol\u00e1r bels\u0151<\/p>\n<p><strong>Figyelem! (Az anyag magas h\u0151fokon hamarabb amortiz\u00e1l\u00f3dik.)<\/strong><\/p>\n<p>Ide\u00e1lis h\u0151fok mos\u00e1shoz:<br \/>\nSz\u00ednes: 30\u00baC<br \/>\nFeh\u00e9r: 40\u00baC<\/p>\n<p><strong>K\u00e9r\u00fcnk T\u00e9ged, hogy figyelmesen n\u00e9zd \u00e1t a m\u00e9ret \u00e9s sz\u00edn t\u00e1bl\u00e1zatot!<\/strong><\/p>\n","protected":false},"excerpt":{"rendered":"<p>Legyen Ti\u00e9tek a legmen\u0151bb p\u00e1ros pulcsi Tommal \u00e9s Jerryvel!<\/p>\n<p><strong>H\u00edmzett mint\u00e1val, min\u0151s\u00e9gi pulcsival.<\/strong><\/p>\n","protected":false},"featured_media":100000033518,"comment_status":"closed","ping_status":"closed","template":"","meta":{"_acf_changed":false,"_uag_custom_page_level_css":""},"product_brand":[],"product_cat":[195,196,198,57,209,58,48,226,39,221,232],"product_tag":[],"class_list":{"0":"post-7342","1":"product","2":"type-product","3":"status-publish","4":"has-post-thumbnail","6":"product_cat-egyedit-technologia","7":"product_cat-egyedit-tema","8":"product_cat-egyedit-termek","9":"product_cat-himzes","10":"product_cat-himzes-egyedit-technologia","11":"product_cat-paroknak","12":"product_cat-pulcsik","13":"product_cat-pulover","14":"product_cat-puloverek","15":"product_cat-szezonalis","16":"product_cat-tel","17":"pa_ferfi-meret-l","18":"pa_ferfi-meret-m","19":"pa_ferfi-meret-s","20":"pa_ferfi-meret-xl","21":"pa_ferfi-meret-xxl","22":"pa_ferfi-szin-barna","23":"pa_ferfi-szin-bordo","24":"pa_ferfi-szin-carolina-kek","25":"pa_ferfi-szin-feher","26":"pa_ferfi-szin-fekete","27":"pa_ferfi-szin-indigo-kek","28":"pa_ferfi-szin-khaki","29":"pa_ferfi-szin-light-kek","30":"pa_ferfi-szin-lila","31":"pa_ferfi-szin-narancssarga","32":"pa_ferfi-szin-pink","33":"pa_ferfi-szin-piros","34":"pa_ferfi-szin-royal-kek","35":"pa_ferfi-szin-rozsaszin","36":"pa_ferfi-szin-sarga","37":"pa_ferfi-szin-szurke","38":"pa_ferfi-szin-vilagos-piros","39":"pa_ferfi-szin-vilagos-rozsaszin","40":"pa_ferfi-szin-vilagos-szurke","41":"pa_ferfi-szin-zafir-kek","42":"pa_noi-meret-l","43":"pa_noi-meret-m","44":"pa_noi-meret-s","45":"pa_noi-meret-xl","46":"pa_noi-meret-xxl","47":"pa_noi-szin-barna","48":"pa_noi-szin-bordo","49":"pa_noi-szin-feher","50":"pa_noi-szin-fekete","51":"pa_noi-szin-indigo-kek","52":"pa_noi-szin-khaki","53":"pa_noi-szin-light-kek","54":"pa_noi-szin-lila","55":"pa_noi-szin-narancssarga","56":"pa_noi-szin-pink","57":"pa_noi-szin-piros","58":"pa_noi-szin-royal-kek","59":"pa_noi-szin-rozsaszin","60":"pa_noi-szin-sarga","61":"pa_noi-szin-szurke","62":"pa_noi-szin-vilagos-kek","63":"pa_noi-szin-vilagos-piros","64":"pa_noi-szin-vilagos-rozsaszin","65":"pa_noi-szin-vilagos-szurke","66":"pa_noi-szin-zafir-kek","67":"sales-flash-overlay","68":"woocommerce-text-align-center","69":"woocommerce-image-align-center","70":"do-quantity-buttons","71":"wc-has-gallery","73":"first","74":"instock","75":"taxable","76":"shipping-taxable","77":"purchasable","78":"product-type-simple"},"acf":[],"yoast_head":"<!-- This site is optimized with the Yoast SEO Premium plugin v23.7 (Yoast SEO v27.4) - https:\/\/yoast.com\/product\/yoast-seo-premium-wordpress\/ -->\n<title>Tom &amp; Jerry (\u00d6rd\u00f6g &amp; Angyal) P\u00e1ros Pul\u00f3ver - Egyedit<\/title>\n<meta name=\"robots\" content=\"noindex, follow, max-snippet:-1, max-image-preview:large, max-video-preview:-1\" \/>\n<meta property=\"og:locale\" content=\"hu_HU\" \/>\n<meta property=\"og:type\" content=\"article\" \/>\n<meta property=\"og:title\" content=\"Tom &amp; Jerry (\u00d6rd\u00f6g &amp; Angyal) P\u00e1ros Pul\u00f3ver - Egyedit\" \/>\n<meta property=\"og:description\" content=\"Legyen Ti\u00e9tek a legmen\u0151bb p\u00e1ros pulcsi Tommal \u00e9s Jerryvel!  H\u00edmzett mint\u00e1val, min\u0151s\u00e9gi pulcsival.\" \/>\n<meta property=\"og:url\" content=\"https:\/\/tradevancehub.hu\/egyedit\/termekek\/tom-jerry-ordog-angyal-paros-pulover\/\" \/>\n<meta property=\"og:site_name\" content=\"Egyedit\" \/>\n<meta property=\"article:modified_time\" content=\"2024-10-10T06:44:42+00:00\" \/>\n<meta name=\"twitter:card\" content=\"summary_large_image\" \/>\n<meta name=\"twitter:label1\" content=\"Becs\u00fclt olvas\u00e1si id\u0151\" \/>\n\t<meta name=\"twitter:data1\" content=\"1 perc\" \/>\n<script type=\"application\/ld+json\" class=\"yoast-schema-graph\">{\"@context\":\"https:\\\/\\\/schema.org\",\"@graph\":[{\"@type\":\"WebPage\",\"@id\":\"https:\\\/\\\/tradevancehub.hu\\\/egyedit\\\/termekek\\\/tom-jerry-ordog-angyal-paros-pulover\\\/\",\"url\":\"https:\\\/\\\/tradevancehub.hu\\\/egyedit\\\/termekek\\\/tom-jerry-ordog-angyal-paros-pulover\\\/\",\"name\":\"Tom & Jerry (\u00d6rd\u00f6g & Angyal) P\u00e1ros Pul\u00f3ver - Egyedit\",\"isPartOf\":{\"@id\":\"https:\\\/\\\/tradevancehub.hu\\\/egyedit\\\/#website\"},\"primaryImageOfPage\":{\"@id\":\"https:\\\/\\\/tradevancehub.hu\\\/egyedit\\\/termekek\\\/tom-jerry-ordog-angyal-paros-pulover\\\/#primaryimage\"},\"image\":{\"@id\":\"https:\\\/\\\/tradevancehub.hu\\\/egyedit\\\/termekek\\\/tom-jerry-ordog-angyal-paros-pulover\\\/#primaryimage\"},\"thumbnailUrl\":\"https:\\\/\\\/tradevancehub.hu\\\/egyedit\\\/wp-content\\\/uploads\\\/2023\\\/10\\\/tom-jerry-2-1.jpg\",\"datePublished\":\"2023-10-05T18:55:02+00:00\",\"dateModified\":\"2024-10-10T06:44:42+00:00\",\"breadcrumb\":{\"@id\":\"https:\\\/\\\/tradevancehub.hu\\\/egyedit\\\/termekek\\\/tom-jerry-ordog-angyal-paros-pulover\\\/#breadcrumb\"},\"inLanguage\":\"hu\",\"potentialAction\":[{\"@type\":\"ReadAction\",\"target\":[\"https:\\\/\\\/tradevancehub.hu\\\/egyedit\\\/termekek\\\/tom-jerry-ordog-angyal-paros-pulover\\\/\"]}]},{\"@type\":\"ImageObject\",\"inLanguage\":\"hu\",\"@id\":\"https:\\\/\\\/tradevancehub.hu\\\/egyedit\\\/termekek\\\/tom-jerry-ordog-angyal-paros-pulover\\\/#primaryimage\",\"url\":\"https:\\\/\\\/tradevancehub.hu\\\/egyedit\\\/wp-content\\\/uploads\\\/2023\\\/10\\\/tom-jerry-2-1.jpg\",\"contentUrl\":\"https:\\\/\\\/tradevancehub.hu\\\/egyedit\\\/wp-content\\\/uploads\\\/2023\\\/10\\\/tom-jerry-2-1.jpg\"},{\"@type\":\"BreadcrumbList\",\"@id\":\"https:\\\/\\\/tradevancehub.hu\\\/egyedit\\\/termekek\\\/tom-jerry-ordog-angyal-paros-pulover\\\/#breadcrumb\",\"itemListElement\":[{\"@type\":\"ListItem\",\"position\":1,\"name\":\"Shop\",\"item\":\"https:\\\/\\\/tradevancehub.hu\\\/egyedit\\\/shop\\\/\"},{\"@type\":\"ListItem\",\"position\":2,\"name\":\"Tom &#038; Jerry (\u00d6rd\u00f6g &#038; Angyal) P\u00e1ros Pul\u00f3ver\"}]},{\"@type\":\"WebSite\",\"@id\":\"https:\\\/\\\/tradevancehub.hu\\\/egyedit\\\/#website\",\"url\":\"https:\\\/\\\/tradevancehub.hu\\\/egyedit\\\/\",\"name\":\"Egyedit\",\"description\":\"\",\"publisher\":{\"@id\":\"https:\\\/\\\/tradevancehub.hu\\\/egyedit\\\/#organization\"},\"potentialAction\":[{\"@type\":\"SearchAction\",\"target\":{\"@type\":\"EntryPoint\",\"urlTemplate\":\"https:\\\/\\\/tradevancehub.hu\\\/egyedit\\\/?s={search_term_string}\"},\"query-input\":{\"@type\":\"PropertyValueSpecification\",\"valueRequired\":true,\"valueName\":\"search_term_string\"}}],\"inLanguage\":\"hu\"},{\"@type\":\"Organization\",\"@id\":\"https:\\\/\\\/tradevancehub.hu\\\/egyedit\\\/#organization\",\"name\":\"Egyedit\",\"url\":\"https:\\\/\\\/tradevancehub.hu\\\/egyedit\\\/\",\"logo\":{\"@type\":\"ImageObject\",\"inLanguage\":\"hu\",\"@id\":\"https:\\\/\\\/tradevancehub.hu\\\/egyedit\\\/#\\\/schema\\\/logo\\\/image\\\/\",\"url\":\"https:\\\/\\\/tradevancehub.hu\\\/egyedit\\\/wp-content\\\/uploads\\\/sites\\\/8\\\/2024\\\/03\\\/Group-1.png\",\"contentUrl\":\"https:\\\/\\\/tradevancehub.hu\\\/egyedit\\\/wp-content\\\/uploads\\\/sites\\\/8\\\/2024\\\/03\\\/Group-1.png\",\"width\":313,\"height\":89,\"caption\":\"Egyedit\"},\"image\":{\"@id\":\"https:\\\/\\\/tradevancehub.hu\\\/egyedit\\\/#\\\/schema\\\/logo\\\/image\\\/\"}}]}<\/script>\n<!-- \/ Yoast SEO Premium plugin. -->","yoast_head_json":{"title":"Tom & Jerry (\u00d6rd\u00f6g & Angyal) P\u00e1ros Pul\u00f3ver - Egyedit","robots":{"index":"noindex","follow":"follow","max-snippet":"max-snippet:-1","max-image-preview":"max-image-preview:large","max-video-preview":"max-video-preview:-1"},"og_locale":"hu_HU","og_type":"article","og_title":"Tom & Jerry (\u00d6rd\u00f6g & Angyal) P\u00e1ros Pul\u00f3ver - Egyedit","og_description":"Legyen Ti\u00e9tek a legmen\u0151bb p\u00e1ros pulcsi Tommal \u00e9s Jerryvel!  H\u00edmzett mint\u00e1val, min\u0151s\u00e9gi pulcsival.","og_url":"https:\/\/tradevancehub.hu\/egyedit\/termekek\/tom-jerry-ordog-angyal-paros-pulover\/","og_site_name":"Egyedit","article_modified_time":"2024-10-10T06:44:42+00:00","twitter_card":"summary_large_image","twitter_misc":{"Becs\u00fclt olvas\u00e1si id\u0151":"1 perc"},"schema":{"@context":"https:\/\/schema.org","@graph":[{"@type":"WebPage","@id":"https:\/\/tradevancehub.hu\/egyedit\/termekek\/tom-jerry-ordog-angyal-paros-pulover\/","url":"https:\/\/tradevancehub.hu\/egyedit\/termekek\/tom-jerry-ordog-angyal-paros-pulover\/","name":"Tom & Jerry (\u00d6rd\u00f6g & Angyal) P\u00e1ros Pul\u00f3ver - Egyedit","isPartOf":{"@id":"https:\/\/tradevancehub.hu\/egyedit\/#website"},"primaryImageOfPage":{"@id":"https:\/\/tradevancehub.hu\/egyedit\/termekek\/tom-jerry-ordog-angyal-paros-pulover\/#primaryimage"},"image":{"@id":"https:\/\/tradevancehub.hu\/egyedit\/termekek\/tom-jerry-ordog-angyal-paros-pulover\/#primaryimage"},"thumbnailUrl":"https:\/\/tradevancehub.hu\/egyedit\/wp-content\/uploads\/2023\/10\/tom-jerry-2-1.jpg","datePublished":"2023-10-05T18:55:02+00:00","dateModified":"2024-10-10T06:44:42+00:00","breadcrumb":{"@id":"https:\/\/tradevancehub.hu\/egyedit\/termekek\/tom-jerry-ordog-angyal-paros-pulover\/#breadcrumb"},"inLanguage":"hu","potentialAction":[{"@type":"ReadAction","target":["https:\/\/tradevancehub.hu\/egyedit\/termekek\/tom-jerry-ordog-angyal-paros-pulover\/"]}]},{"@type":"ImageObject","inLanguage":"hu","@id":"https:\/\/tradevancehub.hu\/egyedit\/termekek\/tom-jerry-ordog-angyal-paros-pulover\/#primaryimage","url":"https:\/\/tradevancehub.hu\/egyedit\/wp-content\/uploads\/2023\/10\/tom-jerry-2-1.jpg","contentUrl":"https:\/\/tradevancehub.hu\/egyedit\/wp-content\/uploads\/2023\/10\/tom-jerry-2-1.jpg"},{"@type":"BreadcrumbList","@id":"https:\/\/tradevancehub.hu\/egyedit\/termekek\/tom-jerry-ordog-angyal-paros-pulover\/#breadcrumb","itemListElement":[{"@type":"ListItem","position":1,"name":"Shop","item":"https:\/\/tradevancehub.hu\/egyedit\/shop\/"},{"@type":"ListItem","position":2,"name":"Tom &#038; Jerry (\u00d6rd\u00f6g &#038; Angyal) P\u00e1ros Pul\u00f3ver"}]},{"@type":"WebSite","@id":"https:\/\/tradevancehub.hu\/egyedit\/#website","url":"https:\/\/tradevancehub.hu\/egyedit\/","name":"Egyedit","description":"","publisher":{"@id":"https:\/\/tradevancehub.hu\/egyedit\/#organization"},"potentialAction":[{"@type":"SearchAction","target":{"@type":"EntryPoint","urlTemplate":"https:\/\/tradevancehub.hu\/egyedit\/?s={search_term_string}"},"query-input":{"@type":"PropertyValueSpecification","valueRequired":true,"valueName":"search_term_string"}}],"inLanguage":"hu"},{"@type":"Organization","@id":"https:\/\/tradevancehub.hu\/egyedit\/#organization","name":"Egyedit","url":"https:\/\/tradevancehub.hu\/egyedit\/","logo":{"@type":"ImageObject","inLanguage":"hu","@id":"https:\/\/tradevancehub.hu\/egyedit\/#\/schema\/logo\/image\/","url":"https:\/\/tradevancehub.hu\/egyedit\/wp-content\/uploads\/sites\/8\/2024\/03\/Group-1.png","contentUrl":"https:\/\/tradevancehub.hu\/egyedit\/wp-content\/uploads\/sites\/8\/2024\/03\/Group-1.png","width":313,"height":89,"caption":"Egyedit"},"image":{"@id":"https:\/\/tradevancehub.hu\/egyedit\/#\/schema\/logo\/image\/"}}]}},"uagb_featured_image_src":{"full":["https:\/\/tradevancehub.hu\/egyedit\/wp-content\/uploads\/2023\/10\/tom-jerry-2-1.jpg",570,496,false],"thumbnail":["https:\/\/tradevancehub.hu\/egyedit\/wp-content\/uploads\/2023\/10\/tom-jerry-2-1-150x150.jpg",150,150,true],"medium":["https:\/\/tradevancehub.hu\/egyedit\/wp-content\/uploads\/2023\/10\/tom-jerry-2-1-300x261.jpg",300,261,true],"medium_large":["https:\/\/tradevancehub.hu\/egyedit\/wp-content\/uploads\/2023\/10\/tom-jerry-2-1.jpg",570,496,false],"large":["https:\/\/tradevancehub.hu\/egyedit\/wp-content\/uploads\/2023\/10\/tom-jerry-2-1.jpg",570,496,false],"1536x1536":["https:\/\/tradevancehub.hu\/egyedit\/wp-content\/uploads\/2023\/10\/tom-jerry-2-1.jpg",570,496,false],"2048x2048":["https:\/\/tradevancehub.hu\/egyedit\/wp-content\/uploads\/2023\/10\/tom-jerry-2-1.jpg",570,496,false],"woocommerce_thumbnail":["https:\/\/tradevancehub.hu\/egyedit\/wp-content\/uploads\/2023\/10\/tom-jerry-2-1-300x300.jpg",300,300,true],"woocommerce_single":["https:\/\/tradevancehub.hu\/egyedit\/wp-content\/uploads\/2023\/10\/tom-jerry-2-1.jpg",570,496,false],"woocommerce_gallery_thumbnail":["https:\/\/tradevancehub.hu\/egyedit\/wp-content\/uploads\/2023\/10\/tom-jerry-2-1-100x100.jpg",100,100,true]},"uagb_author_info":{"display_name":"","author_link":"https:\/\/tradevancehub.hu\/egyedit\/author\/"},"uagb_comment_info":0,"uagb_excerpt":"Legyen Ti\u00e9tek a legmen\u0151bb p\u00e1ros pulcsi Tommal \u00e9s Jerryvel! H\u00edmzett mint\u00e1val, min\u0151s\u00e9gi pulcsival.","_links":{"self":[{"href":"https:\/\/tradevancehub.hu\/egyedit\/wp-json\/wp\/v2\/product\/7342","targetHints":{"allow":["GET"]}}],"collection":[{"href":"https:\/\/tradevancehub.hu\/egyedit\/wp-json\/wp\/v2\/product"}],"about":[{"href":"https:\/\/tradevancehub.hu\/egyedit\/wp-json\/wp\/v2\/types\/product"}],"replies":[{"embeddable":true,"href":"https:\/\/tradevancehub.hu\/egyedit\/wp-json\/wp\/v2\/comments?post=7342"}],"wp:featuredmedia":[{"embeddable":true,"href":"https:\/\/tradevancehub.hu\/egyedit\/wp-json\/"}],"wp:attachment":[{"href":"https:\/\/tradevancehub.hu\/egyedit\/wp-json\/wp\/v2\/media?parent=7342"}],"wp:term":[{"taxonomy":"product_brand","embeddable":true,"href":"https:\/\/tradevancehub.hu\/egyedit\/wp-json\/wp\/v2\/product_brand?post=7342"},{"taxonomy":"product_cat","embeddable":true,"href":"https:\/\/tradevancehub.hu\/egyedit\/wp-json\/wp\/v2\/product_cat?post=7342"},{"taxonomy":"product_tag","embeddable":true,"href":"https:\/\/tradevancehub.hu\/egyedit\/wp-json\/wp\/v2\/product_tag?post=7342"}],"curies":[{"name":"wp","href":"https:\/\/api.w.org\/{rel}","templated":true}]}}