{"id":7334,"date":"2024-07-22T07:28:13","date_gmt":"2024-07-22T07:28:13","guid":{"rendered":"https:\/\/egyedit.hu\/product\/himzett-pluss-zsiraf\/"},"modified":"2024-09-30T09:42:46","modified_gmt":"2024-09-30T09:42:46","slug":"himzett-pluss-zsiraf","status":"publish","type":"product","link":"https:\/\/tradevancehub.hu\/egyedit\/termekek\/himzett-pluss-zsiraf\/","title":{"rendered":"H\u00edmzett Pl\u00fcss Zsir\u00e1f"},"content":{"rendered":"<p>Anyaga: Pl\u00fcss<br \/>\nM\u00e9rete: 40cm<br \/>\nMegfelel az EN71 rendeleteknek<br \/>\nMinden koroszt\u00e1ly sz\u00e1m\u00e1ra alkalmas<br \/>\nCsak k\u00e9zzel moshat\u00f3<\/p>\n","protected":false},"excerpt":{"rendered":"<p>Fedezd fel ezt az\u00a0<strong>egyedi<\/strong>\u00a0\u00e9s\u00a0<strong>szem\u00e9lyre szabhat\u00f3 aj\u00e1nd\u00e9k<\/strong>ot gyermekednek vagy egy kedves ismer\u0151snek!<br \/>\nA h\u00edmzett b\u00e1r\u00e1ny pl\u00fcssfigura nem csup\u00e1n egy szokv\u00e1nyos j\u00e1t\u00e9k, hanem eml\u00e9kezetess\u00e9 teszi a pillanatot, hiszen a megrendel\u0151 k\u00e9r\u00e9s\u00e9re\u00a0<strong>beleh\u00edmezz\u00fck a gyermek sz\u00fclet\u00e9si adatait<\/strong>.<br \/>\nLegyen az a neve, sz\u00fclet\u00e9si d\u00e1tuma vagy s\u00falya, ez a zsir\u00e1f k\u00fcl\u00f6nleges \u00e9rt\u00e9ket ad a gyermek szob\u00e1j\u00e1nak \u00e9s meg\u0151rzi a fontos eml\u00e9keket \u00e9vekig.<br \/>\n<strong>Kiv\u00e1l\u00f3 min\u0151s\u00e9g\u0171 anyagokb\u00f3l k\u00e9sz\u00fclt<\/strong>, \u00e9s b\u00e1jos megjelen\u00e9s\u00e9vel garant\u00e1ltan mosolyt csal majd mindenki arc\u00e1ra.<br \/>\nAdj meg egyedi jelent\u00e9st egy egyszer\u0171 pl\u00fcssnek is ezzel a<strong>\u00a0szem\u00e9lyre szabott<\/strong>\u00a0barival!<\/p>\n","protected":false},"featured_media":100000033509,"comment_status":"open","ping_status":"closed","template":"","meta":{"_acf_changed":false,"_uag_custom_page_level_css":""},"product_brand":[],"product_cat":[195,196,198,241,57,209,186,242],"product_tag":[],"class_list":{"0":"post-7334","1":"product","2":"type-product","3":"status-publish","4":"has-post-thumbnail","6":"product_cat-egyedit-technologia","7":"product_cat-egyedit-tema","8":"product_cat-egyedit-termek","9":"product_cat-gyerekeknek","10":"product_cat-himzes","11":"product_cat-himzes-egyedit-technologia","12":"product_cat-himzett-plussok","13":"product_cat-pluss","14":"sales-flash-overlay","15":"woocommerce-text-align-center","16":"woocommerce-image-align-center","17":"do-quantity-buttons","18":"wc-has-gallery","20":"first","21":"instock","22":"taxable","23":"shipping-taxable","24":"purchasable","25":"product-type-simple"},"acf":[],"yoast_head":"<!-- This site is optimized with the Yoast SEO Premium plugin v23.7 (Yoast SEO v27.4) - https:\/\/yoast.com\/product\/yoast-seo-premium-wordpress\/ -->\n<title>H\u00edmzett Pl\u00fcss Zsir\u00e1f - Egyedit<\/title>\n<meta name=\"robots\" content=\"noindex, follow, max-snippet:-1, max-image-preview:large, max-video-preview:-1\" \/>\n<meta property=\"og:locale\" content=\"hu_HU\" \/>\n<meta property=\"og:type\" content=\"article\" \/>\n<meta property=\"og:title\" content=\"H\u00edmzett Pl\u00fcss Zsir\u00e1f - Egyedit\" \/>\n<meta property=\"og:description\" content=\"Fedezd fel ezt az\u00a0egyedi\u00a0\u00e9s\u00a0szem\u00e9lyre szabhat\u00f3 aj\u00e1nd\u00e9kot gyermekednek vagy egy kedves ismer\u0151snek! A h\u00edmzett b\u00e1r\u00e1ny pl\u00fcssfigura nem csup\u00e1n egy szokv\u00e1nyos j\u00e1t\u00e9k, hanem eml\u00e9kezetess\u00e9 teszi a pillanatot, hiszen a megrendel\u0151 k\u00e9r\u00e9s\u00e9re\u00a0beleh\u00edmezz\u00fck a gyermek sz\u00fclet\u00e9si adatait. Legyen az a neve, sz\u00fclet\u00e9si d\u00e1tuma vagy s\u00falya, ez a zsir\u00e1f k\u00fcl\u00f6nleges \u00e9rt\u00e9ket ad a gyermek szob\u00e1j\u00e1nak \u00e9s meg\u0151rzi a fontos eml\u00e9keket \u00e9vekig. Kiv\u00e1l\u00f3 min\u0151s\u00e9g\u0171 anyagokb\u00f3l k\u00e9sz\u00fclt, \u00e9s b\u00e1jos megjelen\u00e9s\u00e9vel garant\u00e1ltan mosolyt csal majd mindenki arc\u00e1ra. Adj meg egyedi jelent\u00e9st egy egyszer\u0171 pl\u00fcssnek is ezzel a\u00a0szem\u00e9lyre szabott\u00a0barival!\" \/>\n<meta property=\"og:url\" content=\"https:\/\/tradevancehub.hu\/egyedit\/termekek\/himzett-pluss-zsiraf\/\" \/>\n<meta property=\"og:site_name\" content=\"Egyedit\" \/>\n<meta property=\"article:modified_time\" content=\"2024-09-30T09:42:46+00:00\" \/>\n<meta name=\"twitter:card\" content=\"summary_large_image\" \/>\n<meta name=\"twitter:label1\" content=\"Becs\u00fclt olvas\u00e1si id\u0151\" \/>\n\t<meta name=\"twitter:data1\" content=\"2 perc\" \/>\n<script type=\"application\/ld+json\" class=\"yoast-schema-graph\">{\"@context\":\"https:\\\/\\\/schema.org\",\"@graph\":[{\"@type\":\"WebPage\",\"@id\":\"https:\\\/\\\/tradevancehub.hu\\\/egyedit\\\/termekek\\\/himzett-pluss-zsiraf\\\/\",\"url\":\"https:\\\/\\\/tradevancehub.hu\\\/egyedit\\\/termekek\\\/himzett-pluss-zsiraf\\\/\",\"name\":\"H\u00edmzett Pl\u00fcss Zsir\u00e1f - Egyedit\",\"isPartOf\":{\"@id\":\"https:\\\/\\\/tradevancehub.hu\\\/egyedit\\\/#website\"},\"primaryImageOfPage\":{\"@id\":\"https:\\\/\\\/tradevancehub.hu\\\/egyedit\\\/termekek\\\/himzett-pluss-zsiraf\\\/#primaryimage\"},\"image\":{\"@id\":\"https:\\\/\\\/tradevancehub.hu\\\/egyedit\\\/termekek\\\/himzett-pluss-zsiraf\\\/#primaryimage\"},\"thumbnailUrl\":\"https:\\\/\\\/tradevancehub.hu\\\/egyedit\\\/wp-content\\\/uploads\\\/2024\\\/07\\\/zsiiiraf-masolat.jpg\",\"datePublished\":\"2024-07-22T07:28:13+00:00\",\"dateModified\":\"2024-09-30T09:42:46+00:00\",\"breadcrumb\":{\"@id\":\"https:\\\/\\\/tradevancehub.hu\\\/egyedit\\\/termekek\\\/himzett-pluss-zsiraf\\\/#breadcrumb\"},\"inLanguage\":\"hu\",\"potentialAction\":[{\"@type\":\"ReadAction\",\"target\":[\"https:\\\/\\\/tradevancehub.hu\\\/egyedit\\\/termekek\\\/himzett-pluss-zsiraf\\\/\"]}]},{\"@type\":\"ImageObject\",\"inLanguage\":\"hu\",\"@id\":\"https:\\\/\\\/tradevancehub.hu\\\/egyedit\\\/termekek\\\/himzett-pluss-zsiraf\\\/#primaryimage\",\"url\":\"https:\\\/\\\/tradevancehub.hu\\\/egyedit\\\/wp-content\\\/uploads\\\/2024\\\/07\\\/zsiiiraf-masolat.jpg\",\"contentUrl\":\"https:\\\/\\\/tradevancehub.hu\\\/egyedit\\\/wp-content\\\/uploads\\\/2024\\\/07\\\/zsiiiraf-masolat.jpg\"},{\"@type\":\"BreadcrumbList\",\"@id\":\"https:\\\/\\\/tradevancehub.hu\\\/egyedit\\\/termekek\\\/himzett-pluss-zsiraf\\\/#breadcrumb\",\"itemListElement\":[{\"@type\":\"ListItem\",\"position\":1,\"name\":\"Shop\",\"item\":\"https:\\\/\\\/tradevancehub.hu\\\/egyedit\\\/shop\\\/\"},{\"@type\":\"ListItem\",\"position\":2,\"name\":\"H\u00edmzett Pl\u00fcss Zsir\u00e1f\"}]},{\"@type\":\"WebSite\",\"@id\":\"https:\\\/\\\/tradevancehub.hu\\\/egyedit\\\/#website\",\"url\":\"https:\\\/\\\/tradevancehub.hu\\\/egyedit\\\/\",\"name\":\"Egyedit\",\"description\":\"\",\"publisher\":{\"@id\":\"https:\\\/\\\/tradevancehub.hu\\\/egyedit\\\/#organization\"},\"potentialAction\":[{\"@type\":\"SearchAction\",\"target\":{\"@type\":\"EntryPoint\",\"urlTemplate\":\"https:\\\/\\\/tradevancehub.hu\\\/egyedit\\\/?s={search_term_string}\"},\"query-input\":{\"@type\":\"PropertyValueSpecification\",\"valueRequired\":true,\"valueName\":\"search_term_string\"}}],\"inLanguage\":\"hu\"},{\"@type\":\"Organization\",\"@id\":\"https:\\\/\\\/tradevancehub.hu\\\/egyedit\\\/#organization\",\"name\":\"Egyedit\",\"url\":\"https:\\\/\\\/tradevancehub.hu\\\/egyedit\\\/\",\"logo\":{\"@type\":\"ImageObject\",\"inLanguage\":\"hu\",\"@id\":\"https:\\\/\\\/tradevancehub.hu\\\/egyedit\\\/#\\\/schema\\\/logo\\\/image\\\/\",\"url\":\"https:\\\/\\\/tradevancehub.hu\\\/egyedit\\\/wp-content\\\/uploads\\\/sites\\\/8\\\/2024\\\/03\\\/Group-1.png\",\"contentUrl\":\"https:\\\/\\\/tradevancehub.hu\\\/egyedit\\\/wp-content\\\/uploads\\\/sites\\\/8\\\/2024\\\/03\\\/Group-1.png\",\"width\":313,\"height\":89,\"caption\":\"Egyedit\"},\"image\":{\"@id\":\"https:\\\/\\\/tradevancehub.hu\\\/egyedit\\\/#\\\/schema\\\/logo\\\/image\\\/\"}}]}<\/script>\n<!-- \/ Yoast SEO Premium plugin. -->","yoast_head_json":{"title":"H\u00edmzett Pl\u00fcss Zsir\u00e1f - Egyedit","robots":{"index":"noindex","follow":"follow","max-snippet":"max-snippet:-1","max-image-preview":"max-image-preview:large","max-video-preview":"max-video-preview:-1"},"og_locale":"hu_HU","og_type":"article","og_title":"H\u00edmzett Pl\u00fcss Zsir\u00e1f - Egyedit","og_description":"Fedezd fel ezt az\u00a0egyedi\u00a0\u00e9s\u00a0szem\u00e9lyre szabhat\u00f3 aj\u00e1nd\u00e9kot gyermekednek vagy egy kedves ismer\u0151snek! A h\u00edmzett b\u00e1r\u00e1ny pl\u00fcssfigura nem csup\u00e1n egy szokv\u00e1nyos j\u00e1t\u00e9k, hanem eml\u00e9kezetess\u00e9 teszi a pillanatot, hiszen a megrendel\u0151 k\u00e9r\u00e9s\u00e9re\u00a0beleh\u00edmezz\u00fck a gyermek sz\u00fclet\u00e9si adatait. Legyen az a neve, sz\u00fclet\u00e9si d\u00e1tuma vagy s\u00falya, ez a zsir\u00e1f k\u00fcl\u00f6nleges \u00e9rt\u00e9ket ad a gyermek szob\u00e1j\u00e1nak \u00e9s meg\u0151rzi a fontos eml\u00e9keket \u00e9vekig. Kiv\u00e1l\u00f3 min\u0151s\u00e9g\u0171 anyagokb\u00f3l k\u00e9sz\u00fclt, \u00e9s b\u00e1jos megjelen\u00e9s\u00e9vel garant\u00e1ltan mosolyt csal majd mindenki arc\u00e1ra. Adj meg egyedi jelent\u00e9st egy egyszer\u0171 pl\u00fcssnek is ezzel a\u00a0szem\u00e9lyre szabott\u00a0barival!","og_url":"https:\/\/tradevancehub.hu\/egyedit\/termekek\/himzett-pluss-zsiraf\/","og_site_name":"Egyedit","article_modified_time":"2024-09-30T09:42:46+00:00","twitter_card":"summary_large_image","twitter_misc":{"Becs\u00fclt olvas\u00e1si id\u0151":"2 perc"},"schema":{"@context":"https:\/\/schema.org","@graph":[{"@type":"WebPage","@id":"https:\/\/tradevancehub.hu\/egyedit\/termekek\/himzett-pluss-zsiraf\/","url":"https:\/\/tradevancehub.hu\/egyedit\/termekek\/himzett-pluss-zsiraf\/","name":"H\u00edmzett Pl\u00fcss Zsir\u00e1f - Egyedit","isPartOf":{"@id":"https:\/\/tradevancehub.hu\/egyedit\/#website"},"primaryImageOfPage":{"@id":"https:\/\/tradevancehub.hu\/egyedit\/termekek\/himzett-pluss-zsiraf\/#primaryimage"},"image":{"@id":"https:\/\/tradevancehub.hu\/egyedit\/termekek\/himzett-pluss-zsiraf\/#primaryimage"},"thumbnailUrl":"https:\/\/tradevancehub.hu\/egyedit\/wp-content\/uploads\/2024\/07\/zsiiiraf-masolat.jpg","datePublished":"2024-07-22T07:28:13+00:00","dateModified":"2024-09-30T09:42:46+00:00","breadcrumb":{"@id":"https:\/\/tradevancehub.hu\/egyedit\/termekek\/himzett-pluss-zsiraf\/#breadcrumb"},"inLanguage":"hu","potentialAction":[{"@type":"ReadAction","target":["https:\/\/tradevancehub.hu\/egyedit\/termekek\/himzett-pluss-zsiraf\/"]}]},{"@type":"ImageObject","inLanguage":"hu","@id":"https:\/\/tradevancehub.hu\/egyedit\/termekek\/himzett-pluss-zsiraf\/#primaryimage","url":"https:\/\/tradevancehub.hu\/egyedit\/wp-content\/uploads\/2024\/07\/zsiiiraf-masolat.jpg","contentUrl":"https:\/\/tradevancehub.hu\/egyedit\/wp-content\/uploads\/2024\/07\/zsiiiraf-masolat.jpg"},{"@type":"BreadcrumbList","@id":"https:\/\/tradevancehub.hu\/egyedit\/termekek\/himzett-pluss-zsiraf\/#breadcrumb","itemListElement":[{"@type":"ListItem","position":1,"name":"Shop","item":"https:\/\/tradevancehub.hu\/egyedit\/shop\/"},{"@type":"ListItem","position":2,"name":"H\u00edmzett Pl\u00fcss Zsir\u00e1f"}]},{"@type":"WebSite","@id":"https:\/\/tradevancehub.hu\/egyedit\/#website","url":"https:\/\/tradevancehub.hu\/egyedit\/","name":"Egyedit","description":"","publisher":{"@id":"https:\/\/tradevancehub.hu\/egyedit\/#organization"},"potentialAction":[{"@type":"SearchAction","target":{"@type":"EntryPoint","urlTemplate":"https:\/\/tradevancehub.hu\/egyedit\/?s={search_term_string}"},"query-input":{"@type":"PropertyValueSpecification","valueRequired":true,"valueName":"search_term_string"}}],"inLanguage":"hu"},{"@type":"Organization","@id":"https:\/\/tradevancehub.hu\/egyedit\/#organization","name":"Egyedit","url":"https:\/\/tradevancehub.hu\/egyedit\/","logo":{"@type":"ImageObject","inLanguage":"hu","@id":"https:\/\/tradevancehub.hu\/egyedit\/#\/schema\/logo\/image\/","url":"https:\/\/tradevancehub.hu\/egyedit\/wp-content\/uploads\/sites\/8\/2024\/03\/Group-1.png","contentUrl":"https:\/\/tradevancehub.hu\/egyedit\/wp-content\/uploads\/sites\/8\/2024\/03\/Group-1.png","width":313,"height":89,"caption":"Egyedit"},"image":{"@id":"https:\/\/tradevancehub.hu\/egyedit\/#\/schema\/logo\/image\/"}}]}},"uagb_featured_image_src":{"full":["https:\/\/tradevancehub.hu\/egyedit\/wp-content\/uploads\/2024\/07\/zsiiiraf-masolat.jpg",1080,1080,false],"thumbnail":["https:\/\/tradevancehub.hu\/egyedit\/wp-content\/uploads\/2024\/07\/zsiiiraf-masolat-150x150.jpg",150,150,true],"medium":["https:\/\/tradevancehub.hu\/egyedit\/wp-content\/uploads\/2024\/07\/zsiiiraf-masolat-300x300.jpg",300,300,true],"medium_large":["https:\/\/tradevancehub.hu\/egyedit\/wp-content\/uploads\/2024\/07\/zsiiiraf-masolat-768x768.jpg",768,768,true],"large":["https:\/\/tradevancehub.hu\/egyedit\/wp-content\/uploads\/2024\/07\/zsiiiraf-masolat-1024x1024.jpg",1024,1024,true],"1536x1536":["https:\/\/tradevancehub.hu\/egyedit\/wp-content\/uploads\/2024\/07\/zsiiiraf-masolat.jpg",1080,1080,false],"2048x2048":["https:\/\/tradevancehub.hu\/egyedit\/wp-content\/uploads\/2024\/07\/zsiiiraf-masolat.jpg",1080,1080,false],"woocommerce_thumbnail":["https:\/\/tradevancehub.hu\/egyedit\/wp-content\/uploads\/2024\/07\/zsiiiraf-masolat-300x300.jpg",300,300,true],"woocommerce_single":["https:\/\/tradevancehub.hu\/egyedit\/wp-content\/uploads\/2024\/07\/zsiiiraf-masolat-600x600.jpg",600,600,true],"woocommerce_gallery_thumbnail":["https:\/\/tradevancehub.hu\/egyedit\/wp-content\/uploads\/2024\/07\/zsiiiraf-masolat-100x100.jpg",100,100,true]},"uagb_author_info":{"display_name":"","author_link":"https:\/\/tradevancehub.hu\/egyedit\/author\/"},"uagb_comment_info":0,"uagb_excerpt":"Fedezd fel ezt az\u00a0egyedi\u00a0\u00e9s\u00a0szem\u00e9lyre szabhat\u00f3 aj\u00e1nd\u00e9kot gyermekednek vagy egy kedves ismer\u0151snek! A h\u00edmzett b\u00e1r\u00e1ny pl\u00fcssfigura nem csup\u00e1n egy szokv\u00e1nyos j\u00e1t\u00e9k, hanem eml\u00e9kezetess\u00e9 teszi a pillanatot, hiszen a megrendel\u0151 k\u00e9r\u00e9s\u00e9re\u00a0beleh\u00edmezz\u00fck a gyermek sz\u00fclet\u00e9si adatait. Legyen az a neve, sz\u00fclet\u00e9si d\u00e1tuma vagy s\u00falya, ez a zsir\u00e1f k\u00fcl\u00f6nleges \u00e9rt\u00e9ket ad a gyermek szob\u00e1j\u00e1nak \u00e9s meg\u0151rzi a fontos eml\u00e9keket&hellip;","_links":{"self":[{"href":"https:\/\/tradevancehub.hu\/egyedit\/wp-json\/wp\/v2\/product\/7334","targetHints":{"allow":["GET"]}}],"collection":[{"href":"https:\/\/tradevancehub.hu\/egyedit\/wp-json\/wp\/v2\/product"}],"about":[{"href":"https:\/\/tradevancehub.hu\/egyedit\/wp-json\/wp\/v2\/types\/product"}],"replies":[{"embeddable":true,"href":"https:\/\/tradevancehub.hu\/egyedit\/wp-json\/wp\/v2\/comments?post=7334"}],"wp:featuredmedia":[{"embeddable":true,"href":"https:\/\/tradevancehub.hu\/egyedit\/wp-json\/"}],"wp:attachment":[{"href":"https:\/\/tradevancehub.hu\/egyedit\/wp-json\/wp\/v2\/media?parent=7334"}],"wp:term":[{"taxonomy":"product_brand","embeddable":true,"href":"https:\/\/tradevancehub.hu\/egyedit\/wp-json\/wp\/v2\/product_brand?post=7334"},{"taxonomy":"product_cat","embeddable":true,"href":"https:\/\/tradevancehub.hu\/egyedit\/wp-json\/wp\/v2\/product_cat?post=7334"},{"taxonomy":"product_tag","embeddable":true,"href":"https:\/\/tradevancehub.hu\/egyedit\/wp-json\/wp\/v2\/product_tag?post=7334"}],"curies":[{"name":"wp","href":"https:\/\/api.w.org\/{rel}","templated":true}]}}