{"id":7315,"date":"2023-10-04T19:47:48","date_gmt":"2023-10-04T19:47:48","guid":{"rendered":"https:\/\/egyedit.hu\/product\/szerelmes-cicak-paros-pulcsi\/"},"modified":"2024-10-10T06:44:56","modified_gmt":"2024-10-10T06:44:56","slug":"szerelmes-cicak-paros-pulcsi","status":"publish","type":"product","link":"https:\/\/tradevancehub.hu\/egyedit\/termekek\/szerelmes-cicak-paros-pulcsi\/","title":{"rendered":"Szerelmes Cic\u00e1k P\u00e1ros Kapucnis Pulcsi"},"content":{"rendered":"<p><strong>Le\u00edr\u00e1s:<\/strong><\/p>\n<p>270 g\/m\u00b2<br \/>\n50% pamut, 50% poli\u00e9szter<br \/>\nbolyhos pol\u00e1r bels\u0151<\/p>\n<p><strong>Figyelem! (Az anyag magas h\u0151fokon hamarabb amortiz\u00e1l\u00f3dik.)<\/strong><\/p>\n<p>Ide\u00e1lis h\u0151fok mos\u00e1shoz:<br \/>\nSz\u00ednes: 30\u00baC<br \/>\nFeh\u00e9r: 40\u00baC<\/p>\n<p><strong>K\u00e9r\u00fcnk T\u00e9ged, hogy figyelmesen n\u00e9zd \u00e1t a m\u00e9ret \u00e9s sz\u00edn t\u00e1bl\u00e1zatot!<\/strong><\/p>\n","protected":false},"excerpt":{"rendered":"<p>Legyen Ti\u00e9tek a legmen\u0151bb p\u00e1ros szerelmes cic\u00e1s pulcsi !<\/p>\n<p><strong>H\u00edmzett mint\u00e1val, min\u0151s\u00e9gi pulcsival.<\/strong><\/p>\n","protected":false},"featured_media":100000033450,"comment_status":"closed","ping_status":"closed","template":"","meta":{"_acf_changed":false,"_uag_custom_page_level_css":""},"product_brand":[],"product_cat":[195,196,198,57,209,58,48,226,221,232],"product_tag":[],"class_list":{"0":"post-7315","1":"product","2":"type-product","3":"status-publish","4":"has-post-thumbnail","6":"product_cat-egyedit-technologia","7":"product_cat-egyedit-tema","8":"product_cat-egyedit-termek","9":"product_cat-himzes","10":"product_cat-himzes-egyedit-technologia","11":"product_cat-paroknak","12":"product_cat-pulcsik","13":"product_cat-pulover","14":"product_cat-szezonalis","15":"product_cat-tel","16":"pa_ferfi-meret-l","17":"pa_ferfi-meret-m","18":"pa_ferfi-meret-s","19":"pa_ferfi-meret-xl","20":"pa_ferfi-meret-xxl","21":"pa_ferfi-szin-barna","22":"pa_ferfi-szin-bordo","23":"pa_ferfi-szin-carolina-kek","24":"pa_ferfi-szin-feher","25":"pa_ferfi-szin-fekete","26":"pa_ferfi-szin-indigo-kek","27":"pa_ferfi-szin-khaki","28":"pa_ferfi-szin-light-kek","29":"pa_ferfi-szin-lila","30":"pa_ferfi-szin-narancssarga","31":"pa_ferfi-szin-pink","32":"pa_ferfi-szin-piros","33":"pa_ferfi-szin-royal-kek","34":"pa_ferfi-szin-rozsaszin","35":"pa_ferfi-szin-sarga","36":"pa_ferfi-szin-szurke","37":"pa_ferfi-szin-vilagos-piros","38":"pa_ferfi-szin-vilagos-rozsaszin","39":"pa_ferfi-szin-vilagos-szurke","40":"pa_ferfi-szin-zafir-kek","41":"pa_noi-meret-l","42":"pa_noi-meret-m","43":"pa_noi-meret-s","44":"pa_noi-meret-xl","45":"pa_noi-meret-xxl","46":"pa_noi-szin-barna","47":"pa_noi-szin-bordo","48":"pa_noi-szin-feher","49":"pa_noi-szin-fekete","50":"pa_noi-szin-indigo-kek","51":"pa_noi-szin-khaki","52":"pa_noi-szin-light-kek","53":"pa_noi-szin-lila","54":"pa_noi-szin-narancssarga","55":"pa_noi-szin-pink","56":"pa_noi-szin-piros","57":"pa_noi-szin-royal-kek","58":"pa_noi-szin-rozsaszin","59":"pa_noi-szin-sarga","60":"pa_noi-szin-szurke","61":"pa_noi-szin-vilagos-kek","62":"pa_noi-szin-vilagos-piros","63":"pa_noi-szin-vilagos-rozsaszin","64":"pa_noi-szin-vilagos-szurke","65":"pa_noi-szin-zafir-kek","66":"sales-flash-overlay","67":"woocommerce-text-align-center","68":"woocommerce-image-align-center","69":"do-quantity-buttons","70":"wc-has-gallery","72":"first","73":"instock","74":"taxable","75":"shipping-taxable","76":"purchasable","77":"product-type-simple"},"acf":[],"yoast_head":"<!-- This site is optimized with the Yoast SEO Premium plugin v23.7 (Yoast SEO v27.4) - https:\/\/yoast.com\/product\/yoast-seo-premium-wordpress\/ -->\n<title>Szerelmes Cic\u00e1k P\u00e1ros Kapucnis Pulcsi - Egyedit<\/title>\n<meta name=\"robots\" content=\"noindex, follow, max-snippet:-1, max-image-preview:large, max-video-preview:-1\" \/>\n<meta property=\"og:locale\" content=\"hu_HU\" \/>\n<meta property=\"og:type\" content=\"article\" \/>\n<meta property=\"og:title\" content=\"Szerelmes Cic\u00e1k P\u00e1ros Kapucnis Pulcsi - Egyedit\" \/>\n<meta property=\"og:description\" content=\"Legyen Ti\u00e9tek a legmen\u0151bb p\u00e1ros szerelmes cic\u00e1s pulcsi !  H\u00edmzett mint\u00e1val, min\u0151s\u00e9gi pulcsival.\" \/>\n<meta property=\"og:url\" content=\"https:\/\/tradevancehub.hu\/egyedit\/termekek\/szerelmes-cicak-paros-pulcsi\/\" \/>\n<meta property=\"og:site_name\" content=\"Egyedit\" \/>\n<meta property=\"article:modified_time\" content=\"2024-10-10T06:44:56+00:00\" \/>\n<meta name=\"twitter:card\" content=\"summary_large_image\" \/>\n<meta name=\"twitter:label1\" content=\"Becs\u00fclt olvas\u00e1si id\u0151\" \/>\n\t<meta name=\"twitter:data1\" content=\"1 perc\" \/>\n<script type=\"application\/ld+json\" class=\"yoast-schema-graph\">{\"@context\":\"https:\\\/\\\/schema.org\",\"@graph\":[{\"@type\":\"WebPage\",\"@id\":\"https:\\\/\\\/tradevancehub.hu\\\/egyedit\\\/termekek\\\/szerelmes-cicak-paros-pulcsi\\\/\",\"url\":\"https:\\\/\\\/tradevancehub.hu\\\/egyedit\\\/termekek\\\/szerelmes-cicak-paros-pulcsi\\\/\",\"name\":\"Szerelmes Cic\u00e1k P\u00e1ros Kapucnis Pulcsi - Egyedit\",\"isPartOf\":{\"@id\":\"https:\\\/\\\/tradevancehub.hu\\\/egyedit\\\/#website\"},\"primaryImageOfPage\":{\"@id\":\"https:\\\/\\\/tradevancehub.hu\\\/egyedit\\\/termekek\\\/szerelmes-cicak-paros-pulcsi\\\/#primaryimage\"},\"image\":{\"@id\":\"https:\\\/\\\/tradevancehub.hu\\\/egyedit\\\/termekek\\\/szerelmes-cicak-paros-pulcsi\\\/#primaryimage\"},\"thumbnailUrl\":\"https:\\\/\\\/tradevancehub.hu\\\/egyedit\\\/wp-content\\\/uploads\\\/2023\\\/10\\\/cica-8.jpg\",\"datePublished\":\"2023-10-04T19:47:48+00:00\",\"dateModified\":\"2024-10-10T06:44:56+00:00\",\"breadcrumb\":{\"@id\":\"https:\\\/\\\/tradevancehub.hu\\\/egyedit\\\/termekek\\\/szerelmes-cicak-paros-pulcsi\\\/#breadcrumb\"},\"inLanguage\":\"hu\",\"potentialAction\":[{\"@type\":\"ReadAction\",\"target\":[\"https:\\\/\\\/tradevancehub.hu\\\/egyedit\\\/termekek\\\/szerelmes-cicak-paros-pulcsi\\\/\"]}]},{\"@type\":\"ImageObject\",\"inLanguage\":\"hu\",\"@id\":\"https:\\\/\\\/tradevancehub.hu\\\/egyedit\\\/termekek\\\/szerelmes-cicak-paros-pulcsi\\\/#primaryimage\",\"url\":\"https:\\\/\\\/tradevancehub.hu\\\/egyedit\\\/wp-content\\\/uploads\\\/2023\\\/10\\\/cica-8.jpg\",\"contentUrl\":\"https:\\\/\\\/tradevancehub.hu\\\/egyedit\\\/wp-content\\\/uploads\\\/2023\\\/10\\\/cica-8.jpg\"},{\"@type\":\"BreadcrumbList\",\"@id\":\"https:\\\/\\\/tradevancehub.hu\\\/egyedit\\\/termekek\\\/szerelmes-cicak-paros-pulcsi\\\/#breadcrumb\",\"itemListElement\":[{\"@type\":\"ListItem\",\"position\":1,\"name\":\"Shop\",\"item\":\"https:\\\/\\\/tradevancehub.hu\\\/egyedit\\\/shop\\\/\"},{\"@type\":\"ListItem\",\"position\":2,\"name\":\"Szerelmes Cic\u00e1k P\u00e1ros Kapucnis Pulcsi\"}]},{\"@type\":\"WebSite\",\"@id\":\"https:\\\/\\\/tradevancehub.hu\\\/egyedit\\\/#website\",\"url\":\"https:\\\/\\\/tradevancehub.hu\\\/egyedit\\\/\",\"name\":\"Egyedit\",\"description\":\"\",\"publisher\":{\"@id\":\"https:\\\/\\\/tradevancehub.hu\\\/egyedit\\\/#organization\"},\"potentialAction\":[{\"@type\":\"SearchAction\",\"target\":{\"@type\":\"EntryPoint\",\"urlTemplate\":\"https:\\\/\\\/tradevancehub.hu\\\/egyedit\\\/?s={search_term_string}\"},\"query-input\":{\"@type\":\"PropertyValueSpecification\",\"valueRequired\":true,\"valueName\":\"search_term_string\"}}],\"inLanguage\":\"hu\"},{\"@type\":\"Organization\",\"@id\":\"https:\\\/\\\/tradevancehub.hu\\\/egyedit\\\/#organization\",\"name\":\"Egyedit\",\"url\":\"https:\\\/\\\/tradevancehub.hu\\\/egyedit\\\/\",\"logo\":{\"@type\":\"ImageObject\",\"inLanguage\":\"hu\",\"@id\":\"https:\\\/\\\/tradevancehub.hu\\\/egyedit\\\/#\\\/schema\\\/logo\\\/image\\\/\",\"url\":\"https:\\\/\\\/tradevancehub.hu\\\/egyedit\\\/wp-content\\\/uploads\\\/sites\\\/8\\\/2024\\\/03\\\/Group-1.png\",\"contentUrl\":\"https:\\\/\\\/tradevancehub.hu\\\/egyedit\\\/wp-content\\\/uploads\\\/sites\\\/8\\\/2024\\\/03\\\/Group-1.png\",\"width\":313,\"height\":89,\"caption\":\"Egyedit\"},\"image\":{\"@id\":\"https:\\\/\\\/tradevancehub.hu\\\/egyedit\\\/#\\\/schema\\\/logo\\\/image\\\/\"}}]}<\/script>\n<!-- \/ Yoast SEO Premium plugin. -->","yoast_head_json":{"title":"Szerelmes Cic\u00e1k P\u00e1ros Kapucnis Pulcsi - Egyedit","robots":{"index":"noindex","follow":"follow","max-snippet":"max-snippet:-1","max-image-preview":"max-image-preview:large","max-video-preview":"max-video-preview:-1"},"og_locale":"hu_HU","og_type":"article","og_title":"Szerelmes Cic\u00e1k P\u00e1ros Kapucnis Pulcsi - Egyedit","og_description":"Legyen Ti\u00e9tek a legmen\u0151bb p\u00e1ros szerelmes cic\u00e1s pulcsi !  H\u00edmzett mint\u00e1val, min\u0151s\u00e9gi pulcsival.","og_url":"https:\/\/tradevancehub.hu\/egyedit\/termekek\/szerelmes-cicak-paros-pulcsi\/","og_site_name":"Egyedit","article_modified_time":"2024-10-10T06:44:56+00:00","twitter_card":"summary_large_image","twitter_misc":{"Becs\u00fclt olvas\u00e1si id\u0151":"1 perc"},"schema":{"@context":"https:\/\/schema.org","@graph":[{"@type":"WebPage","@id":"https:\/\/tradevancehub.hu\/egyedit\/termekek\/szerelmes-cicak-paros-pulcsi\/","url":"https:\/\/tradevancehub.hu\/egyedit\/termekek\/szerelmes-cicak-paros-pulcsi\/","name":"Szerelmes Cic\u00e1k P\u00e1ros Kapucnis Pulcsi - Egyedit","isPartOf":{"@id":"https:\/\/tradevancehub.hu\/egyedit\/#website"},"primaryImageOfPage":{"@id":"https:\/\/tradevancehub.hu\/egyedit\/termekek\/szerelmes-cicak-paros-pulcsi\/#primaryimage"},"image":{"@id":"https:\/\/tradevancehub.hu\/egyedit\/termekek\/szerelmes-cicak-paros-pulcsi\/#primaryimage"},"thumbnailUrl":"https:\/\/tradevancehub.hu\/egyedit\/wp-content\/uploads\/2023\/10\/cica-8.jpg","datePublished":"2023-10-04T19:47:48+00:00","dateModified":"2024-10-10T06:44:56+00:00","breadcrumb":{"@id":"https:\/\/tradevancehub.hu\/egyedit\/termekek\/szerelmes-cicak-paros-pulcsi\/#breadcrumb"},"inLanguage":"hu","potentialAction":[{"@type":"ReadAction","target":["https:\/\/tradevancehub.hu\/egyedit\/termekek\/szerelmes-cicak-paros-pulcsi\/"]}]},{"@type":"ImageObject","inLanguage":"hu","@id":"https:\/\/tradevancehub.hu\/egyedit\/termekek\/szerelmes-cicak-paros-pulcsi\/#primaryimage","url":"https:\/\/tradevancehub.hu\/egyedit\/wp-content\/uploads\/2023\/10\/cica-8.jpg","contentUrl":"https:\/\/tradevancehub.hu\/egyedit\/wp-content\/uploads\/2023\/10\/cica-8.jpg"},{"@type":"BreadcrumbList","@id":"https:\/\/tradevancehub.hu\/egyedit\/termekek\/szerelmes-cicak-paros-pulcsi\/#breadcrumb","itemListElement":[{"@type":"ListItem","position":1,"name":"Shop","item":"https:\/\/tradevancehub.hu\/egyedit\/shop\/"},{"@type":"ListItem","position":2,"name":"Szerelmes Cic\u00e1k P\u00e1ros Kapucnis Pulcsi"}]},{"@type":"WebSite","@id":"https:\/\/tradevancehub.hu\/egyedit\/#website","url":"https:\/\/tradevancehub.hu\/egyedit\/","name":"Egyedit","description":"","publisher":{"@id":"https:\/\/tradevancehub.hu\/egyedit\/#organization"},"potentialAction":[{"@type":"SearchAction","target":{"@type":"EntryPoint","urlTemplate":"https:\/\/tradevancehub.hu\/egyedit\/?s={search_term_string}"},"query-input":{"@type":"PropertyValueSpecification","valueRequired":true,"valueName":"search_term_string"}}],"inLanguage":"hu"},{"@type":"Organization","@id":"https:\/\/tradevancehub.hu\/egyedit\/#organization","name":"Egyedit","url":"https:\/\/tradevancehub.hu\/egyedit\/","logo":{"@type":"ImageObject","inLanguage":"hu","@id":"https:\/\/tradevancehub.hu\/egyedit\/#\/schema\/logo\/image\/","url":"https:\/\/tradevancehub.hu\/egyedit\/wp-content\/uploads\/sites\/8\/2024\/03\/Group-1.png","contentUrl":"https:\/\/tradevancehub.hu\/egyedit\/wp-content\/uploads\/sites\/8\/2024\/03\/Group-1.png","width":313,"height":89,"caption":"Egyedit"},"image":{"@id":"https:\/\/tradevancehub.hu\/egyedit\/#\/schema\/logo\/image\/"}}]}},"uagb_featured_image_src":{"full":["https:\/\/tradevancehub.hu\/egyedit\/wp-content\/uploads\/2023\/10\/cica-8.jpg",948,879,false],"thumbnail":["https:\/\/tradevancehub.hu\/egyedit\/wp-content\/uploads\/2023\/10\/cica-8-150x150.jpg",150,150,true],"medium":["https:\/\/tradevancehub.hu\/egyedit\/wp-content\/uploads\/2023\/10\/cica-8-300x278.jpg",300,278,true],"medium_large":["https:\/\/tradevancehub.hu\/egyedit\/wp-content\/uploads\/2023\/10\/cica-8-768x712.jpg",768,712,true],"large":["https:\/\/tradevancehub.hu\/egyedit\/wp-content\/uploads\/2023\/10\/cica-8.jpg",948,879,false],"1536x1536":["https:\/\/tradevancehub.hu\/egyedit\/wp-content\/uploads\/2023\/10\/cica-8.jpg",948,879,false],"2048x2048":["https:\/\/tradevancehub.hu\/egyedit\/wp-content\/uploads\/2023\/10\/cica-8.jpg",948,879,false],"woocommerce_thumbnail":["https:\/\/tradevancehub.hu\/egyedit\/wp-content\/uploads\/2023\/10\/cica-8-300x300.jpg",300,300,true],"woocommerce_single":["https:\/\/tradevancehub.hu\/egyedit\/wp-content\/uploads\/2023\/10\/cica-8-600x556.jpg",600,556,true],"woocommerce_gallery_thumbnail":["https:\/\/tradevancehub.hu\/egyedit\/wp-content\/uploads\/2023\/10\/cica-8-100x100.jpg",100,100,true]},"uagb_author_info":{"display_name":"","author_link":"https:\/\/tradevancehub.hu\/egyedit\/author\/"},"uagb_comment_info":0,"uagb_excerpt":"Legyen Ti\u00e9tek a legmen\u0151bb p\u00e1ros szerelmes cic\u00e1s pulcsi ! H\u00edmzett mint\u00e1val, min\u0151s\u00e9gi pulcsival.","_links":{"self":[{"href":"https:\/\/tradevancehub.hu\/egyedit\/wp-json\/wp\/v2\/product\/7315","targetHints":{"allow":["GET"]}}],"collection":[{"href":"https:\/\/tradevancehub.hu\/egyedit\/wp-json\/wp\/v2\/product"}],"about":[{"href":"https:\/\/tradevancehub.hu\/egyedit\/wp-json\/wp\/v2\/types\/product"}],"replies":[{"embeddable":true,"href":"https:\/\/tradevancehub.hu\/egyedit\/wp-json\/wp\/v2\/comments?post=7315"}],"wp:featuredmedia":[{"embeddable":true,"href":"https:\/\/tradevancehub.hu\/egyedit\/wp-json\/"}],"wp:attachment":[{"href":"https:\/\/tradevancehub.hu\/egyedit\/wp-json\/wp\/v2\/media?parent=7315"}],"wp:term":[{"taxonomy":"product_brand","embeddable":true,"href":"https:\/\/tradevancehub.hu\/egyedit\/wp-json\/wp\/v2\/product_brand?post=7315"},{"taxonomy":"product_cat","embeddable":true,"href":"https:\/\/tradevancehub.hu\/egyedit\/wp-json\/wp\/v2\/product_cat?post=7315"},{"taxonomy":"product_tag","embeddable":true,"href":"https:\/\/tradevancehub.hu\/egyedit\/wp-json\/wp\/v2\/product_tag?post=7315"}],"curies":[{"name":"wp","href":"https:\/\/api.w.org\/{rel}","templated":true}]}}