{"id":7156,"date":"2023-10-05T19:15:58","date_gmt":"2023-10-05T19:15:58","guid":{"rendered":"https:\/\/egyedit.hu\/product\/szerelmes-cicak-paros-pulover-masolat\/"},"modified":"2024-10-10T06:44:26","modified_gmt":"2024-10-10T06:44:26","slug":"szerelmes-cicak-paros-pulover-masolat","status":"publish","type":"product","link":"https:\/\/tradevancehub.hu\/egyedit\/termekek\/szerelmes-cicak-paros-pulover-masolat\/","title":{"rendered":"Vonalrajzos Kapucnis Pulcsi"},"content":{"rendered":"<p><strong>Le\u00edr\u00e1s:<\/strong><\/p>\n<p>270 g\/m\u00b2<br \/>\n50% pamut, 50% poli\u00e9szter<br \/>\nbolyhos pol\u00e1r bels\u0151<\/p>\n<p><strong>Figyelem! (Az anyag magas h\u0151fokon hamarabb amortiz\u00e1l\u00f3dik.)<\/strong><\/p>\n<p>Ide\u00e1lis h\u0151fok mos\u00e1shoz:<br \/>\nSz\u00ednes: 30\u00baC<br \/>\nFeh\u00e9r: 40\u00baC<\/p>\n<p><strong>K\u00e9r\u00fcnk T\u00e9ged, hogy figyelmesen n\u00e9zd \u00e1t a m\u00e9ret \u00e9s sz\u00edn t\u00e1bl\u00e1zatot!<\/strong><\/p>\n","protected":false},"excerpt":{"rendered":"<p><strong>Bemutatjuk \u00faj vonalrajzos h\u00edmzett term\u00e9k\u00fcnket<\/strong>, amely egyedi k\u00e9p alapj\u00e1n k\u00e9sz\u00fcl. Ezen term\u00e9k egy igazi m\u0171v\u00e9szi alkot\u00e1snak sz\u00e1m\u00edt, \u00e9s a legjobb min\u0151s\u00e9g\u0171 anyagok felhaszn\u00e1l\u00e1s\u00e1val k\u00e9sz\u00fcl.<\/p>\n<p>A vonalrajzos h\u00edmzett term\u00e9k <strong>egy olyan k\u00fcl\u00f6nleges technika eredm\u00e9nye<\/strong>, amely sor\u00e1n a k\u00e9pek szinte var\u00e1zslatosan jelennek meg a text\u00edli\u00e1n. Ez a term\u00e9k t\u00f6k\u00e9letes aj\u00e1nd\u00e9k lehet b\u00e1rmilyen alkalomra, hiszen <strong>egyedi jellege miatt garant\u00e1ltan eml\u00e9kezetes lesz. <\/strong><\/p>\n<p>Ha szeretn\u00e9l valami igaz\u00e1n k\u00fcl\u00f6nlegeset adni aj\u00e1nd\u00e9kba, akkor ez a vonalrajzos h\u00edmzett term\u00e9k a t\u00f6k\u00e9letes v\u00e1laszt\u00e1s!\u00a0 A m\u0171v\u00e9szi h\u00edmz\u00e9ssel k\u00e9sz\u00fclt k\u00e9pek \u00e9s mint\u00e1k garant\u00e1ltan leny\u0171g\u00f6zik majd a megaj\u00e1nd\u00e9kozottat!<\/p>\n<p><em><strong>Az \u00e1r egy darab term\u00e9kre vonatkozik!<\/strong><\/em><\/p>\n","protected":false},"featured_media":100000033453,"comment_status":"closed","ping_status":"closed","template":"","meta":{"_acf_changed":false,"_uag_custom_page_level_css":""},"product_brand":[],"product_cat":[195,196,198,209,57,48,185,226,243,221,232,40],"product_tag":[],"class_list":{"0":"post-7156","1":"product","2":"type-product","3":"status-publish","4":"has-post-thumbnail","6":"product_cat-egyedit-technologia","7":"product_cat-egyedit-tema","8":"product_cat-egyedit-termek","9":"product_cat-himzes-egyedit-technologia","10":"product_cat-himzes","11":"product_cat-pulcsik","12":"product_cat-pulcsik-vonalrajzos-termekek","13":"product_cat-pulover","14":"product_cat-szeretteinknek","15":"product_cat-szezonalis","16":"product_cat-tel","17":"product_cat-vonalrajzos-termekek","18":"pa_meret-l","19":"pa_meret-m","20":"pa_meret-s","21":"pa_meret-xl","22":"pa_meret-xxl","23":"pa_szin-barna","24":"pa_szin-bordo","25":"pa_szin-feher","26":"pa_szin-fekete","27":"pa_szin-kek","28":"pa_szin-khaki","29":"pa_szin-light-kek","30":"pa_szin-lila","31":"pa_szin-malyva","32":"pa_szin-narancssarga","33":"pa_szin-pink","34":"pa_szin-piros","35":"pa_szin-rozsaszin","36":"pa_szin-sarga","37":"pa_szin-sky-kek","38":"pa_szin-szurke","39":"pa_szin-szurkes-kek","40":"pa_szin-vilagos-kek","41":"pa_szin-vilagos-piros","42":"pa_szin-vilagos-rozsaszin","43":"pa_szin-vilagos-szurke","44":"pa_szin-zold","45":"sales-flash-overlay","46":"woocommerce-text-align-center","47":"woocommerce-image-align-center","48":"do-quantity-buttons","49":"wc-has-gallery","51":"first","52":"instock","53":"taxable","54":"shipping-taxable","55":"purchasable","56":"product-type-simple"},"acf":[],"yoast_head":"<!-- This site is optimized with the Yoast SEO Premium plugin v23.7 (Yoast SEO v27.4) - https:\/\/yoast.com\/product\/yoast-seo-premium-wordpress\/ -->\n<title>Vonalrajzos Kapucnis Pulcsi - Egyedit<\/title>\n<meta name=\"robots\" content=\"noindex, follow, max-snippet:-1, max-image-preview:large, max-video-preview:-1\" \/>\n<meta property=\"og:locale\" content=\"hu_HU\" \/>\n<meta property=\"og:type\" content=\"article\" \/>\n<meta property=\"og:title\" content=\"Vonalrajzos Kapucnis Pulcsi - Egyedit\" \/>\n<meta property=\"og:description\" content=\"Bemutatjuk \u00faj vonalrajzos h\u00edmzett term\u00e9k\u00fcnket, amely egyedi k\u00e9p alapj\u00e1n k\u00e9sz\u00fcl. Ezen term\u00e9k egy igazi m\u0171v\u00e9szi alkot\u00e1snak sz\u00e1m\u00edt, \u00e9s a legjobb min\u0151s\u00e9g\u0171 anyagok felhaszn\u00e1l\u00e1s\u00e1val k\u00e9sz\u00fcl.  A vonalrajzos h\u00edmzett term\u00e9k egy olyan k\u00fcl\u00f6nleges technika eredm\u00e9nye, amely sor\u00e1n a k\u00e9pek szinte var\u00e1zslatosan jelennek meg a text\u00edli\u00e1n. Ez a term\u00e9k t\u00f6k\u00e9letes aj\u00e1nd\u00e9k lehet b\u00e1rmilyen alkalomra, hiszen egyedi jellege miatt garant\u00e1ltan eml\u00e9kezetes lesz.   Ha szeretn\u00e9l valami igaz\u00e1n k\u00fcl\u00f6nlegeset adni aj\u00e1nd\u00e9kba, akkor ez a vonalrajzos h\u00edmzett term\u00e9k a t\u00f6k\u00e9letes v\u00e1laszt\u00e1s!\u00a0 A m\u0171v\u00e9szi h\u00edmz\u00e9ssel k\u00e9sz\u00fclt k\u00e9pek \u00e9s mint\u00e1k garant\u00e1ltan leny\u0171g\u00f6zik majd a megaj\u00e1nd\u00e9kozottat!  Az \u00e1r egy darab term\u00e9kre vonatkozik!\" \/>\n<meta property=\"og:url\" content=\"https:\/\/tradevancehub.hu\/egyedit\/termekek\/szerelmes-cicak-paros-pulover-masolat\/\" \/>\n<meta property=\"og:site_name\" content=\"Egyedit\" \/>\n<meta property=\"article:modified_time\" content=\"2024-10-10T06:44:26+00:00\" \/>\n<meta name=\"twitter:card\" content=\"summary_large_image\" \/>\n<meta name=\"twitter:label1\" content=\"Becs\u00fclt olvas\u00e1si id\u0151\" \/>\n\t<meta name=\"twitter:data1\" content=\"2 perc\" \/>\n<script type=\"application\/ld+json\" class=\"yoast-schema-graph\">{\"@context\":\"https:\\\/\\\/schema.org\",\"@graph\":[{\"@type\":\"WebPage\",\"@id\":\"https:\\\/\\\/tradevancehub.hu\\\/egyedit\\\/termekek\\\/szerelmes-cicak-paros-pulover-masolat\\\/\",\"url\":\"https:\\\/\\\/tradevancehub.hu\\\/egyedit\\\/termekek\\\/szerelmes-cicak-paros-pulover-masolat\\\/\",\"name\":\"Vonalrajzos Kapucnis Pulcsi - Egyedit\",\"isPartOf\":{\"@id\":\"https:\\\/\\\/tradevancehub.hu\\\/egyedit\\\/#website\"},\"primaryImageOfPage\":{\"@id\":\"https:\\\/\\\/tradevancehub.hu\\\/egyedit\\\/termekek\\\/szerelmes-cicak-paros-pulover-masolat\\\/#primaryimage\"},\"image\":{\"@id\":\"https:\\\/\\\/tradevancehub.hu\\\/egyedit\\\/termekek\\\/szerelmes-cicak-paros-pulover-masolat\\\/#primaryimage\"},\"thumbnailUrl\":\"https:\\\/\\\/tradevancehub.hu\\\/egyedit\\\/wp-content\\\/uploads\\\/2023\\\/10\\\/pulcsi2.jpg\",\"datePublished\":\"2023-10-05T19:15:58+00:00\",\"dateModified\":\"2024-10-10T06:44:26+00:00\",\"breadcrumb\":{\"@id\":\"https:\\\/\\\/tradevancehub.hu\\\/egyedit\\\/termekek\\\/szerelmes-cicak-paros-pulover-masolat\\\/#breadcrumb\"},\"inLanguage\":\"hu\",\"potentialAction\":[{\"@type\":\"ReadAction\",\"target\":[\"https:\\\/\\\/tradevancehub.hu\\\/egyedit\\\/termekek\\\/szerelmes-cicak-paros-pulover-masolat\\\/\"]}]},{\"@type\":\"ImageObject\",\"inLanguage\":\"hu\",\"@id\":\"https:\\\/\\\/tradevancehub.hu\\\/egyedit\\\/termekek\\\/szerelmes-cicak-paros-pulover-masolat\\\/#primaryimage\",\"url\":\"https:\\\/\\\/tradevancehub.hu\\\/egyedit\\\/wp-content\\\/uploads\\\/2023\\\/10\\\/pulcsi2.jpg\",\"contentUrl\":\"https:\\\/\\\/tradevancehub.hu\\\/egyedit\\\/wp-content\\\/uploads\\\/2023\\\/10\\\/pulcsi2.jpg\"},{\"@type\":\"BreadcrumbList\",\"@id\":\"https:\\\/\\\/tradevancehub.hu\\\/egyedit\\\/termekek\\\/szerelmes-cicak-paros-pulover-masolat\\\/#breadcrumb\",\"itemListElement\":[{\"@type\":\"ListItem\",\"position\":1,\"name\":\"Shop\",\"item\":\"https:\\\/\\\/tradevancehub.hu\\\/egyedit\\\/shop\\\/\"},{\"@type\":\"ListItem\",\"position\":2,\"name\":\"Vonalrajzos Kapucnis Pulcsi\"}]},{\"@type\":\"WebSite\",\"@id\":\"https:\\\/\\\/tradevancehub.hu\\\/egyedit\\\/#website\",\"url\":\"https:\\\/\\\/tradevancehub.hu\\\/egyedit\\\/\",\"name\":\"Egyedit\",\"description\":\"\",\"publisher\":{\"@id\":\"https:\\\/\\\/tradevancehub.hu\\\/egyedit\\\/#organization\"},\"potentialAction\":[{\"@type\":\"SearchAction\",\"target\":{\"@type\":\"EntryPoint\",\"urlTemplate\":\"https:\\\/\\\/tradevancehub.hu\\\/egyedit\\\/?s={search_term_string}\"},\"query-input\":{\"@type\":\"PropertyValueSpecification\",\"valueRequired\":true,\"valueName\":\"search_term_string\"}}],\"inLanguage\":\"hu\"},{\"@type\":\"Organization\",\"@id\":\"https:\\\/\\\/tradevancehub.hu\\\/egyedit\\\/#organization\",\"name\":\"Egyedit\",\"url\":\"https:\\\/\\\/tradevancehub.hu\\\/egyedit\\\/\",\"logo\":{\"@type\":\"ImageObject\",\"inLanguage\":\"hu\",\"@id\":\"https:\\\/\\\/tradevancehub.hu\\\/egyedit\\\/#\\\/schema\\\/logo\\\/image\\\/\",\"url\":\"https:\\\/\\\/tradevancehub.hu\\\/egyedit\\\/wp-content\\\/uploads\\\/sites\\\/8\\\/2024\\\/03\\\/Group-1.png\",\"contentUrl\":\"https:\\\/\\\/tradevancehub.hu\\\/egyedit\\\/wp-content\\\/uploads\\\/sites\\\/8\\\/2024\\\/03\\\/Group-1.png\",\"width\":313,\"height\":89,\"caption\":\"Egyedit\"},\"image\":{\"@id\":\"https:\\\/\\\/tradevancehub.hu\\\/egyedit\\\/#\\\/schema\\\/logo\\\/image\\\/\"}}]}<\/script>\n<!-- \/ Yoast SEO Premium plugin. -->","yoast_head_json":{"title":"Vonalrajzos Kapucnis Pulcsi - Egyedit","robots":{"index":"noindex","follow":"follow","max-snippet":"max-snippet:-1","max-image-preview":"max-image-preview:large","max-video-preview":"max-video-preview:-1"},"og_locale":"hu_HU","og_type":"article","og_title":"Vonalrajzos Kapucnis Pulcsi - Egyedit","og_description":"Bemutatjuk \u00faj vonalrajzos h\u00edmzett term\u00e9k\u00fcnket, amely egyedi k\u00e9p alapj\u00e1n k\u00e9sz\u00fcl. Ezen term\u00e9k egy igazi m\u0171v\u00e9szi alkot\u00e1snak sz\u00e1m\u00edt, \u00e9s a legjobb min\u0151s\u00e9g\u0171 anyagok felhaszn\u00e1l\u00e1s\u00e1val k\u00e9sz\u00fcl.  A vonalrajzos h\u00edmzett term\u00e9k egy olyan k\u00fcl\u00f6nleges technika eredm\u00e9nye, amely sor\u00e1n a k\u00e9pek szinte var\u00e1zslatosan jelennek meg a text\u00edli\u00e1n. Ez a term\u00e9k t\u00f6k\u00e9letes aj\u00e1nd\u00e9k lehet b\u00e1rmilyen alkalomra, hiszen egyedi jellege miatt garant\u00e1ltan eml\u00e9kezetes lesz.   Ha szeretn\u00e9l valami igaz\u00e1n k\u00fcl\u00f6nlegeset adni aj\u00e1nd\u00e9kba, akkor ez a vonalrajzos h\u00edmzett term\u00e9k a t\u00f6k\u00e9letes v\u00e1laszt\u00e1s!\u00a0 A m\u0171v\u00e9szi h\u00edmz\u00e9ssel k\u00e9sz\u00fclt k\u00e9pek \u00e9s mint\u00e1k garant\u00e1ltan leny\u0171g\u00f6zik majd a megaj\u00e1nd\u00e9kozottat!  Az \u00e1r egy darab term\u00e9kre vonatkozik!","og_url":"https:\/\/tradevancehub.hu\/egyedit\/termekek\/szerelmes-cicak-paros-pulover-masolat\/","og_site_name":"Egyedit","article_modified_time":"2024-10-10T06:44:26+00:00","twitter_card":"summary_large_image","twitter_misc":{"Becs\u00fclt olvas\u00e1si id\u0151":"2 perc"},"schema":{"@context":"https:\/\/schema.org","@graph":[{"@type":"WebPage","@id":"https:\/\/tradevancehub.hu\/egyedit\/termekek\/szerelmes-cicak-paros-pulover-masolat\/","url":"https:\/\/tradevancehub.hu\/egyedit\/termekek\/szerelmes-cicak-paros-pulover-masolat\/","name":"Vonalrajzos Kapucnis Pulcsi - Egyedit","isPartOf":{"@id":"https:\/\/tradevancehub.hu\/egyedit\/#website"},"primaryImageOfPage":{"@id":"https:\/\/tradevancehub.hu\/egyedit\/termekek\/szerelmes-cicak-paros-pulover-masolat\/#primaryimage"},"image":{"@id":"https:\/\/tradevancehub.hu\/egyedit\/termekek\/szerelmes-cicak-paros-pulover-masolat\/#primaryimage"},"thumbnailUrl":"https:\/\/tradevancehub.hu\/egyedit\/wp-content\/uploads\/2023\/10\/pulcsi2.jpg","datePublished":"2023-10-05T19:15:58+00:00","dateModified":"2024-10-10T06:44:26+00:00","breadcrumb":{"@id":"https:\/\/tradevancehub.hu\/egyedit\/termekek\/szerelmes-cicak-paros-pulover-masolat\/#breadcrumb"},"inLanguage":"hu","potentialAction":[{"@type":"ReadAction","target":["https:\/\/tradevancehub.hu\/egyedit\/termekek\/szerelmes-cicak-paros-pulover-masolat\/"]}]},{"@type":"ImageObject","inLanguage":"hu","@id":"https:\/\/tradevancehub.hu\/egyedit\/termekek\/szerelmes-cicak-paros-pulover-masolat\/#primaryimage","url":"https:\/\/tradevancehub.hu\/egyedit\/wp-content\/uploads\/2023\/10\/pulcsi2.jpg","contentUrl":"https:\/\/tradevancehub.hu\/egyedit\/wp-content\/uploads\/2023\/10\/pulcsi2.jpg"},{"@type":"BreadcrumbList","@id":"https:\/\/tradevancehub.hu\/egyedit\/termekek\/szerelmes-cicak-paros-pulover-masolat\/#breadcrumb","itemListElement":[{"@type":"ListItem","position":1,"name":"Shop","item":"https:\/\/tradevancehub.hu\/egyedit\/shop\/"},{"@type":"ListItem","position":2,"name":"Vonalrajzos Kapucnis Pulcsi"}]},{"@type":"WebSite","@id":"https:\/\/tradevancehub.hu\/egyedit\/#website","url":"https:\/\/tradevancehub.hu\/egyedit\/","name":"Egyedit","description":"","publisher":{"@id":"https:\/\/tradevancehub.hu\/egyedit\/#organization"},"potentialAction":[{"@type":"SearchAction","target":{"@type":"EntryPoint","urlTemplate":"https:\/\/tradevancehub.hu\/egyedit\/?s={search_term_string}"},"query-input":{"@type":"PropertyValueSpecification","valueRequired":true,"valueName":"search_term_string"}}],"inLanguage":"hu"},{"@type":"Organization","@id":"https:\/\/tradevancehub.hu\/egyedit\/#organization","name":"Egyedit","url":"https:\/\/tradevancehub.hu\/egyedit\/","logo":{"@type":"ImageObject","inLanguage":"hu","@id":"https:\/\/tradevancehub.hu\/egyedit\/#\/schema\/logo\/image\/","url":"https:\/\/tradevancehub.hu\/egyedit\/wp-content\/uploads\/sites\/8\/2024\/03\/Group-1.png","contentUrl":"https:\/\/tradevancehub.hu\/egyedit\/wp-content\/uploads\/sites\/8\/2024\/03\/Group-1.png","width":313,"height":89,"caption":"Egyedit"},"image":{"@id":"https:\/\/tradevancehub.hu\/egyedit\/#\/schema\/logo\/image\/"}}]}},"uagb_featured_image_src":{"full":["https:\/\/tradevancehub.hu\/egyedit\/wp-content\/uploads\/2023\/10\/pulcsi2.jpg",1284,1203,false],"thumbnail":["https:\/\/tradevancehub.hu\/egyedit\/wp-content\/uploads\/2023\/10\/pulcsi2-150x150.jpg",150,150,true],"medium":["https:\/\/tradevancehub.hu\/egyedit\/wp-content\/uploads\/2023\/10\/pulcsi2-300x281.jpg",300,281,true],"medium_large":["https:\/\/tradevancehub.hu\/egyedit\/wp-content\/uploads\/2023\/10\/pulcsi2-768x720.jpg",768,720,true],"large":["https:\/\/tradevancehub.hu\/egyedit\/wp-content\/uploads\/2023\/10\/pulcsi2-1024x959.jpg",1024,959,true],"1536x1536":["https:\/\/tradevancehub.hu\/egyedit\/wp-content\/uploads\/2023\/10\/pulcsi2.jpg",1284,1203,false],"2048x2048":["https:\/\/tradevancehub.hu\/egyedit\/wp-content\/uploads\/2023\/10\/pulcsi2.jpg",1284,1203,false],"woocommerce_thumbnail":["https:\/\/tradevancehub.hu\/egyedit\/wp-content\/uploads\/2023\/10\/pulcsi2-300x300.jpg",300,300,true],"woocommerce_single":["https:\/\/tradevancehub.hu\/egyedit\/wp-content\/uploads\/2023\/10\/pulcsi2-600x562.jpg",600,562,true],"woocommerce_gallery_thumbnail":["https:\/\/tradevancehub.hu\/egyedit\/wp-content\/uploads\/2023\/10\/pulcsi2-100x100.jpg",100,100,true]},"uagb_author_info":{"display_name":"","author_link":"https:\/\/tradevancehub.hu\/egyedit\/author\/"},"uagb_comment_info":0,"uagb_excerpt":"Bemutatjuk \u00faj vonalrajzos h\u00edmzett term\u00e9k\u00fcnket, amely egyedi k\u00e9p alapj\u00e1n k\u00e9sz\u00fcl. Ezen term\u00e9k egy igazi m\u0171v\u00e9szi alkot\u00e1snak sz\u00e1m\u00edt, \u00e9s a legjobb min\u0151s\u00e9g\u0171 anyagok felhaszn\u00e1l\u00e1s\u00e1val k\u00e9sz\u00fcl. A vonalrajzos h\u00edmzett term\u00e9k egy olyan k\u00fcl\u00f6nleges technika eredm\u00e9nye, amely sor\u00e1n a k\u00e9pek szinte var\u00e1zslatosan jelennek meg a text\u00edli\u00e1n. Ez a term\u00e9k t\u00f6k\u00e9letes aj\u00e1nd\u00e9k lehet b\u00e1rmilyen alkalomra, hiszen egyedi jellege miatt&hellip;","_links":{"self":[{"href":"https:\/\/tradevancehub.hu\/egyedit\/wp-json\/wp\/v2\/product\/7156","targetHints":{"allow":["GET"]}}],"collection":[{"href":"https:\/\/tradevancehub.hu\/egyedit\/wp-json\/wp\/v2\/product"}],"about":[{"href":"https:\/\/tradevancehub.hu\/egyedit\/wp-json\/wp\/v2\/types\/product"}],"replies":[{"embeddable":true,"href":"https:\/\/tradevancehub.hu\/egyedit\/wp-json\/wp\/v2\/comments?post=7156"}],"wp:featuredmedia":[{"embeddable":true,"href":"https:\/\/tradevancehub.hu\/egyedit\/wp-json\/"}],"wp:attachment":[{"href":"https:\/\/tradevancehub.hu\/egyedit\/wp-json\/wp\/v2\/media?parent=7156"}],"wp:term":[{"taxonomy":"product_brand","embeddable":true,"href":"https:\/\/tradevancehub.hu\/egyedit\/wp-json\/wp\/v2\/product_brand?post=7156"},{"taxonomy":"product_cat","embeddable":true,"href":"https:\/\/tradevancehub.hu\/egyedit\/wp-json\/wp\/v2\/product_cat?post=7156"},{"taxonomy":"product_tag","embeddable":true,"href":"https:\/\/tradevancehub.hu\/egyedit\/wp-json\/wp\/v2\/product_tag?post=7156"}],"curies":[{"name":"wp","href":"https:\/\/api.w.org\/{rel}","templated":true}]}}