{"id":6930,"date":"2023-10-04T19:57:27","date_gmt":"2023-10-04T19:57:27","guid":{"rendered":"https:\/\/egyedit.hu\/product\/romai-szamos-paros-polo\/"},"modified":"2024-09-30T10:34:03","modified_gmt":"2024-09-30T10:34:03","slug":"romai-szamos-paros-polo","status":"publish","type":"product","link":"https:\/\/tradevancehub.hu\/egyedit\/termekek\/romai-szamos-paros-polo\/","title":{"rendered":"R\u00f3mai Sz\u00e1mos P\u00e1ros P\u00f3l\u00f3"},"content":{"rendered":"<p>Az \u00faj &#8222;P\u00e0ros P\u00f3l\u00f3k&#8221; egyedi \u00e9s st\u00edlusos megold\u00e1st k\u00edn\u00e1lnak azoknak, akik szeretn\u00e9k kifejezni egyedi szem\u00e9lyis\u00e9g\u00fcket.<\/p>\n<p>A p\u00f3l\u00f3k k\u00fcl\u00f6nlegess\u00e9ge, hogy saj\u00e1t r\u00f3mai sz\u00e1mukat k\u00e9rhetik r\u00e1juk, ami azt jelenti, hogy <strong>a p\u00f3l\u00f3 egyedi \u00e9s szem\u00e9lyes lesz.<\/strong><\/p>\n<p>A rendel\u00e9s <strong>Megjegyz\u00e9s<\/strong> rovat\u00e1ban k\u00e9rj\u00fck felt\u00fcntetni a d\u00e1tumot \u00e9s a kezd\u0151bet\u0171ket, illetve az esetleges egyedi k\u00e9r\u00e9st.<\/p>\n","protected":false},"excerpt":{"rendered":"<p><strong>A p\u00f3l\u00f3k 100% pamutb\u00f3l k\u00e9sz\u00fclnek, ami biztos\u00edtja a k\u00e9nyelmet \u00e9s a min\u0151s\u00e9get. <\/strong><\/p>\n<p>A p\u00f3l\u00f3k sz\u00e9les v\u00e1laszt\u00e9k\u00e1t k\u00edn\u00e1ljuk, amelyeket f\u00e9rfiak \u00e9s n\u0151k sz\u00e1m\u00e1ra egyar\u00e1nt el\u00e9rhet\u0151v\u00e9 tett\u00fcnk.<br \/>\nSz\u00ednek \u00e9s m\u00e9retek sz\u00e9les v\u00e1laszt\u00e9k\u00e1t k\u00edn\u00e1ljuk, \u00edgy biztosak lehet\u00fcnk abban, hogy mindenki megtal\u00e1lja a neki tetsz\u0151 darabot.<br \/>\nA P\u00e0ros P\u00f3l\u00f3k t\u00f6k\u00e9letes v\u00e1laszt\u00e1s azoknak, akik szeretik a st\u00edlust \u00e9s az egyedis\u00e9get.<\/p>\n","protected":false},"featured_media":100000033468,"comment_status":"closed","ping_status":"closed","template":"","meta":{"_acf_changed":false,"_uag_custom_page_level_css":""},"product_brand":[],"product_cat":[195,196,198,57,209,58,55,225,42,50],"product_tag":[],"class_list":{"0":"post-6930","1":"product","2":"type-product","3":"status-publish","4":"has-post-thumbnail","6":"product_cat-egyedit-technologia","7":"product_cat-egyedit-tema","8":"product_cat-egyedit-termek","9":"product_cat-himzes","10":"product_cat-himzes-egyedit-technologia","11":"product_cat-paroknak","12":"product_cat-paros-polok","13":"product_cat-polo","14":"product_cat-polok","15":"product_cat-romai-szamos-termekek","16":"pa_ferfi-meret-l","17":"pa_ferfi-meret-m","18":"pa_ferfi-meret-s","19":"pa_ferfi-meret-xl","20":"pa_ferfi-meret-xxl","21":"pa_ferfi-szin-feher","22":"pa_ferfi-szin-fekete","23":"pa_ferfi-szin-vilagos-szurke","24":"pa_noi-meret-l","25":"pa_noi-meret-m","26":"pa_noi-meret-s","27":"pa_noi-meret-xl","28":"pa_noi-meret-xxl","29":"pa_noi-szin-feher","30":"pa_noi-szin-fekete","31":"pa_noi-szin-vilagos-szurke","32":"sales-flash-overlay","33":"woocommerce-text-align-center","34":"woocommerce-image-align-center","35":"do-quantity-buttons","36":"wc-has-gallery","38":"first","39":"instock","40":"taxable","41":"shipping-taxable","42":"purchasable","43":"product-type-simple"},"acf":[],"yoast_head":"<!-- This site is optimized with the Yoast SEO Premium plugin v23.7 (Yoast SEO v27.4) - https:\/\/yoast.com\/product\/yoast-seo-premium-wordpress\/ -->\n<title>R\u00f3mai Sz\u00e1mos P\u00e1ros P\u00f3l\u00f3 - Egyedit<\/title>\n<meta name=\"robots\" content=\"noindex, follow, max-snippet:-1, max-image-preview:large, max-video-preview:-1\" \/>\n<meta property=\"og:locale\" content=\"hu_HU\" \/>\n<meta property=\"og:type\" content=\"article\" \/>\n<meta property=\"og:title\" content=\"R\u00f3mai Sz\u00e1mos P\u00e1ros P\u00f3l\u00f3 - Egyedit\" \/>\n<meta property=\"og:description\" content=\"A p\u00f3l\u00f3k 100% pamutb\u00f3l k\u00e9sz\u00fclnek, ami biztos\u00edtja a k\u00e9nyelmet \u00e9s a min\u0151s\u00e9get.   A p\u00f3l\u00f3k sz\u00e9les v\u00e1laszt\u00e9k\u00e1t k\u00edn\u00e1ljuk, amelyeket f\u00e9rfiak \u00e9s n\u0151k sz\u00e1m\u00e1ra egyar\u00e1nt el\u00e9rhet\u0151v\u00e9 tett\u00fcnk. Sz\u00ednek \u00e9s m\u00e9retek sz\u00e9les v\u00e1laszt\u00e9k\u00e1t k\u00edn\u00e1ljuk, \u00edgy biztosak lehet\u00fcnk abban, hogy mindenki megtal\u00e1lja a neki tetsz\u0151 darabot. A P\u00e0ros P\u00f3l\u00f3k t\u00f6k\u00e9letes v\u00e1laszt\u00e1s azoknak, akik szeretik a st\u00edlust \u00e9s az egyedis\u00e9get.\" \/>\n<meta property=\"og:url\" content=\"https:\/\/tradevancehub.hu\/egyedit\/termekek\/romai-szamos-paros-polo\/\" \/>\n<meta property=\"og:site_name\" content=\"Egyedit\" \/>\n<meta property=\"article:modified_time\" content=\"2024-09-30T10:34:03+00:00\" \/>\n<meta name=\"twitter:card\" content=\"summary_large_image\" \/>\n<meta name=\"twitter:label1\" content=\"Becs\u00fclt olvas\u00e1si id\u0151\" \/>\n\t<meta name=\"twitter:data1\" content=\"2 perc\" \/>\n<script type=\"application\/ld+json\" class=\"yoast-schema-graph\">{\"@context\":\"https:\\\/\\\/schema.org\",\"@graph\":[{\"@type\":\"WebPage\",\"@id\":\"https:\\\/\\\/tradevancehub.hu\\\/egyedit\\\/termekek\\\/romai-szamos-paros-polo\\\/\",\"url\":\"https:\\\/\\\/tradevancehub.hu\\\/egyedit\\\/termekek\\\/romai-szamos-paros-polo\\\/\",\"name\":\"R\u00f3mai Sz\u00e1mos P\u00e1ros P\u00f3l\u00f3 - Egyedit\",\"isPartOf\":{\"@id\":\"https:\\\/\\\/tradevancehub.hu\\\/egyedit\\\/#website\"},\"primaryImageOfPage\":{\"@id\":\"https:\\\/\\\/tradevancehub.hu\\\/egyedit\\\/termekek\\\/romai-szamos-paros-polo\\\/#primaryimage\"},\"image\":{\"@id\":\"https:\\\/\\\/tradevancehub.hu\\\/egyedit\\\/termekek\\\/romai-szamos-paros-polo\\\/#primaryimage\"},\"thumbnailUrl\":\"https:\\\/\\\/tradevancehub.hu\\\/egyedit\\\/wp-content\\\/uploads\\\/2023\\\/10\\\/56CB3C26-D7A3-4EE2-A565-0A61C88D28F2.jpeg\",\"datePublished\":\"2023-10-04T19:57:27+00:00\",\"dateModified\":\"2024-09-30T10:34:03+00:00\",\"breadcrumb\":{\"@id\":\"https:\\\/\\\/tradevancehub.hu\\\/egyedit\\\/termekek\\\/romai-szamos-paros-polo\\\/#breadcrumb\"},\"inLanguage\":\"hu\",\"potentialAction\":[{\"@type\":\"ReadAction\",\"target\":[\"https:\\\/\\\/tradevancehub.hu\\\/egyedit\\\/termekek\\\/romai-szamos-paros-polo\\\/\"]}]},{\"@type\":\"ImageObject\",\"inLanguage\":\"hu\",\"@id\":\"https:\\\/\\\/tradevancehub.hu\\\/egyedit\\\/termekek\\\/romai-szamos-paros-polo\\\/#primaryimage\",\"url\":\"https:\\\/\\\/tradevancehub.hu\\\/egyedit\\\/wp-content\\\/uploads\\\/2023\\\/10\\\/56CB3C26-D7A3-4EE2-A565-0A61C88D28F2.jpeg\",\"contentUrl\":\"https:\\\/\\\/tradevancehub.hu\\\/egyedit\\\/wp-content\\\/uploads\\\/2023\\\/10\\\/56CB3C26-D7A3-4EE2-A565-0A61C88D28F2.jpeg\"},{\"@type\":\"BreadcrumbList\",\"@id\":\"https:\\\/\\\/tradevancehub.hu\\\/egyedit\\\/termekek\\\/romai-szamos-paros-polo\\\/#breadcrumb\",\"itemListElement\":[{\"@type\":\"ListItem\",\"position\":1,\"name\":\"Shop\",\"item\":\"https:\\\/\\\/tradevancehub.hu\\\/egyedit\\\/shop\\\/\"},{\"@type\":\"ListItem\",\"position\":2,\"name\":\"R\u00f3mai Sz\u00e1mos P\u00e1ros P\u00f3l\u00f3\"}]},{\"@type\":\"WebSite\",\"@id\":\"https:\\\/\\\/tradevancehub.hu\\\/egyedit\\\/#website\",\"url\":\"https:\\\/\\\/tradevancehub.hu\\\/egyedit\\\/\",\"name\":\"Egyedit\",\"description\":\"\",\"publisher\":{\"@id\":\"https:\\\/\\\/tradevancehub.hu\\\/egyedit\\\/#organization\"},\"potentialAction\":[{\"@type\":\"SearchAction\",\"target\":{\"@type\":\"EntryPoint\",\"urlTemplate\":\"https:\\\/\\\/tradevancehub.hu\\\/egyedit\\\/?s={search_term_string}\"},\"query-input\":{\"@type\":\"PropertyValueSpecification\",\"valueRequired\":true,\"valueName\":\"search_term_string\"}}],\"inLanguage\":\"hu\"},{\"@type\":\"Organization\",\"@id\":\"https:\\\/\\\/tradevancehub.hu\\\/egyedit\\\/#organization\",\"name\":\"Egyedit\",\"url\":\"https:\\\/\\\/tradevancehub.hu\\\/egyedit\\\/\",\"logo\":{\"@type\":\"ImageObject\",\"inLanguage\":\"hu\",\"@id\":\"https:\\\/\\\/tradevancehub.hu\\\/egyedit\\\/#\\\/schema\\\/logo\\\/image\\\/\",\"url\":\"https:\\\/\\\/tradevancehub.hu\\\/egyedit\\\/wp-content\\\/uploads\\\/sites\\\/8\\\/2024\\\/03\\\/Group-1.png\",\"contentUrl\":\"https:\\\/\\\/tradevancehub.hu\\\/egyedit\\\/wp-content\\\/uploads\\\/sites\\\/8\\\/2024\\\/03\\\/Group-1.png\",\"width\":313,\"height\":89,\"caption\":\"Egyedit\"},\"image\":{\"@id\":\"https:\\\/\\\/tradevancehub.hu\\\/egyedit\\\/#\\\/schema\\\/logo\\\/image\\\/\"}}]}<\/script>\n<!-- \/ Yoast SEO Premium plugin. -->","yoast_head_json":{"title":"R\u00f3mai Sz\u00e1mos P\u00e1ros P\u00f3l\u00f3 - Egyedit","robots":{"index":"noindex","follow":"follow","max-snippet":"max-snippet:-1","max-image-preview":"max-image-preview:large","max-video-preview":"max-video-preview:-1"},"og_locale":"hu_HU","og_type":"article","og_title":"R\u00f3mai Sz\u00e1mos P\u00e1ros P\u00f3l\u00f3 - Egyedit","og_description":"A p\u00f3l\u00f3k 100% pamutb\u00f3l k\u00e9sz\u00fclnek, ami biztos\u00edtja a k\u00e9nyelmet \u00e9s a min\u0151s\u00e9get.   A p\u00f3l\u00f3k sz\u00e9les v\u00e1laszt\u00e9k\u00e1t k\u00edn\u00e1ljuk, amelyeket f\u00e9rfiak \u00e9s n\u0151k sz\u00e1m\u00e1ra egyar\u00e1nt el\u00e9rhet\u0151v\u00e9 tett\u00fcnk. Sz\u00ednek \u00e9s m\u00e9retek sz\u00e9les v\u00e1laszt\u00e9k\u00e1t k\u00edn\u00e1ljuk, \u00edgy biztosak lehet\u00fcnk abban, hogy mindenki megtal\u00e1lja a neki tetsz\u0151 darabot. A P\u00e0ros P\u00f3l\u00f3k t\u00f6k\u00e9letes v\u00e1laszt\u00e1s azoknak, akik szeretik a st\u00edlust \u00e9s az egyedis\u00e9get.","og_url":"https:\/\/tradevancehub.hu\/egyedit\/termekek\/romai-szamos-paros-polo\/","og_site_name":"Egyedit","article_modified_time":"2024-09-30T10:34:03+00:00","twitter_card":"summary_large_image","twitter_misc":{"Becs\u00fclt olvas\u00e1si id\u0151":"2 perc"},"schema":{"@context":"https:\/\/schema.org","@graph":[{"@type":"WebPage","@id":"https:\/\/tradevancehub.hu\/egyedit\/termekek\/romai-szamos-paros-polo\/","url":"https:\/\/tradevancehub.hu\/egyedit\/termekek\/romai-szamos-paros-polo\/","name":"R\u00f3mai Sz\u00e1mos P\u00e1ros P\u00f3l\u00f3 - Egyedit","isPartOf":{"@id":"https:\/\/tradevancehub.hu\/egyedit\/#website"},"primaryImageOfPage":{"@id":"https:\/\/tradevancehub.hu\/egyedit\/termekek\/romai-szamos-paros-polo\/#primaryimage"},"image":{"@id":"https:\/\/tradevancehub.hu\/egyedit\/termekek\/romai-szamos-paros-polo\/#primaryimage"},"thumbnailUrl":"https:\/\/tradevancehub.hu\/egyedit\/wp-content\/uploads\/2023\/10\/56CB3C26-D7A3-4EE2-A565-0A61C88D28F2.jpeg","datePublished":"2023-10-04T19:57:27+00:00","dateModified":"2024-09-30T10:34:03+00:00","breadcrumb":{"@id":"https:\/\/tradevancehub.hu\/egyedit\/termekek\/romai-szamos-paros-polo\/#breadcrumb"},"inLanguage":"hu","potentialAction":[{"@type":"ReadAction","target":["https:\/\/tradevancehub.hu\/egyedit\/termekek\/romai-szamos-paros-polo\/"]}]},{"@type":"ImageObject","inLanguage":"hu","@id":"https:\/\/tradevancehub.hu\/egyedit\/termekek\/romai-szamos-paros-polo\/#primaryimage","url":"https:\/\/tradevancehub.hu\/egyedit\/wp-content\/uploads\/2023\/10\/56CB3C26-D7A3-4EE2-A565-0A61C88D28F2.jpeg","contentUrl":"https:\/\/tradevancehub.hu\/egyedit\/wp-content\/uploads\/2023\/10\/56CB3C26-D7A3-4EE2-A565-0A61C88D28F2.jpeg"},{"@type":"BreadcrumbList","@id":"https:\/\/tradevancehub.hu\/egyedit\/termekek\/romai-szamos-paros-polo\/#breadcrumb","itemListElement":[{"@type":"ListItem","position":1,"name":"Shop","item":"https:\/\/tradevancehub.hu\/egyedit\/shop\/"},{"@type":"ListItem","position":2,"name":"R\u00f3mai Sz\u00e1mos P\u00e1ros P\u00f3l\u00f3"}]},{"@type":"WebSite","@id":"https:\/\/tradevancehub.hu\/egyedit\/#website","url":"https:\/\/tradevancehub.hu\/egyedit\/","name":"Egyedit","description":"","publisher":{"@id":"https:\/\/tradevancehub.hu\/egyedit\/#organization"},"potentialAction":[{"@type":"SearchAction","target":{"@type":"EntryPoint","urlTemplate":"https:\/\/tradevancehub.hu\/egyedit\/?s={search_term_string}"},"query-input":{"@type":"PropertyValueSpecification","valueRequired":true,"valueName":"search_term_string"}}],"inLanguage":"hu"},{"@type":"Organization","@id":"https:\/\/tradevancehub.hu\/egyedit\/#organization","name":"Egyedit","url":"https:\/\/tradevancehub.hu\/egyedit\/","logo":{"@type":"ImageObject","inLanguage":"hu","@id":"https:\/\/tradevancehub.hu\/egyedit\/#\/schema\/logo\/image\/","url":"https:\/\/tradevancehub.hu\/egyedit\/wp-content\/uploads\/sites\/8\/2024\/03\/Group-1.png","contentUrl":"https:\/\/tradevancehub.hu\/egyedit\/wp-content\/uploads\/sites\/8\/2024\/03\/Group-1.png","width":313,"height":89,"caption":"Egyedit"},"image":{"@id":"https:\/\/tradevancehub.hu\/egyedit\/#\/schema\/logo\/image\/"}}]}},"uagb_featured_image_src":{"full":["https:\/\/tradevancehub.hu\/egyedit\/wp-content\/uploads\/2023\/10\/56CB3C26-D7A3-4EE2-A565-0A61C88D28F2.jpeg",1284,1039,false],"thumbnail":["https:\/\/tradevancehub.hu\/egyedit\/wp-content\/uploads\/2023\/10\/56CB3C26-D7A3-4EE2-A565-0A61C88D28F2-150x150.jpeg",150,150,true],"medium":["https:\/\/tradevancehub.hu\/egyedit\/wp-content\/uploads\/2023\/10\/56CB3C26-D7A3-4EE2-A565-0A61C88D28F2-300x243.jpeg",300,243,true],"medium_large":["https:\/\/tradevancehub.hu\/egyedit\/wp-content\/uploads\/2023\/10\/56CB3C26-D7A3-4EE2-A565-0A61C88D28F2-768x621.jpeg",768,621,true],"large":["https:\/\/tradevancehub.hu\/egyedit\/wp-content\/uploads\/2023\/10\/56CB3C26-D7A3-4EE2-A565-0A61C88D28F2-1024x829.jpeg",1024,829,true],"1536x1536":["https:\/\/tradevancehub.hu\/egyedit\/wp-content\/uploads\/2023\/10\/56CB3C26-D7A3-4EE2-A565-0A61C88D28F2.jpeg",1284,1039,false],"2048x2048":["https:\/\/tradevancehub.hu\/egyedit\/wp-content\/uploads\/2023\/10\/56CB3C26-D7A3-4EE2-A565-0A61C88D28F2.jpeg",1284,1039,false],"woocommerce_thumbnail":["https:\/\/tradevancehub.hu\/egyedit\/wp-content\/uploads\/2023\/10\/56CB3C26-D7A3-4EE2-A565-0A61C88D28F2-300x300.jpeg",300,300,true],"woocommerce_single":["https:\/\/tradevancehub.hu\/egyedit\/wp-content\/uploads\/2023\/10\/56CB3C26-D7A3-4EE2-A565-0A61C88D28F2-600x486.jpeg",600,486,true],"woocommerce_gallery_thumbnail":["https:\/\/tradevancehub.hu\/egyedit\/wp-content\/uploads\/2023\/10\/56CB3C26-D7A3-4EE2-A565-0A61C88D28F2-100x100.jpeg",100,100,true]},"uagb_author_info":{"display_name":"","author_link":"https:\/\/tradevancehub.hu\/egyedit\/author\/"},"uagb_comment_info":0,"uagb_excerpt":"A p\u00f3l\u00f3k 100% pamutb\u00f3l k\u00e9sz\u00fclnek, ami biztos\u00edtja a k\u00e9nyelmet \u00e9s a min\u0151s\u00e9get. A p\u00f3l\u00f3k sz\u00e9les v\u00e1laszt\u00e9k\u00e1t k\u00edn\u00e1ljuk, amelyeket f\u00e9rfiak \u00e9s n\u0151k sz\u00e1m\u00e1ra egyar\u00e1nt el\u00e9rhet\u0151v\u00e9 tett\u00fcnk. Sz\u00ednek \u00e9s m\u00e9retek sz\u00e9les v\u00e1laszt\u00e9k\u00e1t k\u00edn\u00e1ljuk, \u00edgy biztosak lehet\u00fcnk abban, hogy mindenki megtal\u00e1lja a neki tetsz\u0151 darabot. A P\u00e0ros P\u00f3l\u00f3k t\u00f6k\u00e9letes v\u00e1laszt\u00e1s azoknak, akik szeretik a st\u00edlust \u00e9s az egyedis\u00e9get.","_links":{"self":[{"href":"https:\/\/tradevancehub.hu\/egyedit\/wp-json\/wp\/v2\/product\/6930","targetHints":{"allow":["GET"]}}],"collection":[{"href":"https:\/\/tradevancehub.hu\/egyedit\/wp-json\/wp\/v2\/product"}],"about":[{"href":"https:\/\/tradevancehub.hu\/egyedit\/wp-json\/wp\/v2\/types\/product"}],"replies":[{"embeddable":true,"href":"https:\/\/tradevancehub.hu\/egyedit\/wp-json\/wp\/v2\/comments?post=6930"}],"wp:featuredmedia":[{"embeddable":true,"href":"https:\/\/tradevancehub.hu\/egyedit\/wp-json\/"}],"wp:attachment":[{"href":"https:\/\/tradevancehub.hu\/egyedit\/wp-json\/wp\/v2\/media?parent=6930"}],"wp:term":[{"taxonomy":"product_brand","embeddable":true,"href":"https:\/\/tradevancehub.hu\/egyedit\/wp-json\/wp\/v2\/product_brand?post=6930"},{"taxonomy":"product_cat","embeddable":true,"href":"https:\/\/tradevancehub.hu\/egyedit\/wp-json\/wp\/v2\/product_cat?post=6930"},{"taxonomy":"product_tag","embeddable":true,"href":"https:\/\/tradevancehub.hu\/egyedit\/wp-json\/wp\/v2\/product_tag?post=6930"}],"curies":[{"name":"wp","href":"https:\/\/api.w.org\/{rel}","templated":true}]}}