{"id":4896,"date":"2023-10-05T16:39:44","date_gmt":"2023-10-05T16:39:44","guid":{"rendered":"https:\/\/egyedit.hu\/product\/tapsi-hapsi-lola-nyuszi-paros-polo\/"},"modified":"2024-09-30T10:19:36","modified_gmt":"2024-09-30T10:19:36","slug":"tapsi-hapsi-lola-nyuszi-paros-polo","status":"publish","type":"product","link":"https:\/\/tradevancehub.hu\/egyedit\/termekek\/tapsi-hapsi-lola-nyuszi-paros-polo\/","title":{"rendered":"Tapsi Hapsi &#038; Lola Nyuszi P\u00e1ros P\u00f3l\u00f3"},"content":{"rendered":"<p><strong>Figyelem!<\/strong> (Az anyag magas h\u0151fokon hamarabb amortiz\u00e1l\u00f3dik.)<br \/>\nIde\u00e1lis h\u0151fok mos\u00e1shoz:<br \/>\nSz\u00ednes: 30\u00baC<br \/>\nFeh\u00e9r: 40\u00baC<br \/>\n<strong>K\u00e9r\u00fcnk t\u00e9ged, hogy figyelmesen n\u00e9zd \u00e1t a m\u00e9ret \u00e9s sz\u00edn t\u00e1bl\u00e1zatot!<\/strong><\/p>\n","protected":false},"excerpt":{"rendered":"<p>Legyen ti\u00e9tek a legmen\u0151bb p\u00e1ros p\u00f3l\u00f3 TapsiHapsival \u00e9s LolaNyuszival!<br \/>\n<strong>H\u00edmzett mint\u00e1val, min\u0151s\u00e9gi p\u00f3l\u00f3val.<\/strong><\/p>\n","protected":false},"featured_media":100000033460,"comment_status":"closed","ping_status":"closed","template":"","meta":{"_acf_changed":false,"_uag_custom_page_level_css":""},"product_brand":[],"product_cat":[195,196,198,209,57,58,225,42],"product_tag":[],"class_list":{"0":"post-4896","1":"product","2":"type-product","3":"status-publish","4":"has-post-thumbnail","6":"product_cat-egyedit-technologia","7":"product_cat-egyedit-tema","8":"product_cat-egyedit-termek","9":"product_cat-himzes-egyedit-technologia","10":"product_cat-himzes","11":"product_cat-paroknak","12":"product_cat-polo","13":"product_cat-polok","14":"pa_ferfi-meret-l","15":"pa_ferfi-meret-m","16":"pa_ferfi-meret-s","17":"pa_ferfi-meret-xl","18":"pa_ferfi-meret-xxl","19":"pa_ferfi-szin-feher","20":"pa_ferfi-szin-fekete","21":"pa_ferfi-szin-vilagos-szurke","22":"pa_noi-meret-l","23":"pa_noi-meret-m","24":"pa_noi-meret-s","25":"pa_noi-meret-xl","26":"pa_noi-meret-xxl","27":"pa_noi-szin-feher","28":"pa_noi-szin-fekete","29":"pa_noi-szin-vilagos-szurke","30":"sales-flash-overlay","31":"woocommerce-text-align-center","32":"woocommerce-image-align-center","33":"do-quantity-buttons","34":"wc-has-gallery","36":"first","37":"instock","38":"taxable","39":"shipping-taxable","40":"purchasable","41":"product-type-simple"},"acf":[],"yoast_head":"<!-- This site is optimized with the Yoast SEO Premium plugin v23.7 (Yoast SEO v27.4) - https:\/\/yoast.com\/product\/yoast-seo-premium-wordpress\/ -->\n<title>Tapsi Hapsi &amp; Lola Nyuszi P\u00e1ros P\u00f3l\u00f3 - Egyedit<\/title>\n<meta name=\"robots\" content=\"noindex, follow, max-snippet:-1, max-image-preview:large, max-video-preview:-1\" \/>\n<meta property=\"og:locale\" content=\"hu_HU\" \/>\n<meta property=\"og:type\" content=\"article\" \/>\n<meta property=\"og:title\" content=\"Tapsi Hapsi &amp; Lola Nyuszi P\u00e1ros P\u00f3l\u00f3 - Egyedit\" \/>\n<meta property=\"og:description\" content=\"Legyen ti\u00e9tek a legmen\u0151bb p\u00e1ros p\u00f3l\u00f3 TapsiHapsival \u00e9s LolaNyuszival! H\u00edmzett mint\u00e1val, min\u0151s\u00e9gi p\u00f3l\u00f3val.\" \/>\n<meta property=\"og:url\" content=\"https:\/\/tradevancehub.hu\/egyedit\/termekek\/tapsi-hapsi-lola-nyuszi-paros-polo\/\" \/>\n<meta property=\"og:site_name\" content=\"Egyedit\" \/>\n<meta property=\"article:modified_time\" content=\"2024-09-30T10:19:36+00:00\" \/>\n<meta name=\"twitter:card\" content=\"summary_large_image\" \/>\n<meta name=\"twitter:label1\" content=\"Becs\u00fclt olvas\u00e1si id\u0151\" \/>\n\t<meta name=\"twitter:data1\" content=\"2 perc\" \/>\n<script type=\"application\/ld+json\" class=\"yoast-schema-graph\">{\"@context\":\"https:\\\/\\\/schema.org\",\"@graph\":[{\"@type\":\"WebPage\",\"@id\":\"https:\\\/\\\/tradevancehub.hu\\\/egyedit\\\/termekek\\\/tapsi-hapsi-lola-nyuszi-paros-polo\\\/\",\"url\":\"https:\\\/\\\/tradevancehub.hu\\\/egyedit\\\/termekek\\\/tapsi-hapsi-lola-nyuszi-paros-polo\\\/\",\"name\":\"Tapsi Hapsi & Lola Nyuszi P\u00e1ros P\u00f3l\u00f3 - Egyedit\",\"isPartOf\":{\"@id\":\"https:\\\/\\\/tradevancehub.hu\\\/egyedit\\\/#website\"},\"primaryImageOfPage\":{\"@id\":\"https:\\\/\\\/tradevancehub.hu\\\/egyedit\\\/termekek\\\/tapsi-hapsi-lola-nyuszi-paros-polo\\\/#primaryimage\"},\"image\":{\"@id\":\"https:\\\/\\\/tradevancehub.hu\\\/egyedit\\\/termekek\\\/tapsi-hapsi-lola-nyuszi-paros-polo\\\/#primaryimage\"},\"thumbnailUrl\":\"https:\\\/\\\/tradevancehub.hu\\\/egyedit\\\/wp-content\\\/uploads\\\/2023\\\/10\\\/buggs-bunny-2-.jpg\",\"datePublished\":\"2023-10-05T16:39:44+00:00\",\"dateModified\":\"2024-09-30T10:19:36+00:00\",\"breadcrumb\":{\"@id\":\"https:\\\/\\\/tradevancehub.hu\\\/egyedit\\\/termekek\\\/tapsi-hapsi-lola-nyuszi-paros-polo\\\/#breadcrumb\"},\"inLanguage\":\"hu\",\"potentialAction\":[{\"@type\":\"ReadAction\",\"target\":[\"https:\\\/\\\/tradevancehub.hu\\\/egyedit\\\/termekek\\\/tapsi-hapsi-lola-nyuszi-paros-polo\\\/\"]}]},{\"@type\":\"ImageObject\",\"inLanguage\":\"hu\",\"@id\":\"https:\\\/\\\/tradevancehub.hu\\\/egyedit\\\/termekek\\\/tapsi-hapsi-lola-nyuszi-paros-polo\\\/#primaryimage\",\"url\":\"https:\\\/\\\/tradevancehub.hu\\\/egyedit\\\/wp-content\\\/uploads\\\/2023\\\/10\\\/buggs-bunny-2-.jpg\",\"contentUrl\":\"https:\\\/\\\/tradevancehub.hu\\\/egyedit\\\/wp-content\\\/uploads\\\/2023\\\/10\\\/buggs-bunny-2-.jpg\"},{\"@type\":\"BreadcrumbList\",\"@id\":\"https:\\\/\\\/tradevancehub.hu\\\/egyedit\\\/termekek\\\/tapsi-hapsi-lola-nyuszi-paros-polo\\\/#breadcrumb\",\"itemListElement\":[{\"@type\":\"ListItem\",\"position\":1,\"name\":\"Shop\",\"item\":\"https:\\\/\\\/tradevancehub.hu\\\/egyedit\\\/shop\\\/\"},{\"@type\":\"ListItem\",\"position\":2,\"name\":\"Tapsi Hapsi &#038; Lola Nyuszi P\u00e1ros P\u00f3l\u00f3\"}]},{\"@type\":\"WebSite\",\"@id\":\"https:\\\/\\\/tradevancehub.hu\\\/egyedit\\\/#website\",\"url\":\"https:\\\/\\\/tradevancehub.hu\\\/egyedit\\\/\",\"name\":\"Egyedit\",\"description\":\"\",\"publisher\":{\"@id\":\"https:\\\/\\\/tradevancehub.hu\\\/egyedit\\\/#organization\"},\"potentialAction\":[{\"@type\":\"SearchAction\",\"target\":{\"@type\":\"EntryPoint\",\"urlTemplate\":\"https:\\\/\\\/tradevancehub.hu\\\/egyedit\\\/?s={search_term_string}\"},\"query-input\":{\"@type\":\"PropertyValueSpecification\",\"valueRequired\":true,\"valueName\":\"search_term_string\"}}],\"inLanguage\":\"hu\"},{\"@type\":\"Organization\",\"@id\":\"https:\\\/\\\/tradevancehub.hu\\\/egyedit\\\/#organization\",\"name\":\"Egyedit\",\"url\":\"https:\\\/\\\/tradevancehub.hu\\\/egyedit\\\/\",\"logo\":{\"@type\":\"ImageObject\",\"inLanguage\":\"hu\",\"@id\":\"https:\\\/\\\/tradevancehub.hu\\\/egyedit\\\/#\\\/schema\\\/logo\\\/image\\\/\",\"url\":\"https:\\\/\\\/tradevancehub.hu\\\/egyedit\\\/wp-content\\\/uploads\\\/sites\\\/8\\\/2024\\\/03\\\/Group-1.png\",\"contentUrl\":\"https:\\\/\\\/tradevancehub.hu\\\/egyedit\\\/wp-content\\\/uploads\\\/sites\\\/8\\\/2024\\\/03\\\/Group-1.png\",\"width\":313,\"height\":89,\"caption\":\"Egyedit\"},\"image\":{\"@id\":\"https:\\\/\\\/tradevancehub.hu\\\/egyedit\\\/#\\\/schema\\\/logo\\\/image\\\/\"}}]}<\/script>\n<!-- \/ Yoast SEO Premium plugin. -->","yoast_head_json":{"title":"Tapsi Hapsi & Lola Nyuszi P\u00e1ros P\u00f3l\u00f3 - Egyedit","robots":{"index":"noindex","follow":"follow","max-snippet":"max-snippet:-1","max-image-preview":"max-image-preview:large","max-video-preview":"max-video-preview:-1"},"og_locale":"hu_HU","og_type":"article","og_title":"Tapsi Hapsi & Lola Nyuszi P\u00e1ros P\u00f3l\u00f3 - Egyedit","og_description":"Legyen ti\u00e9tek a legmen\u0151bb p\u00e1ros p\u00f3l\u00f3 TapsiHapsival \u00e9s LolaNyuszival! H\u00edmzett mint\u00e1val, min\u0151s\u00e9gi p\u00f3l\u00f3val.","og_url":"https:\/\/tradevancehub.hu\/egyedit\/termekek\/tapsi-hapsi-lola-nyuszi-paros-polo\/","og_site_name":"Egyedit","article_modified_time":"2024-09-30T10:19:36+00:00","twitter_card":"summary_large_image","twitter_misc":{"Becs\u00fclt olvas\u00e1si id\u0151":"2 perc"},"schema":{"@context":"https:\/\/schema.org","@graph":[{"@type":"WebPage","@id":"https:\/\/tradevancehub.hu\/egyedit\/termekek\/tapsi-hapsi-lola-nyuszi-paros-polo\/","url":"https:\/\/tradevancehub.hu\/egyedit\/termekek\/tapsi-hapsi-lola-nyuszi-paros-polo\/","name":"Tapsi Hapsi & Lola Nyuszi P\u00e1ros P\u00f3l\u00f3 - Egyedit","isPartOf":{"@id":"https:\/\/tradevancehub.hu\/egyedit\/#website"},"primaryImageOfPage":{"@id":"https:\/\/tradevancehub.hu\/egyedit\/termekek\/tapsi-hapsi-lola-nyuszi-paros-polo\/#primaryimage"},"image":{"@id":"https:\/\/tradevancehub.hu\/egyedit\/termekek\/tapsi-hapsi-lola-nyuszi-paros-polo\/#primaryimage"},"thumbnailUrl":"https:\/\/tradevancehub.hu\/egyedit\/wp-content\/uploads\/2023\/10\/buggs-bunny-2-.jpg","datePublished":"2023-10-05T16:39:44+00:00","dateModified":"2024-09-30T10:19:36+00:00","breadcrumb":{"@id":"https:\/\/tradevancehub.hu\/egyedit\/termekek\/tapsi-hapsi-lola-nyuszi-paros-polo\/#breadcrumb"},"inLanguage":"hu","potentialAction":[{"@type":"ReadAction","target":["https:\/\/tradevancehub.hu\/egyedit\/termekek\/tapsi-hapsi-lola-nyuszi-paros-polo\/"]}]},{"@type":"ImageObject","inLanguage":"hu","@id":"https:\/\/tradevancehub.hu\/egyedit\/termekek\/tapsi-hapsi-lola-nyuszi-paros-polo\/#primaryimage","url":"https:\/\/tradevancehub.hu\/egyedit\/wp-content\/uploads\/2023\/10\/buggs-bunny-2-.jpg","contentUrl":"https:\/\/tradevancehub.hu\/egyedit\/wp-content\/uploads\/2023\/10\/buggs-bunny-2-.jpg"},{"@type":"BreadcrumbList","@id":"https:\/\/tradevancehub.hu\/egyedit\/termekek\/tapsi-hapsi-lola-nyuszi-paros-polo\/#breadcrumb","itemListElement":[{"@type":"ListItem","position":1,"name":"Shop","item":"https:\/\/tradevancehub.hu\/egyedit\/shop\/"},{"@type":"ListItem","position":2,"name":"Tapsi Hapsi &#038; Lola Nyuszi P\u00e1ros P\u00f3l\u00f3"}]},{"@type":"WebSite","@id":"https:\/\/tradevancehub.hu\/egyedit\/#website","url":"https:\/\/tradevancehub.hu\/egyedit\/","name":"Egyedit","description":"","publisher":{"@id":"https:\/\/tradevancehub.hu\/egyedit\/#organization"},"potentialAction":[{"@type":"SearchAction","target":{"@type":"EntryPoint","urlTemplate":"https:\/\/tradevancehub.hu\/egyedit\/?s={search_term_string}"},"query-input":{"@type":"PropertyValueSpecification","valueRequired":true,"valueName":"search_term_string"}}],"inLanguage":"hu"},{"@type":"Organization","@id":"https:\/\/tradevancehub.hu\/egyedit\/#organization","name":"Egyedit","url":"https:\/\/tradevancehub.hu\/egyedit\/","logo":{"@type":"ImageObject","inLanguage":"hu","@id":"https:\/\/tradevancehub.hu\/egyedit\/#\/schema\/logo\/image\/","url":"https:\/\/tradevancehub.hu\/egyedit\/wp-content\/uploads\/sites\/8\/2024\/03\/Group-1.png","contentUrl":"https:\/\/tradevancehub.hu\/egyedit\/wp-content\/uploads\/sites\/8\/2024\/03\/Group-1.png","width":313,"height":89,"caption":"Egyedit"},"image":{"@id":"https:\/\/tradevancehub.hu\/egyedit\/#\/schema\/logo\/image\/"}}]}},"uagb_featured_image_src":{"full":["https:\/\/tradevancehub.hu\/egyedit\/wp-content\/uploads\/2023\/10\/buggs-bunny-2-.jpg",1125,912,false],"thumbnail":["https:\/\/tradevancehub.hu\/egyedit\/wp-content\/uploads\/2023\/10\/buggs-bunny-2--150x150.jpg",150,150,true],"medium":["https:\/\/tradevancehub.hu\/egyedit\/wp-content\/uploads\/2023\/10\/buggs-bunny-2--300x243.jpg",300,243,true],"medium_large":["https:\/\/tradevancehub.hu\/egyedit\/wp-content\/uploads\/2023\/10\/buggs-bunny-2--768x623.jpg",768,623,true],"large":["https:\/\/tradevancehub.hu\/egyedit\/wp-content\/uploads\/2023\/10\/buggs-bunny-2--1024x830.jpg",1024,830,true],"1536x1536":["https:\/\/tradevancehub.hu\/egyedit\/wp-content\/uploads\/2023\/10\/buggs-bunny-2-.jpg",1125,912,false],"2048x2048":["https:\/\/tradevancehub.hu\/egyedit\/wp-content\/uploads\/2023\/10\/buggs-bunny-2-.jpg",1125,912,false],"woocommerce_thumbnail":["https:\/\/tradevancehub.hu\/egyedit\/wp-content\/uploads\/2023\/10\/buggs-bunny-2--300x300.jpg",300,300,true],"woocommerce_single":["https:\/\/tradevancehub.hu\/egyedit\/wp-content\/uploads\/2023\/10\/buggs-bunny-2--600x486.jpg",600,486,true],"woocommerce_gallery_thumbnail":["https:\/\/tradevancehub.hu\/egyedit\/wp-content\/uploads\/2023\/10\/buggs-bunny-2--100x100.jpg",100,100,true]},"uagb_author_info":{"display_name":"","author_link":"https:\/\/tradevancehub.hu\/egyedit\/author\/"},"uagb_comment_info":0,"uagb_excerpt":"Legyen ti\u00e9tek a legmen\u0151bb p\u00e1ros p\u00f3l\u00f3 TapsiHapsival \u00e9s LolaNyuszival! H\u00edmzett mint\u00e1val, min\u0151s\u00e9gi p\u00f3l\u00f3val.","_links":{"self":[{"href":"https:\/\/tradevancehub.hu\/egyedit\/wp-json\/wp\/v2\/product\/4896","targetHints":{"allow":["GET"]}}],"collection":[{"href":"https:\/\/tradevancehub.hu\/egyedit\/wp-json\/wp\/v2\/product"}],"about":[{"href":"https:\/\/tradevancehub.hu\/egyedit\/wp-json\/wp\/v2\/types\/product"}],"replies":[{"embeddable":true,"href":"https:\/\/tradevancehub.hu\/egyedit\/wp-json\/wp\/v2\/comments?post=4896"}],"wp:featuredmedia":[{"embeddable":true,"href":"https:\/\/tradevancehub.hu\/egyedit\/wp-json\/"}],"wp:attachment":[{"href":"https:\/\/tradevancehub.hu\/egyedit\/wp-json\/wp\/v2\/media?parent=4896"}],"wp:term":[{"taxonomy":"product_brand","embeddable":true,"href":"https:\/\/tradevancehub.hu\/egyedit\/wp-json\/wp\/v2\/product_brand?post=4896"},{"taxonomy":"product_cat","embeddable":true,"href":"https:\/\/tradevancehub.hu\/egyedit\/wp-json\/wp\/v2\/product_cat?post=4896"},{"taxonomy":"product_tag","embeddable":true,"href":"https:\/\/tradevancehub.hu\/egyedit\/wp-json\/wp\/v2\/product_tag?post=4896"}],"curies":[{"name":"wp","href":"https:\/\/api.w.org\/{rel}","templated":true}]}}