{"id":1068,"date":"2023-10-26T17:10:37","date_gmt":"2023-10-26T17:10:37","guid":{"rendered":"https:\/\/egyedit.hu\/product\/egyedi-szoveges-sapi\/"},"modified":"2024-09-30T09:57:11","modified_gmt":"2024-09-30T09:57:11","slug":"egyedi-szoveges-sapi","status":"publish","type":"product","link":"https:\/\/tradevancehub.hu\/egyedit\/termekek\/egyedi-szoveges-sapi\/","title":{"rendered":"Egyedi sz\u00f6veges sapi"},"content":{"rendered":"<p><span style=\"font-size: 16px;\">Ezzel a sapk\u00e1val <strong>lehet\u0151s\u00e9ged van saj\u00e1t \u00fczenetet vagy nevet h\u00edmezni r\u00e1<\/strong>, \u00edgy teljesen szem\u00e9lyre szabhatod azt. Legyen az egy kedves id\u00e9zet, vicces sz\u00f3vicc vagy egyszer\u0171en csak a neved \u2013 a v\u00e1laszt\u00e1s a ti\u00e9d. Emellett a sapka <strong>k\u00e9nyelmes viselet<\/strong> \u00e9s hat\u00e9konyan v\u00e9di a fejedet a hideg t\u00e9li id\u0151j\u00e1r\u00e1st\u00f3l.<\/span><\/p>\n","protected":false},"excerpt":{"rendered":"<p>Egyedi sz\u00f6veggel ell\u00e1tott h\u00edmzett sapka: a st\u00edlus \u00e9s szem\u00e9lyess\u00e9g t\u00f6k\u00e9letes kombin\u00e1ci\u00f3ja!<\/p>\n<p>V\u00e1laszd ezt a sapk\u00e1t, hogy<strong> st\u00edlusosan \u00e9s egyedien fejezd ki \u00f6nmagadat!<\/strong><\/p>\n","protected":false},"featured_media":100000033486,"comment_status":"open","ping_status":"closed","template":"","meta":{"_acf_changed":false,"_uag_custom_page_level_css":""},"product_brand":[],"product_cat":[195,196,198,209,57,36,228,243,221,232],"product_tag":[],"class_list":{"0":"post-1068","1":"product","2":"type-product","3":"status-publish","4":"has-post-thumbnail","6":"product_cat-egyedit-technologia","7":"product_cat-egyedit-tema","8":"product_cat-egyedit-termek","9":"product_cat-himzes-egyedit-technologia","10":"product_cat-himzes","11":"product_cat-sapik","12":"product_cat-sapka-egyedit-termek","13":"product_cat-szeretteinknek","14":"product_cat-szezonalis","15":"product_cat-tel","16":"pa_himzes-szine-barna","17":"pa_himzes-szine-feher","18":"pa_himzes-szine-fekete","19":"pa_himzes-szine-kek","20":"pa_himzes-szine-lila","21":"pa_himzes-szine-narancssarga","22":"pa_himzes-szine-rozsaszin","23":"pa_himzes-szine-sarga","24":"pa_himzes-szine-zold","25":"pa_sapka-szin-barna","26":"pa_sapka-szin-feher","27":"pa_sapka-szin-fekete","28":"pa_sapka-szin-kek","29":"pa_sapka-szin-piros","30":"pa_sapka-szin-rozsaszin","31":"pa_sapka-szin-szurke","32":"pa_sapka-szin-zold","33":"sales-flash-overlay","34":"woocommerce-text-align-center","35":"woocommerce-image-align-center","36":"do-quantity-buttons","37":"wc-has-gallery","39":"first","40":"instock","41":"taxable","42":"shipping-taxable","43":"purchasable","44":"product-type-simple"},"acf":[],"yoast_head":"<!-- This site is optimized with the Yoast SEO Premium plugin v23.7 (Yoast SEO v27.4) - https:\/\/yoast.com\/product\/yoast-seo-premium-wordpress\/ -->\n<title>Egyedi sz\u00f6veges sapi - Egyedit<\/title>\n<meta name=\"robots\" content=\"noindex, follow, max-snippet:-1, max-image-preview:large, max-video-preview:-1\" \/>\n<meta property=\"og:locale\" content=\"hu_HU\" \/>\n<meta property=\"og:type\" content=\"article\" \/>\n<meta property=\"og:title\" content=\"Egyedi sz\u00f6veges sapi - Egyedit\" \/>\n<meta property=\"og:description\" content=\"Egyedi sz\u00f6veggel ell\u00e1tott h\u00edmzett sapka: a st\u00edlus \u00e9s szem\u00e9lyess\u00e9g t\u00f6k\u00e9letes kombin\u00e1ci\u00f3ja!  V\u00e1laszd ezt a sapk\u00e1t, hogy st\u00edlusosan \u00e9s egyedien fejezd ki \u00f6nmagadat!\" \/>\n<meta property=\"og:url\" content=\"https:\/\/tradevancehub.hu\/egyedit\/termekek\/egyedi-szoveges-sapi\/\" \/>\n<meta property=\"og:site_name\" content=\"Egyedit\" \/>\n<meta property=\"article:modified_time\" content=\"2024-09-30T09:57:11+00:00\" \/>\n<meta name=\"twitter:card\" content=\"summary_large_image\" \/>\n<meta name=\"twitter:label1\" content=\"Becs\u00fclt olvas\u00e1si id\u0151\" \/>\n\t<meta name=\"twitter:data1\" content=\"1 perc\" \/>\n<script type=\"application\/ld+json\" class=\"yoast-schema-graph\">{\"@context\":\"https:\\\/\\\/schema.org\",\"@graph\":[{\"@type\":\"WebPage\",\"@id\":\"https:\\\/\\\/tradevancehub.hu\\\/egyedit\\\/termekek\\\/egyedi-szoveges-sapi\\\/\",\"url\":\"https:\\\/\\\/tradevancehub.hu\\\/egyedit\\\/termekek\\\/egyedi-szoveges-sapi\\\/\",\"name\":\"Egyedi sz\u00f6veges sapi - Egyedit\",\"isPartOf\":{\"@id\":\"https:\\\/\\\/tradevancehub.hu\\\/egyedit\\\/#website\"},\"primaryImageOfPage\":{\"@id\":\"https:\\\/\\\/tradevancehub.hu\\\/egyedit\\\/termekek\\\/egyedi-szoveges-sapi\\\/#primaryimage\"},\"image\":{\"@id\":\"https:\\\/\\\/tradevancehub.hu\\\/egyedit\\\/termekek\\\/egyedi-szoveges-sapi\\\/#primaryimage\"},\"thumbnailUrl\":\"https:\\\/\\\/tradevancehub.hu\\\/egyedit\\\/wp-content\\\/uploads\\\/2023\\\/10\\\/396574265_290587657220837_8581249233679051951_n.jpg\",\"datePublished\":\"2023-10-26T17:10:37+00:00\",\"dateModified\":\"2024-09-30T09:57:11+00:00\",\"breadcrumb\":{\"@id\":\"https:\\\/\\\/tradevancehub.hu\\\/egyedit\\\/termekek\\\/egyedi-szoveges-sapi\\\/#breadcrumb\"},\"inLanguage\":\"hu\",\"potentialAction\":[{\"@type\":\"ReadAction\",\"target\":[\"https:\\\/\\\/tradevancehub.hu\\\/egyedit\\\/termekek\\\/egyedi-szoveges-sapi\\\/\"]}]},{\"@type\":\"ImageObject\",\"inLanguage\":\"hu\",\"@id\":\"https:\\\/\\\/tradevancehub.hu\\\/egyedit\\\/termekek\\\/egyedi-szoveges-sapi\\\/#primaryimage\",\"url\":\"https:\\\/\\\/tradevancehub.hu\\\/egyedit\\\/wp-content\\\/uploads\\\/2023\\\/10\\\/396574265_290587657220837_8581249233679051951_n.jpg\",\"contentUrl\":\"https:\\\/\\\/tradevancehub.hu\\\/egyedit\\\/wp-content\\\/uploads\\\/2023\\\/10\\\/396574265_290587657220837_8581249233679051951_n.jpg\"},{\"@type\":\"BreadcrumbList\",\"@id\":\"https:\\\/\\\/tradevancehub.hu\\\/egyedit\\\/termekek\\\/egyedi-szoveges-sapi\\\/#breadcrumb\",\"itemListElement\":[{\"@type\":\"ListItem\",\"position\":1,\"name\":\"Shop\",\"item\":\"https:\\\/\\\/tradevancehub.hu\\\/egyedit\\\/shop\\\/\"},{\"@type\":\"ListItem\",\"position\":2,\"name\":\"Egyedi sz\u00f6veges sapi\"}]},{\"@type\":\"WebSite\",\"@id\":\"https:\\\/\\\/tradevancehub.hu\\\/egyedit\\\/#website\",\"url\":\"https:\\\/\\\/tradevancehub.hu\\\/egyedit\\\/\",\"name\":\"Egyedit\",\"description\":\"\",\"publisher\":{\"@id\":\"https:\\\/\\\/tradevancehub.hu\\\/egyedit\\\/#organization\"},\"potentialAction\":[{\"@type\":\"SearchAction\",\"target\":{\"@type\":\"EntryPoint\",\"urlTemplate\":\"https:\\\/\\\/tradevancehub.hu\\\/egyedit\\\/?s={search_term_string}\"},\"query-input\":{\"@type\":\"PropertyValueSpecification\",\"valueRequired\":true,\"valueName\":\"search_term_string\"}}],\"inLanguage\":\"hu\"},{\"@type\":\"Organization\",\"@id\":\"https:\\\/\\\/tradevancehub.hu\\\/egyedit\\\/#organization\",\"name\":\"Egyedit\",\"url\":\"https:\\\/\\\/tradevancehub.hu\\\/egyedit\\\/\",\"logo\":{\"@type\":\"ImageObject\",\"inLanguage\":\"hu\",\"@id\":\"https:\\\/\\\/tradevancehub.hu\\\/egyedit\\\/#\\\/schema\\\/logo\\\/image\\\/\",\"url\":\"https:\\\/\\\/tradevancehub.hu\\\/egyedit\\\/wp-content\\\/uploads\\\/sites\\\/8\\\/2024\\\/03\\\/Group-1.png\",\"contentUrl\":\"https:\\\/\\\/tradevancehub.hu\\\/egyedit\\\/wp-content\\\/uploads\\\/sites\\\/8\\\/2024\\\/03\\\/Group-1.png\",\"width\":313,\"height\":89,\"caption\":\"Egyedit\"},\"image\":{\"@id\":\"https:\\\/\\\/tradevancehub.hu\\\/egyedit\\\/#\\\/schema\\\/logo\\\/image\\\/\"}}]}<\/script>\n<!-- \/ Yoast SEO Premium plugin. -->","yoast_head_json":{"title":"Egyedi sz\u00f6veges sapi - Egyedit","robots":{"index":"noindex","follow":"follow","max-snippet":"max-snippet:-1","max-image-preview":"max-image-preview:large","max-video-preview":"max-video-preview:-1"},"og_locale":"hu_HU","og_type":"article","og_title":"Egyedi sz\u00f6veges sapi - Egyedit","og_description":"Egyedi sz\u00f6veggel ell\u00e1tott h\u00edmzett sapka: a st\u00edlus \u00e9s szem\u00e9lyess\u00e9g t\u00f6k\u00e9letes kombin\u00e1ci\u00f3ja!  V\u00e1laszd ezt a sapk\u00e1t, hogy st\u00edlusosan \u00e9s egyedien fejezd ki \u00f6nmagadat!","og_url":"https:\/\/tradevancehub.hu\/egyedit\/termekek\/egyedi-szoveges-sapi\/","og_site_name":"Egyedit","article_modified_time":"2024-09-30T09:57:11+00:00","twitter_card":"summary_large_image","twitter_misc":{"Becs\u00fclt olvas\u00e1si id\u0151":"1 perc"},"schema":{"@context":"https:\/\/schema.org","@graph":[{"@type":"WebPage","@id":"https:\/\/tradevancehub.hu\/egyedit\/termekek\/egyedi-szoveges-sapi\/","url":"https:\/\/tradevancehub.hu\/egyedit\/termekek\/egyedi-szoveges-sapi\/","name":"Egyedi sz\u00f6veges sapi - Egyedit","isPartOf":{"@id":"https:\/\/tradevancehub.hu\/egyedit\/#website"},"primaryImageOfPage":{"@id":"https:\/\/tradevancehub.hu\/egyedit\/termekek\/egyedi-szoveges-sapi\/#primaryimage"},"image":{"@id":"https:\/\/tradevancehub.hu\/egyedit\/termekek\/egyedi-szoveges-sapi\/#primaryimage"},"thumbnailUrl":"https:\/\/tradevancehub.hu\/egyedit\/wp-content\/uploads\/2023\/10\/396574265_290587657220837_8581249233679051951_n.jpg","datePublished":"2023-10-26T17:10:37+00:00","dateModified":"2024-09-30T09:57:11+00:00","breadcrumb":{"@id":"https:\/\/tradevancehub.hu\/egyedit\/termekek\/egyedi-szoveges-sapi\/#breadcrumb"},"inLanguage":"hu","potentialAction":[{"@type":"ReadAction","target":["https:\/\/tradevancehub.hu\/egyedit\/termekek\/egyedi-szoveges-sapi\/"]}]},{"@type":"ImageObject","inLanguage":"hu","@id":"https:\/\/tradevancehub.hu\/egyedit\/termekek\/egyedi-szoveges-sapi\/#primaryimage","url":"https:\/\/tradevancehub.hu\/egyedit\/wp-content\/uploads\/2023\/10\/396574265_290587657220837_8581249233679051951_n.jpg","contentUrl":"https:\/\/tradevancehub.hu\/egyedit\/wp-content\/uploads\/2023\/10\/396574265_290587657220837_8581249233679051951_n.jpg"},{"@type":"BreadcrumbList","@id":"https:\/\/tradevancehub.hu\/egyedit\/termekek\/egyedi-szoveges-sapi\/#breadcrumb","itemListElement":[{"@type":"ListItem","position":1,"name":"Shop","item":"https:\/\/tradevancehub.hu\/egyedit\/shop\/"},{"@type":"ListItem","position":2,"name":"Egyedi sz\u00f6veges sapi"}]},{"@type":"WebSite","@id":"https:\/\/tradevancehub.hu\/egyedit\/#website","url":"https:\/\/tradevancehub.hu\/egyedit\/","name":"Egyedit","description":"","publisher":{"@id":"https:\/\/tradevancehub.hu\/egyedit\/#organization"},"potentialAction":[{"@type":"SearchAction","target":{"@type":"EntryPoint","urlTemplate":"https:\/\/tradevancehub.hu\/egyedit\/?s={search_term_string}"},"query-input":{"@type":"PropertyValueSpecification","valueRequired":true,"valueName":"search_term_string"}}],"inLanguage":"hu"},{"@type":"Organization","@id":"https:\/\/tradevancehub.hu\/egyedit\/#organization","name":"Egyedit","url":"https:\/\/tradevancehub.hu\/egyedit\/","logo":{"@type":"ImageObject","inLanguage":"hu","@id":"https:\/\/tradevancehub.hu\/egyedit\/#\/schema\/logo\/image\/","url":"https:\/\/tradevancehub.hu\/egyedit\/wp-content\/uploads\/sites\/8\/2024\/03\/Group-1.png","contentUrl":"https:\/\/tradevancehub.hu\/egyedit\/wp-content\/uploads\/sites\/8\/2024\/03\/Group-1.png","width":313,"height":89,"caption":"Egyedit"},"image":{"@id":"https:\/\/tradevancehub.hu\/egyedit\/#\/schema\/logo\/image\/"}}]}},"uagb_featured_image_src":{"full":["https:\/\/tradevancehub.hu\/egyedit\/wp-content\/uploads\/2023\/10\/396574265_290587657220837_8581249233679051951_n.jpg",2048,1366,false],"thumbnail":["https:\/\/tradevancehub.hu\/egyedit\/wp-content\/uploads\/2023\/10\/396574265_290587657220837_8581249233679051951_n-150x150.jpg",150,150,true],"medium":["https:\/\/tradevancehub.hu\/egyedit\/wp-content\/uploads\/2023\/10\/396574265_290587657220837_8581249233679051951_n-300x200.jpg",300,200,true],"medium_large":["https:\/\/tradevancehub.hu\/egyedit\/wp-content\/uploads\/2023\/10\/396574265_290587657220837_8581249233679051951_n-768x512.jpg",768,512,true],"large":["https:\/\/tradevancehub.hu\/egyedit\/wp-content\/uploads\/2023\/10\/396574265_290587657220837_8581249233679051951_n-1024x683.jpg",1024,683,true],"1536x1536":["https:\/\/tradevancehub.hu\/egyedit\/wp-content\/uploads\/2023\/10\/396574265_290587657220837_8581249233679051951_n-1536x1025.jpg",1536,1025,true],"2048x2048":["https:\/\/tradevancehub.hu\/egyedit\/wp-content\/uploads\/2023\/10\/396574265_290587657220837_8581249233679051951_n.jpg",2048,1366,false],"woocommerce_thumbnail":["https:\/\/tradevancehub.hu\/egyedit\/wp-content\/uploads\/2023\/10\/396574265_290587657220837_8581249233679051951_n-300x300.jpg",300,300,true],"woocommerce_single":["https:\/\/tradevancehub.hu\/egyedit\/wp-content\/uploads\/2023\/10\/396574265_290587657220837_8581249233679051951_n-600x400.jpg",600,400,true],"woocommerce_gallery_thumbnail":["https:\/\/tradevancehub.hu\/egyedit\/wp-content\/uploads\/2023\/10\/396574265_290587657220837_8581249233679051951_n-100x100.jpg",100,100,true]},"uagb_author_info":{"display_name":"","author_link":"https:\/\/tradevancehub.hu\/egyedit\/author\/"},"uagb_comment_info":0,"uagb_excerpt":"Egyedi sz\u00f6veggel ell\u00e1tott h\u00edmzett sapka: a st\u00edlus \u00e9s szem\u00e9lyess\u00e9g t\u00f6k\u00e9letes kombin\u00e1ci\u00f3ja! V\u00e1laszd ezt a sapk\u00e1t, hogy st\u00edlusosan \u00e9s egyedien fejezd ki \u00f6nmagadat!","_links":{"self":[{"href":"https:\/\/tradevancehub.hu\/egyedit\/wp-json\/wp\/v2\/product\/1068","targetHints":{"allow":["GET"]}}],"collection":[{"href":"https:\/\/tradevancehub.hu\/egyedit\/wp-json\/wp\/v2\/product"}],"about":[{"href":"https:\/\/tradevancehub.hu\/egyedit\/wp-json\/wp\/v2\/types\/product"}],"replies":[{"embeddable":true,"href":"https:\/\/tradevancehub.hu\/egyedit\/wp-json\/wp\/v2\/comments?post=1068"}],"wp:featuredmedia":[{"embeddable":true,"href":"https:\/\/tradevancehub.hu\/egyedit\/wp-json\/"}],"wp:attachment":[{"href":"https:\/\/tradevancehub.hu\/egyedit\/wp-json\/wp\/v2\/media?parent=1068"}],"wp:term":[{"taxonomy":"product_brand","embeddable":true,"href":"https:\/\/tradevancehub.hu\/egyedit\/wp-json\/wp\/v2\/product_brand?post=1068"},{"taxonomy":"product_cat","embeddable":true,"href":"https:\/\/tradevancehub.hu\/egyedit\/wp-json\/wp\/v2\/product_cat?post=1068"},{"taxonomy":"product_tag","embeddable":true,"href":"https:\/\/tradevancehub.hu\/egyedit\/wp-json\/wp\/v2\/product_tag?post=1068"}],"curies":[{"name":"wp","href":"https:\/\/api.w.org\/{rel}","templated":true}]}}