{"id":1060,"date":"2023-10-26T17:24:10","date_gmt":"2023-10-26T17:24:10","guid":{"rendered":"https:\/\/egyedit.hu\/product\/papa-himzett-teli-sapi\/"},"modified":"2024-09-30T09:55:31","modified_gmt":"2024-09-30T09:55:31","slug":"mama-himzett-teli-sap","status":"publish","type":"product","link":"https:\/\/tradevancehub.hu\/egyedit\/termekek\/mama-himzett-teli-sap\/","title":{"rendered":"Papa h\u00edmzett t\u00e9li sapi"},"content":{"rendered":"<p>Ezek a h\u00edmzett t\u00e9li sapk\u00e1k <strong>egyedi st\u00edlust \u00e9s meghitts\u00e9get k\u00f6lcs\u00f6n\u00f6znek visel\u0151j\u00fcknek.<\/strong> A sapin b\u00fcszk\u00e9n viselheted a &#8222;Papa&#8221; feliratot. Ezen k\u00edv\u00fcl <strong>k\u00e9nyelmes \u00e9s melegen tart a hideg t\u00e9li napokon,<\/strong> \u00edgy t\u00f6k\u00e9letes v\u00e1laszt\u00e1s, ha szereted kifejezni csal\u00e1di k\u00f6tel\u00e9kedet a divatodon kereszt\u00fcl.<\/p>\n","protected":false},"excerpt":{"rendered":"<p>T\u00f6k\u00e9letes v\u00e1laszt\u00e1s <strong>Azoknak, Akik szeretik kifejezni csal\u00e1di k\u00f6tel\u00e9keiket a divatjukon kereszt\u00fcl.<\/strong><\/p>\n","protected":false},"featured_media":100000033482,"comment_status":"open","ping_status":"closed","template":"","meta":{"_acf_changed":false,"_uag_custom_page_level_css":""},"product_brand":[],"product_cat":[195,196,198,209,57,36,228,243,221,232],"product_tag":[],"class_list":{"0":"post-1060","1":"product","2":"type-product","3":"status-publish","4":"has-post-thumbnail","6":"product_cat-egyedit-technologia","7":"product_cat-egyedit-tema","8":"product_cat-egyedit-termek","9":"product_cat-himzes-egyedit-technologia","10":"product_cat-himzes","11":"product_cat-sapik","12":"product_cat-sapka-egyedit-termek","13":"product_cat-szeretteinknek","14":"product_cat-szezonalis","15":"product_cat-tel","16":"pa_himzes-szine-barna","17":"pa_himzes-szine-feher","18":"pa_himzes-szine-fekete","19":"pa_himzes-szine-kek","20":"pa_himzes-szine-lila","21":"pa_himzes-szine-narancssarga","22":"pa_himzes-szine-rozsaszin","23":"pa_himzes-szine-sarga","24":"pa_himzes-szine-zold","25":"pa_sapka-szin-barna","26":"pa_sapka-szin-feher","27":"pa_sapka-szin-fekete","28":"pa_sapka-szin-kek","29":"pa_sapka-szin-piros","30":"pa_sapka-szin-rozsaszin","31":"pa_sapka-szin-szurke","32":"pa_sapka-szin-zold","33":"sales-flash-overlay","34":"woocommerce-text-align-center","35":"woocommerce-image-align-center","36":"do-quantity-buttons","38":"first","39":"instock","40":"taxable","41":"shipping-taxable","42":"purchasable","43":"product-type-simple"},"acf":[],"yoast_head":"<!-- This site is optimized with the Yoast SEO Premium plugin v23.7 (Yoast SEO v27.4) - https:\/\/yoast.com\/product\/yoast-seo-premium-wordpress\/ -->\n<title>Papa h\u00edmzett t\u00e9li sapi - Egyedit<\/title>\n<meta name=\"robots\" content=\"noindex, follow, max-snippet:-1, max-image-preview:large, max-video-preview:-1\" \/>\n<meta property=\"og:locale\" content=\"hu_HU\" \/>\n<meta property=\"og:type\" content=\"article\" \/>\n<meta property=\"og:title\" content=\"Papa h\u00edmzett t\u00e9li sapi - Egyedit\" \/>\n<meta property=\"og:description\" content=\"T\u00f6k\u00e9letes v\u00e1laszt\u00e1s Azoknak, Akik szeretik kifejezni csal\u00e1di k\u00f6tel\u00e9keiket a divatjukon kereszt\u00fcl.\" \/>\n<meta property=\"og:url\" content=\"https:\/\/tradevancehub.hu\/egyedit\/termekek\/mama-himzett-teli-sap\/\" \/>\n<meta property=\"og:site_name\" content=\"Egyedit\" \/>\n<meta property=\"article:modified_time\" content=\"2024-09-30T09:55:31+00:00\" \/>\n<meta name=\"twitter:card\" content=\"summary_large_image\" \/>\n<meta name=\"twitter:label1\" content=\"Becs\u00fclt olvas\u00e1si id\u0151\" \/>\n\t<meta name=\"twitter:data1\" content=\"1 perc\" \/>\n<script type=\"application\/ld+json\" class=\"yoast-schema-graph\">{\"@context\":\"https:\\\/\\\/schema.org\",\"@graph\":[{\"@type\":\"WebPage\",\"@id\":\"https:\\\/\\\/tradevancehub.hu\\\/egyedit\\\/termekek\\\/mama-himzett-teli-sap\\\/\",\"url\":\"https:\\\/\\\/tradevancehub.hu\\\/egyedit\\\/termekek\\\/mama-himzett-teli-sap\\\/\",\"name\":\"Papa h\u00edmzett t\u00e9li sapi - Egyedit\",\"isPartOf\":{\"@id\":\"https:\\\/\\\/tradevancehub.hu\\\/egyedit\\\/#website\"},\"primaryImageOfPage\":{\"@id\":\"https:\\\/\\\/tradevancehub.hu\\\/egyedit\\\/termekek\\\/mama-himzett-teli-sap\\\/#primaryimage\"},\"image\":{\"@id\":\"https:\\\/\\\/tradevancehub.hu\\\/egyedit\\\/termekek\\\/mama-himzett-teli-sap\\\/#primaryimage\"},\"thumbnailUrl\":\"https:\\\/\\\/tradevancehub.hu\\\/egyedit\\\/wp-content\\\/uploads\\\/2023\\\/10\\\/396581627_742931200997041_8089346926194649593_n.jpg\",\"datePublished\":\"2023-10-26T17:24:10+00:00\",\"dateModified\":\"2024-09-30T09:55:31+00:00\",\"breadcrumb\":{\"@id\":\"https:\\\/\\\/tradevancehub.hu\\\/egyedit\\\/termekek\\\/mama-himzett-teli-sap\\\/#breadcrumb\"},\"inLanguage\":\"hu\",\"potentialAction\":[{\"@type\":\"ReadAction\",\"target\":[\"https:\\\/\\\/tradevancehub.hu\\\/egyedit\\\/termekek\\\/mama-himzett-teli-sap\\\/\"]}]},{\"@type\":\"ImageObject\",\"inLanguage\":\"hu\",\"@id\":\"https:\\\/\\\/tradevancehub.hu\\\/egyedit\\\/termekek\\\/mama-himzett-teli-sap\\\/#primaryimage\",\"url\":\"https:\\\/\\\/tradevancehub.hu\\\/egyedit\\\/wp-content\\\/uploads\\\/2023\\\/10\\\/396581627_742931200997041_8089346926194649593_n.jpg\",\"contentUrl\":\"https:\\\/\\\/tradevancehub.hu\\\/egyedit\\\/wp-content\\\/uploads\\\/2023\\\/10\\\/396581627_742931200997041_8089346926194649593_n.jpg\"},{\"@type\":\"BreadcrumbList\",\"@id\":\"https:\\\/\\\/tradevancehub.hu\\\/egyedit\\\/termekek\\\/mama-himzett-teli-sap\\\/#breadcrumb\",\"itemListElement\":[{\"@type\":\"ListItem\",\"position\":1,\"name\":\"Shop\",\"item\":\"https:\\\/\\\/tradevancehub.hu\\\/egyedit\\\/shop\\\/\"},{\"@type\":\"ListItem\",\"position\":2,\"name\":\"Papa h\u00edmzett t\u00e9li sapi\"}]},{\"@type\":\"WebSite\",\"@id\":\"https:\\\/\\\/tradevancehub.hu\\\/egyedit\\\/#website\",\"url\":\"https:\\\/\\\/tradevancehub.hu\\\/egyedit\\\/\",\"name\":\"Egyedit\",\"description\":\"\",\"publisher\":{\"@id\":\"https:\\\/\\\/tradevancehub.hu\\\/egyedit\\\/#organization\"},\"potentialAction\":[{\"@type\":\"SearchAction\",\"target\":{\"@type\":\"EntryPoint\",\"urlTemplate\":\"https:\\\/\\\/tradevancehub.hu\\\/egyedit\\\/?s={search_term_string}\"},\"query-input\":{\"@type\":\"PropertyValueSpecification\",\"valueRequired\":true,\"valueName\":\"search_term_string\"}}],\"inLanguage\":\"hu\"},{\"@type\":\"Organization\",\"@id\":\"https:\\\/\\\/tradevancehub.hu\\\/egyedit\\\/#organization\",\"name\":\"Egyedit\",\"url\":\"https:\\\/\\\/tradevancehub.hu\\\/egyedit\\\/\",\"logo\":{\"@type\":\"ImageObject\",\"inLanguage\":\"hu\",\"@id\":\"https:\\\/\\\/tradevancehub.hu\\\/egyedit\\\/#\\\/schema\\\/logo\\\/image\\\/\",\"url\":\"https:\\\/\\\/tradevancehub.hu\\\/egyedit\\\/wp-content\\\/uploads\\\/sites\\\/8\\\/2024\\\/03\\\/Group-1.png\",\"contentUrl\":\"https:\\\/\\\/tradevancehub.hu\\\/egyedit\\\/wp-content\\\/uploads\\\/sites\\\/8\\\/2024\\\/03\\\/Group-1.png\",\"width\":313,\"height\":89,\"caption\":\"Egyedit\"},\"image\":{\"@id\":\"https:\\\/\\\/tradevancehub.hu\\\/egyedit\\\/#\\\/schema\\\/logo\\\/image\\\/\"}}]}<\/script>\n<!-- \/ Yoast SEO Premium plugin. -->","yoast_head_json":{"title":"Papa h\u00edmzett t\u00e9li sapi - Egyedit","robots":{"index":"noindex","follow":"follow","max-snippet":"max-snippet:-1","max-image-preview":"max-image-preview:large","max-video-preview":"max-video-preview:-1"},"og_locale":"hu_HU","og_type":"article","og_title":"Papa h\u00edmzett t\u00e9li sapi - Egyedit","og_description":"T\u00f6k\u00e9letes v\u00e1laszt\u00e1s Azoknak, Akik szeretik kifejezni csal\u00e1di k\u00f6tel\u00e9keiket a divatjukon kereszt\u00fcl.","og_url":"https:\/\/tradevancehub.hu\/egyedit\/termekek\/mama-himzett-teli-sap\/","og_site_name":"Egyedit","article_modified_time":"2024-09-30T09:55:31+00:00","twitter_card":"summary_large_image","twitter_misc":{"Becs\u00fclt olvas\u00e1si id\u0151":"1 perc"},"schema":{"@context":"https:\/\/schema.org","@graph":[{"@type":"WebPage","@id":"https:\/\/tradevancehub.hu\/egyedit\/termekek\/mama-himzett-teli-sap\/","url":"https:\/\/tradevancehub.hu\/egyedit\/termekek\/mama-himzett-teli-sap\/","name":"Papa h\u00edmzett t\u00e9li sapi - Egyedit","isPartOf":{"@id":"https:\/\/tradevancehub.hu\/egyedit\/#website"},"primaryImageOfPage":{"@id":"https:\/\/tradevancehub.hu\/egyedit\/termekek\/mama-himzett-teli-sap\/#primaryimage"},"image":{"@id":"https:\/\/tradevancehub.hu\/egyedit\/termekek\/mama-himzett-teli-sap\/#primaryimage"},"thumbnailUrl":"https:\/\/tradevancehub.hu\/egyedit\/wp-content\/uploads\/2023\/10\/396581627_742931200997041_8089346926194649593_n.jpg","datePublished":"2023-10-26T17:24:10+00:00","dateModified":"2024-09-30T09:55:31+00:00","breadcrumb":{"@id":"https:\/\/tradevancehub.hu\/egyedit\/termekek\/mama-himzett-teli-sap\/#breadcrumb"},"inLanguage":"hu","potentialAction":[{"@type":"ReadAction","target":["https:\/\/tradevancehub.hu\/egyedit\/termekek\/mama-himzett-teli-sap\/"]}]},{"@type":"ImageObject","inLanguage":"hu","@id":"https:\/\/tradevancehub.hu\/egyedit\/termekek\/mama-himzett-teli-sap\/#primaryimage","url":"https:\/\/tradevancehub.hu\/egyedit\/wp-content\/uploads\/2023\/10\/396581627_742931200997041_8089346926194649593_n.jpg","contentUrl":"https:\/\/tradevancehub.hu\/egyedit\/wp-content\/uploads\/2023\/10\/396581627_742931200997041_8089346926194649593_n.jpg"},{"@type":"BreadcrumbList","@id":"https:\/\/tradevancehub.hu\/egyedit\/termekek\/mama-himzett-teli-sap\/#breadcrumb","itemListElement":[{"@type":"ListItem","position":1,"name":"Shop","item":"https:\/\/tradevancehub.hu\/egyedit\/shop\/"},{"@type":"ListItem","position":2,"name":"Papa h\u00edmzett t\u00e9li sapi"}]},{"@type":"WebSite","@id":"https:\/\/tradevancehub.hu\/egyedit\/#website","url":"https:\/\/tradevancehub.hu\/egyedit\/","name":"Egyedit","description":"","publisher":{"@id":"https:\/\/tradevancehub.hu\/egyedit\/#organization"},"potentialAction":[{"@type":"SearchAction","target":{"@type":"EntryPoint","urlTemplate":"https:\/\/tradevancehub.hu\/egyedit\/?s={search_term_string}"},"query-input":{"@type":"PropertyValueSpecification","valueRequired":true,"valueName":"search_term_string"}}],"inLanguage":"hu"},{"@type":"Organization","@id":"https:\/\/tradevancehub.hu\/egyedit\/#organization","name":"Egyedit","url":"https:\/\/tradevancehub.hu\/egyedit\/","logo":{"@type":"ImageObject","inLanguage":"hu","@id":"https:\/\/tradevancehub.hu\/egyedit\/#\/schema\/logo\/image\/","url":"https:\/\/tradevancehub.hu\/egyedit\/wp-content\/uploads\/sites\/8\/2024\/03\/Group-1.png","contentUrl":"https:\/\/tradevancehub.hu\/egyedit\/wp-content\/uploads\/sites\/8\/2024\/03\/Group-1.png","width":313,"height":89,"caption":"Egyedit"},"image":{"@id":"https:\/\/tradevancehub.hu\/egyedit\/#\/schema\/logo\/image\/"}}]}},"uagb_featured_image_src":{"full":["https:\/\/tradevancehub.hu\/egyedit\/wp-content\/uploads\/2023\/10\/396581627_742931200997041_8089346926194649593_n.jpg",2048,1366,false],"thumbnail":["https:\/\/tradevancehub.hu\/egyedit\/wp-content\/uploads\/2023\/10\/396581627_742931200997041_8089346926194649593_n-150x150.jpg",150,150,true],"medium":["https:\/\/tradevancehub.hu\/egyedit\/wp-content\/uploads\/2023\/10\/396581627_742931200997041_8089346926194649593_n-300x200.jpg",300,200,true],"medium_large":["https:\/\/tradevancehub.hu\/egyedit\/wp-content\/uploads\/2023\/10\/396581627_742931200997041_8089346926194649593_n-768x512.jpg",768,512,true],"large":["https:\/\/tradevancehub.hu\/egyedit\/wp-content\/uploads\/2023\/10\/396581627_742931200997041_8089346926194649593_n-1024x683.jpg",1024,683,true],"1536x1536":["https:\/\/tradevancehub.hu\/egyedit\/wp-content\/uploads\/2023\/10\/396581627_742931200997041_8089346926194649593_n-1536x1025.jpg",1536,1025,true],"2048x2048":["https:\/\/tradevancehub.hu\/egyedit\/wp-content\/uploads\/2023\/10\/396581627_742931200997041_8089346926194649593_n.jpg",2048,1366,false],"woocommerce_thumbnail":["https:\/\/tradevancehub.hu\/egyedit\/wp-content\/uploads\/2023\/10\/396581627_742931200997041_8089346926194649593_n-300x300.jpg",300,300,true],"woocommerce_single":["https:\/\/tradevancehub.hu\/egyedit\/wp-content\/uploads\/2023\/10\/396581627_742931200997041_8089346926194649593_n-600x400.jpg",600,400,true],"woocommerce_gallery_thumbnail":["https:\/\/tradevancehub.hu\/egyedit\/wp-content\/uploads\/2023\/10\/396581627_742931200997041_8089346926194649593_n-100x100.jpg",100,100,true]},"uagb_author_info":{"display_name":"","author_link":"https:\/\/tradevancehub.hu\/egyedit\/author\/"},"uagb_comment_info":0,"uagb_excerpt":"T\u00f6k\u00e9letes v\u00e1laszt\u00e1s Azoknak, Akik szeretik kifejezni csal\u00e1di k\u00f6tel\u00e9keiket a divatjukon kereszt\u00fcl.","_links":{"self":[{"href":"https:\/\/tradevancehub.hu\/egyedit\/wp-json\/wp\/v2\/product\/1060","targetHints":{"allow":["GET"]}}],"collection":[{"href":"https:\/\/tradevancehub.hu\/egyedit\/wp-json\/wp\/v2\/product"}],"about":[{"href":"https:\/\/tradevancehub.hu\/egyedit\/wp-json\/wp\/v2\/types\/product"}],"replies":[{"embeddable":true,"href":"https:\/\/tradevancehub.hu\/egyedit\/wp-json\/wp\/v2\/comments?post=1060"}],"wp:featuredmedia":[{"embeddable":true,"href":"https:\/\/tradevancehub.hu\/egyedit\/wp-json\/"}],"wp:attachment":[{"href":"https:\/\/tradevancehub.hu\/egyedit\/wp-json\/wp\/v2\/media?parent=1060"}],"wp:term":[{"taxonomy":"product_brand","embeddable":true,"href":"https:\/\/tradevancehub.hu\/egyedit\/wp-json\/wp\/v2\/product_brand?post=1060"},{"taxonomy":"product_cat","embeddable":true,"href":"https:\/\/tradevancehub.hu\/egyedit\/wp-json\/wp\/v2\/product_cat?post=1060"},{"taxonomy":"product_tag","embeddable":true,"href":"https:\/\/tradevancehub.hu\/egyedit\/wp-json\/wp\/v2\/product_tag?post=1060"}],"curies":[{"name":"wp","href":"https:\/\/api.w.org\/{rel}","templated":true}]}}