{"id":2365,"date":"2024-03-28T12:46:25","date_gmt":"2024-03-28T12:46:25","guid":{"rendered":"https:\/\/egyedit.hu\/?page_id=2365"},"modified":"2024-03-28T12:46:26","modified_gmt":"2024-03-28T12:46:26","slug":"karrier-lehetoseg","status":"publish","type":"page","link":"https:\/\/tradevancehub.hu\/egyedit\/karrier-lehetoseg\/","title":{"rendered":"Karrier lehet\u0151s\u00e9g"},"content":{"rendered":"\n<div class=\"wp-block-uagb-container uagb-block-ec56eae6 alignfull uagb-is-root-container\">\n<div class=\"wp-block-uagb-advanced-heading uagb-block-3dd79035\"><h2 class=\"uagb-heading-text\">Ha \u00e9rdekel amivel foglalkozunk \u00e9s csapatunk tagja lenn\u00e9l, vedd fel vel\u00fcnk a kapcsolatot!<\/h2><\/div>\n<\/div>\n","protected":false},"excerpt":{"rendered":"<p>Ha \u00e9rdekel amivel foglalkozunk \u00e9s csapatunk tagja lenn\u00e9l, vedd fel vel\u00fcnk a kapcsolatot!<\/p>\n","protected":false},"author":67,"featured_media":0,"parent":0,"menu_order":0,"comment_status":"closed","ping_status":"closed","template":"","meta":{"_acf_changed":false,"_uag_custom_page_level_css":"","footnotes":""},"class_list":["post-2365","page","type-page","status-publish"],"acf":[],"yoast_head":"<!-- This site is optimized with the Yoast SEO Premium plugin v23.7 (Yoast SEO v27.5) - https:\/\/yoast.com\/product\/yoast-seo-premium-wordpress\/ -->\n<title>Karrier lehet\u0151s\u00e9g - Egyedit<\/title>\n<meta name=\"robots\" content=\"noindex, follow, max-snippet:-1, max-image-preview:large, max-video-preview:-1\" \/>\n<meta property=\"og:locale\" content=\"hu_HU\" \/>\n<meta property=\"og:type\" content=\"article\" \/>\n<meta property=\"og:title\" content=\"Karrier lehet\u0151s\u00e9g - Egyedit\" \/>\n<meta property=\"og:description\" content=\"Ha \u00e9rdekel amivel foglalkozunk \u00e9s csapatunk tagja lenn\u00e9l, vedd fel vel\u00fcnk a kapcsolatot!\" \/>\n<meta property=\"og:url\" content=\"https:\/\/tradevancehub.hu\/egyedit\/karrier-lehetoseg\/\" \/>\n<meta property=\"og:site_name\" content=\"Egyedit\" \/>\n<meta property=\"article:modified_time\" content=\"2024-03-28T12:46:26+00:00\" \/>\n<meta name=\"twitter:card\" content=\"summary_large_image\" \/>\n<meta name=\"twitter:label1\" content=\"Becs\u00fclt olvas\u00e1si id\u0151\" \/>\n\t<meta name=\"twitter:data1\" content=\"1 perc\" \/>\n<script type=\"application\/ld+json\" class=\"yoast-schema-graph\">{\"@context\":\"https:\\\/\\\/schema.org\",\"@graph\":[{\"@type\":\"WebPage\",\"@id\":\"https:\\\/\\\/tradevancehub.hu\\\/egyedit\\\/karrier-lehetoseg\\\/\",\"url\":\"https:\\\/\\\/tradevancehub.hu\\\/egyedit\\\/karrier-lehetoseg\\\/\",\"name\":\"Karrier lehet\u0151s\u00e9g - Egyedit\",\"isPartOf\":{\"@id\":\"https:\\\/\\\/tradevancehub.hu\\\/egyedit\\\/#website\"},\"datePublished\":\"2024-03-28T12:46:25+00:00\",\"dateModified\":\"2024-03-28T12:46:26+00:00\",\"inLanguage\":\"hu\",\"potentialAction\":[{\"@type\":\"ReadAction\",\"target\":[\"https:\\\/\\\/tradevancehub.hu\\\/egyedit\\\/karrier-lehetoseg\\\/\"]}]},{\"@type\":\"WebSite\",\"@id\":\"https:\\\/\\\/tradevancehub.hu\\\/egyedit\\\/#website\",\"url\":\"https:\\\/\\\/tradevancehub.hu\\\/egyedit\\\/\",\"name\":\"Egyedit\",\"description\":\"\",\"publisher\":{\"@id\":\"https:\\\/\\\/tradevancehub.hu\\\/egyedit\\\/#organization\"},\"potentialAction\":[{\"@type\":\"SearchAction\",\"target\":{\"@type\":\"EntryPoint\",\"urlTemplate\":\"https:\\\/\\\/tradevancehub.hu\\\/egyedit\\\/?s={search_term_string}\"},\"query-input\":{\"@type\":\"PropertyValueSpecification\",\"valueRequired\":true,\"valueName\":\"search_term_string\"}}],\"inLanguage\":\"hu\"},{\"@type\":\"Organization\",\"@id\":\"https:\\\/\\\/tradevancehub.hu\\\/egyedit\\\/#organization\",\"name\":\"Egyedit\",\"url\":\"https:\\\/\\\/tradevancehub.hu\\\/egyedit\\\/\",\"logo\":{\"@type\":\"ImageObject\",\"inLanguage\":\"hu\",\"@id\":\"https:\\\/\\\/tradevancehub.hu\\\/egyedit\\\/#\\\/schema\\\/logo\\\/image\\\/\",\"url\":\"https:\\\/\\\/tradevancehub.hu\\\/egyedit\\\/wp-content\\\/uploads\\\/sites\\\/8\\\/2024\\\/03\\\/Group-1.png\",\"contentUrl\":\"https:\\\/\\\/tradevancehub.hu\\\/egyedit\\\/wp-content\\\/uploads\\\/sites\\\/8\\\/2024\\\/03\\\/Group-1.png\",\"width\":313,\"height\":89,\"caption\":\"Egyedit\"},\"image\":{\"@id\":\"https:\\\/\\\/tradevancehub.hu\\\/egyedit\\\/#\\\/schema\\\/logo\\\/image\\\/\"}}]}<\/script>\n<!-- \/ Yoast SEO Premium plugin. -->","yoast_head_json":{"title":"Karrier lehet\u0151s\u00e9g - Egyedit","robots":{"index":"noindex","follow":"follow","max-snippet":"max-snippet:-1","max-image-preview":"max-image-preview:large","max-video-preview":"max-video-preview:-1"},"og_locale":"hu_HU","og_type":"article","og_title":"Karrier lehet\u0151s\u00e9g - Egyedit","og_description":"Ha \u00e9rdekel amivel foglalkozunk \u00e9s csapatunk tagja lenn\u00e9l, vedd fel vel\u00fcnk a kapcsolatot!","og_url":"https:\/\/tradevancehub.hu\/egyedit\/karrier-lehetoseg\/","og_site_name":"Egyedit","article_modified_time":"2024-03-28T12:46:26+00:00","twitter_card":"summary_large_image","twitter_misc":{"Becs\u00fclt olvas\u00e1si id\u0151":"1 perc"},"schema":{"@context":"https:\/\/schema.org","@graph":[{"@type":"WebPage","@id":"https:\/\/tradevancehub.hu\/egyedit\/karrier-lehetoseg\/","url":"https:\/\/tradevancehub.hu\/egyedit\/karrier-lehetoseg\/","name":"Karrier lehet\u0151s\u00e9g - Egyedit","isPartOf":{"@id":"https:\/\/tradevancehub.hu\/egyedit\/#website"},"datePublished":"2024-03-28T12:46:25+00:00","dateModified":"2024-03-28T12:46:26+00:00","inLanguage":"hu","potentialAction":[{"@type":"ReadAction","target":["https:\/\/tradevancehub.hu\/egyedit\/karrier-lehetoseg\/"]}]},{"@type":"WebSite","@id":"https:\/\/tradevancehub.hu\/egyedit\/#website","url":"https:\/\/tradevancehub.hu\/egyedit\/","name":"Egyedit","description":"","publisher":{"@id":"https:\/\/tradevancehub.hu\/egyedit\/#organization"},"potentialAction":[{"@type":"SearchAction","target":{"@type":"EntryPoint","urlTemplate":"https:\/\/tradevancehub.hu\/egyedit\/?s={search_term_string}"},"query-input":{"@type":"PropertyValueSpecification","valueRequired":true,"valueName":"search_term_string"}}],"inLanguage":"hu"},{"@type":"Organization","@id":"https:\/\/tradevancehub.hu\/egyedit\/#organization","name":"Egyedit","url":"https:\/\/tradevancehub.hu\/egyedit\/","logo":{"@type":"ImageObject","inLanguage":"hu","@id":"https:\/\/tradevancehub.hu\/egyedit\/#\/schema\/logo\/image\/","url":"https:\/\/tradevancehub.hu\/egyedit\/wp-content\/uploads\/sites\/8\/2024\/03\/Group-1.png","contentUrl":"https:\/\/tradevancehub.hu\/egyedit\/wp-content\/uploads\/sites\/8\/2024\/03\/Group-1.png","width":313,"height":89,"caption":"Egyedit"},"image":{"@id":"https:\/\/tradevancehub.hu\/egyedit\/#\/schema\/logo\/image\/"}}]}},"uagb_featured_image_src":{"full":false,"thumbnail":false,"medium":false,"medium_large":false,"large":false,"1536x1536":false,"2048x2048":false,"woocommerce_thumbnail":false,"woocommerce_single":false,"woocommerce_gallery_thumbnail":false},"uagb_author_info":{"display_name":"","author_link":"https:\/\/tradevancehub.hu\/egyedit\/author\/"},"uagb_comment_info":0,"uagb_excerpt":"Ha \u00e9rdekel amivel foglalkozunk \u00e9s csapatunk tagja lenn\u00e9l, vedd fel vel\u00fcnk a kapcsolatot!","_links":{"self":[{"href":"https:\/\/tradevancehub.hu\/egyedit\/wp-json\/wp\/v2\/pages\/2365","targetHints":{"allow":["GET"]}}],"collection":[{"href":"https:\/\/tradevancehub.hu\/egyedit\/wp-json\/wp\/v2\/pages"}],"about":[{"href":"https:\/\/tradevancehub.hu\/egyedit\/wp-json\/wp\/v2\/types\/page"}],"author":[{"embeddable":true,"href":"https:\/\/tradevancehub.hu\/egyedit\/wp-json\/wp\/v2\/users\/67"}],"replies":[{"embeddable":true,"href":"https:\/\/tradevancehub.hu\/egyedit\/wp-json\/wp\/v2\/comments?post=2365"}],"version-history":[{"count":0,"href":"https:\/\/tradevancehub.hu\/egyedit\/wp-json\/wp\/v2\/pages\/2365\/revisions"}],"wp:attachment":[{"href":"https:\/\/tradevancehub.hu\/egyedit\/wp-json\/wp\/v2\/media?parent=2365"}],"curies":[{"name":"wp","href":"https:\/\/api.w.org\/{rel}","templated":true}]}}