{"id":2322,"date":"2024-03-28T11:29:06","date_gmt":"2024-03-28T11:29:06","guid":{"rendered":"https:\/\/egyedit.hu\/?page_id=2322"},"modified":"2024-08-11T17:20:35","modified_gmt":"2024-08-11T17:20:35","slug":"kituzo-keszites","status":"publish","type":"page","link":"https:\/\/tradevancehub.hu\/egyedit\/kituzo-keszites\/","title":{"rendered":"Kit\u0171z\u0151 k\u00e9sz\u00edt\u00e9s"},"content":{"rendered":"<div class=\"gb-container gb-container-38afbd48\">\n<div class=\"gb-container gb-container-18fdf2b1\">\n\n<h2 class=\"gb-headline gb-headline-b94df9f7 gb-headline-text title-with-shadow\">Kit\u0171z\u0151 k\u00e9sz\u00edt\u00e9s<\/h2>\n\n<\/div>\n\n<div class=\"gb-container gb-container-6df44a98\">\n\n<p>Kit\u0171z\u0151ket, jelv\u00e9nyeket az emberis\u00e9g m\u00e1r id\u0151sz\u00e1m\u00edt\u00e1sunk el\u0151tt is haszn\u00e1lt, k\u00fcl\u00f6nf\u00e9le jel\u00f6l\u00e9sekre, t\u00f6rzsi megk\u00fcl\u00f6nb\u00f6ztet\u00e9sre, vagy csak puszt\u00e1n d\u00edsz\u00edt\u0151 jelleggel. A korai id\u0151kben m\u00e9g csontb\u00f3l, f\u00e1b\u00f3l, k\u00f6vekb\u0151l k\u00e9sz\u00fcltek ezek a legink\u00e1bb hierarchikus hovatartoz\u00e1st jel\u00f6l\u0151 d\u00edsz\u00edt\u0151 elemek.<br>A k\u00e9s\u0151bbi technol\u00f3giai fejl\u0151d\u00e9snek k\u00f6sz\u00f6nhet\u0151en m\u00e1r el\u00e9rhet\u0151v\u00e9 v\u00e1ltak a k\u00fcl\u00f6nf\u00e9le f\u00e9m olvaszt\u00e1si \u00e9s \u00f6nt\u00e9si technol\u00f3gi\u00e1k. Ekkor m\u00e1r r\u00e9szletgazdagabb, tart\u00f3sabb \u00e9s dekorat\u00edvabb jelv\u00e9nyeket tudtak k\u00e9sz\u00edteni, tov\u00e1bb\u00e1 ezeket m\u00e1r erre szakosodott c\u00e9hek, manufakt\u00far\u00e1k, p\u00e9nzverd\u00e9k k\u00e9sz\u00edtett\u00e9k.<br>A mai t\u00e1rsadalom m\u00e1r sz\u00e9lesebb spektrumban haszn\u00e1l kit\u0171z\u0151ket, jelv\u00e9nyeket. Ilyenek lehetnek: c\u00e9ges kit\u0171z\u0151k, eml\u00e9kt\u00far\u00e1k, kedvenc egy\u00fcttesek, kis\u00e1llatok fot\u00f3j\u00e1val ell\u00e1tott kit\u0171z\u0151k \u00e9s m\u00e9g sz\u00e1mtalan lehet\u0151s\u00e9g, egy\u00e9ni \u00edzl\u00e9s, vagy az aktu\u00e1lis divatir\u00e1nyzat kifejez\u00e9s\u00e9re.<br>A jelv\u00e9nyeket mai napig f\u00e9m\u00f6nt\u00e9si elj\u00e1r\u00e1ssal k\u00e9sz\u00edtik, ezzel szemben a kit\u0171z\u0151ket egyszer\u0171 pr\u00e9sszersz\u00e1mok seg\u00edts\u00e9g\u00e9vel.<br>A nyomtat\u00e1si technol\u00f3gi\u00e1knak k\u00f6sz\u00f6nhet\u0151en ma m\u00e1r olcs\u00f3n \u00e9s gyorsan \u00e1ll\u00edthatjuk el\u0151 kedvenc kit\u0171z\u0151nket egy erre alkalmas kit\u0171z\u0151 k\u00e9sz\u00edt\u0151 g\u00e9p seg\u00edts\u00e9g\u00e9vel.<\/p>\n\n\n\n<h4 class=\"gb-headline gb-headline-d19a2f8d gb-headline-text\"><strong>A kit\u0171z\u0151 elk\u00e9sz\u00edt\u00e9se<\/strong><\/h4>\n\n\n\n<p>Helyezz\u00fck az \u201eA\u201d szersz\u00e1mba az el\u0151lapot, majd helyezz\u00fck r\u00e1 a kinyomtatott, profilra v\u00e1gott k\u00e9pet majd a v\u00e9d\u0151f\u00f3li\u00e1t. Forgassuk a szersz\u00e1mot a fels\u0151 pr\u00e9sszersz\u00e1m al\u00e1. A kar seg\u00edts\u00e9g\u00e9vel nyomjuk a fels\u0151 szersz\u00e1mba az el\u0151lapot. Ezut\u00e1n forgassuk \u00e1t az als\u00f3 szersz\u00e1mot \u201eB\u201d \u00e1ll\u00e1sba, helyezz\u00fck bele a h\u00e1tlapot. Forgassuk a fels\u0151 pr\u00e9sszersz\u00e1m al\u00e1, \u00e9s egy hat\u00e1rozott mozdulattal, a kar seg\u00edts\u00e9g\u00e9vel egyes\u00edts\u00fck az el\u0151 \u00e9s h\u00e1tlapot. Ha mindent j\u00f3l csin\u00e1ltunk, a fels\u0151 szersz\u00e1mb\u00f3l kiesik a k\u00e9sz munkadarab.<br>A kit\u0171z\u0151 elk\u00e9sz\u00edt\u00e9s\u00e9hez sz\u00fcks\u00e9ges eszk\u00f6z\u00f6k:<br>Alapg\u00e9p, pr\u00e9sszersz\u00e1mok (t\u00f6bb m\u00e9retben \u00e9s form\u00e1ban el\u00e9rhet\u0151ek), alaplap, h\u00e1tlap, kiv\u00e1g\u00f3 szersz\u00e1m (t\u00f6bb m\u00e9retben \u00e9s profillal) v\u00e9d\u0151f\u00f3lia, nyomtat\u00f3, fot\u00f3pap\u00edr.<\/p>\n\n<\/div>\n\n<div class=\"gb-grid-wrapper gb-grid-wrapper-9d5cf2d3\">\n<div class=\"gb-grid-column gb-grid-column-2e01edfe\"><div class=\"gb-container gb-container-2e01edfe\">\n\n<figure class=\"wp-block-image size-full egyedit-alcsempe\"><a href=\"https:\/\/egyedit.hu\/kituzo-termekek\/\" target=\"_blank\" rel=\"noreferrer noopener\"><img loading=\"lazy\" decoding=\"async\" width=\"957\" height=\"529\" src=\"https:\/\/egyedit.hu\/wp-content\/uploads\/sites\/8\/2024\/04\/Group-82.png\" alt=\"\" class=\"wp-image-2417\" style=\"object-fit:cover\" srcset=\"https:\/\/tradevancehub.hu\/egyedit\/wp-content\/uploads\/sites\/8\/2024\/04\/Group-82.png 957w, https:\/\/tradevancehub.hu\/egyedit\/wp-content\/uploads\/sites\/8\/2024\/04\/Group-82-300x166.png 300w, https:\/\/tradevancehub.hu\/egyedit\/wp-content\/uploads\/sites\/8\/2024\/04\/Group-82-768x425.png 768w, https:\/\/tradevancehub.hu\/egyedit\/wp-content\/uploads\/sites\/8\/2024\/04\/Group-82-600x332.png 600w\" sizes=\"auto, (max-width: 957px) 100vw, 957px\" \/><\/a><\/figure>\n\n<\/div><\/div>\n\n<div class=\"gb-grid-column gb-grid-column-858dd4bf\"><div class=\"gb-container gb-container-858dd4bf\">\n\n<figure class=\"wp-block-image size-full egyedit-alcsempe\"><a href=\"https:\/\/gyartovilag.hu\/kategoriak\/kituzo-keszites\/\" target=\"_blank\" rel=\"noreferrer noopener\"><img decoding=\"async\" src=\"https:\/\/gyartovilag.hu\/wp-content\/uploads\/sites\/2\/2024\/01\/Group-81-12.png\" alt=\"\" class=\"wp-image-17494\"\/><\/a><\/figure>\n\n<\/div><\/div>\n\n<div class=\"gb-grid-column gb-grid-column-f4a98ffd\"><div class=\"gb-container gb-container-f4a98ffd\">\n\n<figure class=\"wp-block-image size-full egyedit-alcsempe\"><a href=\"https:\/\/gyartovilag.hu\/kategoriak\/kituzo-keszites\/\" target=\"_blank\" rel=\"noreferrer noopener\"><img decoding=\"async\" src=\"https:\/\/gyartovilag.hu\/wp-content\/uploads\/sites\/2\/2024\/01\/Group-82-10.png\" alt=\"\" class=\"wp-image-17495\"\/><\/a><\/figure>\n\n<\/div><\/div>\n<\/div>\n<\/div>","protected":false},"excerpt":{"rendered":"<p>Kit\u0171z\u0151 k\u00e9sz\u00edt\u00e9s Kit\u0171z\u0151ket, jelv\u00e9nyeket az emberis\u00e9g m\u00e1r id\u0151sz\u00e1m\u00edt\u00e1sunk el\u0151tt is haszn\u00e1lt, k\u00fcl\u00f6nf\u00e9le jel\u00f6l\u00e9sekre, t\u00f6rzsi megk\u00fcl\u00f6nb\u00f6ztet\u00e9sre, vagy csak puszt\u00e1n d\u00edsz\u00edt\u0151 jelleggel. A korai id\u0151kben m\u00e9g csontb\u00f3l, f\u00e1b\u00f3l, k\u00f6vekb\u0151l k\u00e9sz\u00fcltek ezek a legink\u00e1bb hierarchikus hovatartoz\u00e1st jel\u00f6l\u0151 d\u00edsz\u00edt\u0151 elemek.A k\u00e9s\u0151bbi technol\u00f3giai fejl\u0151d\u00e9snek k\u00f6sz\u00f6nhet\u0151en m\u00e1r el\u00e9rhet\u0151v\u00e9 v\u00e1ltak a k\u00fcl\u00f6nf\u00e9le f\u00e9m olvaszt\u00e1si \u00e9s \u00f6nt\u00e9si technol\u00f3gi\u00e1k. Ekkor m\u00e1r r\u00e9szletgazdagabb, tart\u00f3sabb \u00e9s &#8230; <a title=\"Kit\u0171z\u0151 k\u00e9sz\u00edt\u00e9s\" class=\"read-more\" href=\"https:\/\/tradevancehub.hu\/egyedit\/kituzo-keszites\/\" aria-label=\"Read more about Kit\u0171z\u0151 k\u00e9sz\u00edt\u00e9s\">Olvass tov\u00e1bb<\/a><\/p>\n","protected":false},"author":67,"featured_media":0,"parent":0,"menu_order":0,"comment_status":"closed","ping_status":"closed","template":"","meta":{"_acf_changed":false,"_uag_custom_page_level_css":"","footnotes":""},"class_list":["post-2322","page","type-page","status-publish"],"acf":[],"yoast_head":"<!-- This site is optimized with the Yoast SEO Premium plugin v23.7 (Yoast SEO v27.4) - https:\/\/yoast.com\/product\/yoast-seo-premium-wordpress\/ -->\n<title>Kit\u0171z\u0151 k\u00e9sz\u00edt\u00e9s - Egyedit<\/title>\n<meta name=\"robots\" content=\"noindex, follow, max-snippet:-1, max-image-preview:large, max-video-preview:-1\" \/>\n<meta property=\"og:locale\" content=\"hu_HU\" \/>\n<meta property=\"og:type\" content=\"article\" \/>\n<meta property=\"og:title\" content=\"Kit\u0171z\u0151 k\u00e9sz\u00edt\u00e9s - Egyedit\" \/>\n<meta property=\"og:description\" content=\"Kit\u0171z\u0151 k\u00e9sz\u00edt\u00e9s Kit\u0171z\u0151ket, jelv\u00e9nyeket az emberis\u00e9g m\u00e1r id\u0151sz\u00e1m\u00edt\u00e1sunk el\u0151tt is haszn\u00e1lt, k\u00fcl\u00f6nf\u00e9le jel\u00f6l\u00e9sekre, t\u00f6rzsi megk\u00fcl\u00f6nb\u00f6ztet\u00e9sre, vagy csak puszt\u00e1n d\u00edsz\u00edt\u0151 jelleggel. A korai id\u0151kben m\u00e9g csontb\u00f3l, f\u00e1b\u00f3l, k\u00f6vekb\u0151l k\u00e9sz\u00fcltek ezek a legink\u00e1bb hierarchikus hovatartoz\u00e1st jel\u00f6l\u0151 d\u00edsz\u00edt\u0151 elemek.A k\u00e9s\u0151bbi technol\u00f3giai fejl\u0151d\u00e9snek k\u00f6sz\u00f6nhet\u0151en m\u00e1r el\u00e9rhet\u0151v\u00e9 v\u00e1ltak a k\u00fcl\u00f6nf\u00e9le f\u00e9m olvaszt\u00e1si \u00e9s \u00f6nt\u00e9si technol\u00f3gi\u00e1k. Ekkor m\u00e1r r\u00e9szletgazdagabb, tart\u00f3sabb \u00e9s ... Olvass tov\u00e1bb\" \/>\n<meta property=\"og:url\" content=\"https:\/\/tradevancehub.hu\/egyedit\/kituzo-keszites\/\" \/>\n<meta property=\"og:site_name\" content=\"Egyedit\" \/>\n<meta property=\"article:modified_time\" content=\"2024-08-11T17:20:35+00:00\" \/>\n<meta property=\"og:image\" content=\"https:\/\/egyedit.hu\/wp-content\/uploads\/sites\/8\/2024\/04\/Group-82.png\" \/>\n<meta name=\"twitter:card\" content=\"summary_large_image\" \/>\n<meta name=\"twitter:label1\" content=\"Becs\u00fclt olvas\u00e1si id\u0151\" \/>\n\t<meta name=\"twitter:data1\" content=\"2 perc\" \/>\n<script type=\"application\/ld+json\" class=\"yoast-schema-graph\">{\"@context\":\"https:\\\/\\\/schema.org\",\"@graph\":[{\"@type\":\"WebPage\",\"@id\":\"https:\\\/\\\/tradevancehub.hu\\\/egyedit\\\/kituzo-keszites\\\/\",\"url\":\"https:\\\/\\\/tradevancehub.hu\\\/egyedit\\\/kituzo-keszites\\\/\",\"name\":\"Kit\u0171z\u0151 k\u00e9sz\u00edt\u00e9s - Egyedit\",\"isPartOf\":{\"@id\":\"https:\\\/\\\/tradevancehub.hu\\\/egyedit\\\/#website\"},\"primaryImageOfPage\":{\"@id\":\"https:\\\/\\\/tradevancehub.hu\\\/egyedit\\\/kituzo-keszites\\\/#primaryimage\"},\"image\":{\"@id\":\"https:\\\/\\\/tradevancehub.hu\\\/egyedit\\\/kituzo-keszites\\\/#primaryimage\"},\"thumbnailUrl\":\"https:\\\/\\\/egyedit.hu\\\/wp-content\\\/uploads\\\/sites\\\/8\\\/2024\\\/04\\\/Group-82.png\",\"datePublished\":\"2024-03-28T11:29:06+00:00\",\"dateModified\":\"2024-08-11T17:20:35+00:00\",\"inLanguage\":\"hu\",\"potentialAction\":[{\"@type\":\"ReadAction\",\"target\":[\"https:\\\/\\\/tradevancehub.hu\\\/egyedit\\\/kituzo-keszites\\\/\"]}]},{\"@type\":\"ImageObject\",\"inLanguage\":\"hu\",\"@id\":\"https:\\\/\\\/tradevancehub.hu\\\/egyedit\\\/kituzo-keszites\\\/#primaryimage\",\"url\":\"https:\\\/\\\/egyedit.hu\\\/wp-content\\\/uploads\\\/sites\\\/8\\\/2024\\\/04\\\/Group-82.png\",\"contentUrl\":\"https:\\\/\\\/egyedit.hu\\\/wp-content\\\/uploads\\\/sites\\\/8\\\/2024\\\/04\\\/Group-82.png\"},{\"@type\":\"WebSite\",\"@id\":\"https:\\\/\\\/tradevancehub.hu\\\/egyedit\\\/#website\",\"url\":\"https:\\\/\\\/tradevancehub.hu\\\/egyedit\\\/\",\"name\":\"Egyedit\",\"description\":\"\",\"publisher\":{\"@id\":\"https:\\\/\\\/tradevancehub.hu\\\/egyedit\\\/#organization\"},\"potentialAction\":[{\"@type\":\"SearchAction\",\"target\":{\"@type\":\"EntryPoint\",\"urlTemplate\":\"https:\\\/\\\/tradevancehub.hu\\\/egyedit\\\/?s={search_term_string}\"},\"query-input\":{\"@type\":\"PropertyValueSpecification\",\"valueRequired\":true,\"valueName\":\"search_term_string\"}}],\"inLanguage\":\"hu\"},{\"@type\":\"Organization\",\"@id\":\"https:\\\/\\\/tradevancehub.hu\\\/egyedit\\\/#organization\",\"name\":\"Egyedit\",\"url\":\"https:\\\/\\\/tradevancehub.hu\\\/egyedit\\\/\",\"logo\":{\"@type\":\"ImageObject\",\"inLanguage\":\"hu\",\"@id\":\"https:\\\/\\\/tradevancehub.hu\\\/egyedit\\\/#\\\/schema\\\/logo\\\/image\\\/\",\"url\":\"https:\\\/\\\/tradevancehub.hu\\\/egyedit\\\/wp-content\\\/uploads\\\/sites\\\/8\\\/2024\\\/03\\\/Group-1.png\",\"contentUrl\":\"https:\\\/\\\/tradevancehub.hu\\\/egyedit\\\/wp-content\\\/uploads\\\/sites\\\/8\\\/2024\\\/03\\\/Group-1.png\",\"width\":313,\"height\":89,\"caption\":\"Egyedit\"},\"image\":{\"@id\":\"https:\\\/\\\/tradevancehub.hu\\\/egyedit\\\/#\\\/schema\\\/logo\\\/image\\\/\"}}]}<\/script>\n<!-- \/ Yoast SEO Premium plugin. -->","yoast_head_json":{"title":"Kit\u0171z\u0151 k\u00e9sz\u00edt\u00e9s - Egyedit","robots":{"index":"noindex","follow":"follow","max-snippet":"max-snippet:-1","max-image-preview":"max-image-preview:large","max-video-preview":"max-video-preview:-1"},"og_locale":"hu_HU","og_type":"article","og_title":"Kit\u0171z\u0151 k\u00e9sz\u00edt\u00e9s - Egyedit","og_description":"Kit\u0171z\u0151 k\u00e9sz\u00edt\u00e9s Kit\u0171z\u0151ket, jelv\u00e9nyeket az emberis\u00e9g m\u00e1r id\u0151sz\u00e1m\u00edt\u00e1sunk el\u0151tt is haszn\u00e1lt, k\u00fcl\u00f6nf\u00e9le jel\u00f6l\u00e9sekre, t\u00f6rzsi megk\u00fcl\u00f6nb\u00f6ztet\u00e9sre, vagy csak puszt\u00e1n d\u00edsz\u00edt\u0151 jelleggel. A korai id\u0151kben m\u00e9g csontb\u00f3l, f\u00e1b\u00f3l, k\u00f6vekb\u0151l k\u00e9sz\u00fcltek ezek a legink\u00e1bb hierarchikus hovatartoz\u00e1st jel\u00f6l\u0151 d\u00edsz\u00edt\u0151 elemek.A k\u00e9s\u0151bbi technol\u00f3giai fejl\u0151d\u00e9snek k\u00f6sz\u00f6nhet\u0151en m\u00e1r el\u00e9rhet\u0151v\u00e9 v\u00e1ltak a k\u00fcl\u00f6nf\u00e9le f\u00e9m olvaszt\u00e1si \u00e9s \u00f6nt\u00e9si technol\u00f3gi\u00e1k. Ekkor m\u00e1r r\u00e9szletgazdagabb, tart\u00f3sabb \u00e9s ... Olvass tov\u00e1bb","og_url":"https:\/\/tradevancehub.hu\/egyedit\/kituzo-keszites\/","og_site_name":"Egyedit","article_modified_time":"2024-08-11T17:20:35+00:00","og_image":[{"url":"https:\/\/egyedit.hu\/wp-content\/uploads\/sites\/8\/2024\/04\/Group-82.png","type":"","width":"","height":""}],"twitter_card":"summary_large_image","twitter_misc":{"Becs\u00fclt olvas\u00e1si id\u0151":"2 perc"},"schema":{"@context":"https:\/\/schema.org","@graph":[{"@type":"WebPage","@id":"https:\/\/tradevancehub.hu\/egyedit\/kituzo-keszites\/","url":"https:\/\/tradevancehub.hu\/egyedit\/kituzo-keszites\/","name":"Kit\u0171z\u0151 k\u00e9sz\u00edt\u00e9s - Egyedit","isPartOf":{"@id":"https:\/\/tradevancehub.hu\/egyedit\/#website"},"primaryImageOfPage":{"@id":"https:\/\/tradevancehub.hu\/egyedit\/kituzo-keszites\/#primaryimage"},"image":{"@id":"https:\/\/tradevancehub.hu\/egyedit\/kituzo-keszites\/#primaryimage"},"thumbnailUrl":"https:\/\/egyedit.hu\/wp-content\/uploads\/sites\/8\/2024\/04\/Group-82.png","datePublished":"2024-03-28T11:29:06+00:00","dateModified":"2024-08-11T17:20:35+00:00","inLanguage":"hu","potentialAction":[{"@type":"ReadAction","target":["https:\/\/tradevancehub.hu\/egyedit\/kituzo-keszites\/"]}]},{"@type":"ImageObject","inLanguage":"hu","@id":"https:\/\/tradevancehub.hu\/egyedit\/kituzo-keszites\/#primaryimage","url":"https:\/\/egyedit.hu\/wp-content\/uploads\/sites\/8\/2024\/04\/Group-82.png","contentUrl":"https:\/\/egyedit.hu\/wp-content\/uploads\/sites\/8\/2024\/04\/Group-82.png"},{"@type":"WebSite","@id":"https:\/\/tradevancehub.hu\/egyedit\/#website","url":"https:\/\/tradevancehub.hu\/egyedit\/","name":"Egyedit","description":"","publisher":{"@id":"https:\/\/tradevancehub.hu\/egyedit\/#organization"},"potentialAction":[{"@type":"SearchAction","target":{"@type":"EntryPoint","urlTemplate":"https:\/\/tradevancehub.hu\/egyedit\/?s={search_term_string}"},"query-input":{"@type":"PropertyValueSpecification","valueRequired":true,"valueName":"search_term_string"}}],"inLanguage":"hu"},{"@type":"Organization","@id":"https:\/\/tradevancehub.hu\/egyedit\/#organization","name":"Egyedit","url":"https:\/\/tradevancehub.hu\/egyedit\/","logo":{"@type":"ImageObject","inLanguage":"hu","@id":"https:\/\/tradevancehub.hu\/egyedit\/#\/schema\/logo\/image\/","url":"https:\/\/tradevancehub.hu\/egyedit\/wp-content\/uploads\/sites\/8\/2024\/03\/Group-1.png","contentUrl":"https:\/\/tradevancehub.hu\/egyedit\/wp-content\/uploads\/sites\/8\/2024\/03\/Group-1.png","width":313,"height":89,"caption":"Egyedit"},"image":{"@id":"https:\/\/tradevancehub.hu\/egyedit\/#\/schema\/logo\/image\/"}}]}},"uagb_featured_image_src":{"full":false,"thumbnail":false,"medium":false,"medium_large":false,"large":false,"1536x1536":false,"2048x2048":false,"woocommerce_thumbnail":false,"woocommerce_single":false,"woocommerce_gallery_thumbnail":false},"uagb_author_info":{"display_name":"","author_link":"https:\/\/tradevancehub.hu\/egyedit\/author\/"},"uagb_comment_info":0,"uagb_excerpt":"Kit\u0171z\u0151 k\u00e9sz\u00edt\u00e9s Kit\u0171z\u0151ket, jelv\u00e9nyeket az emberis\u00e9g m\u00e1r id\u0151sz\u00e1m\u00edt\u00e1sunk el\u0151tt is haszn\u00e1lt, k\u00fcl\u00f6nf\u00e9le jel\u00f6l\u00e9sekre, t\u00f6rzsi megk\u00fcl\u00f6nb\u00f6ztet\u00e9sre, vagy csak puszt\u00e1n d\u00edsz\u00edt\u0151 jelleggel. A korai id\u0151kben m\u00e9g csontb\u00f3l, f\u00e1b\u00f3l, k\u00f6vekb\u0151l k\u00e9sz\u00fcltek ezek a legink\u00e1bb hierarchikus hovatartoz\u00e1st jel\u00f6l\u0151 d\u00edsz\u00edt\u0151 elemek.A k\u00e9s\u0151bbi technol\u00f3giai fejl\u0151d\u00e9snek k\u00f6sz\u00f6nhet\u0151en m\u00e1r el\u00e9rhet\u0151v\u00e9 v\u00e1ltak a k\u00fcl\u00f6nf\u00e9le f\u00e9m olvaszt\u00e1si \u00e9s \u00f6nt\u00e9si technol\u00f3gi\u00e1k. Ekkor m\u00e1r r\u00e9szletgazdagabb, tart\u00f3sabb \u00e9s&hellip;","_links":{"self":[{"href":"https:\/\/tradevancehub.hu\/egyedit\/wp-json\/wp\/v2\/pages\/2322","targetHints":{"allow":["GET"]}}],"collection":[{"href":"https:\/\/tradevancehub.hu\/egyedit\/wp-json\/wp\/v2\/pages"}],"about":[{"href":"https:\/\/tradevancehub.hu\/egyedit\/wp-json\/wp\/v2\/types\/page"}],"author":[{"embeddable":true,"href":"https:\/\/tradevancehub.hu\/egyedit\/wp-json\/wp\/v2\/users\/67"}],"replies":[{"embeddable":true,"href":"https:\/\/tradevancehub.hu\/egyedit\/wp-json\/wp\/v2\/comments?post=2322"}],"version-history":[{"count":0,"href":"https:\/\/tradevancehub.hu\/egyedit\/wp-json\/wp\/v2\/pages\/2322\/revisions"}],"wp:attachment":[{"href":"https:\/\/tradevancehub.hu\/egyedit\/wp-json\/wp\/v2\/media?parent=2322"}],"curies":[{"name":"wp","href":"https:\/\/api.w.org\/{rel}","templated":true}]}}