{"id":2320,"date":"2024-03-28T11:26:23","date_gmt":"2024-03-28T11:26:23","guid":{"rendered":"https:\/\/egyedit.hu\/?page_id=2320"},"modified":"2024-08-11T17:21:22","modified_gmt":"2024-08-11T17:21:22","slug":"foliavagas","status":"publish","type":"page","link":"https:\/\/tradevancehub.hu\/egyedit\/foliavagas\/","title":{"rendered":"F\u00f3liav\u00e1g\u00e1s"},"content":{"rendered":"<div class=\"gb-container gb-container-eb8d2627\">\n<div class=\"gb-container gb-container-58c20a87\">\n\n<h2 class=\"gb-headline gb-headline-bb6138c0 gb-headline-text title-with-shadow\">F\u00f3liav\u00e1g\u00e1s<\/h2>\n\n<\/div>\n\n<div class=\"gb-container gb-container-f382a8a7\">\n<div class=\"gb-container gb-container-b480e5e8 felhaszn-lehetoseg\">\n\n<h2 class=\"gb-headline gb-headline-2a721e5c gb-headline-text\">A f\u00f3lia v\u00e1g\u00e1s felhaszn\u00e1l\u00e1si ter\u00fcletek<\/h2>\n\n\n<div class=\"gb-grid-wrapper gb-grid-wrapper-0fb38104\">\n<div class=\"gb-grid-column gb-grid-column-5b850fcc\"><div class=\"gb-container gb-container-5b850fcc\">\n\n<ul style=\"font-size:32px\" class=\"wp-block-list alk-gyartas\">\n<li class=\"checkmark-mark\">F\u00f3liav\u00e1g\u00e1s, rekl\u00e1mt\u00e1bl\u00e1k, molin\u00f3k, stb. k\u00e9sz\u00edt\u00e9se<\/li>\n\n\n\n<li class=\"checkmark-mark\">Textilre vasalhat\u00f3 f\u00f3li\u00e1k v\u00e1g\u00e1sa<\/li>\n\n\n\n<li class=\"checkmark-mark\">Aut\u00f3 f\u00f3li\u00e1z\u00e1s, j\u00e1rm\u0171dekor, fluor \u00e9s f\u00e9nyvisszaver\u0151 matrica<\/li>\n\n\n\n<li class=\"checkmark-mark\">\u00dczlet dekor: ablak-, homlokzati-, dekor\u00e1ci\u00f3s-, padl\u00f3matrica<\/li>\n\n\n\n<li class=\"checkmark-mark\">Sablonv\u00e1g\u00e1s homokf\u00fav\u00e1shoz, fest\u00e9shez<\/li>\n\n\n\n<li class=\"checkmark-mark\">M\u0171szaki tervek, szab\u00e1smint\u00e1k rajzol\u00e1sa<\/li>\n<\/ul>\n\n<\/div><\/div>\n<\/div>\n<\/div>\n\n\n<p>A kiv\u00e1gand\u00f3 grafika vektoros, k\u00f6rvonalazott form\u00e1ban k\u00e9sz\u00fcl el. A vektorgrafik\u00e1k a pixelesekkel ellent\u00e9tben b\u00e1rmekkor\u00e1ra nagy\u00edthat\u00f3k torzul\u00e1s, min\u0151s\u00e9gveszt\u00e9s n\u00e9lk\u00fcl. F\u00f3liav\u00e1g\u00e1sn\u00e1l a v\u00e1g\u00f3plotter megfelel\u0151 nyom\u00e1sbe\u00e1ll\u00edt\u00e1s mellett csak a fels\u0151 r\u00e9tegen l\u00e9v\u0151 f\u00f3li\u00e1t v\u00e1gja \u00e1t, hogy az alatta l\u00e9v\u0151 hordoz\u00f3 r\u00e9teg ne s\u00e9r\u00fclj\u00f6n.V\u00e1g\u00e1s ut\u00e1n a f\u00f3li\u00e1b\u00f3l k\u00e9zzel elt\u00e1vol\u00edtjuk a sz\u00e1munkra felesleges r\u00e9szeket, hogy a hordoz\u00f3n csak a grafika r\u00e9szei legyenek.<\/p>\n\n\n\n<p>Dekor\u00e1ci\u00f3s f\u00f3li\u00e1kn\u00e1l az applik\u00e1ci\u00f3s f\u00f3lia seg\u00edts\u00e9g\u00e9vel egyben \u00e1thelyezz\u00fck a dekor\u00e1land\u00f3 fel\u00fcletre, odasim\u00edtjuk, sim\u00edt\u00e1s ut\u00e1n az applik\u00e1ci\u00f3s f\u00f3li\u00e1t elt\u00e1vol\u00edtjuk. Vasalhat\u00f3 f\u00f3li\u00e1k eset\u00e9ben ezt k\u00f6vet\u0151en csak r\u00e1helyezz\u00fck az anyagra, majd h\u0151pr\u00e9s seg\u00edts\u00e9g\u00e9vel felvasaljuk. A vasalhat\u00f3 f\u00f3lia applik\u00e1l\u00f3 r\u00e9teg\u00e9 \u00f6ntapad\u00f3s, mely el\u0151seg\u00edti az anyagra val\u00f3 pozicion\u00e1l\u00e1st (nem mozdul el). T\u00f6bbsz\u00edn\u0171 grafika eset\u00e9n minden egyes sz\u00ednt k\u00fcl\u00f6n v\u00e1gunk, majd illeszt\u00fcnk. Ha sok sz\u00edn\u0171, f\u00e9nyk\u00e9pes grafik\u00e1val szeretn\u00e9nk haszn\u00e1lni, \u00e9rdemes nyomtatott f\u00f3li\u00e1t v\u00e1lasztani.<\/p>\n\n\n\n<p>A v\u00e1ghat\u00f3 vasalhat\u00f3 f\u00f3li\u00e1k nagy el\u0151nye hogy a legt\u00f6bb anyagra, vil\u00e1gos \u00e9s s\u00f6t\u00e9tre egyar\u00e1nt haszn\u00e1lhat\u00f3, tov\u00e1bb\u00e1 hogy olyan k\u00fcl\u00f6nleges text\u00far\u00e1j\u00fa pl: hologrammos, csill\u00e1mos, f\u00e9nyvisszaver\u0151s stb.. nyomatokat lehet k\u00e9sz\u00edteni, ami m\u00e1s elj\u00e1r\u00e1ssal nem lehets\u00e9ges \u00e9s amely n\u00e9lk\u00fcl\u00f6zhetetlenn\u00e9 teszi a technologi\u00e1t. A szit\u00e1z\u00e1ssal szemben egyetlen term\u00e9knyomat eset\u00e9n is kiv\u00e1l\u00f3 \u00e1r\/\u00e9rt\u00e9k ar\u00e1ny jellemzi. A plotter g\u00e9pet c\u00e9lszer\u0171 a hozz\u00e1 adott \u00e1llv\u00e1nnyal haszn\u00e1lni, megel\u0151zve ezzel az esetleges v\u00e1g\u00e1s k\u00f6zbeni v\u00e1g\u00e1s elakad\u00e1st, mely a v\u00e9geredm\u00e9ny torzul\u00e1s\u00e1hoz vezethet.<\/p>\n\n\n\n<p>Az \u00e1llv\u00e1ny tartoz\u00e9ka a csap\u00e1gyazott tengely, mely el\u0151seg\u00edti a g\u00f6rd\u00fcl\u00e9keny anyagtov\u00e1bb\u00edt\u00e1st. Lehet\u0151leg legal\u00e1bb 630mm v\u00e1g\u00e1ssz\u00e9less\u00e9g\u0171 plottert \u00e9rdemes v\u00e1lasztani, mert a f\u00f3li\u00e1k sz\u00e9less\u00e9ge jellemz\u0151en 50cm-t\u0151l kezd\u0151dik. Kieg\u00e9sz\u00edt\u0151 tev\u00e9kenys\u00e9gnek is kiv\u00e1l\u00f3, nem ig\u00e9nyel k\u00fcl\u00f6n v\u00e9gzetts\u00e9get, enged\u00e9lyt, \u00e1ltal\u00e1nos szakmak\u00f3d pl: aj\u00e1nd\u00e9k- \u00e9s d\u00edszm\u0171\u00e1r\u00fa k\u00e9sz\u00edt\u00e9s mellett is haszn\u00e1lhat\u00f3 (az aktu\u00e1lis szab\u00e1lyoz\u00e1s \u00f6nkorm\u00e1nyzatonk\u00e9nt v\u00e1ltozhat). A f\u00f3liav\u00e1g\u00e1s j\u00f3 v\u00e1laszt\u00e1s lehet mindazoknak akik keresik a kreat\u00edv kih\u00edv\u00e1sokat, \u00e9s szeretn\u00e9k megval\u00f3s\u00edtani egyedi \u00f6tleteiket.<\/p>\n\n<\/div>\n\n<div class=\"gb-grid-wrapper gb-grid-wrapper-8523d5c5\">\n<div class=\"gb-grid-column gb-grid-column-d53ce990\"><div class=\"gb-container gb-container-d53ce990\">\n\n<figure class=\"wp-block-image size-full egyedit-alcsempe\"><a href=\"https:\/\/egyedit.hu\/foliavagas-termekek\/\" target=\"_blank\" rel=\"noreferrer noopener\"><img loading=\"lazy\" decoding=\"async\" width=\"957\" height=\"570\" src=\"https:\/\/egyedit.hu\/wp-content\/uploads\/sites\/8\/2024\/04\/Group-82-6.png\" alt=\"\" class=\"wp-image-2817\" srcset=\"https:\/\/tradevancehub.hu\/egyedit\/wp-content\/uploads\/sites\/8\/2024\/04\/Group-82-6.png 957w, https:\/\/tradevancehub.hu\/egyedit\/wp-content\/uploads\/sites\/8\/2024\/04\/Group-82-6-300x179.png 300w, https:\/\/tradevancehub.hu\/egyedit\/wp-content\/uploads\/sites\/8\/2024\/04\/Group-82-6-768x457.png 768w, https:\/\/tradevancehub.hu\/egyedit\/wp-content\/uploads\/sites\/8\/2024\/04\/Group-82-6-600x357.png 600w\" sizes=\"auto, (max-width: 957px) 100vw, 957px\" \/><\/a><\/figure>\n\n<\/div><\/div>\n\n<div class=\"gb-grid-column gb-grid-column-7ba955e8\"><div class=\"gb-container gb-container-7ba955e8\">\n\n<figure class=\"wp-block-image size-full egyedit-alcsempe\"><a href=\"https:\/\/gyartovilag.hu\/kategoriak\/foliavagas\/vagoplotterek\/\" target=\"_blank\" rel=\"noreferrer noopener\"><img decoding=\"async\" src=\"https:\/\/gyartovilag.hu\/wp-content\/uploads\/sites\/2\/2024\/01\/Group-81-13.png\" alt=\"\" class=\"wp-image-17516\"\/><\/a><\/figure>\n\n<\/div><\/div>\n\n<div class=\"gb-grid-column gb-grid-column-e58f1a06\"><div class=\"gb-container gb-container-e58f1a06\">\n\n<figure class=\"wp-block-image size-full egyedit-alcsempe\"><a href=\"https:\/\/gyartovilag.hu\/kategoriak\/foliavagas\/vasalhato-foliak\/\" target=\"_blank\" rel=\"noreferrer noopener\"><img decoding=\"async\" src=\"https:\/\/gyartovilag.hu\/wp-content\/uploads\/sites\/2\/2024\/01\/Group-82-12.png\" alt=\"\" class=\"wp-image-17519\"\/><\/a><\/figure>\n\n<\/div><\/div>\n<\/div>\n<\/div>","protected":false},"excerpt":{"rendered":"<p>F\u00f3liav\u00e1g\u00e1s A f\u00f3lia v\u00e1g\u00e1s felhaszn\u00e1l\u00e1si ter\u00fcletek A kiv\u00e1gand\u00f3 grafika vektoros, k\u00f6rvonalazott form\u00e1ban k\u00e9sz\u00fcl el. A vektorgrafik\u00e1k a pixelesekkel ellent\u00e9tben b\u00e1rmekkor\u00e1ra nagy\u00edthat\u00f3k torzul\u00e1s, min\u0151s\u00e9gveszt\u00e9s n\u00e9lk\u00fcl. F\u00f3liav\u00e1g\u00e1sn\u00e1l a v\u00e1g\u00f3plotter megfelel\u0151 nyom\u00e1sbe\u00e1ll\u00edt\u00e1s mellett csak a fels\u0151 r\u00e9tegen l\u00e9v\u0151 f\u00f3li\u00e1t v\u00e1gja \u00e1t, hogy az alatta l\u00e9v\u0151 hordoz\u00f3 r\u00e9teg ne s\u00e9r\u00fclj\u00f6n.V\u00e1g\u00e1s ut\u00e1n a f\u00f3li\u00e1b\u00f3l k\u00e9zzel elt\u00e1vol\u00edtjuk a sz\u00e1munkra felesleges r\u00e9szeket, &#8230; <a title=\"F\u00f3liav\u00e1g\u00e1s\" class=\"read-more\" href=\"https:\/\/tradevancehub.hu\/egyedit\/foliavagas\/\" aria-label=\"Read more about F\u00f3liav\u00e1g\u00e1s\">Olvass tov\u00e1bb<\/a><\/p>\n","protected":false},"author":67,"featured_media":0,"parent":0,"menu_order":0,"comment_status":"closed","ping_status":"closed","template":"","meta":{"_acf_changed":false,"_uag_custom_page_level_css":"","footnotes":""},"class_list":["post-2320","page","type-page","status-publish"],"acf":[],"yoast_head":"<!-- This site is optimized with the Yoast SEO Premium plugin v23.7 (Yoast SEO v27.5) - https:\/\/yoast.com\/product\/yoast-seo-premium-wordpress\/ -->\n<title>F\u00f3liav\u00e1g\u00e1s - Egyedit<\/title>\n<meta name=\"robots\" content=\"noindex, follow, max-snippet:-1, max-image-preview:large, max-video-preview:-1\" \/>\n<meta property=\"og:locale\" content=\"hu_HU\" \/>\n<meta property=\"og:type\" content=\"article\" \/>\n<meta property=\"og:title\" content=\"F\u00f3liav\u00e1g\u00e1s - Egyedit\" \/>\n<meta property=\"og:description\" content=\"F\u00f3liav\u00e1g\u00e1s A f\u00f3lia v\u00e1g\u00e1s felhaszn\u00e1l\u00e1si ter\u00fcletek A kiv\u00e1gand\u00f3 grafika vektoros, k\u00f6rvonalazott form\u00e1ban k\u00e9sz\u00fcl el. A vektorgrafik\u00e1k a pixelesekkel ellent\u00e9tben b\u00e1rmekkor\u00e1ra nagy\u00edthat\u00f3k torzul\u00e1s, min\u0151s\u00e9gveszt\u00e9s n\u00e9lk\u00fcl. F\u00f3liav\u00e1g\u00e1sn\u00e1l a v\u00e1g\u00f3plotter megfelel\u0151 nyom\u00e1sbe\u00e1ll\u00edt\u00e1s mellett csak a fels\u0151 r\u00e9tegen l\u00e9v\u0151 f\u00f3li\u00e1t v\u00e1gja \u00e1t, hogy az alatta l\u00e9v\u0151 hordoz\u00f3 r\u00e9teg ne s\u00e9r\u00fclj\u00f6n.V\u00e1g\u00e1s ut\u00e1n a f\u00f3li\u00e1b\u00f3l k\u00e9zzel elt\u00e1vol\u00edtjuk a sz\u00e1munkra felesleges r\u00e9szeket, ... Olvass tov\u00e1bb\" \/>\n<meta property=\"og:url\" content=\"https:\/\/tradevancehub.hu\/egyedit\/foliavagas\/\" \/>\n<meta property=\"og:site_name\" content=\"Egyedit\" \/>\n<meta property=\"article:modified_time\" content=\"2024-08-11T17:21:22+00:00\" \/>\n<meta property=\"og:image\" content=\"https:\/\/egyedit.hu\/wp-content\/uploads\/sites\/8\/2024\/04\/Group-82-6.png\" \/>\n<meta name=\"twitter:card\" content=\"summary_large_image\" \/>\n<meta name=\"twitter:label1\" content=\"Becs\u00fclt olvas\u00e1si id\u0151\" \/>\n\t<meta name=\"twitter:data1\" content=\"3 perc\" \/>\n<script type=\"application\/ld+json\" class=\"yoast-schema-graph\">{\"@context\":\"https:\\\/\\\/schema.org\",\"@graph\":[{\"@type\":\"WebPage\",\"@id\":\"https:\\\/\\\/tradevancehub.hu\\\/egyedit\\\/foliavagas\\\/\",\"url\":\"https:\\\/\\\/tradevancehub.hu\\\/egyedit\\\/foliavagas\\\/\",\"name\":\"F\u00f3liav\u00e1g\u00e1s - Egyedit\",\"isPartOf\":{\"@id\":\"https:\\\/\\\/tradevancehub.hu\\\/egyedit\\\/#website\"},\"primaryImageOfPage\":{\"@id\":\"https:\\\/\\\/tradevancehub.hu\\\/egyedit\\\/foliavagas\\\/#primaryimage\"},\"image\":{\"@id\":\"https:\\\/\\\/tradevancehub.hu\\\/egyedit\\\/foliavagas\\\/#primaryimage\"},\"thumbnailUrl\":\"https:\\\/\\\/egyedit.hu\\\/wp-content\\\/uploads\\\/sites\\\/8\\\/2024\\\/04\\\/Group-82-6.png\",\"datePublished\":\"2024-03-28T11:26:23+00:00\",\"dateModified\":\"2024-08-11T17:21:22+00:00\",\"inLanguage\":\"hu\",\"potentialAction\":[{\"@type\":\"ReadAction\",\"target\":[\"https:\\\/\\\/tradevancehub.hu\\\/egyedit\\\/foliavagas\\\/\"]}]},{\"@type\":\"ImageObject\",\"inLanguage\":\"hu\",\"@id\":\"https:\\\/\\\/tradevancehub.hu\\\/egyedit\\\/foliavagas\\\/#primaryimage\",\"url\":\"https:\\\/\\\/egyedit.hu\\\/wp-content\\\/uploads\\\/sites\\\/8\\\/2024\\\/04\\\/Group-82-6.png\",\"contentUrl\":\"https:\\\/\\\/egyedit.hu\\\/wp-content\\\/uploads\\\/sites\\\/8\\\/2024\\\/04\\\/Group-82-6.png\"},{\"@type\":\"WebSite\",\"@id\":\"https:\\\/\\\/tradevancehub.hu\\\/egyedit\\\/#website\",\"url\":\"https:\\\/\\\/tradevancehub.hu\\\/egyedit\\\/\",\"name\":\"Egyedit\",\"description\":\"\",\"publisher\":{\"@id\":\"https:\\\/\\\/tradevancehub.hu\\\/egyedit\\\/#organization\"},\"potentialAction\":[{\"@type\":\"SearchAction\",\"target\":{\"@type\":\"EntryPoint\",\"urlTemplate\":\"https:\\\/\\\/tradevancehub.hu\\\/egyedit\\\/?s={search_term_string}\"},\"query-input\":{\"@type\":\"PropertyValueSpecification\",\"valueRequired\":true,\"valueName\":\"search_term_string\"}}],\"inLanguage\":\"hu\"},{\"@type\":\"Organization\",\"@id\":\"https:\\\/\\\/tradevancehub.hu\\\/egyedit\\\/#organization\",\"name\":\"Egyedit\",\"url\":\"https:\\\/\\\/tradevancehub.hu\\\/egyedit\\\/\",\"logo\":{\"@type\":\"ImageObject\",\"inLanguage\":\"hu\",\"@id\":\"https:\\\/\\\/tradevancehub.hu\\\/egyedit\\\/#\\\/schema\\\/logo\\\/image\\\/\",\"url\":\"https:\\\/\\\/tradevancehub.hu\\\/egyedit\\\/wp-content\\\/uploads\\\/sites\\\/8\\\/2024\\\/03\\\/Group-1.png\",\"contentUrl\":\"https:\\\/\\\/tradevancehub.hu\\\/egyedit\\\/wp-content\\\/uploads\\\/sites\\\/8\\\/2024\\\/03\\\/Group-1.png\",\"width\":313,\"height\":89,\"caption\":\"Egyedit\"},\"image\":{\"@id\":\"https:\\\/\\\/tradevancehub.hu\\\/egyedit\\\/#\\\/schema\\\/logo\\\/image\\\/\"}}]}<\/script>\n<!-- \/ Yoast SEO Premium plugin. -->","yoast_head_json":{"title":"F\u00f3liav\u00e1g\u00e1s - Egyedit","robots":{"index":"noindex","follow":"follow","max-snippet":"max-snippet:-1","max-image-preview":"max-image-preview:large","max-video-preview":"max-video-preview:-1"},"og_locale":"hu_HU","og_type":"article","og_title":"F\u00f3liav\u00e1g\u00e1s - Egyedit","og_description":"F\u00f3liav\u00e1g\u00e1s A f\u00f3lia v\u00e1g\u00e1s felhaszn\u00e1l\u00e1si ter\u00fcletek A kiv\u00e1gand\u00f3 grafika vektoros, k\u00f6rvonalazott form\u00e1ban k\u00e9sz\u00fcl el. A vektorgrafik\u00e1k a pixelesekkel ellent\u00e9tben b\u00e1rmekkor\u00e1ra nagy\u00edthat\u00f3k torzul\u00e1s, min\u0151s\u00e9gveszt\u00e9s n\u00e9lk\u00fcl. F\u00f3liav\u00e1g\u00e1sn\u00e1l a v\u00e1g\u00f3plotter megfelel\u0151 nyom\u00e1sbe\u00e1ll\u00edt\u00e1s mellett csak a fels\u0151 r\u00e9tegen l\u00e9v\u0151 f\u00f3li\u00e1t v\u00e1gja \u00e1t, hogy az alatta l\u00e9v\u0151 hordoz\u00f3 r\u00e9teg ne s\u00e9r\u00fclj\u00f6n.V\u00e1g\u00e1s ut\u00e1n a f\u00f3li\u00e1b\u00f3l k\u00e9zzel elt\u00e1vol\u00edtjuk a sz\u00e1munkra felesleges r\u00e9szeket, ... Olvass tov\u00e1bb","og_url":"https:\/\/tradevancehub.hu\/egyedit\/foliavagas\/","og_site_name":"Egyedit","article_modified_time":"2024-08-11T17:21:22+00:00","og_image":[{"url":"https:\/\/egyedit.hu\/wp-content\/uploads\/sites\/8\/2024\/04\/Group-82-6.png","type":"","width":"","height":""}],"twitter_card":"summary_large_image","twitter_misc":{"Becs\u00fclt olvas\u00e1si id\u0151":"3 perc"},"schema":{"@context":"https:\/\/schema.org","@graph":[{"@type":"WebPage","@id":"https:\/\/tradevancehub.hu\/egyedit\/foliavagas\/","url":"https:\/\/tradevancehub.hu\/egyedit\/foliavagas\/","name":"F\u00f3liav\u00e1g\u00e1s - Egyedit","isPartOf":{"@id":"https:\/\/tradevancehub.hu\/egyedit\/#website"},"primaryImageOfPage":{"@id":"https:\/\/tradevancehub.hu\/egyedit\/foliavagas\/#primaryimage"},"image":{"@id":"https:\/\/tradevancehub.hu\/egyedit\/foliavagas\/#primaryimage"},"thumbnailUrl":"https:\/\/egyedit.hu\/wp-content\/uploads\/sites\/8\/2024\/04\/Group-82-6.png","datePublished":"2024-03-28T11:26:23+00:00","dateModified":"2024-08-11T17:21:22+00:00","inLanguage":"hu","potentialAction":[{"@type":"ReadAction","target":["https:\/\/tradevancehub.hu\/egyedit\/foliavagas\/"]}]},{"@type":"ImageObject","inLanguage":"hu","@id":"https:\/\/tradevancehub.hu\/egyedit\/foliavagas\/#primaryimage","url":"https:\/\/egyedit.hu\/wp-content\/uploads\/sites\/8\/2024\/04\/Group-82-6.png","contentUrl":"https:\/\/egyedit.hu\/wp-content\/uploads\/sites\/8\/2024\/04\/Group-82-6.png"},{"@type":"WebSite","@id":"https:\/\/tradevancehub.hu\/egyedit\/#website","url":"https:\/\/tradevancehub.hu\/egyedit\/","name":"Egyedit","description":"","publisher":{"@id":"https:\/\/tradevancehub.hu\/egyedit\/#organization"},"potentialAction":[{"@type":"SearchAction","target":{"@type":"EntryPoint","urlTemplate":"https:\/\/tradevancehub.hu\/egyedit\/?s={search_term_string}"},"query-input":{"@type":"PropertyValueSpecification","valueRequired":true,"valueName":"search_term_string"}}],"inLanguage":"hu"},{"@type":"Organization","@id":"https:\/\/tradevancehub.hu\/egyedit\/#organization","name":"Egyedit","url":"https:\/\/tradevancehub.hu\/egyedit\/","logo":{"@type":"ImageObject","inLanguage":"hu","@id":"https:\/\/tradevancehub.hu\/egyedit\/#\/schema\/logo\/image\/","url":"https:\/\/tradevancehub.hu\/egyedit\/wp-content\/uploads\/sites\/8\/2024\/03\/Group-1.png","contentUrl":"https:\/\/tradevancehub.hu\/egyedit\/wp-content\/uploads\/sites\/8\/2024\/03\/Group-1.png","width":313,"height":89,"caption":"Egyedit"},"image":{"@id":"https:\/\/tradevancehub.hu\/egyedit\/#\/schema\/logo\/image\/"}}]}},"uagb_featured_image_src":{"full":false,"thumbnail":false,"medium":false,"medium_large":false,"large":false,"1536x1536":false,"2048x2048":false,"woocommerce_thumbnail":false,"woocommerce_single":false,"woocommerce_gallery_thumbnail":false},"uagb_author_info":{"display_name":"","author_link":"https:\/\/tradevancehub.hu\/egyedit\/author\/"},"uagb_comment_info":0,"uagb_excerpt":"F\u00f3liav\u00e1g\u00e1s A f\u00f3lia v\u00e1g\u00e1s felhaszn\u00e1l\u00e1si ter\u00fcletek A kiv\u00e1gand\u00f3 grafika vektoros, k\u00f6rvonalazott form\u00e1ban k\u00e9sz\u00fcl el. A vektorgrafik\u00e1k a pixelesekkel ellent\u00e9tben b\u00e1rmekkor\u00e1ra nagy\u00edthat\u00f3k torzul\u00e1s, min\u0151s\u00e9gveszt\u00e9s n\u00e9lk\u00fcl. F\u00f3liav\u00e1g\u00e1sn\u00e1l a v\u00e1g\u00f3plotter megfelel\u0151 nyom\u00e1sbe\u00e1ll\u00edt\u00e1s mellett csak a fels\u0151 r\u00e9tegen l\u00e9v\u0151 f\u00f3li\u00e1t v\u00e1gja \u00e1t, hogy az alatta l\u00e9v\u0151 hordoz\u00f3 r\u00e9teg ne s\u00e9r\u00fclj\u00f6n.V\u00e1g\u00e1s ut\u00e1n a f\u00f3li\u00e1b\u00f3l k\u00e9zzel elt\u00e1vol\u00edtjuk a sz\u00e1munkra felesleges r\u00e9szeket,&hellip;","_links":{"self":[{"href":"https:\/\/tradevancehub.hu\/egyedit\/wp-json\/wp\/v2\/pages\/2320","targetHints":{"allow":["GET"]}}],"collection":[{"href":"https:\/\/tradevancehub.hu\/egyedit\/wp-json\/wp\/v2\/pages"}],"about":[{"href":"https:\/\/tradevancehub.hu\/egyedit\/wp-json\/wp\/v2\/types\/page"}],"author":[{"embeddable":true,"href":"https:\/\/tradevancehub.hu\/egyedit\/wp-json\/wp\/v2\/users\/67"}],"replies":[{"embeddable":true,"href":"https:\/\/tradevancehub.hu\/egyedit\/wp-json\/wp\/v2\/comments?post=2320"}],"version-history":[{"count":0,"href":"https:\/\/tradevancehub.hu\/egyedit\/wp-json\/wp\/v2\/pages\/2320\/revisions"}],"wp:attachment":[{"href":"https:\/\/tradevancehub.hu\/egyedit\/wp-json\/wp\/v2\/media?parent=2320"}],"curies":[{"name":"wp","href":"https:\/\/api.w.org\/{rel}","templated":true}]}}