{"id":2096,"date":"2024-03-26T15:07:12","date_gmt":"2024-03-26T15:07:12","guid":{"rendered":"https:\/\/egyedit.hu\/?page_id=2096"},"modified":"2024-08-11T17:19:57","modified_gmt":"2024-08-11T17:19:57","slug":"lezergravirozas","status":"publish","type":"page","link":"https:\/\/tradevancehub.hu\/egyedit\/lezergravirozas\/","title":{"rendered":"L\u00e9zergrav\u00edroz\u00e1s"},"content":{"rendered":"<div class=\"gb-container gb-container-24d8c2ef\">\n<div class=\"gb-container gb-container-2b90d023\">\n\n<h2 class=\"gb-headline gb-headline-4da10387 gb-headline-text title-with-shadow\">L\u00e9zergrav\u00edroz\u00e1s<\/h2>\n\n<\/div>\n\n<div class=\"gb-container gb-container-607bed8e\">\n\n<p class=\"has-contrast-color has-text-color has-link-color wp-elements-69589a704595cf83e172833438985808\">Bonyolult grafik\u00e1t\u00f3l a fot\u00f3kig szinte b\u00e1rmi grav\u00edrozhat\u00f3 az anyagra, a lekop\u00e1s vesz\u00e9lye n\u00e9lk\u00fcl. \u00c9rint\u00e9smentes, gyors, prec\u00edz \u00e9s r\u00e9szletgazdag v\u00e1g\u00e1s, grav\u00edroz\u00e1s. Rendk\u00edv\u00fcl kedvez\u0151 \u00e1r-\u00e9rt\u00e9k ar\u00e1ny\u00fa megmunk\u00e1l\u00e1s, ak\u00e1r egy munkadarabn\u00e1l is. Alacsony \u00fczemeltet\u00e9si \u00e9s karbantart\u00e1si k\u00f6lts\u00e9g, energiahat\u00e9konys\u00e1g jellemzi.<\/p>\n\n\n\n<h2 class=\"gb-headline gb-headline-781a885b gb-headline-text\">L\u00e9zerv\u00e1g\u00e1s \/ L\u00e9zer grav\u00edroz\u00e1s<\/h2>\n\n\n\n<p class=\"has-contrast-color has-text-color has-link-color wp-elements-b5cf10daadc5b7f51bc63f1c482ede3e\">L\u00e9zergrav\u00edroz\u00e1ssal egyedi, exkluz\u00edv aj\u00e1nd\u00e9kok, dekor\u00e1ci\u00f3k, d\u00edszek hozhat\u00f3k l\u00e9tre, melyek id\u0151 \u00e9s kop\u00e1s\u00e1ll\u00f3ak. A minta be\u00e9get\u00e9s\u00e9t, egy l\u00e9zercs\u0151b\u0151l kil\u00e9p\u0151 l\u00e9zernyal\u00e1b v\u00e9gzi, mely egy t\u00fck\u00f6rrendszeren \u00e9s egy fokusz\u00e1l\u00f3 lencs\u00e9n kereszt\u00fcl vet\u00fcl az anyagra. A l\u00e9zernyal\u00e1b egy alacsony sz\u00f3r\u00f3d\u00e1s\u00fa \u201ef\u00e9nnyal\u00e1b\u201d amelyben hatalmas mennyis\u00e9g\u0171 energia koncentr\u00e1l\u00f3dik. A megmunk\u00e1l\u00e1s sor\u00e1n az anyag elp\u00e1rolog vagy el\u00e9g, ezzel j\u00f3l l\u00e1that\u00f3, tart\u00f3s \u00e9s olvashat\u00f3 felirat, k\u00e9p, sorsz\u00e1m k\u00e9sz\u00edthet\u0151 szinte b\u00e1rmilyen anyagra. A l\u00e9zercs\u0151 m\u0171k\u00f6d\u00e9se k\u00f6zben h\u0151 termel\u0151dik, ez\u00e9rt fontos a cs\u0151 megfelel\u0151 h\u0171t\u00e9se, mely jellemz\u0151en folyad\u00e9kh\u0171t\u00e9s. A munkafolyamat sor\u00e1n keletkez\u0151 f\u00fcst\u00f6t a k\u00e9sz\u00fcl\u00e9kbe \u00e9p\u00edtett elsz\u00edv\u00f3 berendez\u00e9s hat\u00e9konyan elvezeti a l\u00e9gt\u00e9rb\u0151l, ez\u00e9rt alkalmazhat\u00f3 z\u00e1rt l\u00e9gt\u00e9rben is. A g\u00e9p nem ig\u00e9nyel k\u00fcl\u00f6n\u00f6sebb karbantart\u00e1st, csak a gy\u00e1rt\u00e1s sor\u00e1n keletkezett szennyez\u0151d\u00e9sek elt\u00e1vol\u00edt\u00e1s\u00e1t. A l\u00e9zer er\u0151ss\u00e9g\u00e9nek v\u00e1ltoztat\u00e1sa, lehet\u0151s\u00e9get ad k\u00fcl\u00f6nf\u00e9le m\u00e9lys\u00e9gben t\u00f6rt\u00e9n\u0151 anyagmegmunk\u00e1l\u00e1sra, a fel\u00fcleti grav\u00edroz\u00e1st\u00f3l eg\u00e9szen a v\u00e1g\u00e1sig.<\/p>\n\n\n\n<h2 class=\"gb-headline gb-headline-7f428662 gb-headline-text\">Megmunk\u00e1lhat\u00f3 anyagok<\/h2>\n\n\n\n<p class=\"has-contrast-color has-text-color has-link-color wp-elements-2723460fd17b57ffce704884f85b72c6\">A teljess\u00e9g ig\u00e9nye n\u00e9lk\u00fcl:<\/p>\n\n\n\n<span class=\"green-word-container\">fa<\/span>\r\n<span class=\"green-word-container\">\u00fcveg<\/span>\r\n<span class=\"green-word-container\">k\u0151<\/span>\r\n<span class=\"green-word-container\">textil<\/span>\r\n<span class=\"green-word-container\">filc<\/span>\r\n<span class=\"green-word-container\">akril<\/span>\r\n<span class=\"green-word-container\">pap\u00edr<\/span>\r\n<span class=\"green-word-container\">b\u0151r<\/span><br><br>\r\n<span class=\"green-word-container\">plexi<\/span>\r\n<span class=\"green-word-container\">gumi<\/span>\r\n<span class=\"green-word-container\">sz\u00f6vet<\/span>\r\n<span class=\"green-word-container\">elox\u00e1lt f\u00e9m<\/span>\r\n<span class=\"green-word-container\">m\u0171anyag<\/span>\r\n<span class=\"green-word-container\">&#8230;<\/span>\n\n\n<div class=\"gb-container gb-container-730fca10 felhaszn-lehetoseg\">\n\n<h2 class=\"gb-headline gb-headline-8fabbccd gb-headline-text\">Felhaszn\u00e1l\u00e1si lehet\u0151s\u00e9gek<\/h2>\n\n\n<div class=\"gb-grid-wrapper gb-grid-wrapper-50a47c74\">\n<div class=\"gb-grid-column gb-grid-column-31816e23\"><div class=\"gb-container gb-container-31816e23\">\n\n<ul style=\"font-size:32px\" class=\"wp-block-list alk-gyartas has-contrast-color has-text-color has-link-color wp-elements-161942b93af3d8b6c4190ced8d8475f8\">\n<li class=\"checkmark-mark\">F\u00e9nyk\u00e9p grav\u00edroz\u00e1s<\/li>\n\n\n\n<li class=\"checkmark-mark\">b\u00e9lyegz\u0151k\u00e9sz\u00edt\u00e9s<\/li>\n\n\n\n<li class=\"checkmark-mark\">fot\u00f3grav\u00edroz\u00e1s<\/li>\n\n\n\n<li class=\"checkmark-mark\">n\u00e9vjegyk\u00e1rtya<\/li>\n\n\n\n<li class=\"checkmark-mark\">aj\u00e1nd\u00e9k \u00e9s c\u00e9ges rekl\u00e1maj\u00e1nd\u00e9k gy\u00e1rt\u00e1s<\/li>\n\n\n\n<li class=\"checkmark-mark\">filc<\/li>\n<\/ul>\n\n<\/div><\/div>\n\n<div class=\"gb-grid-column gb-grid-column-fad23d81\"><div class=\"gb-container gb-container-fad23d81\">\n\n<ul style=\"font-size:32px\" class=\"wp-block-list alk-gyartas has-contrast-color has-text-color has-link-color wp-elements-3409f5e8c0d0a832c6ce6d1cf8c10593\">\n<li class=\"checkmark-mark\">f\u00f3lia \u00e9s stencil v\u00e1g\u00e1s<\/li>\n\n\n\n<li class=\"checkmark-mark\">3D grav\u00edroz\u00e1s, jel\u00f6l\u00e9s<\/li>\n\n\n\n<li class=\"checkmark-mark\">t\u00e1bl\u00e1k \u00e9s fel\u00edratok k\u00e9sz\u00edt\u00e9se<\/li>\n\n\n\n<li class=\"checkmark-mark\">lak\u00e1sdekor\u00e1ci\u00f3<\/li>\n\n\n\n<li class=\"checkmark-mark\">d\u00edsz\u00edt\u0151elem<\/li>\n\n\n\n<li class=\"checkmark-mark\">intarzia stb..<\/li>\n<\/ul>\n\n<\/div><\/div>\n<\/div>\n<\/div>\n\n\n<h2 class=\"gb-headline gb-headline-541f17af gb-headline-text\">Adj teret kreativit\u00e1sodnak!<\/h2>\n\n\n\n<p class=\"has-contrast-color has-text-color has-link-color wp-elements-cb10993278600b25f8c8ed187e48b1a8\">A technol\u00f3gia alkalmas 2d \u00e9s 3d-s t\u00e1rgyak elemeinek az elk\u00e9sz\u00edt\u00e9s\u00e9re, melynek csak a k\u00e9pzeleted szabhat hat\u00e1rt. Ak\u00e1r egy egyszer\u0171 r\u00e9tegelt lemezb\u0151l is csod\u00e1latos haszn\u00e1lati \u00e9s d\u00edszt\u00e1rgyakat k\u00e9sz\u00edthetsz, melyekkel meg\u00f6rvendeztetheted k\u00f6rnyezeted. \u00cdgy a l\u00e9zergrav\u00edroz\u00e1s nem csak megmunk\u00e1l\u00e1si elj\u00e1r\u00e1sk\u00e9nt, hanem modern m\u0171v\u00e9szetk\u00e9nt is \u00e9rtelmezhet\u0151. B\u00e1rmi, ami id\u00e1ig csak egy egyszer\u0171 t\u00f6meg\u00e1ru volt t\u00e1rgyi k\u00f6rnyezetedben, azt most egyediv\u00e9 teheted, legyen az egy toll, szem\u00fcvegtok, poh\u00e1ral\u00e1t\u00e9t, n\u00e9vjegyk\u00e1rtya, telefontok, vagy b\u00e1rmi m\u00e1s\u2026<\/p>\n\n\n\n<h2 class=\"gb-headline gb-headline-32e70fb0 gb-headline-text\">Szeml\u00e9letes meggy\u0151z\u0151 p\u00e9lda sz\u00e1mokkal kis b\u00e1tor\u00edt\u00e1ssal<\/h2>\n\n\n\n<p class=\"has-contrast-color has-text-color has-link-color wp-elements-4b1d19fdb11707b02bbe4bd7bb435acd\">Egy l\u00e9zergrav\u00edroz\u00f3 g\u00e9ppel ak\u00e1r v\u00e1llalkoz\u00e1st is \u00e9p\u00edthet\u00fcnk. Szeml\u00e9letes p\u00e9ld\u00e1nk erre a prom\u00f3ci\u00f3s c\u00e9lra k\u00e9sz\u00edtett l\u00e9zergrav\u00edrozott fa kulcstart\u00f3nk.Alapanyagnak jellemz\u0151en j\u00f3 min\u0151s\u00e9g\u0171 puha f\u00e1kat, illetve r\u00e9tegelt lemezt haszn\u00e1lunk, \u00e1ltal\u00e1ban ny\u00e1rf\u00e1t. Egy t\u00e1bla 3500x2700mm-es t\u00e1bla k\u00f6r\u00fclbel\u00fcl 12.000Ft, egy 35x45mm-es kulcstart\u00f3b\u00f3l teh\u00e1t 6000db-ot tudunk kiv\u00e1gni, ennek megfelel\u0151en a fa alapanyag \u00e1ra 2,5Ft\/db. Sz\u00e1molva a l\u00e9zerg\u00e9p energiafogyaszt\u00e1s\u00e1val, amortiz\u00e1ci\u00f3j\u00e1val egy kulcstart\u00f3 becs\u00fclt alapanyagk\u00f6lts\u00e9ge 7-10Ft. A kulcstart\u00f3 karika tov\u00e1bbi 10-30Ft-os k\u00f6lts\u00e9get jelenthet. Jelen p\u00e9lda is mutatja, hogy a technol\u00f3gia alacsony befektet\u00e9si k\u00f6lts\u00e9g mellett is rent\u00e1bilis. A term\u00e9k azonban \u00f6nmag\u00e1t csak ritk\u00e1n adja el, ez\u00e9rt fontos a megfelel\u0151 marketing, prom\u00f3ci\u00f3s h\u00e1tt\u00e9r \u00e9s \u00e9rt\u00e9kes\u00edt\u00e9si f\u00f3rum.<\/p>\n\n\n\n<h2 class=\"gb-headline gb-headline-d13c54c4 gb-headline-text\">Kattints a linkre \u00e9s olvasd el <a href=\"https:\/\/gyartovilag.hu\/lezergepvalaszto\/\">seg\u00e9dlet\u00fcnket<\/a> l\u00e9zergrav\u00edroz\u00f3 v\u00e1laszt\u00e1s\u00e1hoz!<\/h2>\n\n\n<div class=\"gb-grid-wrapper gb-grid-wrapper-cef350c3 three-way\">\n<div class=\"gb-grid-column gb-grid-column-a78307ee\"><div class=\"gb-container gb-container-a78307ee\">\n\n<figure class=\"wp-block-image size-full egyedit-alcsempe\"><a href=\"https:\/\/egyedit.hu\/lezergravirozas-termekek\/\"><img loading=\"lazy\" decoding=\"async\" width=\"629\" height=\"529\" src=\"https:\/\/egyedit.hu\/wp-content\/uploads\/sites\/8\/2024\/04\/Group-81-3.png\" alt=\"\" class=\"wp-image-2413\" style=\"object-fit:cover\" srcset=\"https:\/\/tradevancehub.hu\/egyedit\/wp-content\/uploads\/sites\/8\/2024\/04\/Group-81-3.png 629w, https:\/\/tradevancehub.hu\/egyedit\/wp-content\/uploads\/sites\/8\/2024\/04\/Group-81-3-300x252.png 300w, https:\/\/tradevancehub.hu\/egyedit\/wp-content\/uploads\/sites\/8\/2024\/04\/Group-81-3-600x505.png 600w\" sizes=\"auto, (max-width: 629px) 100vw, 629px\" \/><\/a><\/figure>\n\n<\/div><\/div>\n\n<div class=\"gb-grid-column gb-grid-column-a026e648\"><div class=\"gb-container gb-container-a026e648\">\n\n<figure class=\"wp-block-image size-full egyedit-alcsempe\"><a href=\"https:\/\/gyartovilag.hu\/kategoriak\/alapanyagok\/lezergravirozashoz\/\" target=\"_blank\" rel=\"noreferrer noopener\"><img decoding=\"async\" src=\"https:\/\/gyartovilag.hu\/wp-content\/uploads\/sites\/2\/2024\/01\/Group-82-9.png\" alt=\"\" class=\"wp-image-17435\"\/><\/a><\/figure>\n\n<\/div><\/div>\n\n<div class=\"gb-grid-column gb-grid-column-09871dde\"><div class=\"gb-container gb-container-09871dde\">\n\n<figure class=\"wp-block-image size-full egyedit-alcsempe\"><a href=\"https:\/\/gyartovilag.hu\/kategoriak\/vagastechnologia\/fiber-lezergepek\/\" target=\"_blank\" rel=\"noreferrer noopener\"><img decoding=\"async\" src=\"https:\/\/gyartovilag.hu\/wp-content\/uploads\/sites\/2\/2024\/01\/Group-83-1.png\" alt=\"\" class=\"wp-image-17433\"\/><\/a><\/figure>\n\n<\/div><\/div>\n\n<div class=\"gb-grid-column gb-grid-column-de439918\"><div class=\"gb-container gb-container-de439918\">\n\n<figure class=\"wp-block-image size-full egyedit-alcsempe\"><a href=\"https:\/\/gyartovilag.hu\/kategoriak\/vagastechnologia\/co2-lezergepek\/\" target=\"_blank\" rel=\"noreferrer noopener\"><img decoding=\"async\" src=\"https:\/\/gyartovilag.hu\/wp-content\/uploads\/sites\/2\/2024\/01\/Group-81-11.png\" alt=\"\" class=\"wp-image-17434\"\/><\/a><\/figure>\n\n<\/div><\/div>\n<\/div>\n<\/div>\n<\/div>","protected":false},"excerpt":{"rendered":"<p>L\u00e9zergrav\u00edroz\u00e1s Bonyolult grafik\u00e1t\u00f3l a fot\u00f3kig szinte b\u00e1rmi grav\u00edrozhat\u00f3 az anyagra, a lekop\u00e1s vesz\u00e9lye n\u00e9lk\u00fcl. \u00c9rint\u00e9smentes, gyors, prec\u00edz \u00e9s r\u00e9szletgazdag v\u00e1g\u00e1s, grav\u00edroz\u00e1s. Rendk\u00edv\u00fcl kedvez\u0151 \u00e1r-\u00e9rt\u00e9k ar\u00e1ny\u00fa megmunk\u00e1l\u00e1s, ak\u00e1r egy munkadarabn\u00e1l is. Alacsony \u00fczemeltet\u00e9si \u00e9s karbantart\u00e1si k\u00f6lts\u00e9g, energiahat\u00e9konys\u00e1g jellemzi. L\u00e9zerv\u00e1g\u00e1s \/ L\u00e9zer grav\u00edroz\u00e1s L\u00e9zergrav\u00edroz\u00e1ssal egyedi, exkluz\u00edv aj\u00e1nd\u00e9kok, dekor\u00e1ci\u00f3k, d\u00edszek hozhat\u00f3k l\u00e9tre, melyek id\u0151 \u00e9s kop\u00e1s\u00e1ll\u00f3ak. A minta &#8230; <a title=\"L\u00e9zergrav\u00edroz\u00e1s\" class=\"read-more\" href=\"https:\/\/tradevancehub.hu\/egyedit\/lezergravirozas\/\" aria-label=\"Read more about L\u00e9zergrav\u00edroz\u00e1s\">Olvass tov\u00e1bb<\/a><\/p>\n","protected":false},"author":67,"featured_media":0,"parent":0,"menu_order":0,"comment_status":"closed","ping_status":"closed","template":"","meta":{"_acf_changed":false,"_uag_custom_page_level_css":"","footnotes":""},"class_list":["post-2096","page","type-page","status-publish"],"acf":[],"yoast_head":"<!-- This site is optimized with the Yoast SEO Premium plugin v23.7 (Yoast SEO v27.4) - https:\/\/yoast.com\/product\/yoast-seo-premium-wordpress\/ -->\n<title>L\u00e9zergrav\u00edroz\u00e1s - Egyedit<\/title>\n<meta name=\"robots\" content=\"noindex, follow, max-snippet:-1, max-image-preview:large, max-video-preview:-1\" \/>\n<meta property=\"og:locale\" content=\"hu_HU\" \/>\n<meta property=\"og:type\" content=\"article\" \/>\n<meta property=\"og:title\" content=\"L\u00e9zergrav\u00edroz\u00e1s - Egyedit\" \/>\n<meta property=\"og:description\" content=\"L\u00e9zergrav\u00edroz\u00e1s Bonyolult grafik\u00e1t\u00f3l a fot\u00f3kig szinte b\u00e1rmi grav\u00edrozhat\u00f3 az anyagra, a lekop\u00e1s vesz\u00e9lye n\u00e9lk\u00fcl. \u00c9rint\u00e9smentes, gyors, prec\u00edz \u00e9s r\u00e9szletgazdag v\u00e1g\u00e1s, grav\u00edroz\u00e1s. Rendk\u00edv\u00fcl kedvez\u0151 \u00e1r-\u00e9rt\u00e9k ar\u00e1ny\u00fa megmunk\u00e1l\u00e1s, ak\u00e1r egy munkadarabn\u00e1l is. Alacsony \u00fczemeltet\u00e9si \u00e9s karbantart\u00e1si k\u00f6lts\u00e9g, energiahat\u00e9konys\u00e1g jellemzi. L\u00e9zerv\u00e1g\u00e1s \/ L\u00e9zer grav\u00edroz\u00e1s L\u00e9zergrav\u00edroz\u00e1ssal egyedi, exkluz\u00edv aj\u00e1nd\u00e9kok, dekor\u00e1ci\u00f3k, d\u00edszek hozhat\u00f3k l\u00e9tre, melyek id\u0151 \u00e9s kop\u00e1s\u00e1ll\u00f3ak. A minta ... Olvass tov\u00e1bb\" \/>\n<meta property=\"og:url\" content=\"https:\/\/tradevancehub.hu\/egyedit\/lezergravirozas\/\" \/>\n<meta property=\"og:site_name\" content=\"Egyedit\" \/>\n<meta property=\"article:modified_time\" content=\"2024-08-11T17:19:57+00:00\" \/>\n<meta property=\"og:image\" content=\"https:\/\/egyedit.hu\/wp-content\/uploads\/sites\/8\/2024\/04\/Group-81-3.png\" \/>\n<meta name=\"twitter:card\" content=\"summary_large_image\" \/>\n<meta name=\"twitter:label1\" content=\"Becs\u00fclt olvas\u00e1si id\u0151\" \/>\n\t<meta name=\"twitter:data1\" content=\"3 perc\" \/>\n<script type=\"application\/ld+json\" class=\"yoast-schema-graph\">{\"@context\":\"https:\\\/\\\/schema.org\",\"@graph\":[{\"@type\":\"WebPage\",\"@id\":\"https:\\\/\\\/tradevancehub.hu\\\/egyedit\\\/lezergravirozas\\\/\",\"url\":\"https:\\\/\\\/tradevancehub.hu\\\/egyedit\\\/lezergravirozas\\\/\",\"name\":\"L\u00e9zergrav\u00edroz\u00e1s - Egyedit\",\"isPartOf\":{\"@id\":\"https:\\\/\\\/tradevancehub.hu\\\/egyedit\\\/#website\"},\"primaryImageOfPage\":{\"@id\":\"https:\\\/\\\/tradevancehub.hu\\\/egyedit\\\/lezergravirozas\\\/#primaryimage\"},\"image\":{\"@id\":\"https:\\\/\\\/tradevancehub.hu\\\/egyedit\\\/lezergravirozas\\\/#primaryimage\"},\"thumbnailUrl\":\"https:\\\/\\\/egyedit.hu\\\/wp-content\\\/uploads\\\/sites\\\/8\\\/2024\\\/04\\\/Group-81-3.png\",\"datePublished\":\"2024-03-26T15:07:12+00:00\",\"dateModified\":\"2024-08-11T17:19:57+00:00\",\"inLanguage\":\"hu\",\"potentialAction\":[{\"@type\":\"ReadAction\",\"target\":[\"https:\\\/\\\/tradevancehub.hu\\\/egyedit\\\/lezergravirozas\\\/\"]}]},{\"@type\":\"ImageObject\",\"inLanguage\":\"hu\",\"@id\":\"https:\\\/\\\/tradevancehub.hu\\\/egyedit\\\/lezergravirozas\\\/#primaryimage\",\"url\":\"https:\\\/\\\/egyedit.hu\\\/wp-content\\\/uploads\\\/sites\\\/8\\\/2024\\\/04\\\/Group-81-3.png\",\"contentUrl\":\"https:\\\/\\\/egyedit.hu\\\/wp-content\\\/uploads\\\/sites\\\/8\\\/2024\\\/04\\\/Group-81-3.png\"},{\"@type\":\"WebSite\",\"@id\":\"https:\\\/\\\/tradevancehub.hu\\\/egyedit\\\/#website\",\"url\":\"https:\\\/\\\/tradevancehub.hu\\\/egyedit\\\/\",\"name\":\"Egyedit\",\"description\":\"\",\"publisher\":{\"@id\":\"https:\\\/\\\/tradevancehub.hu\\\/egyedit\\\/#organization\"},\"potentialAction\":[{\"@type\":\"SearchAction\",\"target\":{\"@type\":\"EntryPoint\",\"urlTemplate\":\"https:\\\/\\\/tradevancehub.hu\\\/egyedit\\\/?s={search_term_string}\"},\"query-input\":{\"@type\":\"PropertyValueSpecification\",\"valueRequired\":true,\"valueName\":\"search_term_string\"}}],\"inLanguage\":\"hu\"},{\"@type\":\"Organization\",\"@id\":\"https:\\\/\\\/tradevancehub.hu\\\/egyedit\\\/#organization\",\"name\":\"Egyedit\",\"url\":\"https:\\\/\\\/tradevancehub.hu\\\/egyedit\\\/\",\"logo\":{\"@type\":\"ImageObject\",\"inLanguage\":\"hu\",\"@id\":\"https:\\\/\\\/tradevancehub.hu\\\/egyedit\\\/#\\\/schema\\\/logo\\\/image\\\/\",\"url\":\"https:\\\/\\\/tradevancehub.hu\\\/egyedit\\\/wp-content\\\/uploads\\\/sites\\\/8\\\/2024\\\/03\\\/Group-1.png\",\"contentUrl\":\"https:\\\/\\\/tradevancehub.hu\\\/egyedit\\\/wp-content\\\/uploads\\\/sites\\\/8\\\/2024\\\/03\\\/Group-1.png\",\"width\":313,\"height\":89,\"caption\":\"Egyedit\"},\"image\":{\"@id\":\"https:\\\/\\\/tradevancehub.hu\\\/egyedit\\\/#\\\/schema\\\/logo\\\/image\\\/\"}}]}<\/script>\n<!-- \/ Yoast SEO Premium plugin. -->","yoast_head_json":{"title":"L\u00e9zergrav\u00edroz\u00e1s - Egyedit","robots":{"index":"noindex","follow":"follow","max-snippet":"max-snippet:-1","max-image-preview":"max-image-preview:large","max-video-preview":"max-video-preview:-1"},"og_locale":"hu_HU","og_type":"article","og_title":"L\u00e9zergrav\u00edroz\u00e1s - Egyedit","og_description":"L\u00e9zergrav\u00edroz\u00e1s Bonyolult grafik\u00e1t\u00f3l a fot\u00f3kig szinte b\u00e1rmi grav\u00edrozhat\u00f3 az anyagra, a lekop\u00e1s vesz\u00e9lye n\u00e9lk\u00fcl. \u00c9rint\u00e9smentes, gyors, prec\u00edz \u00e9s r\u00e9szletgazdag v\u00e1g\u00e1s, grav\u00edroz\u00e1s. Rendk\u00edv\u00fcl kedvez\u0151 \u00e1r-\u00e9rt\u00e9k ar\u00e1ny\u00fa megmunk\u00e1l\u00e1s, ak\u00e1r egy munkadarabn\u00e1l is. Alacsony \u00fczemeltet\u00e9si \u00e9s karbantart\u00e1si k\u00f6lts\u00e9g, energiahat\u00e9konys\u00e1g jellemzi. L\u00e9zerv\u00e1g\u00e1s \/ L\u00e9zer grav\u00edroz\u00e1s L\u00e9zergrav\u00edroz\u00e1ssal egyedi, exkluz\u00edv aj\u00e1nd\u00e9kok, dekor\u00e1ci\u00f3k, d\u00edszek hozhat\u00f3k l\u00e9tre, melyek id\u0151 \u00e9s kop\u00e1s\u00e1ll\u00f3ak. A minta ... Olvass tov\u00e1bb","og_url":"https:\/\/tradevancehub.hu\/egyedit\/lezergravirozas\/","og_site_name":"Egyedit","article_modified_time":"2024-08-11T17:19:57+00:00","og_image":[{"url":"https:\/\/egyedit.hu\/wp-content\/uploads\/sites\/8\/2024\/04\/Group-81-3.png","type":"","width":"","height":""}],"twitter_card":"summary_large_image","twitter_misc":{"Becs\u00fclt olvas\u00e1si id\u0151":"3 perc"},"schema":{"@context":"https:\/\/schema.org","@graph":[{"@type":"WebPage","@id":"https:\/\/tradevancehub.hu\/egyedit\/lezergravirozas\/","url":"https:\/\/tradevancehub.hu\/egyedit\/lezergravirozas\/","name":"L\u00e9zergrav\u00edroz\u00e1s - Egyedit","isPartOf":{"@id":"https:\/\/tradevancehub.hu\/egyedit\/#website"},"primaryImageOfPage":{"@id":"https:\/\/tradevancehub.hu\/egyedit\/lezergravirozas\/#primaryimage"},"image":{"@id":"https:\/\/tradevancehub.hu\/egyedit\/lezergravirozas\/#primaryimage"},"thumbnailUrl":"https:\/\/egyedit.hu\/wp-content\/uploads\/sites\/8\/2024\/04\/Group-81-3.png","datePublished":"2024-03-26T15:07:12+00:00","dateModified":"2024-08-11T17:19:57+00:00","inLanguage":"hu","potentialAction":[{"@type":"ReadAction","target":["https:\/\/tradevancehub.hu\/egyedit\/lezergravirozas\/"]}]},{"@type":"ImageObject","inLanguage":"hu","@id":"https:\/\/tradevancehub.hu\/egyedit\/lezergravirozas\/#primaryimage","url":"https:\/\/egyedit.hu\/wp-content\/uploads\/sites\/8\/2024\/04\/Group-81-3.png","contentUrl":"https:\/\/egyedit.hu\/wp-content\/uploads\/sites\/8\/2024\/04\/Group-81-3.png"},{"@type":"WebSite","@id":"https:\/\/tradevancehub.hu\/egyedit\/#website","url":"https:\/\/tradevancehub.hu\/egyedit\/","name":"Egyedit","description":"","publisher":{"@id":"https:\/\/tradevancehub.hu\/egyedit\/#organization"},"potentialAction":[{"@type":"SearchAction","target":{"@type":"EntryPoint","urlTemplate":"https:\/\/tradevancehub.hu\/egyedit\/?s={search_term_string}"},"query-input":{"@type":"PropertyValueSpecification","valueRequired":true,"valueName":"search_term_string"}}],"inLanguage":"hu"},{"@type":"Organization","@id":"https:\/\/tradevancehub.hu\/egyedit\/#organization","name":"Egyedit","url":"https:\/\/tradevancehub.hu\/egyedit\/","logo":{"@type":"ImageObject","inLanguage":"hu","@id":"https:\/\/tradevancehub.hu\/egyedit\/#\/schema\/logo\/image\/","url":"https:\/\/tradevancehub.hu\/egyedit\/wp-content\/uploads\/sites\/8\/2024\/03\/Group-1.png","contentUrl":"https:\/\/tradevancehub.hu\/egyedit\/wp-content\/uploads\/sites\/8\/2024\/03\/Group-1.png","width":313,"height":89,"caption":"Egyedit"},"image":{"@id":"https:\/\/tradevancehub.hu\/egyedit\/#\/schema\/logo\/image\/"}}]}},"uagb_featured_image_src":{"full":false,"thumbnail":false,"medium":false,"medium_large":false,"large":false,"1536x1536":false,"2048x2048":false,"woocommerce_thumbnail":false,"woocommerce_single":false,"woocommerce_gallery_thumbnail":false},"uagb_author_info":{"display_name":"","author_link":"https:\/\/tradevancehub.hu\/egyedit\/author\/"},"uagb_comment_info":0,"uagb_excerpt":"L\u00e9zergrav\u00edroz\u00e1s Bonyolult grafik\u00e1t\u00f3l a fot\u00f3kig szinte b\u00e1rmi grav\u00edrozhat\u00f3 az anyagra, a lekop\u00e1s vesz\u00e9lye n\u00e9lk\u00fcl. \u00c9rint\u00e9smentes, gyors, prec\u00edz \u00e9s r\u00e9szletgazdag v\u00e1g\u00e1s, grav\u00edroz\u00e1s. Rendk\u00edv\u00fcl kedvez\u0151 \u00e1r-\u00e9rt\u00e9k ar\u00e1ny\u00fa megmunk\u00e1l\u00e1s, ak\u00e1r egy munkadarabn\u00e1l is. Alacsony \u00fczemeltet\u00e9si \u00e9s karbantart\u00e1si k\u00f6lts\u00e9g, energiahat\u00e9konys\u00e1g jellemzi. L\u00e9zerv\u00e1g\u00e1s \/ L\u00e9zer grav\u00edroz\u00e1s L\u00e9zergrav\u00edroz\u00e1ssal egyedi, exkluz\u00edv aj\u00e1nd\u00e9kok, dekor\u00e1ci\u00f3k, d\u00edszek hozhat\u00f3k l\u00e9tre, melyek id\u0151 \u00e9s kop\u00e1s\u00e1ll\u00f3ak. A minta&hellip;","_links":{"self":[{"href":"https:\/\/tradevancehub.hu\/egyedit\/wp-json\/wp\/v2\/pages\/2096","targetHints":{"allow":["GET"]}}],"collection":[{"href":"https:\/\/tradevancehub.hu\/egyedit\/wp-json\/wp\/v2\/pages"}],"about":[{"href":"https:\/\/tradevancehub.hu\/egyedit\/wp-json\/wp\/v2\/types\/page"}],"author":[{"embeddable":true,"href":"https:\/\/tradevancehub.hu\/egyedit\/wp-json\/wp\/v2\/users\/67"}],"replies":[{"embeddable":true,"href":"https:\/\/tradevancehub.hu\/egyedit\/wp-json\/wp\/v2\/comments?post=2096"}],"version-history":[{"count":0,"href":"https:\/\/tradevancehub.hu\/egyedit\/wp-json\/wp\/v2\/pages\/2096\/revisions"}],"wp:attachment":[{"href":"https:\/\/tradevancehub.hu\/egyedit\/wp-json\/wp\/v2\/media?parent=2096"}],"curies":[{"name":"wp","href":"https:\/\/api.w.org\/{rel}","templated":true}]}}