{"id":2086,"date":"2024-03-26T14:46:55","date_gmt":"2024-03-26T14:46:55","guid":{"rendered":"https:\/\/egyedit.hu\/?page_id=2086"},"modified":"2024-07-30T09:36:38","modified_gmt":"2024-07-30T09:36:38","slug":"tervezz-egyedit","status":"publish","type":"page","link":"https:\/\/tradevancehub.hu\/egyedit\/tervezz-egyedit\/","title":{"rendered":"Tervezz egyedit"},"content":{"rendered":"\n<div class=\"wp-block-uagb-container filter-container uagb-block-b2982e75 alignfull uagb-is-root-container\">\n<div class=\"wp-block-uagb-advanced-heading uagb-block-3dd79035\"><h2 class=\"uagb-heading-text\">Tervezd meg egyedi term\u00e9ked!<\/h2><\/div>\n\n\n\n<div class=\"wp-block-uagb-container uagb-layout-flex uagb-block-8af3c99b\"><div class=\"gb-container gb-container-d09485ec egyedit-tervezokategoria\">\n\n<div class=\"wp-block-uagb-container egyedit-tervezokartya uagb-block-a9694e96\">\n<div class=\"wp-block-uagb-advanced-heading uagb-block-8866bac2 egyedit-cim\"><h2 class=\"uagb-heading-text\">P\u00f3l\u00f3k<\/h2><\/div>\n<a class=\"spectra-container-link-overlay\" rel=\"noopener\" href=\"https:\/\/egyedit.hu\/product\/tervezz-egyedi-polot\/\"> <\/a><\/div>\n\n\n\n<div class=\"wp-block-uagb-container egyedit-tervezescim1 uagb-block-b41857da\">\n<div class=\"wp-block-uagb-advanced-heading uagb-block-809db2af\"><h2 class=\"uagb-heading-text\">Tervez\u00e9s<\/h2><\/div>\n<a class=\"spectra-container-link-overlay\" rel=\"noopener\" href=\"https:\/\/egyedit.hu\/product\/tervezz-egyedi-polot\/\"> <\/a><\/div>\n\n<\/div>\n\n<div class=\"gb-container gb-container-a6b522f0 egyedit-tervezokategoria\">\n\n<div class=\"wp-block-uagb-container egyedit-tervezokartya uagb-block-ea539765\">\n<div class=\"wp-block-uagb-advanced-heading uagb-block-0c4a68da egyedit-cim\"><h2 class=\"uagb-heading-text\">Sapk\u00e1k<\/h2><\/div>\n<a class=\"spectra-container-link-overlay\" rel=\"noopener\" href=\"https:\/\/egyedit.hu\/product\/tervezz-egyedi-sapkat\/\"> <\/a><\/div>\n\n\n\n<div class=\"wp-block-uagb-container egyedit-tervezescim1 uagb-block-b76cb4c5\">\n<div class=\"wp-block-uagb-advanced-heading uagb-block-ffe613a3\"><h2 class=\"uagb-heading-text\">Tervez\u00e9s<\/h2><\/div>\n<a class=\"spectra-container-link-overlay\" rel=\"noopener\" href=\"https:\/\/egyedit.hu\/product\/tervezz-egyedi-sapkat\/\"> <\/a><\/div>\n\n<\/div>\n\n<div class=\"gb-container gb-container-be1621a8 egyedit-tervezokategoria\">\n\n<div class=\"wp-block-uagb-container egyedit-tervezokartya uagb-block-7f8cf808\">\n<div class=\"wp-block-uagb-advanced-heading uagb-block-49e4423a egyedit-cim\"><h2 class=\"uagb-heading-text\">T\u00e1sk\u00e1k<\/h2><\/div>\n<a class=\"spectra-container-link-overlay\" rel=\"noopener\" href=\"https:\/\/egyedit.hu\/product\/tervezz-egyedi-taskat\/\"> <\/a><\/div>\n\n\n\n<div class=\"wp-block-uagb-container egyedit-tervezescim1 uagb-block-3837401e\">\n<div class=\"wp-block-uagb-advanced-heading uagb-block-51aebb5e\"><h2 class=\"uagb-heading-text\">Tervez\u00e9s<\/h2><\/div>\n<a class=\"spectra-container-link-overlay\" rel=\"noopener\" href=\"https:\/\/egyedit.hu\/product\/tervezz-egyedi-taskat\/\"> <\/a><\/div>\n\n<\/div>\n\n<div class=\"gb-container gb-container-89d0b7b0 egyedit-tervezokategoria\">\n\n<div class=\"wp-block-uagb-container egyedit-tervezokartya uagb-block-d6d5673f\">\n<div class=\"wp-block-uagb-advanced-heading uagb-block-dfefd787 egyedit-cim\"><h2 class=\"uagb-heading-text\">P\u00e1rnahuzat<\/h2><\/div>\n<a class=\"spectra-container-link-overlay\" rel=\"noopener\" href=\"https:\/\/egyedit.hu\/product\/tervezz-egyedi-parnahuzatot\/\"> <\/a><\/div>\n\n\n\n<div class=\"wp-block-uagb-container egyedit-tervezescim1 uagb-block-4faf813f\">\n<div class=\"wp-block-uagb-advanced-heading uagb-block-f6cf36ac\"><h2 class=\"uagb-heading-text\">Tervez\u00e9s<\/h2><\/div>\n<a class=\"spectra-container-link-overlay\" rel=\"noopener\" href=\"https:\/\/egyedit.hu\/product\/tervezz-egyedi-parnahuzatot\/\"> <\/a><\/div>\n\n<\/div><\/div>\n\n\n\n<div class=\"wp-block-uagb-container uagb-block-1ab52a83\"><div class=\"gb-container gb-container-2d0de88a egyedit-tervezokategoria\">\n\n<div class=\"wp-block-uagb-container egyedit-tervezokartya uagb-block-48b0b8dd\">\n<div class=\"wp-block-uagb-advanced-heading uagb-block-476be2ad egyedit-cim\"><h2 class=\"uagb-heading-text\">B\u00f6gr\u00e9k<\/h2><\/div>\n<a class=\"spectra-container-link-overlay\" rel=\"noopener\" href=\"https:\/\/egyedit.hu\/product\/tervezz-egyedi-bogret\/\"> <\/a><\/div>\n\n\n\n<div class=\"wp-block-uagb-container egyedit-tervezescim1 uagb-block-90840f08\">\n<div class=\"wp-block-uagb-advanced-heading uagb-block-7489aa87\"><h2 class=\"uagb-heading-text\">Tervez\u00e9s<\/h2><\/div>\n<a class=\"spectra-container-link-overlay\" rel=\"noopener\" href=\"https:\/\/egyedit.hu\/product\/tervezz-egyedi-bogret\/\"> <\/a><\/div>\n\n<\/div>\n\n<div class=\"gb-container gb-container-9d6b8365 egyedit-tervezokategoria\">\n\n<div class=\"wp-block-uagb-container egyedit-tervezokartya uagb-block-5bad1859\">\n<div class=\"wp-block-uagb-advanced-heading uagb-block-32c75024 egyedit-cim\"><h2 class=\"uagb-heading-text\">Poharak<\/h2><\/div>\n<a class=\"spectra-container-link-overlay\" rel=\"noopener\" href=\"https:\/\/egyedit.hu\/product\/tervezz-egyedi-bogret\/\"> <\/a><\/div>\n\n\n\n<div class=\"wp-block-uagb-container egyedit-tervezescim1 uagb-block-2b4e69ed\">\n<div class=\"wp-block-uagb-advanced-heading uagb-block-5cd99ceb\"><h2 class=\"uagb-heading-text\">Tervez\u00e9s<\/h2><\/div>\n<a class=\"spectra-container-link-overlay\" rel=\"noopener\" href=\"https:\/\/egyedit.hu\/product\/tervezz-egyedi-bogret\/\"> <\/a><\/div>\n\n<\/div>\n\n<div class=\"gb-container gb-container-76c97f5e egyedit-tervezokategoria\">\n\n<div class=\"wp-block-uagb-container egyedit-tervezokartya uagb-block-e109af49\">\n<div class=\"wp-block-uagb-advanced-heading uagb-block-e140f9e0 egyedit-cim\"><h2 class=\"uagb-heading-text\">Kors\u00f3k<\/h2><\/div>\n<a class=\"spectra-container-link-overlay\" rel=\"noopener\" href=\"https:\/\/egyedit.hu\/product\/tervezz-egyedi-korsot\/\"> <\/a><\/div>\n\n\n\n<div class=\"wp-block-uagb-container egyedit-tervezescim1 uagb-block-9aeeb96d\">\n<div class=\"wp-block-uagb-advanced-heading uagb-block-78d4e70b\"><h2 class=\"uagb-heading-text\">Tervez\u00e9s<\/h2><\/div>\n<a class=\"spectra-container-link-overlay\" rel=\"noopener\" href=\"https:\/\/egyedit.hu\/product\/tervezz-egyedi-korsot\/\"> <\/a><\/div>\n\n<\/div>\n\n<div class=\"gb-container gb-container-a418acbb egyedit-tervezokategoria\">\n\n<div class=\"wp-block-uagb-container egyedit-tervezokartya uagb-block-1bcc0b5c\">\n<div class=\"wp-block-uagb-advanced-heading uagb-block-5333c8aa egyedit-cim\"><h2 class=\"uagb-heading-text\">Termosz &amp; Kulacs<\/h2><\/div>\n<a class=\"spectra-container-link-overlay\" rel=\"noopener\" href=\"https:\/\/egyedit.hu\/product\/tervezz-egyedi-bogret\/\"> <\/a><\/div>\n\n\n\n<div class=\"wp-block-uagb-container egyedit-tervezescim1 uagb-block-32c67142\">\n<div class=\"wp-block-uagb-advanced-heading uagb-block-d361a414\"><h2 class=\"uagb-heading-text\">Tervez\u00e9s<\/h2><\/div>\n<a class=\"spectra-container-link-overlay\" rel=\"noopener\" href=\"https:\/\/egyedit.hu\/product\/tervezz-egyedi-bogret\/\"> <\/a><\/div>\n\n<\/div><\/div>\n\n\n\n<div class=\"wp-block-uagb-container uagb-block-fb3d31ed\"><div class=\"gb-container gb-container-e9af9fb8 egyedit-tervezokategoria\">\n\n<div class=\"wp-block-uagb-container egyedit-tervezokartya uagb-block-e33fbe09\"><div class=\"gb-container gb-container-c51a11e1\">\n\n<div class=\"wp-block-uagb-advanced-heading uagb-block-64a371e3 egyedit-cim\"><h2 class=\"uagb-heading-text\">K\u0151lap &amp; f\u00e9mlap<\/h2><\/div>\n\n<\/div><a class=\"spectra-container-link-overlay\" rel=\"noopener\" href=\"https:\/\/egyedit.hu\/product\/tervezz-egyedi-bogret\/\"> <\/a><\/div>\n\n\n\n<div class=\"wp-block-uagb-container egyedit-tervezescim1 uagb-block-14bbbaaa\">\n<div class=\"wp-block-uagb-advanced-heading uagb-block-01db0ade\"><h2 class=\"uagb-heading-text\">Tervez\u00e9s<\/h2><\/div>\n<a class=\"spectra-container-link-overlay\" rel=\"noopener\" href=\"https:\/\/egyedit.hu\/product\/tervezz-egyedi-bogret\/\"> <\/a><\/div>\n\n<\/div>\n\n<div class=\"gb-container gb-container-dc5b7ba3 egyedit-tervezokategoria\">\n\n<div class=\"wp-block-uagb-container egyedit-tervezokartya uagb-block-004734bb\">\n<div class=\"wp-block-uagb-advanced-heading uagb-block-a80d7931 egyedit-cim\"><h2 class=\"uagb-heading-text\">Eg\u00e9rpad<\/h2><\/div>\n<a class=\"spectra-container-link-overlay\" rel=\"noopener\" href=\"https:\/\/egyedit.hu\/product\/tervezz-egyedi-bogret\/\"> <\/a><\/div>\n\n\n\n<div class=\"wp-block-uagb-container egyedit-tervezescim1 uagb-block-9fff1bd0\">\n<div class=\"wp-block-uagb-advanced-heading uagb-block-b5298751\"><h2 class=\"uagb-heading-text\">Tervez\u00e9s<\/h2><\/div>\n<a class=\"spectra-container-link-overlay\" rel=\"noopener\" href=\"https:\/\/egyedit.hu\/product\/tervezz-egyedi-bogret\/\"> <\/a><\/div>\n\n<\/div>\n\n<div class=\"gb-container gb-container-79316183 egyedit-tervezokategoria\">\n\n<div class=\"wp-block-uagb-container egyedit-tervezokartya uagb-block-229c1591\">\n<div class=\"wp-block-uagb-advanced-heading uagb-block-e4333760 egyedit-cim\"><h2 class=\"uagb-heading-text\">\u00d3ralapok<\/h2><\/div>\n<a class=\"spectra-container-link-overlay\" rel=\"noopener\" href=\"https:\/\/egyedit.hu\/product\/tervezz-egyedi-bogret\/\"> <\/a><\/div>\n\n\n\n<div class=\"wp-block-uagb-container egyedit-tervezescim1 uagb-block-2a49eb19\">\n<div class=\"wp-block-uagb-advanced-heading uagb-block-d9506d11\"><h2 class=\"uagb-heading-text\">Tervez\u00e9s<\/h2><\/div>\n<a class=\"spectra-container-link-overlay\" rel=\"noopener\" href=\"https:\/\/egyedit.hu\/product\/tervezz-egyedi-bogret\/\"> <\/a><\/div>\n\n<\/div>\n\n<div class=\"gb-container gb-container-0c8c73fc egyedit-tervezokategoria\">\n\n<div class=\"wp-block-uagb-container egyedit-tervezokartya uagb-block-193c1631\">\n<div class=\"wp-block-uagb-advanced-heading uagb-block-d934fd8b egyedit-cim\"><h2 class=\"uagb-heading-text\">Kieg\u00e9sz\u00edt\u0151k<\/h2><\/div>\n<a class=\"spectra-container-link-overlay\" rel=\"noopener\" href=\"https:\/\/egyedit.hu\/product\/tervezz-egyedi-bogret\/\"> <\/a><\/div>\n\n\n\n<div class=\"wp-block-uagb-container egyedit-tervezescim1 uagb-block-ba13c32f\">\n<div class=\"wp-block-uagb-advanced-heading uagb-block-c66e4670\"><h2 class=\"uagb-heading-text\">Tervez\u00e9s<\/h2><\/div>\n<a class=\"spectra-container-link-overlay\" rel=\"noopener\" href=\"https:\/\/egyedit.hu\/product\/tervezz-egyedi-bogret\/\"> <\/a><\/div>\n\n<\/div><\/div>\n<\/div>\n","protected":false},"excerpt":{"rendered":"<p>Tervezd meg egyedi term\u00e9ked! P\u00f3l\u00f3k Tervez\u00e9s Sapk\u00e1k Tervez\u00e9s T\u00e1sk\u00e1k Tervez\u00e9s P\u00e1rnahuzat Tervez\u00e9s B\u00f6gr\u00e9k Tervez\u00e9s Poharak Tervez\u00e9s Kors\u00f3k Tervez\u00e9s Termosz &amp; Kulacs Tervez\u00e9s K\u0151lap &amp; f\u00e9mlap Tervez\u00e9s Eg\u00e9rpad Tervez\u00e9s \u00d3ralapok Tervez\u00e9s Kieg\u00e9sz\u00edt\u0151k Tervez\u00e9s<\/p>\n","protected":false},"author":67,"featured_media":0,"parent":0,"menu_order":0,"comment_status":"closed","ping_status":"closed","template":"","meta":{"_acf_changed":false,"_uag_custom_page_level_css":"","footnotes":""},"class_list":["post-2086","page","type-page","status-publish"],"acf":[],"yoast_head":"<!-- This site is optimized with the Yoast SEO Premium plugin v23.7 (Yoast SEO v27.4) - https:\/\/yoast.com\/product\/yoast-seo-premium-wordpress\/ -->\n<title>Tervezz egyedit - Egyedit<\/title>\n<meta name=\"robots\" content=\"noindex, follow, max-snippet:-1, max-image-preview:large, max-video-preview:-1\" \/>\n<meta property=\"og:locale\" content=\"hu_HU\" \/>\n<meta property=\"og:type\" content=\"article\" \/>\n<meta property=\"og:title\" content=\"Tervezz egyedit - Egyedit\" \/>\n<meta property=\"og:description\" content=\"Tervezd meg egyedi term\u00e9ked! P\u00f3l\u00f3k Tervez\u00e9s Sapk\u00e1k Tervez\u00e9s T\u00e1sk\u00e1k Tervez\u00e9s P\u00e1rnahuzat Tervez\u00e9s B\u00f6gr\u00e9k Tervez\u00e9s Poharak Tervez\u00e9s Kors\u00f3k Tervez\u00e9s Termosz &amp; Kulacs Tervez\u00e9s K\u0151lap &amp; f\u00e9mlap Tervez\u00e9s Eg\u00e9rpad Tervez\u00e9s \u00d3ralapok Tervez\u00e9s Kieg\u00e9sz\u00edt\u0151k Tervez\u00e9s\" \/>\n<meta property=\"og:url\" content=\"https:\/\/tradevancehub.hu\/egyedit\/tervezz-egyedit\/\" \/>\n<meta property=\"og:site_name\" content=\"Egyedit\" \/>\n<meta property=\"article:modified_time\" content=\"2024-07-30T09:36:38+00:00\" \/>\n<meta name=\"twitter:card\" content=\"summary_large_image\" \/>\n<meta name=\"twitter:label1\" content=\"Becs\u00fclt olvas\u00e1si id\u0151\" \/>\n\t<meta name=\"twitter:data1\" content=\"1 perc\" \/>\n<script type=\"application\/ld+json\" class=\"yoast-schema-graph\">{\"@context\":\"https:\\\/\\\/schema.org\",\"@graph\":[{\"@type\":\"WebPage\",\"@id\":\"https:\\\/\\\/tradevancehub.hu\\\/egyedit\\\/tervezz-egyedit\\\/\",\"url\":\"https:\\\/\\\/tradevancehub.hu\\\/egyedit\\\/tervezz-egyedit\\\/\",\"name\":\"Tervezz egyedit - Egyedit\",\"isPartOf\":{\"@id\":\"https:\\\/\\\/tradevancehub.hu\\\/egyedit\\\/#website\"},\"datePublished\":\"2024-03-26T14:46:55+00:00\",\"dateModified\":\"2024-07-30T09:36:38+00:00\",\"inLanguage\":\"hu\",\"potentialAction\":[{\"@type\":\"ReadAction\",\"target\":[\"https:\\\/\\\/tradevancehub.hu\\\/egyedit\\\/tervezz-egyedit\\\/\"]}]},{\"@type\":\"WebSite\",\"@id\":\"https:\\\/\\\/tradevancehub.hu\\\/egyedit\\\/#website\",\"url\":\"https:\\\/\\\/tradevancehub.hu\\\/egyedit\\\/\",\"name\":\"Egyedit\",\"description\":\"\",\"publisher\":{\"@id\":\"https:\\\/\\\/tradevancehub.hu\\\/egyedit\\\/#organization\"},\"potentialAction\":[{\"@type\":\"SearchAction\",\"target\":{\"@type\":\"EntryPoint\",\"urlTemplate\":\"https:\\\/\\\/tradevancehub.hu\\\/egyedit\\\/?s={search_term_string}\"},\"query-input\":{\"@type\":\"PropertyValueSpecification\",\"valueRequired\":true,\"valueName\":\"search_term_string\"}}],\"inLanguage\":\"hu\"},{\"@type\":\"Organization\",\"@id\":\"https:\\\/\\\/tradevancehub.hu\\\/egyedit\\\/#organization\",\"name\":\"Egyedit\",\"url\":\"https:\\\/\\\/tradevancehub.hu\\\/egyedit\\\/\",\"logo\":{\"@type\":\"ImageObject\",\"inLanguage\":\"hu\",\"@id\":\"https:\\\/\\\/tradevancehub.hu\\\/egyedit\\\/#\\\/schema\\\/logo\\\/image\\\/\",\"url\":\"https:\\\/\\\/tradevancehub.hu\\\/egyedit\\\/wp-content\\\/uploads\\\/sites\\\/8\\\/2024\\\/03\\\/Group-1.png\",\"contentUrl\":\"https:\\\/\\\/tradevancehub.hu\\\/egyedit\\\/wp-content\\\/uploads\\\/sites\\\/8\\\/2024\\\/03\\\/Group-1.png\",\"width\":313,\"height\":89,\"caption\":\"Egyedit\"},\"image\":{\"@id\":\"https:\\\/\\\/tradevancehub.hu\\\/egyedit\\\/#\\\/schema\\\/logo\\\/image\\\/\"}}]}<\/script>\n<!-- \/ Yoast SEO Premium plugin. -->","yoast_head_json":{"title":"Tervezz egyedit - Egyedit","robots":{"index":"noindex","follow":"follow","max-snippet":"max-snippet:-1","max-image-preview":"max-image-preview:large","max-video-preview":"max-video-preview:-1"},"og_locale":"hu_HU","og_type":"article","og_title":"Tervezz egyedit - Egyedit","og_description":"Tervezd meg egyedi term\u00e9ked! P\u00f3l\u00f3k Tervez\u00e9s Sapk\u00e1k Tervez\u00e9s T\u00e1sk\u00e1k Tervez\u00e9s P\u00e1rnahuzat Tervez\u00e9s B\u00f6gr\u00e9k Tervez\u00e9s Poharak Tervez\u00e9s Kors\u00f3k Tervez\u00e9s Termosz &amp; Kulacs Tervez\u00e9s K\u0151lap &amp; f\u00e9mlap Tervez\u00e9s Eg\u00e9rpad Tervez\u00e9s \u00d3ralapok Tervez\u00e9s Kieg\u00e9sz\u00edt\u0151k Tervez\u00e9s","og_url":"https:\/\/tradevancehub.hu\/egyedit\/tervezz-egyedit\/","og_site_name":"Egyedit","article_modified_time":"2024-07-30T09:36:38+00:00","twitter_card":"summary_large_image","twitter_misc":{"Becs\u00fclt olvas\u00e1si id\u0151":"1 perc"},"schema":{"@context":"https:\/\/schema.org","@graph":[{"@type":"WebPage","@id":"https:\/\/tradevancehub.hu\/egyedit\/tervezz-egyedit\/","url":"https:\/\/tradevancehub.hu\/egyedit\/tervezz-egyedit\/","name":"Tervezz egyedit - Egyedit","isPartOf":{"@id":"https:\/\/tradevancehub.hu\/egyedit\/#website"},"datePublished":"2024-03-26T14:46:55+00:00","dateModified":"2024-07-30T09:36:38+00:00","inLanguage":"hu","potentialAction":[{"@type":"ReadAction","target":["https:\/\/tradevancehub.hu\/egyedit\/tervezz-egyedit\/"]}]},{"@type":"WebSite","@id":"https:\/\/tradevancehub.hu\/egyedit\/#website","url":"https:\/\/tradevancehub.hu\/egyedit\/","name":"Egyedit","description":"","publisher":{"@id":"https:\/\/tradevancehub.hu\/egyedit\/#organization"},"potentialAction":[{"@type":"SearchAction","target":{"@type":"EntryPoint","urlTemplate":"https:\/\/tradevancehub.hu\/egyedit\/?s={search_term_string}"},"query-input":{"@type":"PropertyValueSpecification","valueRequired":true,"valueName":"search_term_string"}}],"inLanguage":"hu"},{"@type":"Organization","@id":"https:\/\/tradevancehub.hu\/egyedit\/#organization","name":"Egyedit","url":"https:\/\/tradevancehub.hu\/egyedit\/","logo":{"@type":"ImageObject","inLanguage":"hu","@id":"https:\/\/tradevancehub.hu\/egyedit\/#\/schema\/logo\/image\/","url":"https:\/\/tradevancehub.hu\/egyedit\/wp-content\/uploads\/sites\/8\/2024\/03\/Group-1.png","contentUrl":"https:\/\/tradevancehub.hu\/egyedit\/wp-content\/uploads\/sites\/8\/2024\/03\/Group-1.png","width":313,"height":89,"caption":"Egyedit"},"image":{"@id":"https:\/\/tradevancehub.hu\/egyedit\/#\/schema\/logo\/image\/"}}]}},"uagb_featured_image_src":{"full":false,"thumbnail":false,"medium":false,"medium_large":false,"large":false,"1536x1536":false,"2048x2048":false,"woocommerce_thumbnail":false,"woocommerce_single":false,"woocommerce_gallery_thumbnail":false},"uagb_author_info":{"display_name":"","author_link":"https:\/\/tradevancehub.hu\/egyedit\/author\/"},"uagb_comment_info":0,"uagb_excerpt":"Tervezd meg egyedi term\u00e9ked! P\u00f3l\u00f3k Tervez\u00e9s Sapk\u00e1k Tervez\u00e9s T\u00e1sk\u00e1k Tervez\u00e9s P\u00e1rnahuzat Tervez\u00e9s B\u00f6gr\u00e9k Tervez\u00e9s Poharak Tervez\u00e9s Kors\u00f3k Tervez\u00e9s Termosz &amp; Kulacs Tervez\u00e9s K\u0151lap &amp; f\u00e9mlap Tervez\u00e9s Eg\u00e9rpad Tervez\u00e9s \u00d3ralapok Tervez\u00e9s Kieg\u00e9sz\u00edt\u0151k Tervez\u00e9s","_links":{"self":[{"href":"https:\/\/tradevancehub.hu\/egyedit\/wp-json\/wp\/v2\/pages\/2086","targetHints":{"allow":["GET"]}}],"collection":[{"href":"https:\/\/tradevancehub.hu\/egyedit\/wp-json\/wp\/v2\/pages"}],"about":[{"href":"https:\/\/tradevancehub.hu\/egyedit\/wp-json\/wp\/v2\/types\/page"}],"author":[{"embeddable":true,"href":"https:\/\/tradevancehub.hu\/egyedit\/wp-json\/wp\/v2\/users\/67"}],"replies":[{"embeddable":true,"href":"https:\/\/tradevancehub.hu\/egyedit\/wp-json\/wp\/v2\/comments?post=2086"}],"version-history":[{"count":0,"href":"https:\/\/tradevancehub.hu\/egyedit\/wp-json\/wp\/v2\/pages\/2086\/revisions"}],"wp:attachment":[{"href":"https:\/\/tradevancehub.hu\/egyedit\/wp-json\/wp\/v2\/media?parent=2086"}],"curies":[{"name":"wp","href":"https:\/\/api.w.org\/{rel}","templated":true}]}}