{"id":2012,"date":"2024-03-26T13:13:37","date_gmt":"2024-03-26T13:13:37","guid":{"rendered":"https:\/\/egyedit.hu\/?page_id=2012"},"modified":"2024-03-28T03:01:34","modified_gmt":"2024-03-28T03:01:34","slug":"foliavagas-termekek","status":"publish","type":"page","link":"https:\/\/tradevancehub.hu\/egyedit\/foliavagas-termekek\/","title":{"rendered":"F\u00f3liav\u00e1g\u00e1s term\u00e9kek"},"content":{"rendered":"\n<div class=\"wp-block-uagb-container filter-container uagb-block-b2982e75 alignfull uagb-is-root-container\">\n<div class=\"wp-block-uagb-advanced-heading uagb-block-801c2fee\"><h2 class=\"uagb-heading-text\">F\u00f3liav\u00e1g\u00e1s term\u00e9kek:<\/h2><\/div>\n\n\n\n<div class=\"wp-block-uagb-container uagb-block-f91097be\">\n<button class=\"category-btn\" data-category=\"baseball-sapka\">Baseball sapka<\/button>\n<button class=\"category-btn\" data-category=\"bortaska\">Bort\u00e1ska<\/button>\n<button class=\"category-btn\" data-category=\"hatizsak-foliavagas-pamutra\">H\u00e1tizs\u00e1k<\/button>\n<button class=\"category-btn\" data-category=\"koteny\">K\u00f6t\u00e9ny<\/button>\n<button class=\"category-btn\" data-category=\"tolltarto\">Tolltart\u00f3<\/button>\n<button class=\"category-btn\" data-category=\"vaszontaska\">V\u00e1szont\u00e1ska<\/button>\n<\/div>\n\n\n<div class=\"woocommerce columns-4 \"><\/div>\n\n\n\n<div class=\"wp-block-uagb-container uagb-block-d8873a5b\">\n<button id=\"see-more-btn\">Mutass t\u00f6bbet<\/button>\n<\/div>\n\n\n\n<script>\n    document.addEventListener('DOMContentLoaded', function() {\n    var allProducts = document.querySelectorAll('.product');\n    const seeMoreBtn = document.getElementById('see-more-btn');\n\n    \/\/ Add 'visible' class to all products initially\n    allProducts.forEach(function(product) {\n        product.classList.add('visible');\n    });\n\n    \/\/ Loop through all products\n    for (var i = 0; i < allProducts.length; i++) {\n        if (i < 16) {\n            \/\/ Add 'shown' class to the first 4 products\n            allProducts[i].classList.add('shown');\n            allProducts[i].classList.remove('not-shown');\n            seeMoreBtn.style.display = 'none';\n        } else {\n            \/\/ Add 'not-shown' class to the rest of the products\n            allProducts[i].classList.add('not-shown');\n            allProducts[i].classList.remove('shown');\n            seeMoreBtn.style.display = 'block';\n        }\n    }\n    });\n\n    \/*var seeMoreButton = document.getElementById('see-more-btn');\n    seeMoreButton.addEventListener('click', function() {\n        var notShownProducts = document.querySelectorAll('.not-shown.visible');\n\n        notShownProducts.forEach(function(product) {\n            product.classList.remove('not-shown');\n            product.classList.add('shown');\n        });\n\n        seeMoreButton.style.display = 'none';\n    });*\/\n\n    var seeMoreButton = document.getElementById('see-more-btn');\n    var lastShownIndex = 0;\n    var batchSize = 16; \/\/ Number of products to show per click\n\n    seeMoreButton.addEventListener('click', function() {\n        var notShownProducts = document.querySelectorAll('.not-shown.visible');\n        var lastShownIndex = 0;\n        var productsToShow = Array.from(notShownProducts).slice(lastShownIndex, lastShownIndex + batchSize);\n\n        productsToShow.forEach(function(product) {\n            product.classList.remove('not-shown');\n            product.classList.add('shown');\n        });\n\n        lastShownIndex += batchSize;\n\n        \/\/ If there are no more products to show, hide the button\n        if (lastShownIndex >= notShownProducts.length) {\n            seeMoreButton.style.display = 'none';\n        }\n    });\n\n   document.addEventListener('DOMContentLoaded', function() {\n    var categoryButtons = document.querySelectorAll('.category-btn');\n    \n    categoryButtons.forEach(function(button) {\n        button.addEventListener('click', function() {\n            toggleCategory(button.dataset.category);\n            var visibleProducts = document.querySelectorAll('.visible');\n            if (visibleProducts.length > 16) {\n                seeMoreButton.style.display = 'block';\n            } else {\n                seeMoreButton.style.display = 'none';\n            }\n        });\n    });\n});\n\n    var activeCategories = [];\n\n    function toggleCategory(category) {\n\n        var allProducts = document.querySelectorAll('.product');\n        \n        if (activeCategories.includes(category)) {\n            \/\/ If category is already active, deactivate it\n            activeCategories = activeCategories.filter(item => item !== category);\n        } else {\n            \/\/ If category is not active, activate it\n            activeCategories.push(category);\n        }\n\n        allProducts.forEach(function(product) {\n            var isProductInActiveCategories = activeCategories.length === 0 || activeCategories.some(activeCategory =>\n                product.classList.contains('product_cat-' + activeCategory)\n            );\n\n            product.classList.toggle('hidden', !isProductInActiveCategories);\n            product.classList.toggle('visible', isProductInActiveCategories);\n\n        });\n\n        \/\/ Toggle button-active class on the clicked button\n        var clickedButton = document.querySelector('.category-btn[data-category=\"' + category + '\"]');\n        clickedButton.classList.toggle('button-active', activeCategories.includes(category));\n\n        var hiddenProducts = document.querySelectorAll('.hidden');\n\n        \/\/ Loop through each hidden product\n        hiddenProducts.forEach(function(product) {\n            \/\/ Add the not-shown class\n            product.classList.add('not-shown');\n            \/\/ Remove the shown class\n            product.classList.remove('shown');\n        });\n\n        \/\/ Add the logic to handle visible and not-shown classes\n        var visibleElements = document.querySelectorAll('.visible');\n        var numberOfVisibleElements = visibleElements.length;\n        \n        \/\/ Loop through the first x visible elements\n        for (var i = 0; i < Math.min(16, numberOfVisibleElements); i++) {\n            visibleElements[i].classList.add('shown');\n            visibleElements[i].classList.remove('not-shown');\n        }\n\n        \/\/ For the rest, add 'not-shown' class and remove 'shown' class\n        for (var j = 16; j < numberOfVisibleElements; j++) {\n            visibleElements[j].classList.add('not-shown');\n            visibleElements[j].classList.remove('shown');\n        }\n    }\n<\/script>\n<\/div>\n","protected":false},"excerpt":{"rendered":"<p>F\u00f3liav\u00e1g\u00e1s term\u00e9kek: Baseball sapka Bort\u00e1ska H\u00e1tizs\u00e1k K\u00f6t\u00e9ny Tolltart\u00f3 V\u00e1szont\u00e1ska Mutass t\u00f6bbet<\/p>\n","protected":false},"author":67,"featured_media":0,"parent":0,"menu_order":0,"comment_status":"closed","ping_status":"closed","template":"","meta":{"_acf_changed":false,"_uag_custom_page_level_css":"","footnotes":""},"class_list":["post-2012","page","type-page","status-publish"],"acf":[],"yoast_head":"<!-- This site is optimized with the Yoast SEO Premium plugin v23.7 (Yoast SEO v27.4) - https:\/\/yoast.com\/product\/yoast-seo-premium-wordpress\/ -->\n<title>F\u00f3liav\u00e1g\u00e1s term\u00e9kek - Egyedit<\/title>\n<meta name=\"robots\" content=\"noindex, follow, max-snippet:-1, max-image-preview:large, max-video-preview:-1\" \/>\n<meta property=\"og:locale\" content=\"hu_HU\" \/>\n<meta property=\"og:type\" content=\"article\" \/>\n<meta property=\"og:title\" content=\"F\u00f3liav\u00e1g\u00e1s term\u00e9kek - Egyedit\" \/>\n<meta property=\"og:description\" content=\"F\u00f3liav\u00e1g\u00e1s term\u00e9kek: Baseball sapka Bort\u00e1ska H\u00e1tizs\u00e1k K\u00f6t\u00e9ny Tolltart\u00f3 V\u00e1szont\u00e1ska Mutass t\u00f6bbet\" \/>\n<meta property=\"og:url\" content=\"https:\/\/tradevancehub.hu\/egyedit\/foliavagas-termekek\/\" \/>\n<meta property=\"og:site_name\" content=\"Egyedit\" \/>\n<meta property=\"article:modified_time\" content=\"2024-03-28T03:01:34+00:00\" \/>\n<meta name=\"twitter:card\" content=\"summary_large_image\" \/>\n<meta name=\"twitter:label1\" content=\"Becs\u00fclt olvas\u00e1si id\u0151\" \/>\n\t<meta name=\"twitter:data1\" content=\"1 perc\" \/>\n<script type=\"application\/ld+json\" class=\"yoast-schema-graph\">{\"@context\":\"https:\\\/\\\/schema.org\",\"@graph\":[{\"@type\":\"WebPage\",\"@id\":\"https:\\\/\\\/tradevancehub.hu\\\/egyedit\\\/foliavagas-termekek\\\/\",\"url\":\"https:\\\/\\\/tradevancehub.hu\\\/egyedit\\\/foliavagas-termekek\\\/\",\"name\":\"F\u00f3liav\u00e1g\u00e1s term\u00e9kek - Egyedit\",\"isPartOf\":{\"@id\":\"https:\\\/\\\/tradevancehub.hu\\\/egyedit\\\/#website\"},\"datePublished\":\"2024-03-26T13:13:37+00:00\",\"dateModified\":\"2024-03-28T03:01:34+00:00\",\"inLanguage\":\"hu\",\"potentialAction\":[{\"@type\":\"ReadAction\",\"target\":[\"https:\\\/\\\/tradevancehub.hu\\\/egyedit\\\/foliavagas-termekek\\\/\"]}]},{\"@type\":\"WebSite\",\"@id\":\"https:\\\/\\\/tradevancehub.hu\\\/egyedit\\\/#website\",\"url\":\"https:\\\/\\\/tradevancehub.hu\\\/egyedit\\\/\",\"name\":\"Egyedit\",\"description\":\"\",\"publisher\":{\"@id\":\"https:\\\/\\\/tradevancehub.hu\\\/egyedit\\\/#organization\"},\"potentialAction\":[{\"@type\":\"SearchAction\",\"target\":{\"@type\":\"EntryPoint\",\"urlTemplate\":\"https:\\\/\\\/tradevancehub.hu\\\/egyedit\\\/?s={search_term_string}\"},\"query-input\":{\"@type\":\"PropertyValueSpecification\",\"valueRequired\":true,\"valueName\":\"search_term_string\"}}],\"inLanguage\":\"hu\"},{\"@type\":\"Organization\",\"@id\":\"https:\\\/\\\/tradevancehub.hu\\\/egyedit\\\/#organization\",\"name\":\"Egyedit\",\"url\":\"https:\\\/\\\/tradevancehub.hu\\\/egyedit\\\/\",\"logo\":{\"@type\":\"ImageObject\",\"inLanguage\":\"hu\",\"@id\":\"https:\\\/\\\/tradevancehub.hu\\\/egyedit\\\/#\\\/schema\\\/logo\\\/image\\\/\",\"url\":\"https:\\\/\\\/tradevancehub.hu\\\/egyedit\\\/wp-content\\\/uploads\\\/sites\\\/8\\\/2024\\\/03\\\/Group-1.png\",\"contentUrl\":\"https:\\\/\\\/tradevancehub.hu\\\/egyedit\\\/wp-content\\\/uploads\\\/sites\\\/8\\\/2024\\\/03\\\/Group-1.png\",\"width\":313,\"height\":89,\"caption\":\"Egyedit\"},\"image\":{\"@id\":\"https:\\\/\\\/tradevancehub.hu\\\/egyedit\\\/#\\\/schema\\\/logo\\\/image\\\/\"}}]}<\/script>\n<!-- \/ Yoast SEO Premium plugin. -->","yoast_head_json":{"title":"F\u00f3liav\u00e1g\u00e1s term\u00e9kek - Egyedit","robots":{"index":"noindex","follow":"follow","max-snippet":"max-snippet:-1","max-image-preview":"max-image-preview:large","max-video-preview":"max-video-preview:-1"},"og_locale":"hu_HU","og_type":"article","og_title":"F\u00f3liav\u00e1g\u00e1s term\u00e9kek - Egyedit","og_description":"F\u00f3liav\u00e1g\u00e1s term\u00e9kek: Baseball sapka Bort\u00e1ska H\u00e1tizs\u00e1k K\u00f6t\u00e9ny Tolltart\u00f3 V\u00e1szont\u00e1ska Mutass t\u00f6bbet","og_url":"https:\/\/tradevancehub.hu\/egyedit\/foliavagas-termekek\/","og_site_name":"Egyedit","article_modified_time":"2024-03-28T03:01:34+00:00","twitter_card":"summary_large_image","twitter_misc":{"Becs\u00fclt olvas\u00e1si id\u0151":"1 perc"},"schema":{"@context":"https:\/\/schema.org","@graph":[{"@type":"WebPage","@id":"https:\/\/tradevancehub.hu\/egyedit\/foliavagas-termekek\/","url":"https:\/\/tradevancehub.hu\/egyedit\/foliavagas-termekek\/","name":"F\u00f3liav\u00e1g\u00e1s term\u00e9kek - Egyedit","isPartOf":{"@id":"https:\/\/tradevancehub.hu\/egyedit\/#website"},"datePublished":"2024-03-26T13:13:37+00:00","dateModified":"2024-03-28T03:01:34+00:00","inLanguage":"hu","potentialAction":[{"@type":"ReadAction","target":["https:\/\/tradevancehub.hu\/egyedit\/foliavagas-termekek\/"]}]},{"@type":"WebSite","@id":"https:\/\/tradevancehub.hu\/egyedit\/#website","url":"https:\/\/tradevancehub.hu\/egyedit\/","name":"Egyedit","description":"","publisher":{"@id":"https:\/\/tradevancehub.hu\/egyedit\/#organization"},"potentialAction":[{"@type":"SearchAction","target":{"@type":"EntryPoint","urlTemplate":"https:\/\/tradevancehub.hu\/egyedit\/?s={search_term_string}"},"query-input":{"@type":"PropertyValueSpecification","valueRequired":true,"valueName":"search_term_string"}}],"inLanguage":"hu"},{"@type":"Organization","@id":"https:\/\/tradevancehub.hu\/egyedit\/#organization","name":"Egyedit","url":"https:\/\/tradevancehub.hu\/egyedit\/","logo":{"@type":"ImageObject","inLanguage":"hu","@id":"https:\/\/tradevancehub.hu\/egyedit\/#\/schema\/logo\/image\/","url":"https:\/\/tradevancehub.hu\/egyedit\/wp-content\/uploads\/sites\/8\/2024\/03\/Group-1.png","contentUrl":"https:\/\/tradevancehub.hu\/egyedit\/wp-content\/uploads\/sites\/8\/2024\/03\/Group-1.png","width":313,"height":89,"caption":"Egyedit"},"image":{"@id":"https:\/\/tradevancehub.hu\/egyedit\/#\/schema\/logo\/image\/"}}]}},"uagb_featured_image_src":{"full":false,"thumbnail":false,"medium":false,"medium_large":false,"large":false,"1536x1536":false,"2048x2048":false,"woocommerce_thumbnail":false,"woocommerce_single":false,"woocommerce_gallery_thumbnail":false},"uagb_author_info":{"display_name":"","author_link":"https:\/\/tradevancehub.hu\/egyedit\/author\/"},"uagb_comment_info":0,"uagb_excerpt":"F\u00f3liav\u00e1g\u00e1s term\u00e9kek: Baseball sapka Bort\u00e1ska H\u00e1tizs\u00e1k K\u00f6t\u00e9ny Tolltart\u00f3 V\u00e1szont\u00e1ska Mutass t\u00f6bbet","_links":{"self":[{"href":"https:\/\/tradevancehub.hu\/egyedit\/wp-json\/wp\/v2\/pages\/2012","targetHints":{"allow":["GET"]}}],"collection":[{"href":"https:\/\/tradevancehub.hu\/egyedit\/wp-json\/wp\/v2\/pages"}],"about":[{"href":"https:\/\/tradevancehub.hu\/egyedit\/wp-json\/wp\/v2\/types\/page"}],"author":[{"embeddable":true,"href":"https:\/\/tradevancehub.hu\/egyedit\/wp-json\/wp\/v2\/users\/67"}],"replies":[{"embeddable":true,"href":"https:\/\/tradevancehub.hu\/egyedit\/wp-json\/wp\/v2\/comments?post=2012"}],"version-history":[{"count":0,"href":"https:\/\/tradevancehub.hu\/egyedit\/wp-json\/wp\/v2\/pages\/2012\/revisions"}],"wp:attachment":[{"href":"https:\/\/tradevancehub.hu\/egyedit\/wp-json\/wp\/v2\/media?parent=2012"}],"curies":[{"name":"wp","href":"https:\/\/api.w.org\/{rel}","templated":true}]}}